{"id":7403,"date":"2025-07-10T11:59:33","date_gmt":"2025-07-10T08:59:33","guid":{"rendered":"https:\/\/starsforeurope.com\/ro\/?page_id=7403"},"modified":"2025-12-10T15:45:56","modified_gmt":"2025-12-10T13:45:56","slug":"stiati-ca","status":"publish","type":"page","link":"https:\/\/starsforeurope.com\/ro\/cunostinte\/stiati-ca\/","title":{"rendered":"Totul despre cr\u0103ciuni\u021be"},"content":{"rendered":"<div class=\"wp-block-group postimage-half wide-content is-layout-flow wp-block-group-is-layout-flow\" style=\"margin-top:var(--wp--preset--spacing--50)\">\n<div style=\"height:3rem\" aria-hidden=\"true\" class=\"wp-block-spacer\"><\/div>\n\n\n\n<div class=\"wp-block-query is-layout-flow wp-block-query-is-layout-flow\"><ul class=\"columns-2 wp-block-post-template is-layout-grid wp-container-core-post-template-is-layout-37ef2942 wp-block-post-template-is-layout-grid\"><li class=\"wp-block-post post-6970 blog type-blog status-publish has-post-thumbnail hentry blog_cat-start-der-saison blog_cat-pflege blog_main-cunostinte blog_main-stiati-ca blog_main-stiri\">\n<figure style=\"aspect-ratio:1;\" class=\"featuredimage wp-block-post-featured-image\"><a href=\"https:\/\/starsforeurope.com\/ro\/blog\/sfaturi-pentru-cumpararea-craciunitelor\/\" target=\"_self\"  ><img loading=\"lazy\" decoding=\"async\" width=\"1050\" height=\"875\" src=\"https:\/\/starsforeurope.com\/ro\/wp-content\/uploads\/sites\/18\/2023\/10\/2021-poinsettia-01000-boho-green-living-01-1.jpg\" class=\"attachment-post-thumbnail size-post-thumbnail wp-post-image\" alt=\"Sfaturi pentru cump\u0103rarea cr\u0103ciuni\u021belor\" style=\"width:100%;height:100%;object-fit:cover;\" srcset=\"https:\/\/starsforeurope.com\/ro\/wp-content\/uploads\/sites\/18\/2023\/10\/2021-poinsettia-01000-boho-green-living-01-1.jpg 1050w, https:\/\/starsforeurope.com\/ro\/wp-content\/uploads\/sites\/18\/2023\/10\/2021-poinsettia-01000-boho-green-living-01-1-300x250.jpg 300w, https:\/\/starsforeurope.com\/ro\/wp-content\/uploads\/sites\/18\/2023\/10\/2021-poinsettia-01000-boho-green-living-01-1-1024x853.jpg 1024w, https:\/\/starsforeurope.com\/ro\/wp-content\/uploads\/sites\/18\/2023\/10\/2021-poinsettia-01000-boho-green-living-01-1-768x640.jpg 768w, https:\/\/starsforeurope.com\/ro\/wp-content\/uploads\/sites\/18\/2023\/10\/2021-poinsettia-01000-boho-green-living-01-1-810x675.jpg 810w\" sizes=\"auto, (max-width: 1050px) 100vw, 1050px\" \/><\/a><\/figure>\n\n<h3 class=\"wp-block-post-title\"><a href=\"https:\/\/starsforeurope.com\/ro\/blog\/sfaturi-pentru-cumpararea-craciunitelor\/\" target=\"_self\" >Sfaturi pentru cump\u0103rarea cr\u0103ciuni\u021belor<\/a><\/h3>\n\n\n<div class=\"wp-block-group postmetaline is-nowrap is-layout-flex wp-container-core-group-is-layout-6c531013 wp-block-group-is-layout-flex\"><div class=\"wp-block-post-date\"><time datetime=\"2023-10-27T08:25:37+03:00\">27. octombrie 2023<\/time><\/div>\n\n<\/div>\n\n\n<div class=\"wp-block-post-excerpt\"><p class=\"wp-block-post-excerpt__excerpt\">Afl\u0103 cum s\u0103 cumperi cr\u0103ciuni\u021be s\u0103n\u0103toase care s\u0103 arate perfect c\u00e2t mai mult timp. Totul este despre frunze, flori, udare \u0219i condi\u021biile din magazin \u0219i de pe drumul p\u00e2n\u0103 acas\u0103.<\/p><p class=\"wp-block-post-excerpt__more-text\"><a class=\"wp-block-post-excerpt__more-link\" href=\"https:\/\/starsforeurope.com\/ro\/blog\/sfaturi-pentru-cumpararea-craciunitelor\/\">Cite\u0219te mai mult<\/a><\/p><\/div>\n<\/li><\/ul>\n\n\n\n<\/div>\n\n\n\n<div style=\"height:3rem\" aria-hidden=\"true\" class=\"wp-block-spacer\"><\/div>\n<\/div>","protected":false},"excerpt":{"rendered":"<p>Descoperi\u021bi originile, semnifica\u021biile \u0219i faptele amuzante din spatele florii preferate a s\u0103rb\u0103torilor.<\/p>\n","protected":false},"author":26,"featured_media":4353,"parent":26,"menu_order":0,"comment_status":"closed","ping_status":"closed","template":"two-column-blog-single","meta":{"_acf_changed":false,"footnotes":""},"class_list":["post-7403","page","type-page","status-publish","has-post-thumbnail","hentry"],"acf":[],"_links":{"self":[{"href":"https:\/\/starsforeurope.com\/ro\/wp-json\/wp\/v2\/pages\/7403","targetHints":{"allow":["GET"]}}],"collection":[{"href":"https:\/\/starsforeurope.com\/ro\/wp-json\/wp\/v2\/pages"}],"about":[{"href":"https:\/\/starsforeurope.com\/ro\/wp-json\/wp\/v2\/types\/page"}],"author":[{"embeddable":true,"href":"https:\/\/starsforeurope.com\/ro\/wp-json\/wp\/v2\/users\/26"}],"replies":[{"embeddable":true,"href":"https:\/\/starsforeurope.com\/ro\/wp-json\/wp\/v2\/comments?post=7403"}],"version-history":[{"count":2,"href":"https:\/\/starsforeurope.com\/ro\/wp-json\/wp\/v2\/pages\/7403\/revisions"}],"predecessor-version":[{"id":7570,"href":"https:\/\/starsforeurope.com\/ro\/wp-json\/wp\/v2\/pages\/7403\/revisions\/7570"}],"up":[{"embeddable":true,"href":"https:\/\/starsforeurope.com\/ro\/wp-json\/wp\/v2\/pages\/26"}],"wp:featuredmedia":[{"embeddable":true,"href":"https:\/\/starsforeurope.com\/ro\/wp-json\/wp\/v2\/media\/4353"}],"wp:attachment":[{"href":"https:\/\/starsforeurope.com\/ro\/wp-json\/wp\/v2\/media?parent=7403"}],"curies":[{"name":"wp","href":"https:\/\/api.w.org\/{rel}","templated":true}]}}