{"id":7,"date":"2021-11-17T18:38:03","date_gmt":"2021-11-17T18:38:03","guid":{"rendered":"https:\/\/weihnachtsstern.kinsta.cloud\/ro\/?page_id=7"},"modified":"2026-02-12T13:52:48","modified_gmt":"2026-02-12T11:52:48","slug":"comunicate-de-presa","status":"publish","type":"page","link":"https:\/\/starsforeurope.com\/ro\/comunicate-de-presa\/","title":{"rendered":"C\u0103uta\u021bi con\u021binut de pres\u0103 despre floristic\u0103?"},"content":{"rendered":"<h2 class=\"wp-block-heading\">Comunicate de pres\u0103 recente<\/h2>\n\n\n\n<div class=\"wp-block-group postimage-half wide-content is-layout-flow wp-block-group-is-layout-flow\" style=\"margin-top:var(--wp--preset--spacing--50)\">\n<div style=\"height:3rem\" aria-hidden=\"true\" class=\"wp-block-spacer\"><\/div>\n\n\n\n<div class=\"wp-block-query is-layout-flow wp-block-query-is-layout-flow\"><ul class=\"columns-2 wp-block-post-template is-layout-grid wp-container-core-post-template-is-layout-37ef2942 wp-block-post-template-is-layout-grid\"><li class=\"wp-block-post post-7335 press type-press status-publish has-post-thumbnail hentry press_cat-diy press_cat-decoration-tips press_main-comunicate-de-presa press_main-decoratiuni press_main-diy-upcycling press_main-idei-de-cadouri\">\n<figure style=\"aspect-ratio:1;\" class=\"featuredimage wp-block-post-featured-image\"><a href=\"https:\/\/starsforeurope.com\/ro\/press\/daruieste-culoare-si-bucurie-craciunite-inflorite-pentru-cadouri-deosebite\/\" target=\"_self\"  ><img loading=\"lazy\" decoding=\"async\" width=\"875\" height=\"1050\" src=\"https:\/\/starsforeurope.com\/ro\/wp-content\/uploads\/sites\/18\/2025\/06\/2025_Poinsettia_03000_Traditional_Christmas_Spirit_13.jpg\" class=\"attachment-post-thumbnail size-post-thumbnail wp-post-image\" alt=\"D\u0103ruie\u0219te culoare \u0219i bucurie. Cr\u0103ciuni\u021be \u00eenflorite pentru cadouri deosebite\" style=\"width:100%;height:100%;object-fit:cover;\" srcset=\"https:\/\/starsforeurope.com\/ro\/wp-content\/uploads\/sites\/18\/2025\/06\/2025_Poinsettia_03000_Traditional_Christmas_Spirit_13.jpg 875w, https:\/\/starsforeurope.com\/ro\/wp-content\/uploads\/sites\/18\/2025\/06\/2025_Poinsettia_03000_Traditional_Christmas_Spirit_13-250x300.jpg 250w, https:\/\/starsforeurope.com\/ro\/wp-content\/uploads\/sites\/18\/2025\/06\/2025_Poinsettia_03000_Traditional_Christmas_Spirit_13-853x1024.jpg 853w, https:\/\/starsforeurope.com\/ro\/wp-content\/uploads\/sites\/18\/2025\/06\/2025_Poinsettia_03000_Traditional_Christmas_Spirit_13-768x922.jpg 768w, https:\/\/starsforeurope.com\/ro\/wp-content\/uploads\/sites\/18\/2025\/06\/2025_Poinsettia_03000_Traditional_Christmas_Spirit_13-563x675.jpg 563w\" sizes=\"auto, (max-width: 875px) 100vw, 875px\" \/><\/a><\/figure>\n\n<h3 class=\"wp-block-post-title\"><a href=\"https:\/\/starsforeurope.com\/ro\/press\/daruieste-culoare-si-bucurie-craciunite-inflorite-pentru-cadouri-deosebite\/\" target=\"_self\" >D\u0103ruie\u0219te culoare \u0219i bucurie. Cr\u0103ciuni\u021be \u00eenflorite pentru cadouri deosebite<\/a><\/h3>\n\n\n<div class=\"wp-block-group postmetaline is-nowrap is-layout-flex wp-container-core-group-is-layout-6c531013 wp-block-group-is-layout-flex\"><div class=\"wp-block-post-date\"><time datetime=\"2025-06-26T09:00:38+03:00\">26. iunie 2025<\/time><\/div>\n\n<\/div>\n\n\n<div class=\"wp-block-post-excerpt\"><p class=\"wp-block-post-excerpt__excerpt\">Ambalat\u0103 corespunz\u0103tor sau ca parte a unui aranjament creativ, o stea de Cr\u0103ciun devine un cadou individual \u0219i personal. L\u0103sa\u021bi-v\u0103 inspira\u021bi!<\/p><p class=\"wp-block-post-excerpt__more-text\"><a class=\"wp-block-post-excerpt__more-link\" href=\"https:\/\/starsforeurope.com\/ro\/press\/daruieste-culoare-si-bucurie-craciunite-inflorite-pentru-cadouri-deosebite\/\">Cite\u0219te mai mult<\/a><\/p><\/div>\n<\/li><li class=\"wp-block-post post-7333 press type-press status-publish has-post-thumbnail hentry press_cat-care press_main-comunicate-de-presa press_main-ingrijire\">\n<figure style=\"aspect-ratio:1;\" class=\"featuredimage wp-block-post-featured-image\"><a href=\"https:\/\/starsforeurope.com\/ro\/press\/mentine-ti-craciunitele-stralucitoare-sfaturi-esentiale-pentru-ingrijirea-lor-cum-sa-ti-pastrezi-craciunitele-in-cea-mai-buna-forma\/\" target=\"_self\"  ><img loading=\"lazy\" decoding=\"async\" width=\"875\" height=\"1050\" src=\"https:\/\/starsforeurope.com\/ro\/wp-content\/uploads\/sites\/18\/2025\/06\/2025_Poinsettia_01000_Nordic_Winter_Charm_14.jpg\" class=\"attachment-post-thumbnail size-post-thumbnail wp-post-image\" alt=\"Men\u021bine-\u021bi cr\u0103ciuni\u021bele str\u0103lucitoare: sfaturi esen\u021biale pentru \u00eengrijirea lor. Cum s\u0103-\u021bi p\u0103strezi cr\u0103ciuni\u021bele \u00een cea mai bun\u0103 form\u0103.\" style=\"width:100%;height:100%;object-fit:cover;\" srcset=\"https:\/\/starsforeurope.com\/ro\/wp-content\/uploads\/sites\/18\/2025\/06\/2025_Poinsettia_01000_Nordic_Winter_Charm_14.jpg 875w, https:\/\/starsforeurope.com\/ro\/wp-content\/uploads\/sites\/18\/2025\/06\/2025_Poinsettia_01000_Nordic_Winter_Charm_14-250x300.jpg 250w, https:\/\/starsforeurope.com\/ro\/wp-content\/uploads\/sites\/18\/2025\/06\/2025_Poinsettia_01000_Nordic_Winter_Charm_14-853x1024.jpg 853w, https:\/\/starsforeurope.com\/ro\/wp-content\/uploads\/sites\/18\/2025\/06\/2025_Poinsettia_01000_Nordic_Winter_Charm_14-768x922.jpg 768w, https:\/\/starsforeurope.com\/ro\/wp-content\/uploads\/sites\/18\/2025\/06\/2025_Poinsettia_01000_Nordic_Winter_Charm_14-563x675.jpg 563w\" sizes=\"auto, (max-width: 875px) 100vw, 875px\" \/><\/a><\/figure>\n\n<h3 class=\"wp-block-post-title\"><a href=\"https:\/\/starsforeurope.com\/ro\/press\/mentine-ti-craciunitele-stralucitoare-sfaturi-esentiale-pentru-ingrijirea-lor-cum-sa-ti-pastrezi-craciunitele-in-cea-mai-buna-forma\/\" target=\"_self\" >Men\u021bine-\u021bi cr\u0103ciuni\u021bele str\u0103lucitoare: sfaturi esen\u021biale pentru \u00eengrijirea lor. Cum s\u0103-\u021bi p\u0103strezi cr\u0103ciuni\u021bele \u00een cea mai bun\u0103 form\u0103.<\/a><\/h3>\n\n\n<div class=\"wp-block-group postmetaline is-nowrap is-layout-flex wp-container-core-group-is-layout-6c531013 wp-block-group-is-layout-flex\"><div class=\"wp-block-post-date\"><time datetime=\"2025-06-25T09:00:27+03:00\">25. iunie 2025<\/time><\/div>\n\n<\/div>\n\n\n<div class=\"wp-block-post-excerpt\"><p class=\"wp-block-post-excerpt__excerpt\">Aici afla\u021bi sfaturi de \u00eengrijire pentru ca stelele de Cr\u0103ciun s\u0103 str\u0103luceasc\u0103 \u00een toat\u0103 splendoarea lor timp de multe s\u0103pt\u0103m\u00e2ni.<\/p><p class=\"wp-block-post-excerpt__more-text\"><a class=\"wp-block-post-excerpt__more-link\" href=\"https:\/\/starsforeurope.com\/ro\/press\/mentine-ti-craciunitele-stralucitoare-sfaturi-esentiale-pentru-ingrijirea-lor-cum-sa-ti-pastrezi-craciunitele-in-cea-mai-buna-forma\/\">Cite\u0219te mai mult<\/a><\/p><\/div>\n<\/li><li class=\"wp-block-post post-5066 press type-press status-publish has-post-thumbnail hentry press_cat-care press_main-comunicate-de-presa press_main-ingrijire\">\n<figure style=\"aspect-ratio:1;\" class=\"featuredimage wp-block-post-featured-image\"><a href=\"https:\/\/starsforeurope.com\/ro\/press\/secretele-craciunitei-perfecte-cum-sa-iti-mentii-plantele-frumoase-tot-sezonul\/\" target=\"_self\"  ><img loading=\"lazy\" decoding=\"async\" width=\"875\" height=\"1050\" src=\"https:\/\/starsforeurope.com\/ro\/wp-content\/uploads\/sites\/18\/2024\/10\/2024_Poinsettia_04000_Cosy_Cottage_Charm_21.jpg\" class=\"attachment-post-thumbnail size-post-thumbnail wp-post-image\" alt=\"Secretele cr\u0103ciuni\u021bei perfecte. Cum s\u0103 \u00ee\u021bi men\u021bii plantele frumoase tot sezonul\" style=\"width:100%;height:100%;object-fit:cover;\" srcset=\"https:\/\/starsforeurope.com\/ro\/wp-content\/uploads\/sites\/18\/2024\/10\/2024_Poinsettia_04000_Cosy_Cottage_Charm_21.jpg 875w, https:\/\/starsforeurope.com\/ro\/wp-content\/uploads\/sites\/18\/2024\/10\/2024_Poinsettia_04000_Cosy_Cottage_Charm_21-250x300.jpg 250w, https:\/\/starsforeurope.com\/ro\/wp-content\/uploads\/sites\/18\/2024\/10\/2024_Poinsettia_04000_Cosy_Cottage_Charm_21-853x1024.jpg 853w, https:\/\/starsforeurope.com\/ro\/wp-content\/uploads\/sites\/18\/2024\/10\/2024_Poinsettia_04000_Cosy_Cottage_Charm_21-768x922.jpg 768w, https:\/\/starsforeurope.com\/ro\/wp-content\/uploads\/sites\/18\/2024\/10\/2024_Poinsettia_04000_Cosy_Cottage_Charm_21-563x675.jpg 563w\" sizes=\"auto, (max-width: 875px) 100vw, 875px\" \/><\/a><\/figure>\n\n<h3 class=\"wp-block-post-title\"><a href=\"https:\/\/starsforeurope.com\/ro\/press\/secretele-craciunitei-perfecte-cum-sa-iti-mentii-plantele-frumoase-tot-sezonul\/\" target=\"_self\" >Secretele cr\u0103ciuni\u021bei perfecte. Cum s\u0103 \u00ee\u021bi men\u021bii plantele frumoase tot sezonul<\/a><\/h3>\n\n\n<div class=\"wp-block-group postmetaline is-nowrap is-layout-flex wp-container-core-group-is-layout-6c531013 wp-block-group-is-layout-flex\"><div class=\"wp-block-post-date\"><time datetime=\"2024-12-10T07:00:12+02:00\">10. decembrie 2024<\/time><\/div>\n\n<\/div>\n\n\n<div class=\"wp-block-post-excerpt\"><p class=\"wp-block-post-excerpt__excerpt\">Vrei poinsettias magnifice? Dac\u0103 \u0219tii la ce reac\u021bioneaz\u0103 poinsettia c\u00e2nd sunt r\u0103cite, po\u021bi evita cu u\u0219urin\u021b\u0103 problemele cu grij\u0103<\/p><p class=\"wp-block-post-excerpt__more-text\"><a class=\"wp-block-post-excerpt__more-link\" href=\"https:\/\/starsforeurope.com\/ro\/press\/secretele-craciunitei-perfecte-cum-sa-iti-mentii-plantele-frumoase-tot-sezonul\/\">Cite\u0219te mai mult<\/a><\/p><\/div>\n<\/li><li class=\"wp-block-post post-5046 press type-press status-publish has-post-thumbnail hentry press_cat-wedding-decoration press_cat-christmas-tree-decorations press_cat-diy press_main-comunicate-de-presa press_main-decoratiuni press_main-decoratiuni-de-masa press_main-diy-upcycling\">\n<figure style=\"aspect-ratio:1;\" class=\"featuredimage wp-block-post-featured-image\"><a href=\"https:\/\/starsforeurope.com\/ro\/press\/idei-de-decoratiuni-festive-pentru-masa-cu-craciunite\/\" target=\"_self\"  ><img loading=\"lazy\" decoding=\"async\" width=\"875\" height=\"1050\" src=\"https:\/\/starsforeurope.com\/ro\/wp-content\/uploads\/sites\/18\/2024\/11\/2024_Poinsettia_02000_Modern_Vintage_Fusion_15.jpg\" class=\"attachment-post-thumbnail size-post-thumbnail wp-post-image\" alt=\"Idei de decora\u021biuni festive pentru mas\u0103 cu craciunite\" style=\"width:100%;height:100%;object-fit:cover;\" srcset=\"https:\/\/starsforeurope.com\/ro\/wp-content\/uploads\/sites\/18\/2024\/11\/2024_Poinsettia_02000_Modern_Vintage_Fusion_15.jpg 875w, https:\/\/starsforeurope.com\/ro\/wp-content\/uploads\/sites\/18\/2024\/11\/2024_Poinsettia_02000_Modern_Vintage_Fusion_15-250x300.jpg 250w, https:\/\/starsforeurope.com\/ro\/wp-content\/uploads\/sites\/18\/2024\/11\/2024_Poinsettia_02000_Modern_Vintage_Fusion_15-853x1024.jpg 853w, https:\/\/starsforeurope.com\/ro\/wp-content\/uploads\/sites\/18\/2024\/11\/2024_Poinsettia_02000_Modern_Vintage_Fusion_15-768x922.jpg 768w, https:\/\/starsforeurope.com\/ro\/wp-content\/uploads\/sites\/18\/2024\/11\/2024_Poinsettia_02000_Modern_Vintage_Fusion_15-563x675.jpg 563w\" sizes=\"auto, (max-width: 875px) 100vw, 875px\" \/><\/a><\/figure>\n\n<h3 class=\"wp-block-post-title\"><a href=\"https:\/\/starsforeurope.com\/ro\/press\/idei-de-decoratiuni-festive-pentru-masa-cu-craciunite\/\" target=\"_self\" >Idei de decora\u021biuni festive pentru mas\u0103 cu craciunite<\/a><\/h3>\n\n\n<div class=\"wp-block-group postmetaline is-nowrap is-layout-flex wp-container-core-group-is-layout-6c531013 wp-block-group-is-layout-flex\"><div class=\"wp-block-post-date\"><time datetime=\"2024-11-13T15:24:21+02:00\">13. noiembrie 2024<\/time><\/div>\n\n<\/div>\n\n\n<div class=\"wp-block-post-excerpt\"><p class=\"wp-block-post-excerpt__excerpt\">Poinsettia decoreaz\u0103 masa festiv\u0103 elegant\u0103, precum \u0219i masa de mic dejun sau masa de cafea. V\u0103 prezent\u0103m decora\u021biuni de mas\u0103 pentru orice ocazie<\/p><p class=\"wp-block-post-excerpt__more-text\"><a class=\"wp-block-post-excerpt__more-link\" href=\"https:\/\/starsforeurope.com\/ro\/press\/idei-de-decoratiuni-festive-pentru-masa-cu-craciunite\/\">Cite\u0219te mai mult<\/a><\/p><\/div>\n<\/li><\/ul>\n\n<nav class=\"wp-block-query-pagination is-content-justification-center is-layout-flex wp-container-core-query-pagination-is-layout-a89b3969 wp-block-query-pagination-is-layout-flex\" aria-label=\"pagina\u021bie\">\n\n\n<div class=\"wp-block-query-pagination-numbers has-medium-font-size\"><span aria-current=\"page\" class=\"page-numbers current\">1<\/span>\n<a class=\"page-numbers\" href=\"?query-0-page=2\">2<\/a>\n<a class=\"page-numbers\" href=\"?query-0-page=3\">3<\/a>\n<span class=\"page-numbers dots\">&hellip;<\/span>\n<a class=\"page-numbers\" href=\"?query-0-page=5\">5<\/a><\/div>\n\n<a href=\"\/ro\/wp-json\/wp\/v2\/pages\/7?query-0-page=2\" class=\"wp-block-query-pagination-next\">\u22b3<\/a>\n<\/nav>\n\n<\/div>\n\n\n\n<div style=\"height:3rem\" aria-hidden=\"true\" class=\"wp-block-spacer\"><\/div>\n<\/div>","protected":false},"excerpt":{"rendered":"<p>Oferim o colec\u021bie extins\u0103 de materiale de pres\u0103 \u0219i fotografii profesionale care pun \u00een eviden\u021b\u0103 frumoasele cr\u0103ciuni\u021be. Jurnali\u015fti, cu siguran\u0163\u0103 ve\u0163i g\u0103si ceea ce c\u0103uta\u0163i!<\/p>\n","protected":false},"author":1,"featured_media":7657,"parent":0,"menu_order":0,"comment_status":"closed","ping_status":"closed","template":"two-column-press","meta":{"_acf_changed":false,"footnotes":""},"class_list":["post-7","page","type-page","status-publish","has-post-thumbnail","hentry"],"acf":[],"_links":{"self":[{"href":"https:\/\/starsforeurope.com\/ro\/wp-json\/wp\/v2\/pages\/7","targetHints":{"allow":["GET"]}}],"collection":[{"href":"https:\/\/starsforeurope.com\/ro\/wp-json\/wp\/v2\/pages"}],"about":[{"href":"https:\/\/starsforeurope.com\/ro\/wp-json\/wp\/v2\/types\/page"}],"author":[{"embeddable":true,"href":"https:\/\/starsforeurope.com\/ro\/wp-json\/wp\/v2\/users\/1"}],"replies":[{"embeddable":true,"href":"https:\/\/starsforeurope.com\/ro\/wp-json\/wp\/v2\/comments?post=7"}],"version-history":[{"count":29,"href":"https:\/\/starsforeurope.com\/ro\/wp-json\/wp\/v2\/pages\/7\/revisions"}],"predecessor-version":[{"id":7502,"href":"https:\/\/starsforeurope.com\/ro\/wp-json\/wp\/v2\/pages\/7\/revisions\/7502"}],"wp:featuredmedia":[{"embeddable":true,"href":"https:\/\/starsforeurope.com\/ro\/wp-json\/wp\/v2\/media\/7657"}],"wp:attachment":[{"href":"https:\/\/starsforeurope.com\/ro\/wp-json\/wp\/v2\/media?parent=7"}],"curies":[{"name":"wp","href":"https:\/\/api.w.org\/{rel}","templated":true}]}}