{"id":26,"date":"2021-11-17T18:56:53","date_gmt":"2021-11-17T16:56:53","guid":{"rendered":"https:\/\/weihnachtsstern.kinsta.cloud\/ro\/?page_id=26"},"modified":"2025-07-16T10:40:48","modified_gmt":"2025-07-16T07:40:48","slug":"cunostinte","status":"publish","type":"page","link":"https:\/\/starsforeurope.com\/ro\/cunostinte\/","title":{"rendered":"Descoper\u0103 tot ce trebuie s\u0103 \u0219tii despre aceast\u0103 plant\u0103 special\u0103 \u0219i festiv\u0103."},"content":{"rendered":"<h2 class=\"wp-block-heading\">Informa\u021bii esen\u021biale despre cr\u0103ciuni\u021be<\/h2>\n\n\n\n<div class=\"wp-block-group postimage-half wide-content is-layout-flow wp-block-group-is-layout-flow\" style=\"margin-top:var(--wp--preset--spacing--50)\">\n<div style=\"height:3rem\" aria-hidden=\"true\" class=\"wp-block-spacer\"><\/div>\n\n\n\n<div class=\"wp-block-query is-layout-flow wp-block-query-is-layout-flow\"><ul class=\"columns-2 wp-block-post-template is-layout-grid wp-container-core-post-template-is-layout-37ef2942 wp-block-post-template-is-layout-grid\"><li class=\"wp-block-post post-6970 blog type-blog status-publish has-post-thumbnail hentry blog_cat-start-der-saison blog_cat-pflege blog_main-cunostinte blog_main-stiati-ca blog_main-stiri\">\n<figure style=\"aspect-ratio:1;\" class=\"featuredimage wp-block-post-featured-image\"><a href=\"https:\/\/starsforeurope.com\/ro\/blog\/sfaturi-pentru-cumpararea-craciunitelor\/\" target=\"_self\"  ><img loading=\"lazy\" decoding=\"async\" width=\"1050\" height=\"875\" src=\"https:\/\/starsforeurope.com\/ro\/wp-content\/uploads\/sites\/18\/2023\/10\/2021-poinsettia-01000-boho-green-living-01-1.jpg\" class=\"attachment-post-thumbnail size-post-thumbnail wp-post-image\" alt=\"Sfaturi pentru cump\u0103rarea cr\u0103ciuni\u021belor\" style=\"width:100%;height:100%;object-fit:cover;\" srcset=\"https:\/\/starsforeurope.com\/ro\/wp-content\/uploads\/sites\/18\/2023\/10\/2021-poinsettia-01000-boho-green-living-01-1.jpg 1050w, https:\/\/starsforeurope.com\/ro\/wp-content\/uploads\/sites\/18\/2023\/10\/2021-poinsettia-01000-boho-green-living-01-1-300x250.jpg 300w, https:\/\/starsforeurope.com\/ro\/wp-content\/uploads\/sites\/18\/2023\/10\/2021-poinsettia-01000-boho-green-living-01-1-1024x853.jpg 1024w, https:\/\/starsforeurope.com\/ro\/wp-content\/uploads\/sites\/18\/2023\/10\/2021-poinsettia-01000-boho-green-living-01-1-768x640.jpg 768w, https:\/\/starsforeurope.com\/ro\/wp-content\/uploads\/sites\/18\/2023\/10\/2021-poinsettia-01000-boho-green-living-01-1-810x675.jpg 810w\" sizes=\"auto, (max-width: 1050px) 100vw, 1050px\" \/><\/a><\/figure>\n\n<h3 class=\"wp-block-post-title\"><a href=\"https:\/\/starsforeurope.com\/ro\/blog\/sfaturi-pentru-cumpararea-craciunitelor\/\" target=\"_self\" >Sfaturi pentru cump\u0103rarea cr\u0103ciuni\u021belor<\/a><\/h3>\n\n\n<div class=\"wp-block-group postmetaline is-nowrap is-layout-flex wp-container-core-group-is-layout-6c531013 wp-block-group-is-layout-flex\"><div class=\"wp-block-post-date\"><time datetime=\"2023-10-27T08:25:37+03:00\">27. octombrie 2023<\/time><\/div>\n\n<\/div>\n\n\n<div class=\"wp-block-post-excerpt\"><p class=\"wp-block-post-excerpt__excerpt\">Afl\u0103 cum s\u0103 cumperi cr\u0103ciuni\u021be s\u0103n\u0103toase care s\u0103 arate perfect c\u00e2t mai mult timp. Totul este despre frunze, flori, udare \u0219i condi\u021biile din magazin \u0219i de pe drumul p\u00e2n\u0103 acas\u0103.<\/p><p class=\"wp-block-post-excerpt__more-text\"><a class=\"wp-block-post-excerpt__more-link\" href=\"https:\/\/starsforeurope.com\/ro\/blog\/sfaturi-pentru-cumpararea-craciunitelor\/\"><em>Cite\u0219te mai mult<\/em><\/a><\/p><\/div>\n<\/li><\/ul>\n\n\n\n<\/div>\n\n\n\n<div style=\"height:3rem\" aria-hidden=\"true\" class=\"wp-block-spacer\"><\/div>\n<\/div>","protected":false},"excerpt":{"rendered":"<p>Sunt unele dintre cele mai populare flori din lume, dar c\u00e2t de multe \u0219tii despre cr\u0103ciuni\u021be? Ai putea s\u0103 r\u0103m\u00e2i surprins de informa\u021biile pe care le vei afla. Exploreaz\u0103-le istoria fascinant\u0103, originea, utilitatea, dar afl\u0103 \u0219i soiuri mai pu\u021bin cunoscute de cr\u0103ciuni\u021be.<\/p>\n","protected":false},"author":1,"featured_media":4353,"parent":0,"menu_order":0,"comment_status":"closed","ping_status":"closed","template":"two-column-blog-single","meta":{"_acf_changed":false,"footnotes":""},"class_list":["post-26","page","type-page","status-publish","has-post-thumbnail","hentry"],"acf":[],"_links":{"self":[{"href":"https:\/\/starsforeurope.com\/ro\/wp-json\/wp\/v2\/pages\/26","targetHints":{"allow":["GET"]}}],"collection":[{"href":"https:\/\/starsforeurope.com\/ro\/wp-json\/wp\/v2\/pages"}],"about":[{"href":"https:\/\/starsforeurope.com\/ro\/wp-json\/wp\/v2\/types\/page"}],"author":[{"embeddable":true,"href":"https:\/\/starsforeurope.com\/ro\/wp-json\/wp\/v2\/users\/1"}],"replies":[{"embeddable":true,"href":"https:\/\/starsforeurope.com\/ro\/wp-json\/wp\/v2\/comments?post=26"}],"version-history":[{"count":45,"href":"https:\/\/starsforeurope.com\/ro\/wp-json\/wp\/v2\/pages\/26\/revisions"}],"predecessor-version":[{"id":7485,"href":"https:\/\/starsforeurope.com\/ro\/wp-json\/wp\/v2\/pages\/26\/revisions\/7485"}],"wp:featuredmedia":[{"embeddable":true,"href":"https:\/\/starsforeurope.com\/ro\/wp-json\/wp\/v2\/media\/4353"}],"wp:attachment":[{"href":"https:\/\/starsforeurope.com\/ro\/wp-json\/wp\/v2\/media?parent=26"}],"curies":[{"name":"wp","href":"https:\/\/api.w.org\/{rel}","templated":true}]}}