{"id":22,"date":"2021-11-17T18:56:04","date_gmt":"2021-11-17T16:56:04","guid":{"rendered":"https:\/\/weihnachtsstern.kinsta.cloud\/ro\/?page_id=22"},"modified":"2025-12-10T15:49:13","modified_gmt":"2025-12-10T13:49:13","slug":"decoratiuni","status":"publish","type":"page","link":"https:\/\/starsforeurope.com\/ro\/decoratiuni\/","title":{"rendered":"Nenum\u0103rate idei de decora\u021biuni florale: decoreaz\u0103-\u021bi casa cu stil, folosind cr\u0103ciuni\u021bele c\u00e2t mai creativ."},"content":{"rendered":"<h2 class=\"wp-block-heading\">Inspir\u0103-te din sfaturile \u0219i ideile de design care includ cr\u0103ciuni\u021be<\/h2>\n\n\n\n<div class=\"wp-block-group postimage-half wide-content is-layout-flow wp-block-group-is-layout-flow\" style=\"margin-top:var(--wp--preset--spacing--50)\">\n<div style=\"height:3rem\" aria-hidden=\"true\" class=\"wp-block-spacer\"><\/div>\n\n\n\n<div class=\"wp-block-query is-layout-flow wp-block-query-is-layout-flow\"><ul class=\"columns-2 wp-block-post-template is-layout-grid wp-container-core-post-template-is-layout-37ef2942 wp-block-post-template-is-layout-grid\"><li class=\"wp-block-post post-7006 blog type-blog status-publish has-post-thumbnail hentry blog_cat-tischdekoration blog_cat-dekorationsideen blog_cat-schnittblume blog_main-decoratiuni blog_main-decoratiuni-de-masa\">\n<figure style=\"aspect-ratio:1;\" class=\"featuredimage wp-block-post-featured-image\"><a href=\"https:\/\/starsforeurope.com\/ro\/blog\/idei-de-decoratiunifestive-pentru-masa-cu-craciunite\/\" target=\"_self\"  ><img loading=\"lazy\" decoding=\"async\" width=\"1050\" height=\"875\" src=\"https:\/\/starsforeurope.com\/ro\/wp-content\/uploads\/sites\/18\/2023\/10\/2015_Weihnachtsstern_Familie_03.jpg\" class=\"attachment-post-thumbnail size-post-thumbnail wp-post-image\" alt=\"Idei de decora\u021biuni festive pentru mas\u0103 cu cr\u0103ciuni\u021be\" style=\"width:100%;height:100%;object-fit:cover;\" srcset=\"https:\/\/starsforeurope.com\/ro\/wp-content\/uploads\/sites\/18\/2023\/10\/2015_Weihnachtsstern_Familie_03.jpg 1050w, https:\/\/starsforeurope.com\/ro\/wp-content\/uploads\/sites\/18\/2023\/10\/2015_Weihnachtsstern_Familie_03-300x250.jpg 300w, https:\/\/starsforeurope.com\/ro\/wp-content\/uploads\/sites\/18\/2023\/10\/2015_Weihnachtsstern_Familie_03-1024x853.jpg 1024w, https:\/\/starsforeurope.com\/ro\/wp-content\/uploads\/sites\/18\/2023\/10\/2015_Weihnachtsstern_Familie_03-768x640.jpg 768w, https:\/\/starsforeurope.com\/ro\/wp-content\/uploads\/sites\/18\/2023\/10\/2015_Weihnachtsstern_Familie_03-810x675.jpg 810w\" sizes=\"auto, (max-width: 1050px) 100vw, 1050px\" \/><\/a><\/figure>\n\n<h3 class=\"wp-block-post-title\"><a href=\"https:\/\/starsforeurope.com\/ro\/blog\/idei-de-decoratiunifestive-pentru-masa-cu-craciunite\/\" target=\"_self\" >Idei de decora\u021biuni festive pentru mas\u0103 cu cr\u0103ciuni\u021be<\/a><\/h3>\n\n\n<div class=\"wp-block-group postmetaline is-nowrap is-layout-flex wp-container-core-group-is-layout-6c531013 wp-block-group-is-layout-flex\"><div class=\"wp-block-post-date\"><time datetime=\"2024-12-17T08:00:00+02:00\">17. decembrie 2024<\/time><\/div>\n\n<\/div>\n\n\n<div class=\"wp-block-post-excerpt\"><p class=\"wp-block-post-excerpt__excerpt\">Care este cel mai special aspect al decora\u021biunilor cu cr\u0103ciuni\u021be? Varietatea \u0219i creativitatea! Cr\u0103ciuni\u021bele aduc un plus de \u0219arm decora\u021biunilor tale.<\/p><p class=\"wp-block-post-excerpt__more-text\"><a class=\"wp-block-post-excerpt__more-link\" href=\"https:\/\/starsforeurope.com\/ro\/blog\/idei-de-decoratiunifestive-pentru-masa-cu-craciunite\/\">Cite\u0219te mai mult<\/a><\/p><\/div>\n<\/li><li class=\"wp-block-post post-6988 blog type-blog status-publish has-post-thumbnail hentry blog_cat-adventsdekoration blog_cat-diy blog_cat-dekorationsideen blog_main-decoratiuni blog_main-decoratiuni-de-advent blog_main-diy-upcycling\">\n<figure style=\"aspect-ratio:1;\" class=\"featuredimage wp-block-post-featured-image\"><a href=\"https:\/\/starsforeurope.com\/ro\/blog\/idei-de-decoratiuni-perfecte-pentru-incepatori\/\" target=\"_self\"  ><img loading=\"lazy\" decoding=\"async\" width=\"1050\" height=\"875\" src=\"https:\/\/starsforeurope.com\/ro\/wp-content\/uploads\/sites\/18\/2023\/10\/asset-3-2.jpg\" class=\"attachment-post-thumbnail size-post-thumbnail wp-post-image\" alt=\"Idei de decora\u021biuni: perfecte pentru \u00eencep\u0103tori\" style=\"width:100%;height:100%;object-fit:cover;\" srcset=\"https:\/\/starsforeurope.com\/ro\/wp-content\/uploads\/sites\/18\/2023\/10\/asset-3-2.jpg 1050w, https:\/\/starsforeurope.com\/ro\/wp-content\/uploads\/sites\/18\/2023\/10\/asset-3-2-300x250.jpg 300w, https:\/\/starsforeurope.com\/ro\/wp-content\/uploads\/sites\/18\/2023\/10\/asset-3-2-1024x853.jpg 1024w, https:\/\/starsforeurope.com\/ro\/wp-content\/uploads\/sites\/18\/2023\/10\/asset-3-2-768x640.jpg 768w, https:\/\/starsforeurope.com\/ro\/wp-content\/uploads\/sites\/18\/2023\/10\/asset-3-2-810x675.jpg 810w\" sizes=\"auto, (max-width: 1050px) 100vw, 1050px\" \/><\/a><\/figure>\n\n<h3 class=\"wp-block-post-title\"><a href=\"https:\/\/starsforeurope.com\/ro\/blog\/idei-de-decoratiuni-perfecte-pentru-incepatori\/\" target=\"_self\" >Idei de decora\u021biuni: perfecte pentru \u00eencep\u0103tori<\/a><\/h3>\n\n\n<div class=\"wp-block-group postmetaline is-nowrap is-layout-flex wp-container-core-group-is-layout-6c531013 wp-block-group-is-layout-flex\"><div class=\"wp-block-post-date\"><time datetime=\"2023-11-15T10:11:40+02:00\">15. noiembrie 2023<\/time><\/div>\n\n<\/div>\n\n\n<div class=\"wp-block-post-excerpt\"><p class=\"wp-block-post-excerpt__excerpt\">Po\u021bi realiza aceste decora\u021biuni magice cu cr\u0103ciuni\u021be, chiar \u0219i dac\u0103 ai dou\u0103 m\u00e2ini st\u00e2ngi!<\/p><p class=\"wp-block-post-excerpt__more-text\"><a class=\"wp-block-post-excerpt__more-link\" href=\"https:\/\/starsforeurope.com\/ro\/blog\/idei-de-decoratiuni-perfecte-pentru-incepatori\/\">Cite\u0219te mai mult<\/a><\/p><\/div>\n<\/li><li class=\"wp-block-post post-6995 blog type-blog status-publish has-post-thumbnail hentry blog_cat-adventsdekoration blog_cat-diy blog_cat-dekorationsideen blog_main-decoratiuni blog_main-idei-de-cadouri blog_main-ingrijire blog_main-ingrijire-generala\">\n<figure style=\"aspect-ratio:1;\" class=\"featuredimage wp-block-post-featured-image\"><a href=\"https:\/\/starsforeurope.com\/ro\/blog\/mini-craciunite-idei-de-cadouri-si-sfaturi-de-ingrijire\/\" target=\"_self\"  ><img loading=\"lazy\" decoding=\"async\" width=\"1050\" height=\"875\" src=\"https:\/\/starsforeurope.com\/ro\/wp-content\/uploads\/sites\/18\/2023\/10\/2022_poinsettia_03000_varieties_05.jpg\" class=\"attachment-post-thumbnail size-post-thumbnail wp-post-image\" alt=\"Mini cr\u0103ciuni\u021be: idei de cadouri \u0219i sfaturi de \u00eengrijire\" style=\"width:100%;height:100%;object-fit:cover;\" srcset=\"https:\/\/starsforeurope.com\/ro\/wp-content\/uploads\/sites\/18\/2023\/10\/2022_poinsettia_03000_varieties_05.jpg 1050w, https:\/\/starsforeurope.com\/ro\/wp-content\/uploads\/sites\/18\/2023\/10\/2022_poinsettia_03000_varieties_05-300x250.jpg 300w, https:\/\/starsforeurope.com\/ro\/wp-content\/uploads\/sites\/18\/2023\/10\/2022_poinsettia_03000_varieties_05-1024x853.jpg 1024w, https:\/\/starsforeurope.com\/ro\/wp-content\/uploads\/sites\/18\/2023\/10\/2022_poinsettia_03000_varieties_05-768x640.jpg 768w, https:\/\/starsforeurope.com\/ro\/wp-content\/uploads\/sites\/18\/2023\/10\/2022_poinsettia_03000_varieties_05-810x675.jpg 810w\" sizes=\"auto, (max-width: 1050px) 100vw, 1050px\" \/><\/a><\/figure>\n\n<h3 class=\"wp-block-post-title\"><a href=\"https:\/\/starsforeurope.com\/ro\/blog\/mini-craciunite-idei-de-cadouri-si-sfaturi-de-ingrijire\/\" target=\"_self\" >Mini cr\u0103ciuni\u021be: idei de cadouri \u0219i sfaturi de \u00eengrijire<\/a><\/h3>\n\n\n<div class=\"wp-block-group postmetaline is-nowrap is-layout-flex wp-container-core-group-is-layout-6c531013 wp-block-group-is-layout-flex\"><div class=\"wp-block-post-date\"><time datetime=\"2023-11-06T10:31:21+02:00\">06. noiembrie 2023<\/time><\/div>\n\n<\/div>\n\n\n<div class=\"wp-block-post-excerpt\"><p class=\"wp-block-post-excerpt__excerpt\">Mini cr\u0103ciuni\u021bele colorate sunt ni\u0219te cadouri extrem de dr\u0103gu\u021be \u00een sezonul Cr\u0103ciunului. F\u0103 click pe acest articol \u0219i vezi c\u00e2teva idei de cadouri de la foarte simple la c\u00e2t mai ambi\u021bioase<\/p><p class=\"wp-block-post-excerpt__more-text\"><a class=\"wp-block-post-excerpt__more-link\" href=\"https:\/\/starsforeurope.com\/ro\/blog\/mini-craciunite-idei-de-cadouri-si-sfaturi-de-ingrijire\/\">Cite\u0219te mai mult<\/a><\/p><\/div>\n<\/li><li class=\"wp-block-post post-7012 blog type-blog status-publish has-post-thumbnail hentry blog_cat-dekorationsideen blog_cat-schnittblume blog_main-decoratiuni blog_main-flori-taiate\">\n<figure style=\"aspect-ratio:1;\" class=\"featuredimage wp-block-post-featured-image\"><a href=\"https:\/\/starsforeurope.com\/ro\/blog\/folosirea-craciunitelor-ca-flori-taiate-idei-de-decoratiuni-preferinte-tehnici-de-taiere-si-istorie\/\" target=\"_self\"  ><img loading=\"lazy\" decoding=\"async\" width=\"875\" height=\"1050\" src=\"https:\/\/starsforeurope.com\/ro\/wp-content\/uploads\/sites\/18\/2023\/10\/2021-poinsettia-05000-christma.jpg\" class=\"attachment-post-thumbnail size-post-thumbnail wp-post-image\" alt=\"Folosirea cr\u0103ciuni\u021belor ca flori t\u0103iate: Idei de decora\u021biuni, preferin\u021be, tehnici de t\u0103iere \u0219i istorie\" style=\"width:100%;height:100%;object-fit:cover;\" srcset=\"https:\/\/starsforeurope.com\/ro\/wp-content\/uploads\/sites\/18\/2023\/10\/2021-poinsettia-05000-christma.jpg 875w, https:\/\/starsforeurope.com\/ro\/wp-content\/uploads\/sites\/18\/2023\/10\/2021-poinsettia-05000-christma-250x300.jpg 250w, https:\/\/starsforeurope.com\/ro\/wp-content\/uploads\/sites\/18\/2023\/10\/2021-poinsettia-05000-christma-853x1024.jpg 853w, https:\/\/starsforeurope.com\/ro\/wp-content\/uploads\/sites\/18\/2023\/10\/2021-poinsettia-05000-christma-768x922.jpg 768w, https:\/\/starsforeurope.com\/ro\/wp-content\/uploads\/sites\/18\/2023\/10\/2021-poinsettia-05000-christma-563x675.jpg 563w\" sizes=\"auto, (max-width: 875px) 100vw, 875px\" \/><\/a><\/figure>\n\n<h3 class=\"wp-block-post-title\"><a href=\"https:\/\/starsforeurope.com\/ro\/blog\/folosirea-craciunitelor-ca-flori-taiate-idei-de-decoratiuni-preferinte-tehnici-de-taiere-si-istorie\/\" target=\"_self\" >Folosirea cr\u0103ciuni\u021belor ca flori t\u0103iate: Idei de decora\u021biuni, preferin\u021be, tehnici de t\u0103iere \u0219i istorie<\/a><\/h3>\n\n\n<div class=\"wp-block-group postmetaline is-nowrap is-layout-flex wp-container-core-group-is-layout-6c531013 wp-block-group-is-layout-flex\"><div class=\"wp-block-post-date\"><time datetime=\"2023-10-27T01:54:19+03:00\">27. octombrie 2023<\/time><\/div>\n\n<\/div>\n\n\n<div class=\"wp-block-post-excerpt\"><p class=\"wp-block-post-excerpt__excerpt\">\u0218tiai c\u0103? Cr\u0103ciuni\u021bele pot rezista p\u00e2n\u0103 la dou\u0103 s\u0103pt\u0103m\u00e2ni ca flori t\u0103iate; la fel de mult ce trandafirii. Tr\u0103ie\u0219te acum toate visurile tale legate de decora\u021biuni interioare!<\/p><p class=\"wp-block-post-excerpt__more-text\"><a class=\"wp-block-post-excerpt__more-link\" href=\"https:\/\/starsforeurope.com\/ro\/blog\/folosirea-craciunitelor-ca-flori-taiate-idei-de-decoratiuni-preferinte-tehnici-de-taiere-si-istorie\/\">Cite\u0219te mai mult<\/a><\/p><\/div>\n<\/li><\/ul>\n\n<nav class=\"wp-block-query-pagination is-content-justification-center is-layout-flex wp-container-core-query-pagination-is-layout-a89b3969 wp-block-query-pagination-is-layout-flex\" aria-label=\"pagina\u021bie\">\n\n\n<div class=\"wp-block-query-pagination-numbers has-medium-font-size\"><span aria-current=\"page\" class=\"page-numbers current\">1<\/span>\n<a class=\"page-numbers\" href=\"?query-0-page=2\">2<\/a><\/div>\n\n<a href=\"\/ro\/wp-json\/wp\/v2\/pages\/22?query-0-page=2\" class=\"wp-block-query-pagination-next\">\u22b3<\/a>\n<\/nav>\n\n<\/div>\n\n\n\n<div style=\"height:3rem\" aria-hidden=\"true\" class=\"wp-block-spacer\"><\/div>\n<\/div>","protected":false},"excerpt":{"rendered":"<p>Aici vei g\u0103si o mul\u021bime de idei inspira\u021bionale de design \u0219i proiecte de bricolaj pentru casa ta de Cr\u0103ciun. Cr\u0103ciuni\u021bele te vor surprinde: exist\u0103 o gam\u0103 de soiuri uria\u0219\u0103 \u00eentr-o varietate de forme \u0219i m\u0103rimi pentru a se potrivi tuturor gusturilor \u0219i spa\u021biilor, fie ele rustice, boho confortabile, jungle urbane \u0219i multe altele.<\/p>\n","protected":false},"author":1,"featured_media":4352,"parent":0,"menu_order":0,"comment_status":"closed","ping_status":"closed","template":"two-column-blog-single","meta":{"_acf_changed":false,"footnotes":""},"class_list":["post-22","page","type-page","status-publish","has-post-thumbnail","hentry"],"acf":[],"_links":{"self":[{"href":"https:\/\/starsforeurope.com\/ro\/wp-json\/wp\/v2\/pages\/22","targetHints":{"allow":["GET"]}}],"collection":[{"href":"https:\/\/starsforeurope.com\/ro\/wp-json\/wp\/v2\/pages"}],"about":[{"href":"https:\/\/starsforeurope.com\/ro\/wp-json\/wp\/v2\/types\/page"}],"author":[{"embeddable":true,"href":"https:\/\/starsforeurope.com\/ro\/wp-json\/wp\/v2\/users\/1"}],"replies":[{"embeddable":true,"href":"https:\/\/starsforeurope.com\/ro\/wp-json\/wp\/v2\/comments?post=22"}],"version-history":[{"count":55,"href":"https:\/\/starsforeurope.com\/ro\/wp-json\/wp\/v2\/pages\/22\/revisions"}],"predecessor-version":[{"id":7575,"href":"https:\/\/starsforeurope.com\/ro\/wp-json\/wp\/v2\/pages\/22\/revisions\/7575"}],"wp:featuredmedia":[{"embeddable":true,"href":"https:\/\/starsforeurope.com\/ro\/wp-json\/wp\/v2\/media\/4352"}],"wp:attachment":[{"href":"https:\/\/starsforeurope.com\/ro\/wp-json\/wp\/v2\/media?parent=22"}],"curies":[{"name":"wp","href":"https:\/\/api.w.org\/{rel}","templated":true}]}}