{"id":8085,"date":"2025-08-08T15:51:39","date_gmt":"2025-08-08T13:51:39","guid":{"rendered":"https:\/\/starsforeurope.com\/pl\/?page_id=8085"},"modified":"2025-08-11T09:00:37","modified_gmt":"2025-08-11T07:00:37","slug":"pomysly-na-prezenty-pr","status":"publish","type":"page","link":"https:\/\/starsforeurope.com\/pl\/informacje-prasowe\/dekoracja-pr\/pomysly-na-prezenty-pr\/","title":{"rendered":"Pomys\u0142y na prezent z poinsecj\u0105"},"content":{"rendered":"<main class=\"wp-block-group postimage-half wide-content is-layout-flow wp-block-group-is-layout-flow\" style=\"margin-top:var(--wp--preset--spacing--50)\">\n<div style=\"height:3rem\" aria-hidden=\"true\" class=\"wp-block-spacer\"><\/div>\n\n\n\n<div class=\"wp-block-query is-layout-flow wp-block-query-is-layout-flow\"><ul class=\"columns-2 wp-block-post-template is-layout-grid wp-container-core-post-template-is-layout-37ef2942 wp-block-post-template-is-layout-grid\"><li class=\"wp-block-post post-8233 press type-press status-publish has-post-thumbnail hentry press_cat-pomysl-na-prezent press_main-pressemitteilungen press_main-pomysly-na-prezenty\">\n<figure style=\"aspect-ratio:1;\" class=\"featuredimage wp-block-post-featured-image\"><a href=\"https:\/\/starsforeurope.com\/pl\/press\/podaruj-radosc-i-kolor-poinsecje-jako-idealny-prezent\/\" target=\"_self\"  ><img loading=\"lazy\" decoding=\"async\" width=\"875\" height=\"1050\" src=\"https:\/\/starsforeurope.com\/pl\/wp-content\/uploads\/sites\/16\/2025\/08\/2025_Poinsettia_03000_Traditional_Christmas_Spirit_12.jpg\" class=\"attachment-post-thumbnail size-post-thumbnail wp-post-image\" alt=\"Podaruj rado\u015b\u0107 i kolor. Poinsecje jako idealny prezent\" style=\"width:100%;height:100%;object-fit:cover;\" srcset=\"https:\/\/starsforeurope.com\/pl\/wp-content\/uploads\/sites\/16\/2025\/08\/2025_Poinsettia_03000_Traditional_Christmas_Spirit_12.jpg 875w, https:\/\/starsforeurope.com\/pl\/wp-content\/uploads\/sites\/16\/2025\/08\/2025_Poinsettia_03000_Traditional_Christmas_Spirit_12-250x300.jpg 250w, https:\/\/starsforeurope.com\/pl\/wp-content\/uploads\/sites\/16\/2025\/08\/2025_Poinsettia_03000_Traditional_Christmas_Spirit_12-853x1024.jpg 853w, https:\/\/starsforeurope.com\/pl\/wp-content\/uploads\/sites\/16\/2025\/08\/2025_Poinsettia_03000_Traditional_Christmas_Spirit_12-768x922.jpg 768w\" sizes=\"auto, (max-width: 875px) 100vw, 875px\" \/><\/a><\/figure>\n\n<h3 class=\"wp-block-post-title\"><a href=\"https:\/\/starsforeurope.com\/pl\/press\/podaruj-radosc-i-kolor-poinsecje-jako-idealny-prezent\/\" target=\"_self\" >Podaruj rado\u015b\u0107 i kolor. Poinsecje jako idealny prezent<\/a><\/h3>\n\n\n<div class=\"wp-block-group postmetaline is-nowrap is-layout-flex wp-container-core-group-is-layout-6c531013 wp-block-group-is-layout-flex\"><div class=\"wp-block-post-date\"><time datetime=\"2025-08-21T15:00:00+02:00\">21. sierpnia 2025<\/time><\/div>\n\n<\/div>\n\n\n<div class=\"wp-block-post-excerpt\"><p class=\"wp-block-post-excerpt__excerpt\">W efektownym opakowaniu czy w artystycznej aran\u017cacji \u2013 poinsecja to niebanalny i pe\u0142en uroku upominek. Daj si\u0119 zainspirowa\u0107!<\/p><p class=\"wp-block-post-excerpt__more-text\"><a class=\"wp-block-post-excerpt__more-link\" href=\"https:\/\/starsforeurope.com\/pl\/press\/podaruj-radosc-i-kolor-poinsecje-jako-idealny-prezent\/\">Wi\u0119cej<\/a><\/p><\/div>\n<\/li><li class=\"wp-block-post post-4880 press type-press status-publish has-post-thumbnail hentry press_cat-dekoracja-adwentowa press_cat-dekoracja-stolu press_cat-diy press_main-dekoracja press_main-diy-upcykling press_main-pressemitteilungen press_main-pomysly-na-prezenty\">\n<figure style=\"aspect-ratio:1;\" class=\"featuredimage wp-block-post-featured-image\"><a href=\"https:\/\/starsforeurope.com\/pl\/press\/poinsettias-through-the-ages-loved-by-young-and-old\/\" target=\"_self\"  ><img loading=\"lazy\" decoding=\"async\" width=\"875\" height=\"1050\" src=\"https:\/\/starsforeurope.com\/pl\/wp-content\/uploads\/sites\/16\/2024\/07\/2024_Poinsettia_03000_Country_Chic_in_Blue_08.jpg\" class=\"attachment-post-thumbnail size-post-thumbnail wp-post-image\" alt=\"Kreatywne pomys\u0142y na prezent z poinsecj\u0105 Symboliczne prezenty dla ka\u017cdego\" style=\"width:100%;height:100%;object-fit:cover;\" srcset=\"https:\/\/starsforeurope.com\/pl\/wp-content\/uploads\/sites\/16\/2024\/07\/2024_Poinsettia_03000_Country_Chic_in_Blue_08.jpg 875w, https:\/\/starsforeurope.com\/pl\/wp-content\/uploads\/sites\/16\/2024\/07\/2024_Poinsettia_03000_Country_Chic_in_Blue_08-250x300.jpg 250w, https:\/\/starsforeurope.com\/pl\/wp-content\/uploads\/sites\/16\/2024\/07\/2024_Poinsettia_03000_Country_Chic_in_Blue_08-853x1024.jpg 853w, https:\/\/starsforeurope.com\/pl\/wp-content\/uploads\/sites\/16\/2024\/07\/2024_Poinsettia_03000_Country_Chic_in_Blue_08-768x922.jpg 768w, https:\/\/starsforeurope.com\/pl\/wp-content\/uploads\/sites\/16\/2024\/07\/2024_Poinsettia_03000_Country_Chic_in_Blue_08-563x675.jpg 563w\" sizes=\"auto, (max-width: 875px) 100vw, 875px\" \/><\/a><\/figure>\n\n<h3 class=\"wp-block-post-title\"><a href=\"https:\/\/starsforeurope.com\/pl\/press\/poinsettias-through-the-ages-loved-by-young-and-old\/\" target=\"_self\" >Kreatywne pomys\u0142y na prezent z poinsecj\u0105 Symboliczne prezenty dla ka\u017cdego<\/a><\/h3>\n\n\n<div class=\"wp-block-group postmetaline is-nowrap is-layout-flex wp-container-core-group-is-layout-6c531013 wp-block-group-is-layout-flex\"><div class=\"wp-block-post-date\"><time datetime=\"2024-12-01T08:00:26+01:00\">01. grudnia 2024<\/time><\/div>\n\n<\/div>\n\n\n<div class=\"wp-block-post-excerpt\"><p class=\"wp-block-post-excerpt__excerpt\">Aran\u017cacja DIY z poinsecj\u0105 wyra\u017ca mi\u0142o\u015b\u0107 i uznanie. Niech nasze pomys\u0142y na prezent zainspiruj\u0105 Ci\u0119<\/p><p class=\"wp-block-post-excerpt__more-text\"><a class=\"wp-block-post-excerpt__more-link\" href=\"https:\/\/starsforeurope.com\/pl\/press\/poinsettias-through-the-ages-loved-by-young-and-old\/\">Wi\u0119cej<\/a><\/p><\/div>\n<\/li><li class=\"wp-block-post post-7444 press type-press status-publish has-post-thumbnail hentry press_cat-dekoracja-adwentowa press_cat-dekoracja-stolu press_cat-diy press_cat-ozdoby-choinkowe press_cat-wskazowki-dotyczace-dekoracji press_cat-zimowe-dekoracje press_main-dekoracja press_main-diy-upcykling press_main-pressemitteilungen press_main-pomysly-na-prezenty\">\n<figure style=\"aspect-ratio:1;\" class=\"featuredimage wp-block-post-featured-image\"><a href=\"https:\/\/starsforeurope.com\/pl\/press\/boze-narodzenie-pelne-gwiazd-jak-niezaleznie-od-wieku-poczuc-magie-swiat-dzieki-poinsecjom\/\" target=\"_self\"  ><img loading=\"lazy\" decoding=\"async\" width=\"875\" height=\"1050\" src=\"https:\/\/starsforeurope.com\/pl\/wp-content\/uploads\/sites\/16\/2023\/07\/2023_poinsettia_02000_Cottagecore_Charm_37.jpg\" class=\"attachment-post-thumbnail size-post-thumbnail wp-post-image\" alt=\"Bo\u017ce Narodzenie pe\u0142ne gwiazd: jak niezale\u017cnie od wieku poczu\u0107 magi\u0119 \u015bwi\u0105t dzi\u0119ki poinsecjom\" style=\"width:100%;height:100%;object-fit:cover;\" srcset=\"https:\/\/starsforeurope.com\/pl\/wp-content\/uploads\/sites\/16\/2023\/07\/2023_poinsettia_02000_Cottagecore_Charm_37.jpg 875w, https:\/\/starsforeurope.com\/pl\/wp-content\/uploads\/sites\/16\/2023\/07\/2023_poinsettia_02000_Cottagecore_Charm_37-250x300.jpg 250w, https:\/\/starsforeurope.com\/pl\/wp-content\/uploads\/sites\/16\/2023\/07\/2023_poinsettia_02000_Cottagecore_Charm_37-853x1024.jpg 853w, https:\/\/starsforeurope.com\/pl\/wp-content\/uploads\/sites\/16\/2023\/07\/2023_poinsettia_02000_Cottagecore_Charm_37-768x922.jpg 768w, https:\/\/starsforeurope.com\/pl\/wp-content\/uploads\/sites\/16\/2023\/07\/2023_poinsettia_02000_Cottagecore_Charm_37-563x675.jpg 563w\" sizes=\"auto, (max-width: 875px) 100vw, 875px\" \/><\/a><\/figure>\n\n<h3 class=\"wp-block-post-title\"><a href=\"https:\/\/starsforeurope.com\/pl\/press\/boze-narodzenie-pelne-gwiazd-jak-niezaleznie-od-wieku-poczuc-magie-swiat-dzieki-poinsecjom\/\" target=\"_self\" >Bo\u017ce Narodzenie pe\u0142ne gwiazd: jak niezale\u017cnie od wieku poczu\u0107 magi\u0119 \u015bwi\u0105t dzi\u0119ki poinsecjom<\/a><\/h3>\n\n\n<div class=\"wp-block-group postmetaline is-nowrap is-layout-flex wp-container-core-group-is-layout-6c531013 wp-block-group-is-layout-flex\"><div class=\"wp-block-post-date\"><time datetime=\"2023-12-07T06:45:26+01:00\">07. grudnia 2023<\/time><\/div>\n\n<\/div>\n\n\n<div class=\"wp-block-post-excerpt\"><p class=\"wp-block-post-excerpt__excerpt\">Sp\u0119d\u017a \u015bwi\u0119ta z gwiazdami: Jak gwiazdy betlejemskie dodaj\u0105 magii do \u015bwiata dzieci i doros\u0142ych Teaser long: Poinsecje rozja\u015bniaj\u0105 ka\u017cde pomieszczenie i dodaj\u0105 \u015bwi\u0105tecznego blasku choinkom, prezentom i sto\u0142om zar\u00f3wno jako ro\u015bliny doniczkowe, jak i kwiaty ci\u0119te. Poznaj nasze pomys\u0142y na \u015bwi\u0105teczne dekoracje.<\/p><p class=\"wp-block-post-excerpt__more-text\"><a class=\"wp-block-post-excerpt__more-link\" href=\"https:\/\/starsforeurope.com\/pl\/press\/boze-narodzenie-pelne-gwiazd-jak-niezaleznie-od-wieku-poczuc-magie-swiat-dzieki-poinsecjom\/\">Wi\u0119cej<\/a><\/p><\/div>\n<\/li><li class=\"wp-block-post post-7452 press type-press status-publish has-post-thumbnail hentry press_cat-dekoracja-adwentowa press_cat-dekoracja-stolu press_cat-diy press_cat-zimowe-dekoracje press_main-dekoracja press_main-diy-upcykling press_main-pressemitteilungen press_main-pomysly-na-prezenty\">\n<figure style=\"aspect-ratio:1;\" class=\"featuredimage wp-block-post-featured-image\"><a href=\"https:\/\/starsforeurope.com\/pl\/press\/dodaj-szczypte-koloru-i-radosci-do-ponurej-jesieni-i-zimy-roznorodne-pomysly-na-prezent-z-poinsecja\/\" target=\"_self\"  ><img loading=\"lazy\" decoding=\"async\" width=\"875\" height=\"1050\" src=\"https:\/\/starsforeurope.com\/pl\/wp-content\/uploads\/sites\/16\/2023\/07\/2023_poinsettia_01000_Jewels_of_Nature_15.jpg\" class=\"attachment-post-thumbnail size-post-thumbnail wp-post-image\" alt=\"Dodaj szczypt\u0119 koloru i rado\u015bci do ponurej  jesieni i zimy: r\u00f3\u017cnorodne pomys\u0142y na prezent z poinsecj\u0105\" style=\"width:100%;height:100%;object-fit:cover;\" srcset=\"https:\/\/starsforeurope.com\/pl\/wp-content\/uploads\/sites\/16\/2023\/07\/2023_poinsettia_01000_Jewels_of_Nature_15.jpg 875w, https:\/\/starsforeurope.com\/pl\/wp-content\/uploads\/sites\/16\/2023\/07\/2023_poinsettia_01000_Jewels_of_Nature_15-250x300.jpg 250w, https:\/\/starsforeurope.com\/pl\/wp-content\/uploads\/sites\/16\/2023\/07\/2023_poinsettia_01000_Jewels_of_Nature_15-853x1024.jpg 853w, https:\/\/starsforeurope.com\/pl\/wp-content\/uploads\/sites\/16\/2023\/07\/2023_poinsettia_01000_Jewels_of_Nature_15-768x922.jpg 768w, https:\/\/starsforeurope.com\/pl\/wp-content\/uploads\/sites\/16\/2023\/07\/2023_poinsettia_01000_Jewels_of_Nature_15-563x675.jpg 563w\" sizes=\"auto, (max-width: 875px) 100vw, 875px\" \/><\/a><\/figure>\n\n<h3 class=\"wp-block-post-title\"><a href=\"https:\/\/starsforeurope.com\/pl\/press\/dodaj-szczypte-koloru-i-radosci-do-ponurej-jesieni-i-zimy-roznorodne-pomysly-na-prezent-z-poinsecja\/\" target=\"_self\" >Dodaj szczypt\u0119 koloru i rado\u015bci do ponurej  jesieni i zimy: r\u00f3\u017cnorodne pomys\u0142y na prezent z poinsecj\u0105<\/a><\/h3>\n\n\n<div class=\"wp-block-group postmetaline is-nowrap is-layout-flex wp-container-core-group-is-layout-6c531013 wp-block-group-is-layout-flex\"><div class=\"wp-block-post-date\"><time datetime=\"2023-10-10T06:28:56+02:00\">10. pa\u017adziernika 2023<\/time><\/div>\n\n<\/div>\n\n\n<div class=\"wp-block-post-excerpt\"><p class=\"wp-block-post-excerpt__excerpt\">Dziel si\u0119 rado\u015bci\u0105 i kolorami tej jesieni i zimy: pomys\u0142y na prezent z poinsecj\u0105 Teaser long: Odkryj nasz\u0105 palet\u0119 pomys\u0142\u00f3w na prezenty z poinsecj\u0105, kt\u00f3re wprowadz\u0105 kolor i rado\u015b\u0107 podczas zimowych miesi\u0119cy i wywo\u0142aj\u0105 u\u015bmiech na twarzy ka\u017cdego mi\u0142o\u015bnika kwiat\u00f3w.<\/p><p class=\"wp-block-post-excerpt__more-text\"><a class=\"wp-block-post-excerpt__more-link\" href=\"https:\/\/starsforeurope.com\/pl\/press\/dodaj-szczypte-koloru-i-radosci-do-ponurej-jesieni-i-zimy-roznorodne-pomysly-na-prezent-z-poinsecja\/\">Wi\u0119cej<\/a><\/p><\/div>\n<\/li><\/ul>\n\n<nav class=\"wp-block-query-pagination is-content-justification-center is-layout-flex wp-container-core-query-pagination-is-layout-a89b3969 wp-block-query-pagination-is-layout-flex\" aria-label=\"Stronicowanie\">\n\n\n<div class=\"wp-block-query-pagination-numbers has-medium-font-size\"><span aria-current=\"page\" class=\"page-numbers current\">1<\/span>\n<a class=\"page-numbers\" href=\"?query-0-page=2\">2<\/a><\/div>\n\n<a href=\"\/pl\/wp-json\/wp\/v2\/pages\/8085?query-0-page=2\" class=\"wp-block-query-pagination-next\">\u22b3<\/a>\n<\/nav>\n\n<\/div>\n\n\n\n<div style=\"height:3rem\" aria-hidden=\"true\" class=\"wp-block-spacer\"><\/div>\n<\/main>","protected":false},"excerpt":{"rendered":"<p>Znajd\u017a idealne prezenty inspirowane poinsecj\u0105, aby rozja\u015bni\u0107 sezon \u015bwi\u0105teczny stylem i rado\u015bci\u0105.<\/p>\n","protected":false},"author":26,"featured_media":4366,"parent":8028,"menu_order":0,"comment_status":"closed","ping_status":"closed","template":"two-column-press","meta":{"_acf_changed":false,"footnotes":""},"class_list":["post-8085","page","type-page","status-publish","has-post-thumbnail","hentry"],"acf":[],"_links":{"self":[{"href":"https:\/\/starsforeurope.com\/pl\/wp-json\/wp\/v2\/pages\/8085","targetHints":{"allow":["GET"]}}],"collection":[{"href":"https:\/\/starsforeurope.com\/pl\/wp-json\/wp\/v2\/pages"}],"about":[{"href":"https:\/\/starsforeurope.com\/pl\/wp-json\/wp\/v2\/types\/page"}],"author":[{"embeddable":true,"href":"https:\/\/starsforeurope.com\/pl\/wp-json\/wp\/v2\/users\/26"}],"replies":[{"embeddable":true,"href":"https:\/\/starsforeurope.com\/pl\/wp-json\/wp\/v2\/comments?post=8085"}],"version-history":[{"count":1,"href":"https:\/\/starsforeurope.com\/pl\/wp-json\/wp\/v2\/pages\/8085\/revisions"}],"predecessor-version":[{"id":8086,"href":"https:\/\/starsforeurope.com\/pl\/wp-json\/wp\/v2\/pages\/8085\/revisions\/8086"}],"up":[{"embeddable":true,"href":"https:\/\/starsforeurope.com\/pl\/wp-json\/wp\/v2\/pages\/8028"}],"wp:featuredmedia":[{"embeddable":true,"href":"https:\/\/starsforeurope.com\/pl\/wp-json\/wp\/v2\/media\/4366"}],"wp:attachment":[{"href":"https:\/\/starsforeurope.com\/pl\/wp-json\/wp\/v2\/media?parent=8085"}],"curies":[{"name":"wp","href":"https:\/\/api.w.org\/{rel}","templated":true}]}}