{"id":8056,"date":"2025-08-05T16:58:46","date_gmt":"2025-08-05T14:58:46","guid":{"rendered":"https:\/\/starsforeurope.com\/pl\/?page_id=8056"},"modified":"2025-08-11T09:00:37","modified_gmt":"2025-08-11T07:00:37","slug":"dekoracje-slubne-pr","status":"publish","type":"page","link":"https:\/\/starsforeurope.com\/pl\/informacje-prasowe\/dekoracja-pr\/dekoracje-slubne-pr\/","title":{"rendered":"Eleganckie wesela z poinsecj\u0105"},"content":{"rendered":"<main class=\"wp-block-group postimage-half wide-content is-layout-flow wp-block-group-is-layout-flow\" style=\"margin-top:var(--wp--preset--spacing--50)\">\n<div style=\"height:3rem\" aria-hidden=\"true\" class=\"wp-block-spacer\"><\/div>\n\n\n\n<div class=\"wp-block-query is-layout-flow wp-block-query-is-layout-flow\"><ul class=\"columns-2 wp-block-post-template is-layout-grid wp-container-core-post-template-is-layout-37ef2942 wp-block-post-template-is-layout-grid\"><li class=\"wp-block-post post-6214 press type-press status-publish has-post-thumbnail hentry press_cat-dekoracja-stolu press_cat-dekoracje-slubne press_cat-zimowe-dekoracje press_main-dekoracja press_main-dekoracje-slubne press_main-pressemitteilungen\">\n<figure style=\"aspect-ratio:1;\" class=\"featuredimage wp-block-post-featured-image\"><a href=\"https:\/\/starsforeurope.com\/pl\/press\/wymarzony-slub-w-grudniu-just-married-poinsecja-i-panna-mloda\/\" target=\"_self\"  ><img loading=\"lazy\" decoding=\"async\" width=\"875\" height=\"1050\" src=\"https:\/\/starsforeurope.com\/pl\/wp-content\/uploads\/sites\/16\/2022\/09\/2019_poinsettia_winter_brid.jpg\" class=\"attachment-post-thumbnail size-post-thumbnail wp-post-image\" alt=\"Wymarzony \u015blub w grudniu. Just married \u2013 Poinsecja i panna m\u0142oda\" style=\"width:100%;height:100%;object-fit:cover;\" srcset=\"https:\/\/starsforeurope.com\/pl\/wp-content\/uploads\/sites\/16\/2022\/09\/2019_poinsettia_winter_brid.jpg 875w, https:\/\/starsforeurope.com\/pl\/wp-content\/uploads\/sites\/16\/2022\/09\/2019_poinsettia_winter_brid-250x300.jpg 250w, https:\/\/starsforeurope.com\/pl\/wp-content\/uploads\/sites\/16\/2022\/09\/2019_poinsettia_winter_brid-853x1024.jpg 853w, https:\/\/starsforeurope.com\/pl\/wp-content\/uploads\/sites\/16\/2022\/09\/2019_poinsettia_winter_brid-768x922.jpg 768w, https:\/\/starsforeurope.com\/pl\/wp-content\/uploads\/sites\/16\/2022\/09\/2019_poinsettia_winter_brid-563x675.jpg 563w\" sizes=\"auto, (max-width: 875px) 100vw, 875px\" \/><\/a><\/figure>\n\n<h3 class=\"wp-block-post-title\"><a href=\"https:\/\/starsforeurope.com\/pl\/press\/wymarzony-slub-w-grudniu-just-married-poinsecja-i-panna-mloda\/\" target=\"_self\" >Wymarzony \u015blub w grudniu. Just married \u2013 Poinsecja i panna m\u0142oda<\/a><\/h3>\n\n\n<div class=\"wp-block-group postmetaline is-nowrap is-layout-flex wp-container-core-group-is-layout-6c531013 wp-block-group-is-layout-flex\"><div class=\"wp-block-post-date\"><time datetime=\"2019-12-04T00:00:32+01:00\">04. grudnia 2019<\/time><\/div>\n\n<\/div>\n\n\n<div class=\"wp-block-post-excerpt\"><p class=\"wp-block-post-excerpt__excerpt\">Poinsecja to idealne kwiaty \u015blubne. Czy to w bukiecie \u015blubnym, czy jako dekoracja sto\u0142u lub dekoracja tortu, ci\u0119te poinsecje sprawiaj\u0105, \u017ce kwiatowa dekoracja \u015blubna staje si\u0119 marzycielskim centrum.<\/p><p class=\"wp-block-post-excerpt__more-text\"><a class=\"wp-block-post-excerpt__more-link\" href=\"https:\/\/starsforeurope.com\/pl\/press\/wymarzony-slub-w-grudniu-just-married-poinsecja-i-panna-mloda\/\">Wi\u0119cej<\/a><\/p><\/div>\n<\/li><li class=\"wp-block-post post-5720 press type-press status-publish has-post-thumbnail hentry press_cat-dekoracje-slubne press_main-dekoracja press_main-dekoracje-slubne press_main-dekoracje-zimowe press_main-pressemitteilungen\">\n<figure style=\"aspect-ratio:1;\" class=\"featuredimage wp-block-post-featured-image\"><a href=\"https:\/\/starsforeurope.com\/pl\/press\/eleganckie-romantyczne-i-kolorowe\/\" target=\"_self\"  ><img loading=\"lazy\" decoding=\"async\" width=\"875\" height=\"1050\" src=\"https:\/\/starsforeurope.com\/pl\/wp-content\/uploads\/sites\/16\/2022\/09\/2020_poinsettia_03000_Christmas_Blush_21-3.jpg\" class=\"attachment-post-thumbnail size-post-thumbnail wp-post-image\" alt=\"Eleganckie, romantyczne i kolorowe:\" style=\"width:100%;height:100%;object-fit:cover;\" srcset=\"https:\/\/starsforeurope.com\/pl\/wp-content\/uploads\/sites\/16\/2022\/09\/2020_poinsettia_03000_Christmas_Blush_21-3.jpg 875w, https:\/\/starsforeurope.com\/pl\/wp-content\/uploads\/sites\/16\/2022\/09\/2020_poinsettia_03000_Christmas_Blush_21-3-250x300.jpg 250w, https:\/\/starsforeurope.com\/pl\/wp-content\/uploads\/sites\/16\/2022\/09\/2020_poinsettia_03000_Christmas_Blush_21-3-853x1024.jpg 853w, https:\/\/starsforeurope.com\/pl\/wp-content\/uploads\/sites\/16\/2022\/09\/2020_poinsettia_03000_Christmas_Blush_21-3-768x922.jpg 768w, https:\/\/starsforeurope.com\/pl\/wp-content\/uploads\/sites\/16\/2022\/09\/2020_poinsettia_03000_Christmas_Blush_21-3-563x675.jpg 563w\" sizes=\"auto, (max-width: 875px) 100vw, 875px\" \/><\/a><\/figure>\n\n<h3 class=\"wp-block-post-title\"><a href=\"https:\/\/starsforeurope.com\/pl\/press\/eleganckie-romantyczne-i-kolorowe\/\" target=\"_self\" >Eleganckie, romantyczne i kolorowe:<\/a><\/h3>\n\n\n<div class=\"wp-block-group postmetaline is-nowrap is-layout-flex wp-container-core-group-is-layout-6c531013 wp-block-group-is-layout-flex\"><div class=\"wp-block-post-date\"><time datetime=\"2019-10-07T15:10:34+02:00\">07. pa\u017adziernika 2019<\/time><\/div>\n\n<\/div>\n\n\n<div class=\"wp-block-post-excerpt\"><p class=\"wp-block-post-excerpt__excerpt\">Ci, kt\u00f3rzy bior\u0105 \u015blub jesieni\u0105 lub zim\u0105, maj\u0105 to szcz\u0119\u015bcie, \u017ce mog\u0105 wykorzysta\u0107 poinsecj\u0119 jako kwiaty \u015blubne. Ciesz si\u0119 na bukiety \u015blubne i ozdoby do w\u0142os\u00f3w z tym zimowym kwiatem.<\/p><p class=\"wp-block-post-excerpt__more-text\"><a class=\"wp-block-post-excerpt__more-link\" href=\"https:\/\/starsforeurope.com\/pl\/press\/eleganckie-romantyczne-i-kolorowe\/\">Wi\u0119cej<\/a><\/p><\/div>\n<\/li><\/ul>\n\n\n\n<\/div>\n\n\n\n<div style=\"height:3rem\" aria-hidden=\"true\" class=\"wp-block-spacer\"><\/div>\n<\/main>","protected":false},"excerpt":{"rendered":"<p>\u015awi\u0119tuj sw\u00f3j wyj\u0105tkowy dzie\u0144 z ponadczasowym pi\u0119knem poinsecji &#8211; idealnych do tworzenia niezapomnianych, \u015bwi\u0105tecznych akcent\u00f3w \u015blubnych.<\/p>\n","protected":false},"author":24,"featured_media":4366,"parent":8028,"menu_order":0,"comment_status":"closed","ping_status":"closed","template":"two-column-press","meta":{"_acf_changed":false,"footnotes":""},"class_list":["post-8056","page","type-page","status-publish","has-post-thumbnail","hentry"],"acf":[],"_links":{"self":[{"href":"https:\/\/starsforeurope.com\/pl\/wp-json\/wp\/v2\/pages\/8056","targetHints":{"allow":["GET"]}}],"collection":[{"href":"https:\/\/starsforeurope.com\/pl\/wp-json\/wp\/v2\/pages"}],"about":[{"href":"https:\/\/starsforeurope.com\/pl\/wp-json\/wp\/v2\/types\/page"}],"author":[{"embeddable":true,"href":"https:\/\/starsforeurope.com\/pl\/wp-json\/wp\/v2\/users\/24"}],"replies":[{"embeddable":true,"href":"https:\/\/starsforeurope.com\/pl\/wp-json\/wp\/v2\/comments?post=8056"}],"version-history":[{"count":1,"href":"https:\/\/starsforeurope.com\/pl\/wp-json\/wp\/v2\/pages\/8056\/revisions"}],"predecessor-version":[{"id":8057,"href":"https:\/\/starsforeurope.com\/pl\/wp-json\/wp\/v2\/pages\/8056\/revisions\/8057"}],"up":[{"embeddable":true,"href":"https:\/\/starsforeurope.com\/pl\/wp-json\/wp\/v2\/pages\/8028"}],"wp:featuredmedia":[{"embeddable":true,"href":"https:\/\/starsforeurope.com\/pl\/wp-json\/wp\/v2\/media\/4366"}],"wp:attachment":[{"href":"https:\/\/starsforeurope.com\/pl\/wp-json\/wp\/v2\/media?parent=8056"}],"curies":[{"name":"wp","href":"https:\/\/api.w.org\/{rel}","templated":true}]}}