{"id":8050,"date":"2025-08-05T16:52:14","date_gmt":"2025-08-05T14:52:14","guid":{"rendered":"https:\/\/starsforeurope.com\/pl\/?page_id=8050"},"modified":"2025-08-11T09:00:37","modified_gmt":"2025-08-11T07:00:37","slug":"dekoracje-stolu-pr","status":"publish","type":"page","link":"https:\/\/starsforeurope.com\/pl\/informacje-prasowe\/dekoracja-pr\/dekoracje-stolu-pr\/","title":{"rendered":"Dekoracje sto\u0142u z poinsecj\u0105"},"content":{"rendered":"<main class=\"wp-block-group postimage-half wide-content is-layout-flow wp-block-group-is-layout-flow\" style=\"margin-top:var(--wp--preset--spacing--50)\">\n<div style=\"height:3rem\" aria-hidden=\"true\" class=\"wp-block-spacer\"><\/div>\n\n\n\n<div class=\"wp-block-query is-layout-flow wp-block-query-is-layout-flow\"><ul class=\"columns-2 wp-block-post-template is-layout-grid wp-container-core-post-template-is-layout-37ef2942 wp-block-post-template-is-layout-grid\"><li class=\"wp-block-post post-8237 press type-press status-publish has-post-thumbnail hentry press_cat-dekoracja-stolu press_cat-diy press_main-dekoracja press_main-dekoracje-stolu press_main-diy-upcykling press_main-pressemitteilungen\">\n<figure style=\"aspect-ratio:1;\" class=\"featuredimage wp-block-post-featured-image\"><a href=\"https:\/\/starsforeurope.com\/pl\/press\/wieczorna-oprawa-stolu-uniwersalne-dekoracje-stolu-z-poinsecji\/\" target=\"_self\"  ><img loading=\"lazy\" decoding=\"async\" width=\"875\" height=\"1050\" src=\"https:\/\/starsforeurope.com\/pl\/wp-content\/uploads\/sites\/16\/2025\/08\/2025_Poinsettia_01000_Nordic_Winter_Charm_08.jpg\" class=\"attachment-post-thumbnail size-post-thumbnail wp-post-image\" alt=\"Wieczorna oprawa sto\u0142u. Uniwersalne dekoracje sto\u0142u z poinsecji.\" style=\"width:100%;height:100%;object-fit:cover;\" srcset=\"https:\/\/starsforeurope.com\/pl\/wp-content\/uploads\/sites\/16\/2025\/08\/2025_Poinsettia_01000_Nordic_Winter_Charm_08.jpg 875w, https:\/\/starsforeurope.com\/pl\/wp-content\/uploads\/sites\/16\/2025\/08\/2025_Poinsettia_01000_Nordic_Winter_Charm_08-250x300.jpg 250w, https:\/\/starsforeurope.com\/pl\/wp-content\/uploads\/sites\/16\/2025\/08\/2025_Poinsettia_01000_Nordic_Winter_Charm_08-853x1024.jpg 853w, https:\/\/starsforeurope.com\/pl\/wp-content\/uploads\/sites\/16\/2025\/08\/2025_Poinsettia_01000_Nordic_Winter_Charm_08-768x922.jpg 768w\" sizes=\"auto, (max-width: 875px) 100vw, 875px\" \/><\/a><\/figure>\n\n<h3 class=\"wp-block-post-title\"><a href=\"https:\/\/starsforeurope.com\/pl\/press\/wieczorna-oprawa-stolu-uniwersalne-dekoracje-stolu-z-poinsecji\/\" target=\"_self\" >Wieczorna oprawa sto\u0142u. Uniwersalne dekoracje sto\u0142u z poinsecji.<\/a><\/h3>\n\n\n<div class=\"wp-block-group postmetaline is-nowrap is-layout-flex wp-container-core-group-is-layout-6c531013 wp-block-group-is-layout-flex\"><div class=\"wp-block-post-date\"><time datetime=\"2025-08-22T08:00:00+02:00\">22. sierpnia 2025<\/time><\/div>\n\n<\/div>\n\n\n<div class=\"wp-block-post-excerpt\"><p class=\"wp-block-post-excerpt__excerpt\">Ekologiczne, kreatywne czy klasyczne \u2013 poinsecje nadaj\u0105 blask ka\u017cdej dekoracji sto\u0142u. Sprawd\u017a nasze najnowsze pomys\u0142y na \u015bwi\u0105teczne nakrycie.<\/p><p class=\"wp-block-post-excerpt__more-text\"><a class=\"wp-block-post-excerpt__more-link\" href=\"https:\/\/starsforeurope.com\/pl\/press\/wieczorna-oprawa-stolu-uniwersalne-dekoracje-stolu-z-poinsecji\/\">Wi\u0119cej<\/a><\/p><\/div>\n<\/li><li class=\"wp-block-post post-4927 press type-press status-publish has-post-thumbnail hentry press_cat-dekoracja-adwentowa press_cat-dekoracja-stolu press_cat-diy press_cat-zimowe-dekoracje press_main-dekoracja press_main-dekoracje-stolu press_main-diy-upcykling press_main-pressemitteilungen\">\n<figure style=\"aspect-ratio:1;\" class=\"featuredimage wp-block-post-featured-image\"><a href=\"https:\/\/starsforeurope.com\/pl\/press\/dekoracje-stolu-z-poinsecja-kwiatowa-oprawa-swiatecznych-stolow-na-kazdy-gust\/\" target=\"_self\"  ><img loading=\"lazy\" decoding=\"async\" width=\"875\" height=\"1050\" src=\"https:\/\/starsforeurope.com\/pl\/wp-content\/uploads\/sites\/16\/2024\/07\/2024_Poinsettia_02000_Modern_Vintage_Fusion_03.jpg\" class=\"attachment-post-thumbnail size-post-thumbnail wp-post-image\" alt=\"Dekoracje sto\u0142u z poinsecj\u0105. Kwiatowa oprawa \u015bwi\u0105tecznych sto\u0142\u00f3w na ka\u017cdy gust\" style=\"width:100%;height:100%;object-fit:cover;\" srcset=\"https:\/\/starsforeurope.com\/pl\/wp-content\/uploads\/sites\/16\/2024\/07\/2024_Poinsettia_02000_Modern_Vintage_Fusion_03.jpg 875w, https:\/\/starsforeurope.com\/pl\/wp-content\/uploads\/sites\/16\/2024\/07\/2024_Poinsettia_02000_Modern_Vintage_Fusion_03-250x300.jpg 250w, https:\/\/starsforeurope.com\/pl\/wp-content\/uploads\/sites\/16\/2024\/07\/2024_Poinsettia_02000_Modern_Vintage_Fusion_03-853x1024.jpg 853w, https:\/\/starsforeurope.com\/pl\/wp-content\/uploads\/sites\/16\/2024\/07\/2024_Poinsettia_02000_Modern_Vintage_Fusion_03-768x922.jpg 768w, https:\/\/starsforeurope.com\/pl\/wp-content\/uploads\/sites\/16\/2024\/07\/2024_Poinsettia_02000_Modern_Vintage_Fusion_03-563x675.jpg 563w\" sizes=\"auto, (max-width: 875px) 100vw, 875px\" \/><\/a><\/figure>\n\n<h3 class=\"wp-block-post-title\"><a href=\"https:\/\/starsforeurope.com\/pl\/press\/dekoracje-stolu-z-poinsecja-kwiatowa-oprawa-swiatecznych-stolow-na-kazdy-gust\/\" target=\"_self\" >Dekoracje sto\u0142u z poinsecj\u0105. Kwiatowa oprawa \u015bwi\u0105tecznych sto\u0142\u00f3w na ka\u017cdy gust<\/a><\/h3>\n\n\n<div class=\"wp-block-group postmetaline is-nowrap is-layout-flex wp-container-core-group-is-layout-6c531013 wp-block-group-is-layout-flex\"><div class=\"wp-block-post-date\"><time datetime=\"2024-12-02T07:54:33+01:00\">02. grudnia 2024<\/time><\/div>\n\n<\/div>\n\n\n<div class=\"wp-block-post-excerpt\"><p class=\"wp-block-post-excerpt__excerpt\">Poinsecje zdobi\u0105 zar\u00f3wno elegancki st\u00f3\u0142 \u015bwi\u0105teczny, jak i st\u00f3\u0142 \u015bniadaniowy czy stolik kawowy. Prezentujemy dekoracje sto\u0142u na ka\u017cd\u0105 okazj\u0119<\/p><p class=\"wp-block-post-excerpt__more-text\"><a class=\"wp-block-post-excerpt__more-link\" href=\"https:\/\/starsforeurope.com\/pl\/press\/dekoracje-stolu-z-poinsecja-kwiatowa-oprawa-swiatecznych-stolow-na-kazdy-gust\/\">Wi\u0119cej<\/a><\/p><\/div>\n<\/li><li class=\"wp-block-post post-7450 press type-press status-publish has-post-thumbnail hentry press_cat-dekoracja-adwentowa press_cat-dekoracja-stolu press_cat-diy press_cat-wskazowki-dotyczace-dekoracji press_cat-zimowe-dekoracje press_main-dekoracja press_main-dekoracje-stolu press_main-pressemitteilungen press_main-kwiaty-ciete\">\n<figure style=\"aspect-ratio:1;\" class=\"featuredimage wp-block-post-featured-image\"><a href=\"https:\/\/starsforeurope.com\/pl\/press\/robi-sie-swiatecznie-wskazowki-i-pomysly-dotyczace-dekoracji-stolow-z-poinsecja\/\" target=\"_self\"  ><img loading=\"lazy\" decoding=\"async\" width=\"875\" height=\"1050\" src=\"https:\/\/starsforeurope.com\/pl\/wp-content\/uploads\/sites\/16\/2023\/07\/2023_poinsettia_01000_Jewels_of_Nature_07.jpg\" class=\"attachment-post-thumbnail size-post-thumbnail wp-post-image\" alt=\"Robi si\u0119 \u015bwi\u0105tecznie! Wskaz\u00f3wki i pomys\u0142y dotycz\u0105ce dekoracji sto\u0142\u00f3w z poinsecj\u0105\" style=\"width:100%;height:100%;object-fit:cover;\" srcset=\"https:\/\/starsforeurope.com\/pl\/wp-content\/uploads\/sites\/16\/2023\/07\/2023_poinsettia_01000_Jewels_of_Nature_07.jpg 875w, https:\/\/starsforeurope.com\/pl\/wp-content\/uploads\/sites\/16\/2023\/07\/2023_poinsettia_01000_Jewels_of_Nature_07-250x300.jpg 250w, https:\/\/starsforeurope.com\/pl\/wp-content\/uploads\/sites\/16\/2023\/07\/2023_poinsettia_01000_Jewels_of_Nature_07-853x1024.jpg 853w, https:\/\/starsforeurope.com\/pl\/wp-content\/uploads\/sites\/16\/2023\/07\/2023_poinsettia_01000_Jewels_of_Nature_07-768x922.jpg 768w, https:\/\/starsforeurope.com\/pl\/wp-content\/uploads\/sites\/16\/2023\/07\/2023_poinsettia_01000_Jewels_of_Nature_07-563x675.jpg 563w\" sizes=\"auto, (max-width: 875px) 100vw, 875px\" \/><\/a><\/figure>\n\n<h3 class=\"wp-block-post-title\"><a href=\"https:\/\/starsforeurope.com\/pl\/press\/robi-sie-swiatecznie-wskazowki-i-pomysly-dotyczace-dekoracji-stolow-z-poinsecja\/\" target=\"_self\" >Robi si\u0119 \u015bwi\u0105tecznie! Wskaz\u00f3wki i pomys\u0142y dotycz\u0105ce dekoracji sto\u0142\u00f3w z poinsecj\u0105<\/a><\/h3>\n\n\n<div class=\"wp-block-group postmetaline is-nowrap is-layout-flex wp-container-core-group-is-layout-6c531013 wp-block-group-is-layout-flex\"><div class=\"wp-block-post-date\"><time datetime=\"2023-11-10T06:55:46+01:00\">10. listopada 2023<\/time><\/div>\n\n<\/div>\n\n\n<div class=\"wp-block-post-excerpt\"><p class=\"wp-block-post-excerpt__excerpt\">\u015awi\u0105teczny nastr\u00f3j! Wskaz\u00f3wki i pomys\u0142y na dekoracje sto\u0142u z poinsecj\u0105 Teaser long: Pi\u0119kne przylistki poinsecji czyni\u0105 z niej idealn\u0105 dekoracj\u0119 sto\u0142u. Odkryj nasze nowe porady i pomys\u0142y na dekoracje sto\u0142u z wykorzystaniem tych wszechstronnych ro\u015blin.<\/p><p class=\"wp-block-post-excerpt__more-text\"><a class=\"wp-block-post-excerpt__more-link\" href=\"https:\/\/starsforeurope.com\/pl\/press\/robi-sie-swiatecznie-wskazowki-i-pomysly-dotyczace-dekoracji-stolow-z-poinsecja\/\">Wi\u0119cej<\/a><\/p><\/div>\n<\/li><li class=\"wp-block-post post-7446 press type-press status-publish has-post-thumbnail hentry press_cat-dekoracja-stolu press_cat-jesienne-dekoracje-i-rosliny press_cat-kwiat-ciety press_main-dekoracja press_main-dekoracje-jesienne-green-living press_main-dekoracje-stolu press_main-pressemitteilungen\">\n<figure style=\"aspect-ratio:1;\" class=\"featuredimage wp-block-post-featured-image\"><a href=\"https:\/\/starsforeurope.com\/pl\/press\/rozjasnij-wnetrze-i-zadbaj-o-nastroj-poinsecje-ozywiaja-jesienna-szarosc\/\" target=\"_self\"  ><img loading=\"lazy\" decoding=\"async\" width=\"875\" height=\"1050\" src=\"https:\/\/starsforeurope.com\/pl\/wp-content\/uploads\/sites\/16\/2023\/07\/2023_poinsettia_02000_Cottagecore_Charm_15.jpg\" class=\"attachment-post-thumbnail size-post-thumbnail wp-post-image\" alt=\"Rozja\u015bnij wn\u0119trze i zadbaj o nastr\u00f3j: poinsecje o\u017cywiaj\u0105 jesienn\u0105 szaro\u015b\u0107\" style=\"width:100%;height:100%;object-fit:cover;\" srcset=\"https:\/\/starsforeurope.com\/pl\/wp-content\/uploads\/sites\/16\/2023\/07\/2023_poinsettia_02000_Cottagecore_Charm_15.jpg 875w, https:\/\/starsforeurope.com\/pl\/wp-content\/uploads\/sites\/16\/2023\/07\/2023_poinsettia_02000_Cottagecore_Charm_15-250x300.jpg 250w, https:\/\/starsforeurope.com\/pl\/wp-content\/uploads\/sites\/16\/2023\/07\/2023_poinsettia_02000_Cottagecore_Charm_15-853x1024.jpg 853w, https:\/\/starsforeurope.com\/pl\/wp-content\/uploads\/sites\/16\/2023\/07\/2023_poinsettia_02000_Cottagecore_Charm_15-768x922.jpg 768w, https:\/\/starsforeurope.com\/pl\/wp-content\/uploads\/sites\/16\/2023\/07\/2023_poinsettia_02000_Cottagecore_Charm_15-563x675.jpg 563w\" sizes=\"auto, (max-width: 875px) 100vw, 875px\" \/><\/a><\/figure>\n\n<h3 class=\"wp-block-post-title\"><a href=\"https:\/\/starsforeurope.com\/pl\/press\/rozjasnij-wnetrze-i-zadbaj-o-nastroj-poinsecje-ozywiaja-jesienna-szarosc\/\" target=\"_self\" >Rozja\u015bnij wn\u0119trze i zadbaj o nastr\u00f3j: poinsecje o\u017cywiaj\u0105 jesienn\u0105 szaro\u015b\u0107<\/a><\/h3>\n\n\n<div class=\"wp-block-group postmetaline is-nowrap is-layout-flex wp-container-core-group-is-layout-6c531013 wp-block-group-is-layout-flex\"><div class=\"wp-block-post-date\"><time datetime=\"2023-09-15T06:06:58+02:00\">15. wrze\u015bnia 2023<\/time><\/div>\n\n<\/div>\n\n\n<div class=\"wp-block-post-excerpt\"><p class=\"wp-block-post-excerpt__excerpt\">Rozja\u015bniaj\u0105 wn\u0119trza i poprawiaj\u0105 nastr\u00f3j. Poinsecje ubarwiaj\u0105 nudne, jesienne dni Teaser long: Dzi\u0119ki ciep\u0142ym odcieniom poinsecja o\u017cywia ka\u017cde wn\u0119trze i tworzy radosn\u0105 atmosfer\u0119 podczas jesiennej szarugi. Odkryj nasze sezonowe dekoracje, kt\u00f3re przegnaj\u0105 jesienn\u0105 chandr\u0119.<\/p><p class=\"wp-block-post-excerpt__more-text\"><a class=\"wp-block-post-excerpt__more-link\" href=\"https:\/\/starsforeurope.com\/pl\/press\/rozjasnij-wnetrze-i-zadbaj-o-nastroj-poinsecje-ozywiaja-jesienna-szarosc\/\">Wi\u0119cej<\/a><\/p><\/div>\n<\/li><\/ul>\n\n<nav class=\"wp-block-query-pagination is-content-justification-center is-layout-flex wp-container-core-query-pagination-is-layout-a89b3969 wp-block-query-pagination-is-layout-flex\" aria-label=\"Stronicowanie\">\n\n\n<div class=\"wp-block-query-pagination-numbers has-medium-font-size\"><span aria-current=\"page\" class=\"page-numbers current\">1<\/span>\n<a class=\"page-numbers\" href=\"?query-0-page=2\">2<\/a><\/div>\n\n<a href=\"\/pl\/wp-json\/wp\/v2\/pages\/8050?query-0-page=2\" class=\"wp-block-query-pagination-next\">\u22b3<\/a>\n<\/nav>\n\n<\/div>\n\n\n\n<div style=\"height:3rem\" aria-hidden=\"true\" class=\"wp-block-spacer\"><\/div>\n<\/main>","protected":false},"excerpt":{"rendered":"<p>Odmie\u0144 sw\u00f3j st\u00f3\u0142 jadalny dzi\u0119ki eleganckim akcentom z poinsecji, kt\u00f3re wprowadz\u0105 \u015bwi\u0105teczne ciep\u0142o i styl do ka\u017cdego posi\u0142ku.<\/p>\n","protected":false},"author":24,"featured_media":4366,"parent":8028,"menu_order":0,"comment_status":"closed","ping_status":"closed","template":"two-column-press","meta":{"_acf_changed":false,"footnotes":""},"class_list":["post-8050","page","type-page","status-publish","has-post-thumbnail","hentry"],"acf":[],"_links":{"self":[{"href":"https:\/\/starsforeurope.com\/pl\/wp-json\/wp\/v2\/pages\/8050","targetHints":{"allow":["GET"]}}],"collection":[{"href":"https:\/\/starsforeurope.com\/pl\/wp-json\/wp\/v2\/pages"}],"about":[{"href":"https:\/\/starsforeurope.com\/pl\/wp-json\/wp\/v2\/types\/page"}],"author":[{"embeddable":true,"href":"https:\/\/starsforeurope.com\/pl\/wp-json\/wp\/v2\/users\/24"}],"replies":[{"embeddable":true,"href":"https:\/\/starsforeurope.com\/pl\/wp-json\/wp\/v2\/comments?post=8050"}],"version-history":[{"count":2,"href":"https:\/\/starsforeurope.com\/pl\/wp-json\/wp\/v2\/pages\/8050\/revisions"}],"predecessor-version":[{"id":8053,"href":"https:\/\/starsforeurope.com\/pl\/wp-json\/wp\/v2\/pages\/8050\/revisions\/8053"}],"up":[{"embeddable":true,"href":"https:\/\/starsforeurope.com\/pl\/wp-json\/wp\/v2\/pages\/8028"}],"wp:featuredmedia":[{"embeddable":true,"href":"https:\/\/starsforeurope.com\/pl\/wp-json\/wp\/v2\/media\/4366"}],"wp:attachment":[{"href":"https:\/\/starsforeurope.com\/pl\/wp-json\/wp\/v2\/media?parent=8050"}],"curies":[{"name":"wp","href":"https:\/\/api.w.org\/{rel}","templated":true}]}}