{"id":8046,"date":"2025-08-05T16:47:45","date_gmt":"2025-08-05T14:47:45","guid":{"rendered":"https:\/\/starsforeurope.com\/pl\/?page_id=8046"},"modified":"2025-08-11T09:00:37","modified_gmt":"2025-08-11T07:00:37","slug":"kwiaty-ciete-pr","status":"publish","type":"page","link":"https:\/\/starsforeurope.com\/pl\/informacje-prasowe\/dekoracja-pr\/kwiaty-ciete-pr\/","title":{"rendered":"Poinsecja jako kwiat ci\u0119ty"},"content":{"rendered":"<main class=\"wp-block-group postimage-half wide-content is-layout-flow wp-block-group-is-layout-flow\" style=\"margin-top:var(--wp--preset--spacing--50)\">\n<div style=\"height:3rem\" aria-hidden=\"true\" class=\"wp-block-spacer\"><\/div>\n\n\n\n<div class=\"wp-block-query is-layout-flow wp-block-query-is-layout-flow\"><ul class=\"columns-2 wp-block-post-template is-layout-grid wp-container-core-post-template-is-layout-37ef2942 wp-block-post-template-is-layout-grid\"><li class=\"wp-block-post post-5022 press type-press status-publish has-post-thumbnail hentry press_cat-dekoracja-stolu press_cat-diy press_main-dekoracja press_main-dekoracje-adwentowe press_main-pressemitteilungen press_main-kwiaty-ciete\">\n<figure style=\"aspect-ratio:1;\" class=\"featuredimage wp-block-post-featured-image\"><a href=\"https:\/\/starsforeurope.com\/pl\/press\/boze-narodzenie-w-luksusie-swiateczne-dekoracje-ze-zlota-i-poinsecji\/\" target=\"_self\"  ><img loading=\"lazy\" decoding=\"async\" width=\"875\" height=\"1050\" src=\"https:\/\/starsforeurope.com\/pl\/wp-content\/uploads\/sites\/16\/2024\/07\/2024_Poinsettia_01000_Golden_Elegance_01.jpg\" class=\"attachment-post-thumbnail size-post-thumbnail wp-post-image\" alt=\"Bo\u017ce Narodzenie w luksusie. \u015awi\u0105teczne dekoracje ze z\u0142ota i poinsecji\" style=\"width:100%;height:100%;object-fit:cover;\" srcset=\"https:\/\/starsforeurope.com\/pl\/wp-content\/uploads\/sites\/16\/2024\/07\/2024_Poinsettia_01000_Golden_Elegance_01.jpg 875w, https:\/\/starsforeurope.com\/pl\/wp-content\/uploads\/sites\/16\/2024\/07\/2024_Poinsettia_01000_Golden_Elegance_01-250x300.jpg 250w, https:\/\/starsforeurope.com\/pl\/wp-content\/uploads\/sites\/16\/2024\/07\/2024_Poinsettia_01000_Golden_Elegance_01-853x1024.jpg 853w, https:\/\/starsforeurope.com\/pl\/wp-content\/uploads\/sites\/16\/2024\/07\/2024_Poinsettia_01000_Golden_Elegance_01-768x922.jpg 768w, https:\/\/starsforeurope.com\/pl\/wp-content\/uploads\/sites\/16\/2024\/07\/2024_Poinsettia_01000_Golden_Elegance_01-563x675.jpg 563w\" sizes=\"auto, (max-width: 875px) 100vw, 875px\" \/><\/a><\/figure>\n\n<h3 class=\"wp-block-post-title\"><a href=\"https:\/\/starsforeurope.com\/pl\/press\/boze-narodzenie-w-luksusie-swiateczne-dekoracje-ze-zlota-i-poinsecji\/\" target=\"_self\" >Bo\u017ce Narodzenie w luksusie. \u015awi\u0105teczne dekoracje ze z\u0142ota i poinsecji<\/a><\/h3>\n\n\n<div class=\"wp-block-group postmetaline is-nowrap is-layout-flex wp-container-core-group-is-layout-6c531013 wp-block-group-is-layout-flex\"><div class=\"wp-block-post-date\"><time datetime=\"2024-11-05T09:25:02+01:00\">05. listopada 2024<\/time><\/div>\n\n<\/div>\n\n\n<div class=\"wp-block-post-excerpt\"><p class=\"wp-block-post-excerpt__excerpt\">Masz ochot\u0119 na luksusow\u0105 \u015bwi\u0105teczn\u0105 dekoracj\u0119? Po\u0142\u0105cz z\u0142ote meble i akcesoria z bia\u0142ymi lub morelowymi poinsecjami<\/p><p class=\"wp-block-post-excerpt__more-text\"><a class=\"wp-block-post-excerpt__more-link\" href=\"https:\/\/starsforeurope.com\/pl\/press\/boze-narodzenie-w-luksusie-swiateczne-dekoracje-ze-zlota-i-poinsecji\/\">Wi\u0119cej<\/a><\/p><\/div>\n<\/li><li class=\"wp-block-post post-7450 press type-press status-publish has-post-thumbnail hentry press_cat-dekoracja-adwentowa press_cat-dekoracja-stolu press_cat-diy press_cat-wskazowki-dotyczace-dekoracji press_cat-zimowe-dekoracje press_main-dekoracja press_main-dekoracje-stolu press_main-pressemitteilungen press_main-kwiaty-ciete\">\n<figure style=\"aspect-ratio:1;\" class=\"featuredimage wp-block-post-featured-image\"><a href=\"https:\/\/starsforeurope.com\/pl\/press\/robi-sie-swiatecznie-wskazowki-i-pomysly-dotyczace-dekoracji-stolow-z-poinsecja\/\" target=\"_self\"  ><img loading=\"lazy\" decoding=\"async\" width=\"875\" height=\"1050\" src=\"https:\/\/starsforeurope.com\/pl\/wp-content\/uploads\/sites\/16\/2023\/07\/2023_poinsettia_01000_Jewels_of_Nature_07.jpg\" class=\"attachment-post-thumbnail size-post-thumbnail wp-post-image\" alt=\"Robi si\u0119 \u015bwi\u0105tecznie! Wskaz\u00f3wki i pomys\u0142y dotycz\u0105ce dekoracji sto\u0142\u00f3w z poinsecj\u0105\" style=\"width:100%;height:100%;object-fit:cover;\" srcset=\"https:\/\/starsforeurope.com\/pl\/wp-content\/uploads\/sites\/16\/2023\/07\/2023_poinsettia_01000_Jewels_of_Nature_07.jpg 875w, https:\/\/starsforeurope.com\/pl\/wp-content\/uploads\/sites\/16\/2023\/07\/2023_poinsettia_01000_Jewels_of_Nature_07-250x300.jpg 250w, https:\/\/starsforeurope.com\/pl\/wp-content\/uploads\/sites\/16\/2023\/07\/2023_poinsettia_01000_Jewels_of_Nature_07-853x1024.jpg 853w, https:\/\/starsforeurope.com\/pl\/wp-content\/uploads\/sites\/16\/2023\/07\/2023_poinsettia_01000_Jewels_of_Nature_07-768x922.jpg 768w, https:\/\/starsforeurope.com\/pl\/wp-content\/uploads\/sites\/16\/2023\/07\/2023_poinsettia_01000_Jewels_of_Nature_07-563x675.jpg 563w\" sizes=\"auto, (max-width: 875px) 100vw, 875px\" \/><\/a><\/figure>\n\n<h3 class=\"wp-block-post-title\"><a href=\"https:\/\/starsforeurope.com\/pl\/press\/robi-sie-swiatecznie-wskazowki-i-pomysly-dotyczace-dekoracji-stolow-z-poinsecja\/\" target=\"_self\" >Robi si\u0119 \u015bwi\u0105tecznie! Wskaz\u00f3wki i pomys\u0142y dotycz\u0105ce dekoracji sto\u0142\u00f3w z poinsecj\u0105<\/a><\/h3>\n\n\n<div class=\"wp-block-group postmetaline is-nowrap is-layout-flex wp-container-core-group-is-layout-6c531013 wp-block-group-is-layout-flex\"><div class=\"wp-block-post-date\"><time datetime=\"2023-11-10T06:55:46+01:00\">10. listopada 2023<\/time><\/div>\n\n<\/div>\n\n\n<div class=\"wp-block-post-excerpt\"><p class=\"wp-block-post-excerpt__excerpt\">\u015awi\u0105teczny nastr\u00f3j! Wskaz\u00f3wki i pomys\u0142y na dekoracje sto\u0142u z poinsecj\u0105 Teaser long: Pi\u0119kne przylistki poinsecji czyni\u0105 z niej idealn\u0105 dekoracj\u0119 sto\u0142u. Odkryj nasze nowe porady i pomys\u0142y na dekoracje sto\u0142u z wykorzystaniem tych wszechstronnych ro\u015blin.<\/p><p class=\"wp-block-post-excerpt__more-text\"><a class=\"wp-block-post-excerpt__more-link\" href=\"https:\/\/starsforeurope.com\/pl\/press\/robi-sie-swiatecznie-wskazowki-i-pomysly-dotyczace-dekoracji-stolow-z-poinsecja\/\">Wi\u0119cej<\/a><\/p><\/div>\n<\/li><li class=\"wp-block-post post-4993 press type-press status-publish has-post-thumbnail hentry press_cat-diy press_cat-wskazowki-dotyczace-dekoracji press_main-dekoracja press_main-diy-upcykling press_main-pressemitteilungen press_main-kwiaty-ciete\">\n<figure style=\"aspect-ratio:1;\" class=\"featuredimage wp-block-post-featured-image\"><a href=\"https:\/\/starsforeurope.com\/pl\/press\/swieta-w-pastelach-kolorowe-pomysly-na-dekoracje-z-poinsecjami\/\" target=\"_self\"  ><img loading=\"lazy\" decoding=\"async\" width=\"875\" height=\"1050\" src=\"https:\/\/starsforeurope.com\/pl\/wp-content\/uploads\/sites\/16\/2022\/09\/2021-poinsettia-06000-candy-colour-christmas-06.jpg\" class=\"attachment-post-thumbnail size-post-thumbnail wp-post-image\" alt=\"\u015awi\u0119ta w pastelach. Kolorowe pomys\u0142y na dekoracje z poinsecjami\" style=\"width:100%;height:100%;object-fit:cover;\" srcset=\"https:\/\/starsforeurope.com\/pl\/wp-content\/uploads\/sites\/16\/2022\/09\/2021-poinsettia-06000-candy-colour-christmas-06.jpg 875w, https:\/\/starsforeurope.com\/pl\/wp-content\/uploads\/sites\/16\/2022\/09\/2021-poinsettia-06000-candy-colour-christmas-06-250x300.jpg 250w, https:\/\/starsforeurope.com\/pl\/wp-content\/uploads\/sites\/16\/2022\/09\/2021-poinsettia-06000-candy-colour-christmas-06-853x1024.jpg 853w, https:\/\/starsforeurope.com\/pl\/wp-content\/uploads\/sites\/16\/2022\/09\/2021-poinsettia-06000-candy-colour-christmas-06-768x922.jpg 768w, https:\/\/starsforeurope.com\/pl\/wp-content\/uploads\/sites\/16\/2022\/09\/2021-poinsettia-06000-candy-colour-christmas-06-563x675.jpg 563w\" sizes=\"auto, (max-width: 875px) 100vw, 875px\" \/><\/a><\/figure>\n\n<h3 class=\"wp-block-post-title\"><a href=\"https:\/\/starsforeurope.com\/pl\/press\/swieta-w-pastelach-kolorowe-pomysly-na-dekoracje-z-poinsecjami\/\" target=\"_self\" >\u015awi\u0119ta w pastelach. Kolorowe pomys\u0142y na dekoracje z poinsecjami<\/a><\/h3>\n\n\n<div class=\"wp-block-group postmetaline is-nowrap is-layout-flex wp-container-core-group-is-layout-6c531013 wp-block-group-is-layout-flex\"><div class=\"wp-block-post-date\"><time datetime=\"2021-09-13T12:10:37+02:00\">13. wrze\u015bnia 2021<\/time><\/div>\n\n<\/div>\n\n\n<div class=\"wp-block-post-excerpt\"><p class=\"wp-block-post-excerpt__excerpt\">Delikatne pastele s\u0105 obecnie wsz\u0119dzie. Przedstawiamy pomys\u0142y na \u015bwi\u0105teczne sto\u0142y, wie\u0144ce adwentowe i aran\u017cacje kwiatowe, gdzie poinsecja i pastelowe odcienie tworz\u0105 nowoczesn\u0105, relaksuj\u0105c\u0105 atmosfer\u0119.<\/p><p class=\"wp-block-post-excerpt__more-text\"><a class=\"wp-block-post-excerpt__more-link\" href=\"https:\/\/starsforeurope.com\/pl\/press\/swieta-w-pastelach-kolorowe-pomysly-na-dekoracje-z-poinsecjami\/\">Wi\u0119cej<\/a><\/p><\/div>\n<\/li><li class=\"wp-block-post post-5699 press type-press status-publish has-post-thumbnail hentry press_cat-dekoracja-adwentowa press_cat-diy press_main-dekoracja press_main-dekoracje-adwentowe press_main-pressemitteilungen press_main-kwiaty-ciete\">\n<figure style=\"aspect-ratio:1;\" class=\"featuredimage wp-block-post-featured-image\"><a href=\"https:\/\/starsforeurope.com\/pl\/press\/pomysly-na-wience-adwentowe-gwiazdy-betlejemskie-i-blask-swiec\/\" target=\"_self\"  ><img loading=\"lazy\" decoding=\"async\" width=\"875\" height=\"1050\" src=\"https:\/\/starsforeurope.com\/pl\/wp-content\/uploads\/sites\/16\/2022\/09\/2018_poinsettia_0120_Green_Living_Christmas_Nostalgy__0.jpg\" class=\"attachment-post-thumbnail size-post-thumbnail wp-post-image\" alt=\"Pomys\u0142y na wie\u0144ce adwentowe: gwiazdy betlejemskie i blask \u015bwiec\" style=\"width:100%;height:100%;object-fit:cover;\" srcset=\"https:\/\/starsforeurope.com\/pl\/wp-content\/uploads\/sites\/16\/2022\/09\/2018_poinsettia_0120_Green_Living_Christmas_Nostalgy__0.jpg 875w, https:\/\/starsforeurope.com\/pl\/wp-content\/uploads\/sites\/16\/2022\/09\/2018_poinsettia_0120_Green_Living_Christmas_Nostalgy__0-250x300.jpg 250w, https:\/\/starsforeurope.com\/pl\/wp-content\/uploads\/sites\/16\/2022\/09\/2018_poinsettia_0120_Green_Living_Christmas_Nostalgy__0-853x1024.jpg 853w, https:\/\/starsforeurope.com\/pl\/wp-content\/uploads\/sites\/16\/2022\/09\/2018_poinsettia_0120_Green_Living_Christmas_Nostalgy__0-768x922.jpg 768w, https:\/\/starsforeurope.com\/pl\/wp-content\/uploads\/sites\/16\/2022\/09\/2018_poinsettia_0120_Green_Living_Christmas_Nostalgy__0-563x675.jpg 563w\" sizes=\"auto, (max-width: 875px) 100vw, 875px\" \/><\/a><\/figure>\n\n<h3 class=\"wp-block-post-title\"><a href=\"https:\/\/starsforeurope.com\/pl\/press\/pomysly-na-wience-adwentowe-gwiazdy-betlejemskie-i-blask-swiec\/\" target=\"_self\" >Pomys\u0142y na wie\u0144ce adwentowe: gwiazdy betlejemskie i blask \u015bwiec<\/a><\/h3>\n\n\n<div class=\"wp-block-group postmetaline is-nowrap is-layout-flex wp-container-core-group-is-layout-6c531013 wp-block-group-is-layout-flex\"><div class=\"wp-block-post-date\"><time datetime=\"2019-11-18T15:02:01+01:00\">18. listopada 2019<\/time><\/div>\n\n<\/div>\n\n\n<div class=\"wp-block-post-excerpt\"><p class=\"wp-block-post-excerpt__excerpt\">D&#8217;une beaut\u00e9 c\u00e9leste, nous vous pr\u00e9sentons de nouvelles id\u00e9es de couronnes de l&#8217;Avent avec des poinsettias qui vous invitent \u00e0 les essayer.<\/p><p class=\"wp-block-post-excerpt__more-text\"><a class=\"wp-block-post-excerpt__more-link\" href=\"https:\/\/starsforeurope.com\/pl\/press\/pomysly-na-wience-adwentowe-gwiazdy-betlejemskie-i-blask-swiec\/\">Wi\u0119cej<\/a><\/p><\/div>\n<\/li><\/ul>\n\n<nav class=\"wp-block-query-pagination is-content-justification-center is-layout-flex wp-container-core-query-pagination-is-layout-a89b3969 wp-block-query-pagination-is-layout-flex\" aria-label=\"Stronicowanie\">\n\n\n<div class=\"wp-block-query-pagination-numbers has-medium-font-size\"><span aria-current=\"page\" class=\"page-numbers current\">1<\/span>\n<a class=\"page-numbers\" href=\"?query-0-page=2\">2<\/a><\/div>\n\n<a href=\"\/pl\/wp-json\/wp\/v2\/pages\/8046?query-0-page=2\" class=\"wp-block-query-pagination-next\">\u22b3<\/a>\n<\/nav>\n\n<\/div>\n\n\n\n<div style=\"height:3rem\" aria-hidden=\"true\" class=\"wp-block-spacer\"><\/div>\n<\/main>","protected":false},"excerpt":{"rendered":"<p>Eleganckie i trwa\u0142e, ci\u0119te poinsecje dodaj\u0105 \u015bwi\u0105tecznego charakteru ka\u017cdemu bukietowi lub aran\u017cacji. Odkryj wskaz\u00f3wki dotycz\u0105ce stylizacji i piel\u0119gnacji.<\/p>\n","protected":false},"author":24,"featured_media":4366,"parent":8028,"menu_order":0,"comment_status":"closed","ping_status":"closed","template":"two-column-press","meta":{"_acf_changed":false,"footnotes":""},"class_list":["post-8046","page","type-page","status-publish","has-post-thumbnail","hentry"],"acf":[],"_links":{"self":[{"href":"https:\/\/starsforeurope.com\/pl\/wp-json\/wp\/v2\/pages\/8046","targetHints":{"allow":["GET"]}}],"collection":[{"href":"https:\/\/starsforeurope.com\/pl\/wp-json\/wp\/v2\/pages"}],"about":[{"href":"https:\/\/starsforeurope.com\/pl\/wp-json\/wp\/v2\/types\/page"}],"author":[{"embeddable":true,"href":"https:\/\/starsforeurope.com\/pl\/wp-json\/wp\/v2\/users\/24"}],"replies":[{"embeddable":true,"href":"https:\/\/starsforeurope.com\/pl\/wp-json\/wp\/v2\/comments?post=8046"}],"version-history":[{"count":1,"href":"https:\/\/starsforeurope.com\/pl\/wp-json\/wp\/v2\/pages\/8046\/revisions"}],"predecessor-version":[{"id":8047,"href":"https:\/\/starsforeurope.com\/pl\/wp-json\/wp\/v2\/pages\/8046\/revisions\/8047"}],"up":[{"embeddable":true,"href":"https:\/\/starsforeurope.com\/pl\/wp-json\/wp\/v2\/pages\/8028"}],"wp:featuredmedia":[{"embeddable":true,"href":"https:\/\/starsforeurope.com\/pl\/wp-json\/wp\/v2\/media\/4366"}],"wp:attachment":[{"href":"https:\/\/starsforeurope.com\/pl\/wp-json\/wp\/v2\/media?parent=8046"}],"curies":[{"name":"wp","href":"https:\/\/api.w.org\/{rel}","templated":true}]}}