{"id":8042,"date":"2025-08-05T16:43:21","date_gmt":"2025-08-05T14:43:21","guid":{"rendered":"https:\/\/starsforeurope.com\/pl\/?page_id=8042"},"modified":"2025-08-11T09:00:37","modified_gmt":"2025-08-11T07:00:37","slug":"dekoracje-jesienne-green-living-pr","status":"publish","type":"page","link":"https:\/\/starsforeurope.com\/pl\/informacje-prasowe\/dekoracja-pr\/dekoracje-jesienne-green-living-pr\/","title":{"rendered":"Poinsecja w jesiennym wystroju"},"content":{"rendered":"<main class=\"wp-block-group postimage-half wide-content is-layout-flow wp-block-group-is-layout-flow\" style=\"margin-top:var(--wp--preset--spacing--50)\">\n<div style=\"height:3rem\" aria-hidden=\"true\" class=\"wp-block-spacer\"><\/div>\n\n\n\n<div class=\"wp-block-query is-layout-flow wp-block-query-is-layout-flow\"><ul class=\"columns-2 wp-block-post-template is-layout-grid wp-container-core-post-template-is-layout-37ef2942 wp-block-post-template-is-layout-grid\"><li class=\"wp-block-post post-7446 press type-press status-publish has-post-thumbnail hentry press_cat-dekoracja-stolu press_cat-jesienne-dekoracje-i-rosliny press_cat-kwiat-ciety press_main-dekoracja press_main-dekoracje-jesienne-green-living press_main-dekoracje-stolu press_main-pressemitteilungen\">\n<figure style=\"aspect-ratio:1;\" class=\"featuredimage wp-block-post-featured-image\"><a href=\"https:\/\/starsforeurope.com\/pl\/press\/rozjasnij-wnetrze-i-zadbaj-o-nastroj-poinsecje-ozywiaja-jesienna-szarosc\/\" target=\"_self\"  ><img loading=\"lazy\" decoding=\"async\" width=\"875\" height=\"1050\" src=\"https:\/\/starsforeurope.com\/pl\/wp-content\/uploads\/sites\/16\/2023\/07\/2023_poinsettia_02000_Cottagecore_Charm_15.jpg\" class=\"attachment-post-thumbnail size-post-thumbnail wp-post-image\" alt=\"Rozja\u015bnij wn\u0119trze i zadbaj o nastr\u00f3j: poinsecje o\u017cywiaj\u0105 jesienn\u0105 szaro\u015b\u0107\" style=\"width:100%;height:100%;object-fit:cover;\" srcset=\"https:\/\/starsforeurope.com\/pl\/wp-content\/uploads\/sites\/16\/2023\/07\/2023_poinsettia_02000_Cottagecore_Charm_15.jpg 875w, https:\/\/starsforeurope.com\/pl\/wp-content\/uploads\/sites\/16\/2023\/07\/2023_poinsettia_02000_Cottagecore_Charm_15-250x300.jpg 250w, https:\/\/starsforeurope.com\/pl\/wp-content\/uploads\/sites\/16\/2023\/07\/2023_poinsettia_02000_Cottagecore_Charm_15-853x1024.jpg 853w, https:\/\/starsforeurope.com\/pl\/wp-content\/uploads\/sites\/16\/2023\/07\/2023_poinsettia_02000_Cottagecore_Charm_15-768x922.jpg 768w, https:\/\/starsforeurope.com\/pl\/wp-content\/uploads\/sites\/16\/2023\/07\/2023_poinsettia_02000_Cottagecore_Charm_15-563x675.jpg 563w\" sizes=\"auto, (max-width: 875px) 100vw, 875px\" \/><\/a><\/figure>\n\n<h3 class=\"wp-block-post-title\"><a href=\"https:\/\/starsforeurope.com\/pl\/press\/rozjasnij-wnetrze-i-zadbaj-o-nastroj-poinsecje-ozywiaja-jesienna-szarosc\/\" target=\"_self\" >Rozja\u015bnij wn\u0119trze i zadbaj o nastr\u00f3j: poinsecje o\u017cywiaj\u0105 jesienn\u0105 szaro\u015b\u0107<\/a><\/h3>\n\n\n<div class=\"wp-block-group postmetaline is-nowrap is-layout-flex wp-container-core-group-is-layout-6c531013 wp-block-group-is-layout-flex\"><div class=\"wp-block-post-date\"><time datetime=\"2023-09-15T06:06:58+02:00\">15. wrze\u015bnia 2023<\/time><\/div>\n\n<\/div>\n\n\n<div class=\"wp-block-post-excerpt\"><p class=\"wp-block-post-excerpt__excerpt\">Rozja\u015bniaj\u0105 wn\u0119trza i poprawiaj\u0105 nastr\u00f3j. Poinsecje ubarwiaj\u0105 nudne, jesienne dni Teaser long: Dzi\u0119ki ciep\u0142ym odcieniom poinsecja o\u017cywia ka\u017cde wn\u0119trze i tworzy radosn\u0105 atmosfer\u0119 podczas jesiennej szarugi. Odkryj nasze sezonowe dekoracje, kt\u00f3re przegnaj\u0105 jesienn\u0105 chandr\u0119.<\/p><p class=\"wp-block-post-excerpt__more-text\"><a class=\"wp-block-post-excerpt__more-link\" href=\"https:\/\/starsforeurope.com\/pl\/press\/rozjasnij-wnetrze-i-zadbaj-o-nastroj-poinsecje-ozywiaja-jesienna-szarosc\/\">Wi\u0119cej<\/a><\/p><\/div>\n<\/li><li class=\"wp-block-post post-4999 press type-press status-publish has-post-thumbnail hentry press_cat-jesienne-dekoracje-i-rosliny press_main-dekoracja press_main-dekoracje-jesienne-green-living press_main-pressemitteilungen press_main-roznorodnosc press_main-wiedza\">\n<figure style=\"aspect-ratio:1;\" class=\"featuredimage wp-block-post-featured-image\"><a href=\"https:\/\/starsforeurope.com\/pl\/press\/uzyj-kolorow-aby-pokonac-jesienna-chandre-poinsecje-sa-dekoracyjne-i-poprawiaja-nastroj\/\" target=\"_self\"  ><img loading=\"lazy\" decoding=\"async\" width=\"875\" height=\"1050\" src=\"https:\/\/starsforeurope.com\/pl\/wp-content\/uploads\/sites\/16\/2022\/08\/2021-poinsettia-01000-boho-green-living-02.jpg\" class=\"attachment-post-thumbnail size-post-thumbnail wp-post-image\" alt=\"U\u017cyj kolor\u00f3w, aby pokona\u0107 jesienn\u0105 chandr\u0119. Poinsecje s\u0105 dekoracyjne i poprawiaj\u0105 nastr\u00f3j\" style=\"width:100%;height:100%;object-fit:cover;\" srcset=\"https:\/\/starsforeurope.com\/pl\/wp-content\/uploads\/sites\/16\/2022\/08\/2021-poinsettia-01000-boho-green-living-02.jpg 875w, https:\/\/starsforeurope.com\/pl\/wp-content\/uploads\/sites\/16\/2022\/08\/2021-poinsettia-01000-boho-green-living-02-250x300.jpg 250w, https:\/\/starsforeurope.com\/pl\/wp-content\/uploads\/sites\/16\/2022\/08\/2021-poinsettia-01000-boho-green-living-02-853x1024.jpg 853w, https:\/\/starsforeurope.com\/pl\/wp-content\/uploads\/sites\/16\/2022\/08\/2021-poinsettia-01000-boho-green-living-02-768x922.jpg 768w, https:\/\/starsforeurope.com\/pl\/wp-content\/uploads\/sites\/16\/2022\/08\/2021-poinsettia-01000-boho-green-living-02-563x675.jpg 563w\" sizes=\"auto, (max-width: 875px) 100vw, 875px\" \/><\/a><\/figure>\n\n<h3 class=\"wp-block-post-title\"><a href=\"https:\/\/starsforeurope.com\/pl\/press\/uzyj-kolorow-aby-pokonac-jesienna-chandre-poinsecje-sa-dekoracyjne-i-poprawiaja-nastroj\/\" target=\"_self\" >U\u017cyj kolor\u00f3w, aby pokona\u0107 jesienn\u0105 chandr\u0119. Poinsecje s\u0105 dekoracyjne i poprawiaj\u0105 nastr\u00f3j<\/a><\/h3>\n\n\n<div class=\"wp-block-group postmetaline is-nowrap is-layout-flex wp-container-core-group-is-layout-6c531013 wp-block-group-is-layout-flex\"><div class=\"wp-block-post-date\"><time datetime=\"2021-09-18T12:46:39+02:00\">18. wrze\u015bnia 2021<\/time><\/div>\n\n<\/div>\n\n\n<div class=\"wp-block-post-excerpt\"><p class=\"wp-block-post-excerpt__excerpt\">Dzi\u0119ki kolorowym przylistkom poinsecja zmienia pomieszczenia w raje szcz\u0119\u015bcia. Dok\u0142adne efekty r\u00f3\u017cni\u0105 si\u0119 w zale\u017cno\u015bci od odcienia. My przygl\u0105damy si\u0119 efektom r\u00f3\u017cnych kolor\u00f3w.<\/p><p class=\"wp-block-post-excerpt__more-text\"><a class=\"wp-block-post-excerpt__more-link\" href=\"https:\/\/starsforeurope.com\/pl\/press\/uzyj-kolorow-aby-pokonac-jesienna-chandre-poinsecje-sa-dekoracyjne-i-poprawiaja-nastroj\/\">Wi\u0119cej<\/a><\/p><\/div>\n<\/li><li class=\"wp-block-post post-5608 press type-press status-publish has-post-thumbnail hentry press_cat-jesienne-dekoracje-i-rosliny press_main-dekoracja press_main-dekoracje-jesienne-green-living press_main-pressemitteilungen\">\n<figure style=\"aspect-ratio:1;\" class=\"featuredimage wp-block-post-featured-image\"><a href=\"https:\/\/starsforeurope.com\/pl\/press\/nie-tylko-na-boze-narodzenie-jak-stworzyc-kolorowy-roslinny-raj-pelen-poinsecji\/\" target=\"_self\"  ><img loading=\"lazy\" decoding=\"async\" width=\"875\" height=\"1050\" src=\"https:\/\/starsforeurope.com\/pl\/wp-content\/uploads\/sites\/16\/2022\/09\/2020_poinsettia_02000_Natural_Christmas_Warmth_08.jpg\" class=\"attachment-post-thumbnail size-post-thumbnail wp-post-image\" alt=\"Nie tylko na Bo\u017ce Narodzenie. Jak stworzy\u0107 kolorowy, ro\u015blinny raj pe\u0142en poinsecji\" style=\"width:100%;height:100%;object-fit:cover;\" srcset=\"https:\/\/starsforeurope.com\/pl\/wp-content\/uploads\/sites\/16\/2022\/09\/2020_poinsettia_02000_Natural_Christmas_Warmth_08.jpg 875w, https:\/\/starsforeurope.com\/pl\/wp-content\/uploads\/sites\/16\/2022\/09\/2020_poinsettia_02000_Natural_Christmas_Warmth_08-250x300.jpg 250w, https:\/\/starsforeurope.com\/pl\/wp-content\/uploads\/sites\/16\/2022\/09\/2020_poinsettia_02000_Natural_Christmas_Warmth_08-853x1024.jpg 853w, https:\/\/starsforeurope.com\/pl\/wp-content\/uploads\/sites\/16\/2022\/09\/2020_poinsettia_02000_Natural_Christmas_Warmth_08-768x922.jpg 768w, https:\/\/starsforeurope.com\/pl\/wp-content\/uploads\/sites\/16\/2022\/09\/2020_poinsettia_02000_Natural_Christmas_Warmth_08-563x675.jpg 563w\" sizes=\"auto, (max-width: 875px) 100vw, 875px\" \/><\/a><\/figure>\n\n<h3 class=\"wp-block-post-title\"><a href=\"https:\/\/starsforeurope.com\/pl\/press\/nie-tylko-na-boze-narodzenie-jak-stworzyc-kolorowy-roslinny-raj-pelen-poinsecji\/\" target=\"_self\" >Nie tylko na Bo\u017ce Narodzenie. Jak stworzy\u0107 kolorowy, ro\u015blinny raj pe\u0142en poinsecji<\/a><\/h3>\n\n\n<div class=\"wp-block-group postmetaline is-nowrap is-layout-flex wp-container-core-group-is-layout-6c531013 wp-block-group-is-layout-flex\"><div class=\"wp-block-post-date\"><time datetime=\"2020-10-21T09:26:46+02:00\">21. pa\u017adziernika 2020<\/time><\/div>\n\n<\/div>\n\n\n<div class=\"wp-block-post-excerpt\"><p class=\"wp-block-post-excerpt__excerpt\">Poinsecje to tak\u017ce uniwersalne ro\u015bliny domowe niezale\u017cne od \u015bwi\u0105t. Przedstawiamy kolorowe dekoracje pomieszcze\u0144 z poinsecj\u0105 i innymi ro\u015blinami.<\/p><p class=\"wp-block-post-excerpt__more-text\"><a class=\"wp-block-post-excerpt__more-link\" href=\"https:\/\/starsforeurope.com\/pl\/press\/nie-tylko-na-boze-narodzenie-jak-stworzyc-kolorowy-roslinny-raj-pelen-poinsecji\/\">Wi\u0119cej<\/a><\/p><\/div>\n<\/li><li class=\"wp-block-post post-4888 press type-press status-publish has-post-thumbnail hentry press_cat-odmiany press_main-dekoracja press_main-dekoracje-jesienne-green-living press_main-dekoracje-stolu press_main-pressemitteilungen\">\n<figure style=\"aspect-ratio:1;\" class=\"featuredimage wp-block-post-featured-image\"><a href=\"https:\/\/starsforeurope.com\/pl\/press\/kolorowe-kompozycje-kwiatowe-na-stol-swiateczny\/\" target=\"_self\"  ><img loading=\"lazy\" decoding=\"async\" width=\"875\" height=\"1050\" src=\"https:\/\/starsforeurope.com\/pl\/wp-content\/uploads\/sites\/16\/2022\/09\/2019_poinsettia_02000_christmas_wonderland_41.jpg\" class=\"attachment-post-thumbnail size-post-thumbnail wp-post-image\" alt=\"Kolorowe kompozycje kwiatowe na st\u00f3\u0142 \u015bwi\u0105teczny\" style=\"width:100%;height:100%;object-fit:cover;\" srcset=\"https:\/\/starsforeurope.com\/pl\/wp-content\/uploads\/sites\/16\/2022\/09\/2019_poinsettia_02000_christmas_wonderland_41.jpg 875w, https:\/\/starsforeurope.com\/pl\/wp-content\/uploads\/sites\/16\/2022\/09\/2019_poinsettia_02000_christmas_wonderland_41-250x300.jpg 250w, https:\/\/starsforeurope.com\/pl\/wp-content\/uploads\/sites\/16\/2022\/09\/2019_poinsettia_02000_christmas_wonderland_41-853x1024.jpg 853w, https:\/\/starsforeurope.com\/pl\/wp-content\/uploads\/sites\/16\/2022\/09\/2019_poinsettia_02000_christmas_wonderland_41-768x922.jpg 768w, https:\/\/starsforeurope.com\/pl\/wp-content\/uploads\/sites\/16\/2022\/09\/2019_poinsettia_02000_christmas_wonderland_41-563x675.jpg 563w\" sizes=\"auto, (max-width: 875px) 100vw, 875px\" \/><\/a><\/figure>\n\n<h3 class=\"wp-block-post-title\"><a href=\"https:\/\/starsforeurope.com\/pl\/press\/kolorowe-kompozycje-kwiatowe-na-stol-swiateczny\/\" target=\"_self\" >Kolorowe kompozycje kwiatowe na st\u00f3\u0142 \u015bwi\u0105teczny<\/a><\/h3>\n\n\n<div class=\"wp-block-group postmetaline is-nowrap is-layout-flex wp-container-core-group-is-layout-6c531013 wp-block-group-is-layout-flex\"><div class=\"wp-block-post-date\"><time datetime=\"2020-09-21T11:59:32+02:00\">21. wrze\u015bnia 2020<\/time><\/div>\n\n<\/div>\n\n\n<div class=\"wp-block-post-excerpt\"><p class=\"wp-block-post-excerpt__excerpt\">Dekoracje na st\u00f3\u0142 z wykorzystaniem poinsecji w zgodzie z trendem green living.<\/p><p class=\"wp-block-post-excerpt__more-text\"><a class=\"wp-block-post-excerpt__more-link\" href=\"https:\/\/starsforeurope.com\/pl\/press\/kolorowe-kompozycje-kwiatowe-na-stol-swiateczny\/\">Wi\u0119cej<\/a><\/p><\/div>\n<\/li><\/ul>\n\n<nav class=\"wp-block-query-pagination is-content-justification-center is-layout-flex wp-container-core-query-pagination-is-layout-a89b3969 wp-block-query-pagination-is-layout-flex\" aria-label=\"Stronicowanie\">\n\n\n<div class=\"wp-block-query-pagination-numbers has-medium-font-size\"><span aria-current=\"page\" class=\"page-numbers current\">1<\/span>\n<a class=\"page-numbers\" href=\"?query-0-page=2\">2<\/a><\/div>\n\n<a href=\"\/pl\/wp-json\/wp\/v2\/pages\/8042?query-0-page=2\" class=\"wp-block-query-pagination-next\">\u22b3<\/a>\n<\/nav>\n\n<\/div>\n\n\n\n<div style=\"height:3rem\" aria-hidden=\"true\" class=\"wp-block-spacer\"><\/div>\n<\/main>","protected":false},"excerpt":{"rendered":"<p>Odwa\u017cne, ciep\u0142e i nieoczekiwane &#8211; odkryj, jak poinsecja wnosi sezonow\u0105 atmosfer\u0119 do jesiennych trend\u00f3w dekoracyjnych dzi\u0119ki bogatym kolorom i kreatywnym aran\u017cacjom.<\/p>\n","protected":false},"author":24,"featured_media":4366,"parent":8028,"menu_order":0,"comment_status":"closed","ping_status":"closed","template":"two-column-press","meta":{"_acf_changed":false,"footnotes":""},"class_list":["post-8042","page","type-page","status-publish","has-post-thumbnail","hentry"],"acf":[],"_links":{"self":[{"href":"https:\/\/starsforeurope.com\/pl\/wp-json\/wp\/v2\/pages\/8042","targetHints":{"allow":["GET"]}}],"collection":[{"href":"https:\/\/starsforeurope.com\/pl\/wp-json\/wp\/v2\/pages"}],"about":[{"href":"https:\/\/starsforeurope.com\/pl\/wp-json\/wp\/v2\/types\/page"}],"author":[{"embeddable":true,"href":"https:\/\/starsforeurope.com\/pl\/wp-json\/wp\/v2\/users\/24"}],"replies":[{"embeddable":true,"href":"https:\/\/starsforeurope.com\/pl\/wp-json\/wp\/v2\/comments?post=8042"}],"version-history":[{"count":1,"href":"https:\/\/starsforeurope.com\/pl\/wp-json\/wp\/v2\/pages\/8042\/revisions"}],"predecessor-version":[{"id":8043,"href":"https:\/\/starsforeurope.com\/pl\/wp-json\/wp\/v2\/pages\/8042\/revisions\/8043"}],"up":[{"embeddable":true,"href":"https:\/\/starsforeurope.com\/pl\/wp-json\/wp\/v2\/pages\/8028"}],"wp:featuredmedia":[{"embeddable":true,"href":"https:\/\/starsforeurope.com\/pl\/wp-json\/wp\/v2\/media\/4366"}],"wp:attachment":[{"href":"https:\/\/starsforeurope.com\/pl\/wp-json\/wp\/v2\/media?parent=8042"}],"curies":[{"name":"wp","href":"https:\/\/api.w.org\/{rel}","templated":true}]}}