{"id":8040,"date":"2025-08-05T16:39:55","date_gmt":"2025-08-05T14:39:55","guid":{"rendered":"https:\/\/starsforeurope.com\/pl\/?page_id=8040"},"modified":"2025-08-11T09:00:37","modified_gmt":"2025-08-11T07:00:37","slug":"dekoracje-adwentowe-pr","status":"publish","type":"page","link":"https:\/\/starsforeurope.com\/pl\/informacje-prasowe\/dekoracja-pr\/dekoracje-adwentowe-pr\/","title":{"rendered":"Dekoracje adwentowe z poinsecj\u0105"},"content":{"rendered":"<main class=\"wp-block-group postimage-half wide-content is-layout-flow wp-block-group-is-layout-flow\" style=\"margin-top:var(--wp--preset--spacing--50)\">\n<div style=\"height:3rem\" aria-hidden=\"true\" class=\"wp-block-spacer\"><\/div>\n\n\n\n<div class=\"wp-block-query is-layout-flow wp-block-query-is-layout-flow\"><ul class=\"columns-2 wp-block-post-template is-layout-grid wp-container-core-post-template-is-layout-37ef2942 wp-block-post-template-is-layout-grid\"><li class=\"wp-block-post post-8209 press type-press status-publish has-post-thumbnail hentry press_cat-dekoracja-adwentowa press_cat-dekoracje-slubne press_cat-diy press_main-dekoracja press_main-dekoracje-adwentowe press_main-dekoracje-zimowe press_main-pressemitteilungen\">\n<figure style=\"aspect-ratio:1;\" class=\"featuredimage wp-block-post-featured-image\"><a href=\"https:\/\/starsforeurope.com\/pl\/press\/gwiazdy-tworza-swiateczna-magie\/\" target=\"_self\"  ><img loading=\"lazy\" decoding=\"async\" width=\"875\" height=\"1050\" src=\"https:\/\/starsforeurope.com\/pl\/wp-content\/uploads\/sites\/16\/2025\/08\/2025_Poinsettia_01000_Nordic_Winter_Charm_09.jpg\" class=\"attachment-post-thumbnail size-post-thumbnail wp-post-image\" alt=\"Gwiazdy tworz\u0105 \u015bwi\u0105teczn\u0105 magi\u0119\" style=\"width:100%;height:100%;object-fit:cover;\" srcset=\"https:\/\/starsforeurope.com\/pl\/wp-content\/uploads\/sites\/16\/2025\/08\/2025_Poinsettia_01000_Nordic_Winter_Charm_09.jpg 875w, https:\/\/starsforeurope.com\/pl\/wp-content\/uploads\/sites\/16\/2025\/08\/2025_Poinsettia_01000_Nordic_Winter_Charm_09-250x300.jpg 250w, https:\/\/starsforeurope.com\/pl\/wp-content\/uploads\/sites\/16\/2025\/08\/2025_Poinsettia_01000_Nordic_Winter_Charm_09-853x1024.jpg 853w, https:\/\/starsforeurope.com\/pl\/wp-content\/uploads\/sites\/16\/2025\/08\/2025_Poinsettia_01000_Nordic_Winter_Charm_09-768x922.jpg 768w\" sizes=\"auto, (max-width: 875px) 100vw, 875px\" \/><\/a><\/figure>\n\n<h3 class=\"wp-block-post-title\"><a href=\"https:\/\/starsforeurope.com\/pl\/press\/gwiazdy-tworza-swiateczna-magie\/\" target=\"_self\" >Gwiazdy tworz\u0105 \u015bwi\u0105teczn\u0105 magi\u0119<\/a><\/h3>\n\n\n<div class=\"wp-block-group postmetaline is-nowrap is-layout-flex wp-container-core-group-is-layout-6c531013 wp-block-group-is-layout-flex\"><div class=\"wp-block-post-date\"><time datetime=\"2025-08-19T08:00:00+02:00\">19. sierpnia 2025<\/time><\/div>\n\n<\/div>\n\n\n<div class=\"wp-block-post-excerpt\"><p class=\"wp-block-post-excerpt__excerpt\">W formie kokedamy, w wazonie czy w doniczce \u2013 poinsecje dodaj\u0105 blasku adwentowym i \u015bwi\u0105tecznym dekoracjom. Przekonaj si\u0119 sam!<\/p><p class=\"wp-block-post-excerpt__more-text\"><a class=\"wp-block-post-excerpt__more-link\" href=\"https:\/\/starsforeurope.com\/pl\/press\/gwiazdy-tworza-swiateczna-magie\/\">Wi\u0119cej<\/a><\/p><\/div>\n<\/li><li class=\"wp-block-post post-5022 press type-press status-publish has-post-thumbnail hentry press_cat-dekoracja-stolu press_cat-diy press_main-dekoracja press_main-dekoracje-adwentowe press_main-pressemitteilungen press_main-kwiaty-ciete\">\n<figure style=\"aspect-ratio:1;\" class=\"featuredimage wp-block-post-featured-image\"><a href=\"https:\/\/starsforeurope.com\/pl\/press\/boze-narodzenie-w-luksusie-swiateczne-dekoracje-ze-zlota-i-poinsecji\/\" target=\"_self\"  ><img loading=\"lazy\" decoding=\"async\" width=\"875\" height=\"1050\" src=\"https:\/\/starsforeurope.com\/pl\/wp-content\/uploads\/sites\/16\/2024\/07\/2024_Poinsettia_01000_Golden_Elegance_01.jpg\" class=\"attachment-post-thumbnail size-post-thumbnail wp-post-image\" alt=\"Bo\u017ce Narodzenie w luksusie. \u015awi\u0105teczne dekoracje ze z\u0142ota i poinsecji\" style=\"width:100%;height:100%;object-fit:cover;\" srcset=\"https:\/\/starsforeurope.com\/pl\/wp-content\/uploads\/sites\/16\/2024\/07\/2024_Poinsettia_01000_Golden_Elegance_01.jpg 875w, https:\/\/starsforeurope.com\/pl\/wp-content\/uploads\/sites\/16\/2024\/07\/2024_Poinsettia_01000_Golden_Elegance_01-250x300.jpg 250w, https:\/\/starsforeurope.com\/pl\/wp-content\/uploads\/sites\/16\/2024\/07\/2024_Poinsettia_01000_Golden_Elegance_01-853x1024.jpg 853w, https:\/\/starsforeurope.com\/pl\/wp-content\/uploads\/sites\/16\/2024\/07\/2024_Poinsettia_01000_Golden_Elegance_01-768x922.jpg 768w, https:\/\/starsforeurope.com\/pl\/wp-content\/uploads\/sites\/16\/2024\/07\/2024_Poinsettia_01000_Golden_Elegance_01-563x675.jpg 563w\" sizes=\"auto, (max-width: 875px) 100vw, 875px\" \/><\/a><\/figure>\n\n<h3 class=\"wp-block-post-title\"><a href=\"https:\/\/starsforeurope.com\/pl\/press\/boze-narodzenie-w-luksusie-swiateczne-dekoracje-ze-zlota-i-poinsecji\/\" target=\"_self\" >Bo\u017ce Narodzenie w luksusie. \u015awi\u0105teczne dekoracje ze z\u0142ota i poinsecji<\/a><\/h3>\n\n\n<div class=\"wp-block-group postmetaline is-nowrap is-layout-flex wp-container-core-group-is-layout-6c531013 wp-block-group-is-layout-flex\"><div class=\"wp-block-post-date\"><time datetime=\"2024-11-05T09:25:02+01:00\">05. listopada 2024<\/time><\/div>\n\n<\/div>\n\n\n<div class=\"wp-block-post-excerpt\"><p class=\"wp-block-post-excerpt__excerpt\">Masz ochot\u0119 na luksusow\u0105 \u015bwi\u0105teczn\u0105 dekoracj\u0119? Po\u0142\u0105cz z\u0142ote meble i akcesoria z bia\u0142ymi lub morelowymi poinsecjami<\/p><p class=\"wp-block-post-excerpt__more-text\"><a class=\"wp-block-post-excerpt__more-link\" href=\"https:\/\/starsforeurope.com\/pl\/press\/boze-narodzenie-w-luksusie-swiateczne-dekoracje-ze-zlota-i-poinsecji\/\">Wi\u0119cej<\/a><\/p><\/div>\n<\/li><li class=\"wp-block-post post-7448 press type-press status-publish has-post-thumbnail hentry press_cat-dekoracja-adwentowa press_cat-dekoracja-stolu press_cat-diy press_cat-wskazowki-dotyczace-dekoracji press_cat-zimowe-dekoracje press_main-dekoracja press_main-dekoracje-adwentowe press_main-diy-upcykling press_main-pressemitteilungen\">\n<figure style=\"aspect-ratio:1;\" class=\"featuredimage wp-block-post-featured-image\"><a href=\"https:\/\/starsforeurope.com\/pl\/press\/gwiazda-adwentu-swieze-pomysly-diy-na-swiateczne-dekoracje-z-poinsecja\/\" target=\"_self\"  ><img loading=\"lazy\" decoding=\"async\" width=\"875\" height=\"1050\" src=\"https:\/\/starsforeurope.com\/pl\/wp-content\/uploads\/sites\/16\/2023\/07\/2023_poinsettia_03000_Rustic_Scandi.jpg\" class=\"attachment-post-thumbnail size-post-thumbnail wp-post-image\" alt=\"Gwiazda adwentu: swie\u017ce pomys\u0142y DIY na \u015bwi\u0105teczne dekoracje z poinsecj\u0105\" style=\"width:100%;height:100%;object-fit:cover;\" srcset=\"https:\/\/starsforeurope.com\/pl\/wp-content\/uploads\/sites\/16\/2023\/07\/2023_poinsettia_03000_Rustic_Scandi.jpg 875w, https:\/\/starsforeurope.com\/pl\/wp-content\/uploads\/sites\/16\/2023\/07\/2023_poinsettia_03000_Rustic_Scandi-250x300.jpg 250w, https:\/\/starsforeurope.com\/pl\/wp-content\/uploads\/sites\/16\/2023\/07\/2023_poinsettia_03000_Rustic_Scandi-853x1024.jpg 853w, https:\/\/starsforeurope.com\/pl\/wp-content\/uploads\/sites\/16\/2023\/07\/2023_poinsettia_03000_Rustic_Scandi-768x922.jpg 768w, https:\/\/starsforeurope.com\/pl\/wp-content\/uploads\/sites\/16\/2023\/07\/2023_poinsettia_03000_Rustic_Scandi-563x675.jpg 563w\" sizes=\"auto, (max-width: 875px) 100vw, 875px\" \/><\/a><\/figure>\n\n<h3 class=\"wp-block-post-title\"><a href=\"https:\/\/starsforeurope.com\/pl\/press\/gwiazda-adwentu-swieze-pomysly-diy-na-swiateczne-dekoracje-z-poinsecja\/\" target=\"_self\" >Gwiazda adwentu: swie\u017ce pomys\u0142y DIY na \u015bwi\u0105teczne dekoracje z poinsecj\u0105<\/a><\/h3>\n\n\n<div class=\"wp-block-group postmetaline is-nowrap is-layout-flex wp-container-core-group-is-layout-6c531013 wp-block-group-is-layout-flex\"><div class=\"wp-block-post-date\"><time datetime=\"2023-10-17T06:13:34+02:00\">17. pa\u017adziernika 2023<\/time><\/div>\n\n<\/div>\n\n\n<div class=\"wp-block-post-excerpt\"><p class=\"wp-block-post-excerpt__excerpt\">Wyj\u0105tkowe aran\u017cacje adwentowe z gwiazdami: Nowe pomys\u0142y na \u015bwi\u0105teczne dekoracje z wykorzystaniem poinsecji Teaser long: R\u0119kodzie\u0142o i ozdoby s\u0105 bardzo popularne w okresie adwentu i Bo\u017cego Narodzenia. Poznaj nasze projekty DIY z poinsecj\u0105, kt\u00f3re przyci\u0105gn\u0105 uwag\u0119 i stworz\u0105 \u015bwi\u0105teczny nastr\u00f3j.<\/p><p class=\"wp-block-post-excerpt__more-text\"><a class=\"wp-block-post-excerpt__more-link\" href=\"https:\/\/starsforeurope.com\/pl\/press\/gwiazda-adwentu-swieze-pomysly-diy-na-swiateczne-dekoracje-z-poinsecja\/\">Wi\u0119cej<\/a><\/p><\/div>\n<\/li><li class=\"wp-block-post post-7454 press type-press status-publish has-post-thumbnail hentry press_cat-dekoracja-adwentowa press_cat-dekoracja-stolu press_cat-diy press_cat-wskazowki-dotyczace-dekoracji press_cat-zimowe-dekoracje press_main-dekoracja press_main-dekoracje-adwentowe press_main-diy-upcykling press_main-pressemitteilungen\">\n<figure style=\"aspect-ratio:1;\" class=\"featuredimage wp-block-post-featured-image\"><a href=\"https:\/\/starsforeurope.com\/pl\/press\/nastrojowy-blask-swiec-i-gwiazd-pomysly-na-dekoracje-adwentowe-z-poinsecja\/\" target=\"_self\"  ><img loading=\"lazy\" decoding=\"async\" width=\"875\" height=\"1050\" src=\"https:\/\/starsforeurope.com\/pl\/wp-content\/uploads\/sites\/16\/2023\/07\/2023_poinsettia_02000_Cottagecore_Charm_01.jpg\" class=\"attachment-post-thumbnail size-post-thumbnail wp-post-image\" alt=\"Nastrojowy blask \u015bwiec i gwiazd: pomys\u0142y na dekoracje adwentowe z poinsecj\u0105\" style=\"width:100%;height:100%;object-fit:cover;\" srcset=\"https:\/\/starsforeurope.com\/pl\/wp-content\/uploads\/sites\/16\/2023\/07\/2023_poinsettia_02000_Cottagecore_Charm_01.jpg 875w, https:\/\/starsforeurope.com\/pl\/wp-content\/uploads\/sites\/16\/2023\/07\/2023_poinsettia_02000_Cottagecore_Charm_01-250x300.jpg 250w, https:\/\/starsforeurope.com\/pl\/wp-content\/uploads\/sites\/16\/2023\/07\/2023_poinsettia_02000_Cottagecore_Charm_01-853x1024.jpg 853w, https:\/\/starsforeurope.com\/pl\/wp-content\/uploads\/sites\/16\/2023\/07\/2023_poinsettia_02000_Cottagecore_Charm_01-768x922.jpg 768w, https:\/\/starsforeurope.com\/pl\/wp-content\/uploads\/sites\/16\/2023\/07\/2023_poinsettia_02000_Cottagecore_Charm_01-563x675.jpg 563w\" sizes=\"auto, (max-width: 875px) 100vw, 875px\" \/><\/a><\/figure>\n\n<h3 class=\"wp-block-post-title\"><a href=\"https:\/\/starsforeurope.com\/pl\/press\/nastrojowy-blask-swiec-i-gwiazd-pomysly-na-dekoracje-adwentowe-z-poinsecja\/\" target=\"_self\" >Nastrojowy blask \u015bwiec i gwiazd: pomys\u0142y na dekoracje adwentowe z poinsecj\u0105<\/a><\/h3>\n\n\n<div class=\"wp-block-group postmetaline is-nowrap is-layout-flex wp-container-core-group-is-layout-6c531013 wp-block-group-is-layout-flex\"><div class=\"wp-block-post-date\"><time datetime=\"2023-10-07T06:38:32+02:00\">07. pa\u017adziernika 2023<\/time><\/div>\n\n<\/div>\n\n\n<div class=\"wp-block-post-excerpt\"><p class=\"wp-block-post-excerpt__excerpt\">W blasku gwiazd: Najnowsze pomys\u0142y na dekoracje adwentowe z poinsecj\u0105 Teaser long: Dekoracje adwentowe ze \u015bwiecami i poinsecj\u0105 tworz\u0105 nastr\u00f3j w okresie poprzedzaj\u0105cym Bo\u017ce Narodzenie. Odkryj nasze najnowsze pomys\u0142y na dekoracje adwentowe DIY &#8211; od modnych, przez zabawne, po spektakularne.<\/p><p class=\"wp-block-post-excerpt__more-text\"><a class=\"wp-block-post-excerpt__more-link\" href=\"https:\/\/starsforeurope.com\/pl\/press\/nastrojowy-blask-swiec-i-gwiazd-pomysly-na-dekoracje-adwentowe-z-poinsecja\/\">Wi\u0119cej<\/a><\/p><\/div>\n<\/li><\/ul>\n\n<nav class=\"wp-block-query-pagination is-content-justification-center is-layout-flex wp-container-core-query-pagination-is-layout-a89b3969 wp-block-query-pagination-is-layout-flex\" aria-label=\"Stronicowanie\">\n\n\n<div class=\"wp-block-query-pagination-numbers has-medium-font-size\"><span aria-current=\"page\" class=\"page-numbers current\">1<\/span>\n<a class=\"page-numbers\" href=\"?query-0-page=2\">2<\/a>\n<a class=\"page-numbers\" href=\"?query-0-page=3\">3<\/a><\/div>\n\n<a href=\"\/pl\/wp-json\/wp\/v2\/pages\/8040?query-0-page=2\" class=\"wp-block-query-pagination-next\">\u22b3<\/a>\n<\/nav>\n\n<\/div>\n\n\n\n<div style=\"height:3rem\" aria-hidden=\"true\" class=\"wp-block-spacer\"><\/div>\n<\/main>","protected":false},"excerpt":{"rendered":"<p>Stw\u00f3rz \u015bwi\u0105teczn\u0105 atmosfer\u0119 z poinsecj\u0105 w swoim adwentowym wystroju. Znajd\u017a inspiracje na wie\u0144ce, dekoracje i przytulne sezonowe akcenty.<\/p>\n","protected":false},"author":24,"featured_media":4366,"parent":8028,"menu_order":0,"comment_status":"closed","ping_status":"closed","template":"two-column-press","meta":{"_acf_changed":false,"footnotes":""},"class_list":["post-8040","page","type-page","status-publish","has-post-thumbnail","hentry"],"acf":[],"_links":{"self":[{"href":"https:\/\/starsforeurope.com\/pl\/wp-json\/wp\/v2\/pages\/8040","targetHints":{"allow":["GET"]}}],"collection":[{"href":"https:\/\/starsforeurope.com\/pl\/wp-json\/wp\/v2\/pages"}],"about":[{"href":"https:\/\/starsforeurope.com\/pl\/wp-json\/wp\/v2\/types\/page"}],"author":[{"embeddable":true,"href":"https:\/\/starsforeurope.com\/pl\/wp-json\/wp\/v2\/users\/24"}],"replies":[{"embeddable":true,"href":"https:\/\/starsforeurope.com\/pl\/wp-json\/wp\/v2\/comments?post=8040"}],"version-history":[{"count":1,"href":"https:\/\/starsforeurope.com\/pl\/wp-json\/wp\/v2\/pages\/8040\/revisions"}],"predecessor-version":[{"id":8041,"href":"https:\/\/starsforeurope.com\/pl\/wp-json\/wp\/v2\/pages\/8040\/revisions\/8041"}],"up":[{"embeddable":true,"href":"https:\/\/starsforeurope.com\/pl\/wp-json\/wp\/v2\/pages\/8028"}],"wp:featuredmedia":[{"embeddable":true,"href":"https:\/\/starsforeurope.com\/pl\/wp-json\/wp\/v2\/media\/4366"}],"wp:attachment":[{"href":"https:\/\/starsforeurope.com\/pl\/wp-json\/wp\/v2\/media?parent=8040"}],"curies":[{"name":"wp","href":"https:\/\/api.w.org\/{rel}","templated":true}]}}