{"id":8036,"date":"2025-08-05T16:30:48","date_gmt":"2025-08-05T14:30:48","guid":{"rendered":"https:\/\/starsforeurope.com\/pl\/?page_id=8036"},"modified":"2025-08-11T09:00:37","modified_gmt":"2025-08-11T07:00:37","slug":"roznorodnosc-pr","status":"publish","type":"page","link":"https:\/\/starsforeurope.com\/pl\/informacje-prasowe\/wiedza-pr\/roznorodnosc-pr\/","title":{"rendered":"Odmiany poinsecji"},"content":{"rendered":"<main class=\"wp-block-group postimage-half wide-content is-layout-flow wp-block-group-is-layout-flow\" style=\"margin-top:var(--wp--preset--spacing--50)\">\n<div style=\"height:3rem\" aria-hidden=\"true\" class=\"wp-block-spacer\"><\/div>\n\n\n\n<div class=\"wp-block-query is-layout-flow wp-block-query-is-layout-flow\"><ul class=\"columns-2 wp-block-post-template is-layout-grid wp-container-core-post-template-is-layout-37ef2942 wp-block-post-template-is-layout-grid\"><li class=\"wp-block-post post-4999 press type-press status-publish has-post-thumbnail hentry press_cat-jesienne-dekoracje-i-rosliny press_main-dekoracja press_main-dekoracje-jesienne-green-living press_main-pressemitteilungen press_main-roznorodnosc press_main-wiedza\">\n<figure style=\"aspect-ratio:1;\" class=\"featuredimage wp-block-post-featured-image\"><a href=\"https:\/\/starsforeurope.com\/pl\/press\/uzyj-kolorow-aby-pokonac-jesienna-chandre-poinsecje-sa-dekoracyjne-i-poprawiaja-nastroj\/\" target=\"_self\"  ><img loading=\"lazy\" decoding=\"async\" width=\"875\" height=\"1050\" src=\"https:\/\/starsforeurope.com\/pl\/wp-content\/uploads\/sites\/16\/2022\/08\/2021-poinsettia-01000-boho-green-living-02.jpg\" class=\"attachment-post-thumbnail size-post-thumbnail wp-post-image\" alt=\"U\u017cyj kolor\u00f3w, aby pokona\u0107 jesienn\u0105 chandr\u0119. Poinsecje s\u0105 dekoracyjne i poprawiaj\u0105 nastr\u00f3j\" style=\"width:100%;height:100%;object-fit:cover;\" srcset=\"https:\/\/starsforeurope.com\/pl\/wp-content\/uploads\/sites\/16\/2022\/08\/2021-poinsettia-01000-boho-green-living-02.jpg 875w, https:\/\/starsforeurope.com\/pl\/wp-content\/uploads\/sites\/16\/2022\/08\/2021-poinsettia-01000-boho-green-living-02-250x300.jpg 250w, https:\/\/starsforeurope.com\/pl\/wp-content\/uploads\/sites\/16\/2022\/08\/2021-poinsettia-01000-boho-green-living-02-853x1024.jpg 853w, https:\/\/starsforeurope.com\/pl\/wp-content\/uploads\/sites\/16\/2022\/08\/2021-poinsettia-01000-boho-green-living-02-768x922.jpg 768w, https:\/\/starsforeurope.com\/pl\/wp-content\/uploads\/sites\/16\/2022\/08\/2021-poinsettia-01000-boho-green-living-02-563x675.jpg 563w\" sizes=\"auto, (max-width: 875px) 100vw, 875px\" \/><\/a><\/figure>\n\n<h3 class=\"wp-block-post-title\"><a href=\"https:\/\/starsforeurope.com\/pl\/press\/uzyj-kolorow-aby-pokonac-jesienna-chandre-poinsecje-sa-dekoracyjne-i-poprawiaja-nastroj\/\" target=\"_self\" >U\u017cyj kolor\u00f3w, aby pokona\u0107 jesienn\u0105 chandr\u0119. Poinsecje s\u0105 dekoracyjne i poprawiaj\u0105 nastr\u00f3j<\/a><\/h3>\n\n\n<div class=\"wp-block-group postmetaline is-nowrap is-layout-flex wp-container-core-group-is-layout-6c531013 wp-block-group-is-layout-flex\"><div class=\"wp-block-post-date\"><time datetime=\"2021-09-18T12:46:39+02:00\">18. wrze\u015bnia 2021<\/time><\/div>\n\n<\/div>\n\n\n<div class=\"wp-block-post-excerpt\"><p class=\"wp-block-post-excerpt__excerpt\">Dzi\u0119ki kolorowym przylistkom poinsecja zmienia pomieszczenia w raje szcz\u0119\u015bcia. Dok\u0142adne efekty r\u00f3\u017cni\u0105 si\u0119 w zale\u017cno\u015bci od odcienia. My przygl\u0105damy si\u0119 efektom r\u00f3\u017cnych kolor\u00f3w.<\/p><p class=\"wp-block-post-excerpt__more-text\"><a class=\"wp-block-post-excerpt__more-link\" href=\"https:\/\/starsforeurope.com\/pl\/press\/uzyj-kolorow-aby-pokonac-jesienna-chandre-poinsecje-sa-dekoracyjne-i-poprawiaja-nastroj\/\">Wi\u0119cej<\/a><\/p><\/div>\n<\/li><li class=\"wp-block-post post-5658 press type-press status-publish has-post-thumbnail hentry press_cat-odmiany press_main-pressemitteilungen press_main-roznorodnosc press_main-wiedza\">\n<figure style=\"aspect-ratio:1;\" class=\"featuredimage wp-block-post-featured-image\"><a href=\"https:\/\/starsforeurope.com\/pl\/press\/zaskakujace-odmiany-poinsecji\/\" target=\"_self\"  ><img loading=\"lazy\" decoding=\"async\" width=\"875\" height=\"1050\" src=\"https:\/\/starsforeurope.com\/pl\/wp-content\/uploads\/sites\/16\/2022\/09\/2019_poinsettia_02000_christmas_wonderland_40-1.jpg\" class=\"attachment-post-thumbnail size-post-thumbnail wp-post-image\" alt=\"Zaskakuj\u0105ce odmiany poinsecji\" style=\"width:100%;height:100%;object-fit:cover;\" srcset=\"https:\/\/starsforeurope.com\/pl\/wp-content\/uploads\/sites\/16\/2022\/09\/2019_poinsettia_02000_christmas_wonderland_40-1.jpg 875w, https:\/\/starsforeurope.com\/pl\/wp-content\/uploads\/sites\/16\/2022\/09\/2019_poinsettia_02000_christmas_wonderland_40-1-250x300.jpg 250w, https:\/\/starsforeurope.com\/pl\/wp-content\/uploads\/sites\/16\/2022\/09\/2019_poinsettia_02000_christmas_wonderland_40-1-853x1024.jpg 853w, https:\/\/starsforeurope.com\/pl\/wp-content\/uploads\/sites\/16\/2022\/09\/2019_poinsettia_02000_christmas_wonderland_40-1-768x922.jpg 768w, https:\/\/starsforeurope.com\/pl\/wp-content\/uploads\/sites\/16\/2022\/09\/2019_poinsettia_02000_christmas_wonderland_40-1-563x675.jpg 563w\" sizes=\"auto, (max-width: 875px) 100vw, 875px\" \/><\/a><\/figure>\n\n<h3 class=\"wp-block-post-title\"><a href=\"https:\/\/starsforeurope.com\/pl\/press\/zaskakujace-odmiany-poinsecji\/\" target=\"_self\" >Zaskakuj\u0105ce odmiany poinsecji<\/a><\/h3>\n\n\n<div class=\"wp-block-group postmetaline is-nowrap is-layout-flex wp-container-core-group-is-layout-6c531013 wp-block-group-is-layout-flex\"><div class=\"wp-block-post-date\"><time datetime=\"2019-12-04T11:29:22+01:00\">04. grudnia 2019<\/time><\/div>\n\n<\/div>\n\n\n<div class=\"wp-block-post-excerpt\"><p class=\"wp-block-post-excerpt__excerpt\">Wsp\u00f3\u0142czesne odmiany poinsecji s\u0105 niezwykle zr\u00f3\u017cnicowane. R\u00f3\u017cni\u0105 si\u0119 kolorem, wzrostem, wielko\u015bci\u0105, a nawet kszta\u0142tem li\u015bci. Przygotuj si\u0119 na niespodzianki.<\/p><p class=\"wp-block-post-excerpt__more-text\"><a class=\"wp-block-post-excerpt__more-link\" href=\"https:\/\/starsforeurope.com\/pl\/press\/zaskakujace-odmiany-poinsecji\/\">Wi\u0119cej<\/a><\/p><\/div>\n<\/li><li class=\"wp-block-post post-5750 press type-press status-publish has-post-thumbnail hentry press_cat-odmiany press_main-pressemitteilungen press_main-roznorodnosc press_main-wiedza\">\n<figure style=\"aspect-ratio:1;\" class=\"featuredimage wp-block-post-featured-image\"><a href=\"https:\/\/starsforeurope.com\/pl\/press\/roznorodnosc-gwiazd-betlejemskich\/\" target=\"_self\"  ><img loading=\"lazy\" decoding=\"async\" width=\"875\" height=\"1050\" src=\"https:\/\/starsforeurope.com\/pl\/wp-content\/uploads\/sites\/16\/2022\/09\/2018_poinsettia_0300_Varieties_01-1.jpg\" class=\"attachment-post-thumbnail size-post-thumbnail wp-post-image\" alt=\"R\u00f3\u017cnorodno\u015b\u0107 gwiazd betlejemskich\" style=\"width:100%;height:100%;object-fit:cover;\" srcset=\"https:\/\/starsforeurope.com\/pl\/wp-content\/uploads\/sites\/16\/2022\/09\/2018_poinsettia_0300_Varieties_01-1.jpg 875w, https:\/\/starsforeurope.com\/pl\/wp-content\/uploads\/sites\/16\/2022\/09\/2018_poinsettia_0300_Varieties_01-1-250x300.jpg 250w, https:\/\/starsforeurope.com\/pl\/wp-content\/uploads\/sites\/16\/2022\/09\/2018_poinsettia_0300_Varieties_01-1-853x1024.jpg 853w, https:\/\/starsforeurope.com\/pl\/wp-content\/uploads\/sites\/16\/2022\/09\/2018_poinsettia_0300_Varieties_01-1-768x922.jpg 768w, https:\/\/starsforeurope.com\/pl\/wp-content\/uploads\/sites\/16\/2022\/09\/2018_poinsettia_0300_Varieties_01-1-563x675.jpg 563w\" sizes=\"auto, (max-width: 875px) 100vw, 875px\" \/><\/a><\/figure>\n\n<h3 class=\"wp-block-post-title\"><a href=\"https:\/\/starsforeurope.com\/pl\/press\/roznorodnosc-gwiazd-betlejemskich\/\" target=\"_self\" >R\u00f3\u017cnorodno\u015b\u0107 gwiazd betlejemskich<\/a><\/h3>\n\n\n<div class=\"wp-block-group postmetaline is-nowrap is-layout-flex wp-container-core-group-is-layout-6c531013 wp-block-group-is-layout-flex\"><div class=\"wp-block-post-date\"><time datetime=\"2018-08-15T08:32:12+02:00\">15. sierpnia 2018<\/time><\/div>\n\n<\/div>\n\n\n<div class=\"wp-block-post-excerpt\"><p class=\"wp-block-post-excerpt__excerpt\">Poinsecje to idealne kwiaty do \u015bwi\u0105tecznych dekoracji sto\u0142u. Stw\u00f3rz pi\u0119kne \u015bwi\u0105teczne sto\u0142y z poinsecj\u0105 jako kwiatami ci\u0119tymi lub ro\u015blinami doniczkowymi.<\/p><p class=\"wp-block-post-excerpt__more-text\"><a class=\"wp-block-post-excerpt__more-link\" href=\"https:\/\/starsforeurope.com\/pl\/press\/roznorodnosc-gwiazd-betlejemskich\/\">Wi\u0119cej<\/a><\/p><\/div>\n<\/li><\/ul>\n\n\n\n<\/div>\n\n\n\n<div style=\"height:3rem\" aria-hidden=\"true\" class=\"wp-block-spacer\"><\/div>\n<\/main>","protected":false},"excerpt":{"rendered":"<p>Od tradycyjnych czerwieni po \u017cywe r\u00f3\u017ce i biele &#8211; poznaj wiele odmian poinsecji i dowiedz si\u0119, co sprawia, \u017ce ka\u017cda z nich jest wyj\u0105tkowa.<\/p>\n","protected":false},"author":24,"featured_media":4366,"parent":8032,"menu_order":0,"comment_status":"closed","ping_status":"closed","template":"two-column-press","meta":{"_acf_changed":false,"footnotes":""},"class_list":["post-8036","page","type-page","status-publish","has-post-thumbnail","hentry"],"acf":[],"_links":{"self":[{"href":"https:\/\/starsforeurope.com\/pl\/wp-json\/wp\/v2\/pages\/8036","targetHints":{"allow":["GET"]}}],"collection":[{"href":"https:\/\/starsforeurope.com\/pl\/wp-json\/wp\/v2\/pages"}],"about":[{"href":"https:\/\/starsforeurope.com\/pl\/wp-json\/wp\/v2\/types\/page"}],"author":[{"embeddable":true,"href":"https:\/\/starsforeurope.com\/pl\/wp-json\/wp\/v2\/users\/24"}],"replies":[{"embeddable":true,"href":"https:\/\/starsforeurope.com\/pl\/wp-json\/wp\/v2\/comments?post=8036"}],"version-history":[{"count":1,"href":"https:\/\/starsforeurope.com\/pl\/wp-json\/wp\/v2\/pages\/8036\/revisions"}],"predecessor-version":[{"id":8037,"href":"https:\/\/starsforeurope.com\/pl\/wp-json\/wp\/v2\/pages\/8036\/revisions\/8037"}],"up":[{"embeddable":true,"href":"https:\/\/starsforeurope.com\/pl\/wp-json\/wp\/v2\/pages\/8032"}],"wp:featuredmedia":[{"embeddable":true,"href":"https:\/\/starsforeurope.com\/pl\/wp-json\/wp\/v2\/media\/4366"}],"wp:attachment":[{"href":"https:\/\/starsforeurope.com\/pl\/wp-json\/wp\/v2\/media?parent=8036"}],"curies":[{"name":"wp","href":"https:\/\/api.w.org\/{rel}","templated":true}]}}