{"id":8034,"date":"2025-08-05T16:24:18","date_gmt":"2025-08-05T14:24:18","guid":{"rendered":"https:\/\/starsforeurope.com\/pl\/?page_id=8034"},"modified":"2025-08-11T09:00:37","modified_gmt":"2025-08-11T07:00:37","slug":"poczatek-sezonu-pr","status":"publish","type":"page","link":"https:\/\/starsforeurope.com\/pl\/informacje-prasowe\/wiedza-pr\/poczatek-sezonu-pr\/","title":{"rendered":"Rozpocznij sezon z poinsecj\u0105"},"content":{"rendered":"<div class=\"wpb-content-wrapper\"><main class=\"wp-block-group postimage-half wide-content is-layout-flow wp-block-group-is-layout-flow\" style=\"margin-top:var(--wp--preset--spacing--50)\">\n<div style=\"height:3rem\" aria-hidden=\"true\" class=\"wp-block-spacer\"><\/div>\n\n\n\n<div class=\"wp-block-query is-layout-flow wp-block-query-is-layout-flow\"><ul class=\"columns-2 wp-block-post-template is-layout-grid wp-container-core-post-template-is-layout-37ef2942 wp-block-post-template-is-layout-grid\"><li class=\"wp-block-post post-5897 press type-press status-publish has-post-thumbnail hentry press_cat-ciekawostki press_cat-pielegnacja press_main-pressemitteilungen press_main-poczatek-sezonu press_main-wiedza\">\n<figure style=\"aspect-ratio:1;\" class=\"featuredimage wp-block-post-featured-image\"><a href=\"https:\/\/starsforeurope.com\/pl\/press\/gwiazdy-betlejemskie-i-ich-pielegnacja\/\" target=\"_self\"  ><img loading=\"lazy\" decoding=\"async\" width=\"875\" height=\"1050\" src=\"https:\/\/starsforeurope.com\/pl\/wp-content\/uploads\/sites\/16\/2022\/09\/2017_Weihnachtsstern_People_22.jpg\" class=\"attachment-post-thumbnail size-post-thumbnail wp-post-image\" alt=\"Gwiazdy betlejemskie i ich piel\u0119gnacja\" style=\"width:100%;height:100%;object-fit:cover;\" srcset=\"https:\/\/starsforeurope.com\/pl\/wp-content\/uploads\/sites\/16\/2022\/09\/2017_Weihnachtsstern_People_22.jpg 875w, https:\/\/starsforeurope.com\/pl\/wp-content\/uploads\/sites\/16\/2022\/09\/2017_Weihnachtsstern_People_22-250x300.jpg 250w, https:\/\/starsforeurope.com\/pl\/wp-content\/uploads\/sites\/16\/2022\/09\/2017_Weihnachtsstern_People_22-853x1024.jpg 853w, https:\/\/starsforeurope.com\/pl\/wp-content\/uploads\/sites\/16\/2022\/09\/2017_Weihnachtsstern_People_22-768x922.jpg 768w, https:\/\/starsforeurope.com\/pl\/wp-content\/uploads\/sites\/16\/2022\/09\/2017_Weihnachtsstern_People_22-563x675.jpg 563w\" sizes=\"auto, (max-width: 875px) 100vw, 875px\" \/><\/a><\/figure>\n\n<h3 class=\"wp-block-post-title\"><a href=\"https:\/\/starsforeurope.com\/pl\/press\/gwiazdy-betlejemskie-i-ich-pielegnacja\/\" target=\"_self\" >Gwiazdy betlejemskie i ich piel\u0119gnacja<\/a><\/h3>\n\n\n<div class=\"wp-block-group postmetaline is-nowrap is-layout-flex wp-container-core-group-is-layout-6c531013 wp-block-group-is-layout-flex\"><div class=\"wp-block-post-date\"><time datetime=\"2007-07-02T14:23:03+02:00\">02. lipca 2007<\/time><\/div>\n\n<\/div>\n\n\n<div class=\"wp-block-post-excerpt\"><p class=\"wp-block-post-excerpt__excerpt\">[vc_row][vc_column][vc_column_text]W okresie Bo\u017cego Narodzenia poinsecje s\u0105 gwiazdami w\u015br\u00f3d kwitn\u0105cych ro\u015blin doniczkowych. Mimo ponurej aury za oknem ich kolorowe przykwiatki w kszta\u0142cie gwiazdy oraz zielone li\u015bcie wprowadzaj\u0105 powiew natury do domu, zapewniaj\u0105 dobre samopoczucie i \u015bwi\u0105teczn\u0105 atmosfer\u0119. Poinsecje pochodz\u0105 z las\u00f3w li\u015bciastych Meksyku, gdzie jako krzewy dorastaj\u0105 do wysoko\u015bci kilku metr\u00f3w. Pierwsze odmiany o kr\u00f3tkich \u0142odygach,<\/p><p class=\"wp-block-post-excerpt__more-text\"><a class=\"wp-block-post-excerpt__more-link\" href=\"https:\/\/starsforeurope.com\/pl\/press\/gwiazdy-betlejemskie-i-ich-pielegnacja\/\">Wi\u0119cej<\/a><\/p><\/div>\n<\/li><\/ul>\n\n\n\n<\/div>\n\n\n\n<div style=\"height:3rem\" aria-hidden=\"true\" class=\"wp-block-spacer\"><\/div>\n<\/main><\/div>","protected":false},"excerpt":{"rendered":"<p>\u015awi\u0119tuj nadej\u015bcie sezonu z poinsecj\u0105.<\/p>\n","protected":false},"author":24,"featured_media":4366,"parent":8032,"menu_order":0,"comment_status":"closed","ping_status":"closed","template":"two-column-press","meta":{"_acf_changed":false,"footnotes":""},"class_list":["post-8034","page","type-page","status-publish","has-post-thumbnail","hentry"],"acf":[],"_links":{"self":[{"href":"https:\/\/starsforeurope.com\/pl\/wp-json\/wp\/v2\/pages\/8034","targetHints":{"allow":["GET"]}}],"collection":[{"href":"https:\/\/starsforeurope.com\/pl\/wp-json\/wp\/v2\/pages"}],"about":[{"href":"https:\/\/starsforeurope.com\/pl\/wp-json\/wp\/v2\/types\/page"}],"author":[{"embeddable":true,"href":"https:\/\/starsforeurope.com\/pl\/wp-json\/wp\/v2\/users\/24"}],"replies":[{"embeddable":true,"href":"https:\/\/starsforeurope.com\/pl\/wp-json\/wp\/v2\/comments?post=8034"}],"version-history":[{"count":1,"href":"https:\/\/starsforeurope.com\/pl\/wp-json\/wp\/v2\/pages\/8034\/revisions"}],"predecessor-version":[{"id":8035,"href":"https:\/\/starsforeurope.com\/pl\/wp-json\/wp\/v2\/pages\/8034\/revisions\/8035"}],"up":[{"embeddable":true,"href":"https:\/\/starsforeurope.com\/pl\/wp-json\/wp\/v2\/pages\/8032"}],"wp:featuredmedia":[{"embeddable":true,"href":"https:\/\/starsforeurope.com\/pl\/wp-json\/wp\/v2\/media\/4366"}],"wp:attachment":[{"href":"https:\/\/starsforeurope.com\/pl\/wp-json\/wp\/v2\/media?parent=8034"}],"curies":[{"name":"wp","href":"https:\/\/api.w.org\/{rel}","templated":true}]}}