{"id":8032,"date":"2025-08-05T15:56:57","date_gmt":"2025-08-05T13:56:57","guid":{"rendered":"https:\/\/starsforeurope.com\/pl\/?page_id=8032"},"modified":"2025-08-11T09:00:37","modified_gmt":"2025-08-11T07:00:37","slug":"wiedza-pr","status":"publish","type":"page","link":"https:\/\/starsforeurope.com\/pl\/informacje-prasowe\/wiedza-pr\/","title":{"rendered":"Odkryj wszystko, co nale\u017cy wiedzie\u0107 o tej wyj\u0105tkowej, \u015bwi\u0105tecznej ro\u015blinie"},"content":{"rendered":"<main class=\"wp-block-group postimage-half wide-content is-layout-flow wp-block-group-is-layout-flow\" style=\"margin-top:var(--wp--preset--spacing--50)\">\n<div style=\"height:3rem\" aria-hidden=\"true\" class=\"wp-block-spacer\"><\/div>\n\n\n\n<div class=\"wp-block-query is-layout-flow wp-block-query-is-layout-flow\"><ul class=\"columns-2 wp-block-post-template is-layout-grid wp-container-core-post-template-is-layout-37ef2942 wp-block-post-template-is-layout-grid\"><li class=\"wp-block-post post-4999 press type-press status-publish has-post-thumbnail hentry press_cat-jesienne-dekoracje-i-rosliny press_main-dekoracja press_main-dekoracje-jesienne-green-living press_main-pressemitteilungen press_main-roznorodnosc press_main-wiedza\">\n<figure style=\"aspect-ratio:1;\" class=\"featuredimage wp-block-post-featured-image\"><a href=\"https:\/\/starsforeurope.com\/pl\/press\/uzyj-kolorow-aby-pokonac-jesienna-chandre-poinsecje-sa-dekoracyjne-i-poprawiaja-nastroj\/\" target=\"_self\"  ><img loading=\"lazy\" decoding=\"async\" width=\"875\" height=\"1050\" src=\"https:\/\/starsforeurope.com\/pl\/wp-content\/uploads\/sites\/16\/2022\/08\/2021-poinsettia-01000-boho-green-living-02.jpg\" class=\"attachment-post-thumbnail size-post-thumbnail wp-post-image\" alt=\"U\u017cyj kolor\u00f3w, aby pokona\u0107 jesienn\u0105 chandr\u0119. Poinsecje s\u0105 dekoracyjne i poprawiaj\u0105 nastr\u00f3j\" style=\"width:100%;height:100%;object-fit:cover;\" srcset=\"https:\/\/starsforeurope.com\/pl\/wp-content\/uploads\/sites\/16\/2022\/08\/2021-poinsettia-01000-boho-green-living-02.jpg 875w, https:\/\/starsforeurope.com\/pl\/wp-content\/uploads\/sites\/16\/2022\/08\/2021-poinsettia-01000-boho-green-living-02-250x300.jpg 250w, https:\/\/starsforeurope.com\/pl\/wp-content\/uploads\/sites\/16\/2022\/08\/2021-poinsettia-01000-boho-green-living-02-853x1024.jpg 853w, https:\/\/starsforeurope.com\/pl\/wp-content\/uploads\/sites\/16\/2022\/08\/2021-poinsettia-01000-boho-green-living-02-768x922.jpg 768w, https:\/\/starsforeurope.com\/pl\/wp-content\/uploads\/sites\/16\/2022\/08\/2021-poinsettia-01000-boho-green-living-02-563x675.jpg 563w\" sizes=\"auto, (max-width: 875px) 100vw, 875px\" \/><\/a><\/figure>\n\n<h3 class=\"wp-block-post-title\"><a href=\"https:\/\/starsforeurope.com\/pl\/press\/uzyj-kolorow-aby-pokonac-jesienna-chandre-poinsecje-sa-dekoracyjne-i-poprawiaja-nastroj\/\" target=\"_self\" >U\u017cyj kolor\u00f3w, aby pokona\u0107 jesienn\u0105 chandr\u0119. Poinsecje s\u0105 dekoracyjne i poprawiaj\u0105 nastr\u00f3j<\/a><\/h3>\n\n\n<div class=\"wp-block-group postmetaline is-nowrap is-layout-flex wp-container-core-group-is-layout-6c531013 wp-block-group-is-layout-flex\"><div class=\"wp-block-post-date\"><time datetime=\"2021-09-18T12:46:39+02:00\">18. wrze\u015bnia 2021<\/time><\/div>\n\n<\/div>\n\n\n<div class=\"wp-block-post-excerpt\"><p class=\"wp-block-post-excerpt__excerpt\">Dzi\u0119ki kolorowym przylistkom poinsecja zmienia pomieszczenia w raje szcz\u0119\u015bcia. Dok\u0142adne efekty r\u00f3\u017cni\u0105 si\u0119 w zale\u017cno\u015bci od odcienia. My przygl\u0105damy si\u0119 efektom r\u00f3\u017cnych kolor\u00f3w.<\/p><p class=\"wp-block-post-excerpt__more-text\"><a class=\"wp-block-post-excerpt__more-link\" href=\"https:\/\/starsforeurope.com\/pl\/press\/uzyj-kolorow-aby-pokonac-jesienna-chandre-poinsecje-sa-dekoracyjne-i-poprawiaja-nastroj\/\">Wi\u0119cej<\/a><\/p><\/div>\n<\/li><li class=\"wp-block-post post-4963 press type-press status-publish has-post-thumbnail hentry press_cat-kwiat-ciety press_cat-wskazowki-dotyczace-dekoracji press_main-pressemitteilungen press_main-warto-wiedziec press_main-wiedza\">\n<figure style=\"aspect-ratio:1;\" class=\"featuredimage wp-block-post-featured-image\"><a href=\"https:\/\/starsforeurope.com\/pl\/press\/poinsecje-dla-milosnikow-designu-wspolczesne-kompozycje-kwiatowe-z-cietymi-poinsecjami\/\" target=\"_self\"  ><img loading=\"lazy\" decoding=\"async\" width=\"875\" height=\"1050\" src=\"https:\/\/starsforeurope.com\/pl\/wp-content\/uploads\/sites\/16\/2022\/09\/2021-poinsettia-03000-frozen-christmas-decor-02.jpg\" class=\"attachment-post-thumbnail size-post-thumbnail wp-post-image\" alt=\"Poinsecje dla mi\u0142o\u015bnik\u00f3w designu. Wsp\u00f3\u0142czesne kompozycje kwiatowe z ci\u0119tymi poinsecjami\" style=\"width:100%;height:100%;object-fit:cover;\" srcset=\"https:\/\/starsforeurope.com\/pl\/wp-content\/uploads\/sites\/16\/2022\/09\/2021-poinsettia-03000-frozen-christmas-decor-02.jpg 875w, https:\/\/starsforeurope.com\/pl\/wp-content\/uploads\/sites\/16\/2022\/09\/2021-poinsettia-03000-frozen-christmas-decor-02-250x300.jpg 250w, https:\/\/starsforeurope.com\/pl\/wp-content\/uploads\/sites\/16\/2022\/09\/2021-poinsettia-03000-frozen-christmas-decor-02-853x1024.jpg 853w, https:\/\/starsforeurope.com\/pl\/wp-content\/uploads\/sites\/16\/2022\/09\/2021-poinsettia-03000-frozen-christmas-decor-02-768x922.jpg 768w, https:\/\/starsforeurope.com\/pl\/wp-content\/uploads\/sites\/16\/2022\/09\/2021-poinsettia-03000-frozen-christmas-decor-02-563x675.jpg 563w\" sizes=\"auto, (max-width: 875px) 100vw, 875px\" \/><\/a><\/figure>\n\n<h3 class=\"wp-block-post-title\"><a href=\"https:\/\/starsforeurope.com\/pl\/press\/poinsecje-dla-milosnikow-designu-wspolczesne-kompozycje-kwiatowe-z-cietymi-poinsecjami\/\" target=\"_self\" >Poinsecje dla mi\u0142o\u015bnik\u00f3w designu. Wsp\u00f3\u0142czesne kompozycje kwiatowe z ci\u0119tymi poinsecjami<\/a><\/h3>\n\n\n<div class=\"wp-block-group postmetaline is-nowrap is-layout-flex wp-container-core-group-is-layout-6c531013 wp-block-group-is-layout-flex\"><div class=\"wp-block-post-date\"><time datetime=\"2021-09-14T08:45:29+02:00\">14. wrze\u015bnia 2021<\/time><\/div>\n\n<\/div>\n\n\n<div class=\"wp-block-post-excerpt\"><p class=\"wp-block-post-excerpt__excerpt\">Poinsecje ci\u0119te mo\u017cna wykorzysta\u0107 do tworzenia wyszukanych, nowoczesnych aran\u017cacji. Prezentujemy bukiety, wie\u0144ce i kompozycje kwiatowe<\/p><p class=\"wp-block-post-excerpt__more-text\"><a class=\"wp-block-post-excerpt__more-link\" href=\"https:\/\/starsforeurope.com\/pl\/press\/poinsecje-dla-milosnikow-designu-wspolczesne-kompozycje-kwiatowe-z-cietymi-poinsecjami\/\">Wi\u0119cej<\/a><\/p><\/div>\n<\/li><li class=\"wp-block-post post-5650 press type-press status-publish has-post-thumbnail hentry press_cat-ciekawostki press_cat-historia press_main-pressemitteilungen press_main-warto-wiedziec press_main-wiedza\">\n<figure style=\"aspect-ratio:1;\" class=\"featuredimage wp-block-post-featured-image\"><a href=\"https:\/\/starsforeurope.com\/pl\/press\/prosto-z-serca-dlaczego-podarowac-poinsecje-bliskiej-osobie-w-dniu-12-grudnia\/\" target=\"_self\"  ><img loading=\"lazy\" decoding=\"async\" width=\"875\" height=\"1050\" src=\"https:\/\/starsforeurope.com\/pl\/wp-content\/uploads\/sites\/16\/2022\/09\/2019_poinsettia_03000_Colourful_Christmas_at_Home_51.jpg\" class=\"attachment-post-thumbnail size-post-thumbnail wp-post-image\" alt=\"Prosto z serca. Dlaczego podarowa\u0107 poinsecj\u0119 bliskiej osobie w dniu 12 grudnia\" style=\"width:100%;height:100%;object-fit:cover;\" srcset=\"https:\/\/starsforeurope.com\/pl\/wp-content\/uploads\/sites\/16\/2022\/09\/2019_poinsettia_03000_Colourful_Christmas_at_Home_51.jpg 875w, https:\/\/starsforeurope.com\/pl\/wp-content\/uploads\/sites\/16\/2022\/09\/2019_poinsettia_03000_Colourful_Christmas_at_Home_51-250x300.jpg 250w, https:\/\/starsforeurope.com\/pl\/wp-content\/uploads\/sites\/16\/2022\/09\/2019_poinsettia_03000_Colourful_Christmas_at_Home_51-853x1024.jpg 853w, https:\/\/starsforeurope.com\/pl\/wp-content\/uploads\/sites\/16\/2022\/09\/2019_poinsettia_03000_Colourful_Christmas_at_Home_51-768x922.jpg 768w, https:\/\/starsforeurope.com\/pl\/wp-content\/uploads\/sites\/16\/2022\/09\/2019_poinsettia_03000_Colourful_Christmas_at_Home_51-563x675.jpg 563w\" sizes=\"auto, (max-width: 875px) 100vw, 875px\" \/><\/a><\/figure>\n\n<h3 class=\"wp-block-post-title\"><a href=\"https:\/\/starsforeurope.com\/pl\/press\/prosto-z-serca-dlaczego-podarowac-poinsecje-bliskiej-osobie-w-dniu-12-grudnia\/\" target=\"_self\" >Prosto z serca. Dlaczego podarowa\u0107 poinsecj\u0119 bliskiej osobie w dniu 12 grudnia<\/a><\/h3>\n\n\n<div class=\"wp-block-group postmetaline is-nowrap is-layout-flex wp-container-core-group-is-layout-6c531013 wp-block-group-is-layout-flex\"><div class=\"wp-block-post-date\"><time datetime=\"2019-12-09T11:19:38+01:00\">09. grudnia 2019<\/time><\/div>\n\n<\/div>\n\n\n<div class=\"wp-block-post-excerpt\"><p class=\"wp-block-post-excerpt__excerpt\">Czy to jako dow\u00f3d mi\u0142o\u015bci, przeprosiny czy podzi\u0119kowanie, istnieje wiele powod\u00f3w, aby podarowa\u0107 poinsecj\u0119 jako prezent. Przeczytaj, dlaczego 12.12 to idealny dzie\u0144 na wr\u0119czenie \u017cycze\u0144 z poinsecj\u0105.<\/p><p class=\"wp-block-post-excerpt__more-text\"><a class=\"wp-block-post-excerpt__more-link\" href=\"https:\/\/starsforeurope.com\/pl\/press\/prosto-z-serca-dlaczego-podarowac-poinsecje-bliskiej-osobie-w-dniu-12-grudnia\/\">Wi\u0119cej<\/a><\/p><\/div>\n<\/li><li class=\"wp-block-post post-5663 press type-press status-publish has-post-thumbnail hentry press_cat-ciekawostki press_cat-historia press_main-pressemitteilungen press_main-warto-wiedziec press_main-wiedza\">\n<figure style=\"aspect-ratio:1;\" class=\"featuredimage wp-block-post-featured-image\"><a href=\"https:\/\/starsforeurope.com\/pl\/press\/meksykanskie-korzenie-poinsecji\/\" target=\"_self\"  ><img loading=\"lazy\" decoding=\"async\" width=\"875\" height=\"1050\" src=\"https:\/\/starsforeurope.com\/pl\/wp-content\/uploads\/sites\/16\/2022\/09\/2016_Weihnachtsstern_Mexican_Heritage_08.jpg\" class=\"attachment-post-thumbnail size-post-thumbnail wp-post-image\" alt=\"Meksyka\u0144skie korzenie poinsecji\" style=\"width:100%;height:100%;object-fit:cover;\" srcset=\"https:\/\/starsforeurope.com\/pl\/wp-content\/uploads\/sites\/16\/2022\/09\/2016_Weihnachtsstern_Mexican_Heritage_08.jpg 875w, https:\/\/starsforeurope.com\/pl\/wp-content\/uploads\/sites\/16\/2022\/09\/2016_Weihnachtsstern_Mexican_Heritage_08-250x300.jpg 250w, https:\/\/starsforeurope.com\/pl\/wp-content\/uploads\/sites\/16\/2022\/09\/2016_Weihnachtsstern_Mexican_Heritage_08-853x1024.jpg 853w, https:\/\/starsforeurope.com\/pl\/wp-content\/uploads\/sites\/16\/2022\/09\/2016_Weihnachtsstern_Mexican_Heritage_08-768x922.jpg 768w, https:\/\/starsforeurope.com\/pl\/wp-content\/uploads\/sites\/16\/2022\/09\/2016_Weihnachtsstern_Mexican_Heritage_08-563x675.jpg 563w\" sizes=\"auto, (max-width: 875px) 100vw, 875px\" \/><\/a><\/figure>\n\n<h3 class=\"wp-block-post-title\"><a href=\"https:\/\/starsforeurope.com\/pl\/press\/meksykanskie-korzenie-poinsecji\/\" target=\"_self\" >Meksyka\u0144skie korzenie poinsecji<\/a><\/h3>\n\n\n<div class=\"wp-block-group postmetaline is-nowrap is-layout-flex wp-container-core-group-is-layout-6c531013 wp-block-group-is-layout-flex\"><div class=\"wp-block-post-date\"><time datetime=\"2019-12-04T11:33:25+01:00\">04. grudnia 2019<\/time><\/div>\n\n<\/div>\n\n\n<div class=\"wp-block-post-excerpt\"><p class=\"wp-block-post-excerpt__excerpt\">Poinsecja pochodzi z Meksyku i ro\u015bnie tam jako krzew o wysoko\u015bci do pi\u0119ciu metr\u00f3w. Dowiedz si\u0119, co ta ro\u015blina oznacza\u0142a dla Aztek\u00f3w i jakie legendy s\u0105 z ni\u0105 zwi\u0105zane.<\/p><p class=\"wp-block-post-excerpt__more-text\"><a class=\"wp-block-post-excerpt__more-link\" href=\"https:\/\/starsforeurope.com\/pl\/press\/meksykanskie-korzenie-poinsecji\/\">Wi\u0119cej<\/a><\/p><\/div>\n<\/li><\/ul>\n\n<nav class=\"wp-block-query-pagination is-content-justification-center is-layout-flex wp-container-core-query-pagination-is-layout-a89b3969 wp-block-query-pagination-is-layout-flex\" aria-label=\"Stronicowanie\">\n\n\n<div class=\"wp-block-query-pagination-numbers has-medium-font-size\"><span aria-current=\"page\" class=\"page-numbers current\">1<\/span>\n<a class=\"page-numbers\" href=\"?query-0-page=2\">2<\/a>\n<a class=\"page-numbers\" href=\"?query-0-page=3\">3<\/a><\/div>\n\n<a href=\"\/pl\/wp-json\/wp\/v2\/pages\/8032?query-0-page=2\" class=\"wp-block-query-pagination-next\">\u22b3<\/a>\n<\/nav>\n\n<\/div>\n\n\n\n<div style=\"height:3rem\" aria-hidden=\"true\" class=\"wp-block-spacer\"><\/div>\n<\/main>","protected":false},"excerpt":{"rendered":"<p>Poinsecja jest jedn\u0105 z najpopularniejszych ro\u015blin na \u015bwiecie. A ile o niej wiesz? Poinsecje mog\u0105 ci\u0119 zaskoczy\u0107. Poznaj ich fascynuj\u0105c\u0105 histori\u0119, pochodzenie, zastosowanie i szerok\u0105 palet\u0119 odmian.<\/p>\n","protected":false},"author":24,"featured_media":4366,"parent":7,"menu_order":0,"comment_status":"closed","ping_status":"closed","template":"two-column-press","meta":{"_acf_changed":false,"footnotes":""},"class_list":["post-8032","page","type-page","status-publish","has-post-thumbnail","hentry"],"acf":[],"_links":{"self":[{"href":"https:\/\/starsforeurope.com\/pl\/wp-json\/wp\/v2\/pages\/8032","targetHints":{"allow":["GET"]}}],"collection":[{"href":"https:\/\/starsforeurope.com\/pl\/wp-json\/wp\/v2\/pages"}],"about":[{"href":"https:\/\/starsforeurope.com\/pl\/wp-json\/wp\/v2\/types\/page"}],"author":[{"embeddable":true,"href":"https:\/\/starsforeurope.com\/pl\/wp-json\/wp\/v2\/users\/24"}],"replies":[{"embeddable":true,"href":"https:\/\/starsforeurope.com\/pl\/wp-json\/wp\/v2\/comments?post=8032"}],"version-history":[{"count":1,"href":"https:\/\/starsforeurope.com\/pl\/wp-json\/wp\/v2\/pages\/8032\/revisions"}],"predecessor-version":[{"id":8033,"href":"https:\/\/starsforeurope.com\/pl\/wp-json\/wp\/v2\/pages\/8032\/revisions\/8033"}],"up":[{"embeddable":true,"href":"https:\/\/starsforeurope.com\/pl\/wp-json\/wp\/v2\/pages\/7"}],"wp:featuredmedia":[{"embeddable":true,"href":"https:\/\/starsforeurope.com\/pl\/wp-json\/wp\/v2\/media\/4366"}],"wp:attachment":[{"href":"https:\/\/starsforeurope.com\/pl\/wp-json\/wp\/v2\/media?parent=8032"}],"curies":[{"name":"wp","href":"https:\/\/api.w.org\/{rel}","templated":true}]}}