{"id":8030,"date":"2025-08-05T15:54:21","date_gmt":"2025-08-05T13:54:21","guid":{"rendered":"https:\/\/starsforeurope.com\/pl\/?page_id=8030"},"modified":"2025-08-11T09:00:37","modified_gmt":"2025-08-11T07:00:37","slug":"pielegnacja-pr","status":"publish","type":"page","link":"https:\/\/starsforeurope.com\/pl\/informacje-prasowe\/pielegnacja-pr\/","title":{"rendered":"Aby wyd\u0142u\u017cy\u0107 \u017cywotno\u015b\u0107 poinsecji, dowiedz si\u0119, jak o nie dba\u0107"},"content":{"rendered":"<main class=\"wp-block-group postimage-half wide-content is-layout-flow wp-block-group-is-layout-flow\" style=\"margin-top:var(--wp--preset--spacing--50)\">\n<div style=\"height:3rem\" aria-hidden=\"true\" class=\"wp-block-spacer\"><\/div>\n\n\n\n<div class=\"wp-block-query is-layout-flow wp-block-query-is-layout-flow\"><ul class=\"columns-2 wp-block-post-template is-layout-grid wp-container-core-post-template-is-layout-37ef2942 wp-block-post-template-is-layout-grid\"><li class=\"wp-block-post post-8229 press type-press status-publish has-post-thumbnail hentry press_cat-pielegnacja press_main-pressemitteilungen press_main-pielegnacja\">\n<figure style=\"aspect-ratio:1;\" class=\"featuredimage wp-block-post-featured-image\"><a href=\"https:\/\/starsforeurope.com\/pl\/press\/niech-twoje-gwiazdy-blyszcza-najlepsze-porady-dotyczace-pielegnacji-jak-zadbac-o-to-aby-ta-zywa-roslina-doniczkowa-wygladala-jak-najlepiej\/\" target=\"_self\"  ><img loading=\"lazy\" decoding=\"async\" width=\"875\" height=\"1050\" src=\"https:\/\/starsforeurope.com\/pl\/wp-content\/uploads\/sites\/16\/2025\/08\/2025_Poinsettia_01000_Nordic_Winter_Charm_14.jpg\" class=\"attachment-post-thumbnail size-post-thumbnail wp-post-image\" alt=\"Niech Twoje gwiazdy b\u0142yszcz\u0105: najlepsze porady dotycz\u0105ce piel\u0119gnacji. Jak zadba\u0107 o to, aby ta \u017cywa ro\u015blina doniczkowa wygl\u0105da\u0142a jak najlepiej\" style=\"width:100%;height:100%;object-fit:cover;\" srcset=\"https:\/\/starsforeurope.com\/pl\/wp-content\/uploads\/sites\/16\/2025\/08\/2025_Poinsettia_01000_Nordic_Winter_Charm_14.jpg 875w, https:\/\/starsforeurope.com\/pl\/wp-content\/uploads\/sites\/16\/2025\/08\/2025_Poinsettia_01000_Nordic_Winter_Charm_14-250x300.jpg 250w, https:\/\/starsforeurope.com\/pl\/wp-content\/uploads\/sites\/16\/2025\/08\/2025_Poinsettia_01000_Nordic_Winter_Charm_14-853x1024.jpg 853w, https:\/\/starsforeurope.com\/pl\/wp-content\/uploads\/sites\/16\/2025\/08\/2025_Poinsettia_01000_Nordic_Winter_Charm_14-768x922.jpg 768w\" sizes=\"auto, (max-width: 875px) 100vw, 875px\" \/><\/a><\/figure>\n\n<h3 class=\"wp-block-post-title\"><a href=\"https:\/\/starsforeurope.com\/pl\/press\/niech-twoje-gwiazdy-blyszcza-najlepsze-porady-dotyczace-pielegnacji-jak-zadbac-o-to-aby-ta-zywa-roslina-doniczkowa-wygladala-jak-najlepiej\/\" target=\"_self\" >Niech Twoje gwiazdy b\u0142yszcz\u0105: najlepsze porady dotycz\u0105ce piel\u0119gnacji. Jak zadba\u0107 o to, aby ta \u017cywa ro\u015blina doniczkowa wygl\u0105da\u0142a jak najlepiej<\/a><\/h3>\n\n\n<div class=\"wp-block-group postmetaline is-nowrap is-layout-flex wp-container-core-group-is-layout-6c531013 wp-block-group-is-layout-flex\"><div class=\"wp-block-post-date\"><time datetime=\"2025-08-21T08:00:00+02:00\">21. sierpnia 2025<\/time><\/div>\n\n<\/div>\n\n\n<div class=\"wp-block-post-excerpt\"><p class=\"wp-block-post-excerpt__excerpt\">Tutaj poznasz sprawdzone sposoby, dzi\u0119ki kt\u00f3rym Twoje poinsecje d\u0142ugo zachowaj\u0105 sw\u00f3j urok.<\/p><p class=\"wp-block-post-excerpt__more-text\"><a class=\"wp-block-post-excerpt__more-link\" href=\"https:\/\/starsforeurope.com\/pl\/press\/niech-twoje-gwiazdy-blyszcza-najlepsze-porady-dotyczace-pielegnacji-jak-zadbac-o-to-aby-ta-zywa-roslina-doniczkowa-wygladala-jak-najlepiej\/\">Wi\u0119cej<\/a><\/p><\/div>\n<\/li><li class=\"wp-block-post post-4956 press type-press status-publish has-post-thumbnail hentry press_cat-pielegnacja press_main-pressemitteilungen press_main-pielegnacja\">\n<figure style=\"aspect-ratio:1;\" class=\"featuredimage wp-block-post-featured-image\"><a href=\"https:\/\/starsforeurope.com\/pl\/press\/jak-skutecznie-dbac-o-poinsecje-znajomosc-zagrozen-i-ich-unikanie-podczas-pielegnacji-gwiazd\/\" target=\"_self\"  ><img loading=\"lazy\" decoding=\"async\" width=\"875\" height=\"1050\" src=\"https:\/\/starsforeurope.com\/pl\/wp-content\/uploads\/sites\/16\/2024\/07\/2024_Poinsettia_04000_Cosy_Cottage_Charm_21.jpg\" class=\"attachment-post-thumbnail size-post-thumbnail wp-post-image\" alt=\"Jak skutecznie dba\u0107 o poinsecje. Znajomo\u015b\u0107 zagro\u017ce\u0144 i ich unikanie podczas piel\u0119gnacji gwiazd\" style=\"width:100%;height:100%;object-fit:cover;\" srcset=\"https:\/\/starsforeurope.com\/pl\/wp-content\/uploads\/sites\/16\/2024\/07\/2024_Poinsettia_04000_Cosy_Cottage_Charm_21.jpg 875w, https:\/\/starsforeurope.com\/pl\/wp-content\/uploads\/sites\/16\/2024\/07\/2024_Poinsettia_04000_Cosy_Cottage_Charm_21-250x300.jpg 250w, https:\/\/starsforeurope.com\/pl\/wp-content\/uploads\/sites\/16\/2024\/07\/2024_Poinsettia_04000_Cosy_Cottage_Charm_21-853x1024.jpg 853w, https:\/\/starsforeurope.com\/pl\/wp-content\/uploads\/sites\/16\/2024\/07\/2024_Poinsettia_04000_Cosy_Cottage_Charm_21-768x922.jpg 768w, https:\/\/starsforeurope.com\/pl\/wp-content\/uploads\/sites\/16\/2024\/07\/2024_Poinsettia_04000_Cosy_Cottage_Charm_21-563x675.jpg 563w\" sizes=\"auto, (max-width: 875px) 100vw, 875px\" \/><\/a><\/figure>\n\n<h3 class=\"wp-block-post-title\"><a href=\"https:\/\/starsforeurope.com\/pl\/press\/jak-skutecznie-dbac-o-poinsecje-znajomosc-zagrozen-i-ich-unikanie-podczas-pielegnacji-gwiazd\/\" target=\"_self\" >Jak skutecznie dba\u0107 o poinsecje. Znajomo\u015b\u0107 zagro\u017ce\u0144 i ich unikanie podczas piel\u0119gnacji gwiazd<\/a><\/h3>\n\n\n<div class=\"wp-block-group postmetaline is-nowrap is-layout-flex wp-container-core-group-is-layout-6c531013 wp-block-group-is-layout-flex\"><div class=\"wp-block-post-date\"><time datetime=\"2024-11-03T08:12:00+01:00\">03. listopada 2024<\/time><\/div>\n\n<\/div>\n\n\n<div class=\"wp-block-post-excerpt\"><p class=\"wp-block-post-excerpt__excerpt\">Chcesz mie\u0107 pi\u0119kne poinsecje? Je\u015bli wiesz, na co wra\u017cliwe s\u0105 poinsecje, mo\u017cesz \u0142atwo unikn\u0105\u0107 problem\u00f3w podczas ich piel\u0119gnacji<\/p><p class=\"wp-block-post-excerpt__more-text\"><a class=\"wp-block-post-excerpt__more-link\" href=\"https:\/\/starsforeurope.com\/pl\/press\/jak-skutecznie-dbac-o-poinsecje-znajomosc-zagrozen-i-ich-unikanie-podczas-pielegnacji-gwiazd\/\">Wi\u0119cej<\/a><\/p><\/div>\n<\/li><li class=\"wp-block-post post-7442 press type-press status-publish has-post-thumbnail hentry press_cat-ciekawostki press_cat-pielegnacja press_main-pressemitteilungen press_main-pielegnacja\">\n<figure style=\"aspect-ratio:1;\" class=\"featuredimage wp-block-post-featured-image\"><a href=\"https:\/\/starsforeurope.com\/pl\/press\/zadbaj-wlasciwie-o-miniaturowe-poinsecje-wskazowki-dotyczace-pielegnacji-miniaturek\/\" target=\"_self\"  ><img loading=\"lazy\" decoding=\"async\" width=\"875\" height=\"1050\" src=\"https:\/\/starsforeurope.com\/pl\/wp-content\/uploads\/sites\/16\/2023\/07\/2016_Weihnachtsstern_Vielfalt_03.jpg\" class=\"attachment-post-thumbnail size-post-thumbnail wp-post-image\" alt=\"Zadbaj w\u0142a\u015bciwie o miniaturowe poinsecje: wskaz\u00f3wki dotycz\u0105ce piel\u0119gnacji miniaturek\" style=\"width:100%;height:100%;object-fit:cover;\" srcset=\"https:\/\/starsforeurope.com\/pl\/wp-content\/uploads\/sites\/16\/2023\/07\/2016_Weihnachtsstern_Vielfalt_03.jpg 875w, https:\/\/starsforeurope.com\/pl\/wp-content\/uploads\/sites\/16\/2023\/07\/2016_Weihnachtsstern_Vielfalt_03-250x300.jpg 250w, https:\/\/starsforeurope.com\/pl\/wp-content\/uploads\/sites\/16\/2023\/07\/2016_Weihnachtsstern_Vielfalt_03-853x1024.jpg 853w, https:\/\/starsforeurope.com\/pl\/wp-content\/uploads\/sites\/16\/2023\/07\/2016_Weihnachtsstern_Vielfalt_03-768x922.jpg 768w, https:\/\/starsforeurope.com\/pl\/wp-content\/uploads\/sites\/16\/2023\/07\/2016_Weihnachtsstern_Vielfalt_03-563x675.jpg 563w\" sizes=\"auto, (max-width: 875px) 100vw, 875px\" \/><\/a><\/figure>\n\n<h3 class=\"wp-block-post-title\"><a href=\"https:\/\/starsforeurope.com\/pl\/press\/zadbaj-wlasciwie-o-miniaturowe-poinsecje-wskazowki-dotyczace-pielegnacji-miniaturek\/\" target=\"_self\" >Zadbaj w\u0142a\u015bciwie o miniaturowe poinsecje: wskaz\u00f3wki dotycz\u0105ce piel\u0119gnacji miniaturek<\/a><\/h3>\n\n\n<div class=\"wp-block-group postmetaline is-nowrap is-layout-flex wp-container-core-group-is-layout-6c531013 wp-block-group-is-layout-flex\"><div class=\"wp-block-post-date\"><time datetime=\"2023-07-17T19:05:11+02:00\">17. lipca 2023<\/time><\/div>\n\n<\/div>\n\n\n<div class=\"wp-block-post-excerpt\"><p class=\"wp-block-post-excerpt__excerpt\">Post\u0119puj delikatnie: wskaz\u00f3wki dotycz\u0105ce piel\u0119gnacji miniaturowych poinsecji Teaser long: Piel\u0119gnacja miniaturowych poinsecji wymaga delikatno\u015bci. Dowiedz si\u0119, na co nale\u017cy zwraca\u0107 uwag\u0119 i dlaczego przesadzanie zwi\u0119ksza ich szanse na przetrwanie.<\/p><p class=\"wp-block-post-excerpt__more-text\"><a class=\"wp-block-post-excerpt__more-link\" href=\"https:\/\/starsforeurope.com\/pl\/press\/zadbaj-wlasciwie-o-miniaturowe-poinsecje-wskazowki-dotyczace-pielegnacji-miniaturek\/\">Wi\u0119cej<\/a><\/p><\/div>\n<\/li><li class=\"wp-block-post post-7351 press type-press status-publish has-post-thumbnail hentry press_cat-ciekawostki press_cat-pielegnacja press_main-pressemitteilungen press_main-pielegnacja\">\n<figure style=\"aspect-ratio:1;\" class=\"featuredimage wp-block-post-featured-image\"><a href=\"https:\/\/starsforeurope.com\/pl\/press\/optymalna-pielegnacja-poinsecji-feeria-kolorow-az-do-nowego-roku\/\" target=\"_self\"  ><img loading=\"lazy\" decoding=\"async\" width=\"875\" height=\"1050\" src=\"https:\/\/starsforeurope.com\/pl\/wp-content\/uploads\/sites\/16\/2023\/07\/2023_poinsettia_03000_Rustic_Scandi_Chr.jpg\" class=\"attachment-post-thumbnail size-post-thumbnail wp-post-image\" alt=\"Optymalna piel\u0119gnacja poinsecji: feeria kolor\u00f3w a\u017c do Nowego Roku\" style=\"width:100%;height:100%;object-fit:cover;\" srcset=\"https:\/\/starsforeurope.com\/pl\/wp-content\/uploads\/sites\/16\/2023\/07\/2023_poinsettia_03000_Rustic_Scandi_Chr.jpg 875w, https:\/\/starsforeurope.com\/pl\/wp-content\/uploads\/sites\/16\/2023\/07\/2023_poinsettia_03000_Rustic_Scandi_Chr-250x300.jpg 250w, https:\/\/starsforeurope.com\/pl\/wp-content\/uploads\/sites\/16\/2023\/07\/2023_poinsettia_03000_Rustic_Scandi_Chr-853x1024.jpg 853w, https:\/\/starsforeurope.com\/pl\/wp-content\/uploads\/sites\/16\/2023\/07\/2023_poinsettia_03000_Rustic_Scandi_Chr-768x922.jpg 768w, https:\/\/starsforeurope.com\/pl\/wp-content\/uploads\/sites\/16\/2023\/07\/2023_poinsettia_03000_Rustic_Scandi_Chr-563x675.jpg 563w\" sizes=\"auto, (max-width: 875px) 100vw, 875px\" \/><\/a><\/figure>\n\n<h3 class=\"wp-block-post-title\"><a href=\"https:\/\/starsforeurope.com\/pl\/press\/optymalna-pielegnacja-poinsecji-feeria-kolorow-az-do-nowego-roku\/\" target=\"_self\" >Optymalna piel\u0119gnacja poinsecji: feeria kolor\u00f3w a\u017c do Nowego Roku<\/a><\/h3>\n\n\n<div class=\"wp-block-group postmetaline is-nowrap is-layout-flex wp-container-core-group-is-layout-6c531013 wp-block-group-is-layout-flex\"><div class=\"wp-block-post-date\"><time datetime=\"2023-07-17T18:13:07+02:00\">17. lipca 2023<\/time><\/div>\n\n<\/div>\n\n\n<div class=\"wp-block-post-excerpt\"><p class=\"wp-block-post-excerpt__excerpt\">Najlepsza piel\u0119gnacja poinsecji: zdecydowany kolor przylistk\u00f3w a\u017c do Nowego Roku Teaser long: Odpowiednio piel\u0119gnowane poinsecje tworz\u0105 radosn\u0105, przyjemn\u0105 atmosfer\u0119 przez wiele miesi\u0119cy. Podpowiadamy, jak piel\u0119gnowa\u0107 te \u015bwi\u0105teczne ro\u015bliny, \u017ceby zachowa\u0142y kolor a\u017c do Nowego Roku.<\/p><p class=\"wp-block-post-excerpt__more-text\"><a class=\"wp-block-post-excerpt__more-link\" href=\"https:\/\/starsforeurope.com\/pl\/press\/optymalna-pielegnacja-poinsecji-feeria-kolorow-az-do-nowego-roku\/\">Wi\u0119cej<\/a><\/p><\/div>\n<\/li><\/ul>\n\n<nav class=\"wp-block-query-pagination is-content-justification-center is-layout-flex wp-container-core-query-pagination-is-layout-a89b3969 wp-block-query-pagination-is-layout-flex\" aria-label=\"Stronicowanie\">\n\n\n<div class=\"wp-block-query-pagination-numbers has-medium-font-size\"><span aria-current=\"page\" class=\"page-numbers current\">1<\/span>\n<a class=\"page-numbers\" href=\"?query-0-page=2\">2<\/a>\n<a class=\"page-numbers\" href=\"?query-0-page=3\">3<\/a><\/div>\n\n<a href=\"\/pl\/wp-json\/wp\/v2\/pages\/8030?query-0-page=2\" class=\"wp-block-query-pagination-next\">\u22b3<\/a>\n<\/nav>\n\n<\/div>\n\n\n\n<div style=\"height:3rem\" aria-hidden=\"true\" class=\"wp-block-spacer\"><\/div>\n<\/main>","protected":false},"excerpt":{"rendered":"<p>Poznaj kilka prostych krok\u00f3w, dzi\u0119ki kt\u00f3rym wyd\u0142u\u017cysz \u017cywotno\u015b\u0107 poinsecji d\u0142u\u017cej ni\u017c my\u015blisz. Wystarczy post\u0119powa\u0107 zgodnie z naszymi wskaz\u00f3wkami dotycz\u0105cymi piel\u0119gnacji ro\u015blin kwitn\u0105cych.<\/p>\n","protected":false},"author":24,"featured_media":4366,"parent":7,"menu_order":0,"comment_status":"closed","ping_status":"closed","template":"two-column-press","meta":{"_acf_changed":false,"footnotes":""},"class_list":["post-8030","page","type-page","status-publish","has-post-thumbnail","hentry"],"acf":[],"_links":{"self":[{"href":"https:\/\/starsforeurope.com\/pl\/wp-json\/wp\/v2\/pages\/8030","targetHints":{"allow":["GET"]}}],"collection":[{"href":"https:\/\/starsforeurope.com\/pl\/wp-json\/wp\/v2\/pages"}],"about":[{"href":"https:\/\/starsforeurope.com\/pl\/wp-json\/wp\/v2\/types\/page"}],"author":[{"embeddable":true,"href":"https:\/\/starsforeurope.com\/pl\/wp-json\/wp\/v2\/users\/24"}],"replies":[{"embeddable":true,"href":"https:\/\/starsforeurope.com\/pl\/wp-json\/wp\/v2\/comments?post=8030"}],"version-history":[{"count":1,"href":"https:\/\/starsforeurope.com\/pl\/wp-json\/wp\/v2\/pages\/8030\/revisions"}],"predecessor-version":[{"id":8031,"href":"https:\/\/starsforeurope.com\/pl\/wp-json\/wp\/v2\/pages\/8030\/revisions\/8031"}],"up":[{"embeddable":true,"href":"https:\/\/starsforeurope.com\/pl\/wp-json\/wp\/v2\/pages\/7"}],"wp:featuredmedia":[{"embeddable":true,"href":"https:\/\/starsforeurope.com\/pl\/wp-json\/wp\/v2\/media\/4366"}],"wp:attachment":[{"href":"https:\/\/starsforeurope.com\/pl\/wp-json\/wp\/v2\/media?parent=8030"}],"curies":[{"name":"wp","href":"https:\/\/api.w.org\/{rel}","templated":true}]}}