{"id":8008,"date":"2025-08-05T13:32:55","date_gmt":"2025-08-05T11:32:55","guid":{"rendered":"https:\/\/starsforeurope.com\/pl\/?page_id=8008"},"modified":"2025-08-11T09:00:37","modified_gmt":"2025-08-11T07:00:37","slug":"warto-wiedziec","status":"publish","type":"page","link":"https:\/\/starsforeurope.com\/pl\/wiedza\/warto-wiedziec\/","title":{"rendered":"Wszystko o poinsecji"},"content":{"rendered":"<main class=\"wp-block-group postimage-half wide-content is-layout-flow wp-block-group-is-layout-flow\" style=\"margin-top:var(--wp--preset--spacing--50)\">\n<div style=\"height:3rem\" aria-hidden=\"true\" class=\"wp-block-spacer\"><\/div>\n\n\n\n<div class=\"wp-block-query is-layout-flow wp-block-query-is-layout-flow\"><ul class=\"columns-2 wp-block-post-template is-layout-grid wp-container-core-post-template-is-layout-37ef2942 wp-block-post-template-is-layout-grid\"><li class=\"wp-block-post post-7567 blog type-blog status-publish has-post-thumbnail hentry blog_cat-ciekawostki blog_cat-pielegnacja blog_main-nowosci blog_main-warto-wiedziec blog_main-wiedza\">\n<figure style=\"aspect-ratio:1;\" class=\"featuredimage wp-block-post-featured-image\"><a href=\"https:\/\/starsforeurope.com\/pl\/blog\/wskazowki-dotyczace-zakupu-poinsecji\/\" target=\"_self\"  ><img loading=\"lazy\" decoding=\"async\" width=\"1050\" height=\"875\" src=\"https:\/\/starsforeurope.com\/pl\/wp-content\/uploads\/sites\/16\/2023\/10\/2021-poinsettia-01000-boho-green-living-01-1.jpg\" class=\"attachment-post-thumbnail size-post-thumbnail wp-post-image\" alt=\"Wskaz\u00f3wki dotycz\u0105ce zakupu poinsecji\" style=\"width:100%;height:100%;object-fit:cover;\" srcset=\"https:\/\/starsforeurope.com\/pl\/wp-content\/uploads\/sites\/16\/2023\/10\/2021-poinsettia-01000-boho-green-living-01-1.jpg 1050w, https:\/\/starsforeurope.com\/pl\/wp-content\/uploads\/sites\/16\/2023\/10\/2021-poinsettia-01000-boho-green-living-01-1-300x250.jpg 300w, https:\/\/starsforeurope.com\/pl\/wp-content\/uploads\/sites\/16\/2023\/10\/2021-poinsettia-01000-boho-green-living-01-1-1024x853.jpg 1024w, https:\/\/starsforeurope.com\/pl\/wp-content\/uploads\/sites\/16\/2023\/10\/2021-poinsettia-01000-boho-green-living-01-1-768x640.jpg 768w, https:\/\/starsforeurope.com\/pl\/wp-content\/uploads\/sites\/16\/2023\/10\/2021-poinsettia-01000-boho-green-living-01-1-810x675.jpg 810w\" sizes=\"auto, (max-width: 1050px) 100vw, 1050px\" \/><\/a><\/figure>\n\n<h3 class=\"wp-block-post-title\"><a href=\"https:\/\/starsforeurope.com\/pl\/blog\/wskazowki-dotyczace-zakupu-poinsecji\/\" target=\"_self\" >Wskaz\u00f3wki dotycz\u0105ce zakupu poinsecji<\/a><\/h3>\n\n\n<div class=\"wp-block-group postmetaline is-nowrap is-layout-flex wp-container-core-group-is-layout-6c531013 wp-block-group-is-layout-flex\"><div class=\"wp-block-post-date\"><time datetime=\"2023-11-07T02:43:03+01:00\">07. listopada 2023<\/time><\/div>\n\n<\/div>\n\n\n<div class=\"wp-block-post-excerpt\"><p class=\"wp-block-post-excerpt__excerpt\">Dowiedz si\u0119, jak kupi\u0107 zdrow\u0105 poinsecj\u0119, kt\u00f3ra b\u0119dzie wygl\u0105da\u0107 atrakcyjnie przez d\u0142u\u017cszy czas. Chodzi o li\u015bcie, p\u0105ki, odpowiednie zapotrzebowanie w wod\u0119, oraz warunki w sklepie i podczas transportu do domu. \ud83d\ude03<\/p><p class=\"wp-block-post-excerpt__more-text\"><a class=\"wp-block-post-excerpt__more-link\" href=\"https:\/\/starsforeurope.com\/pl\/blog\/wskazowki-dotyczace-zakupu-poinsecji\/\">Wi\u0119cej<\/a><\/p><\/div>\n<\/li><li class=\"wp-block-post post-4605 blog type-blog status-publish has-post-thumbnail hentry blog_cat-historia blog_main-warto-wiedziec blog_main-wiedza\">\n<figure style=\"aspect-ratio:1;\" class=\"featuredimage wp-block-post-featured-image\"><a href=\"https:\/\/starsforeurope.com\/pl\/blog\/poinsecja-symbol-bozego-narodzenia-na-calym-swiecie\/\" target=\"_self\"  ><img loading=\"lazy\" decoding=\"async\" width=\"875\" height=\"1050\" src=\"https:\/\/starsforeurope.com\/pl\/wp-content\/uploads\/sites\/16\/2022\/08\/2019-poinsettia-02000-christmas-wonderland-21.jpg\" class=\"attachment-post-thumbnail size-post-thumbnail wp-post-image\" alt=\"Poinsecja: symbol Bo\u017cego Narodzenia na ca\u0142ym \u015bwiecie\" style=\"width:100%;height:100%;object-fit:cover;\" srcset=\"https:\/\/starsforeurope.com\/pl\/wp-content\/uploads\/sites\/16\/2022\/08\/2019-poinsettia-02000-christmas-wonderland-21.jpg 875w, https:\/\/starsforeurope.com\/pl\/wp-content\/uploads\/sites\/16\/2022\/08\/2019-poinsettia-02000-christmas-wonderland-21-250x300.jpg 250w, https:\/\/starsforeurope.com\/pl\/wp-content\/uploads\/sites\/16\/2022\/08\/2019-poinsettia-02000-christmas-wonderland-21-853x1024.jpg 853w, https:\/\/starsforeurope.com\/pl\/wp-content\/uploads\/sites\/16\/2022\/08\/2019-poinsettia-02000-christmas-wonderland-21-768x922.jpg 768w, https:\/\/starsforeurope.com\/pl\/wp-content\/uploads\/sites\/16\/2022\/08\/2019-poinsettia-02000-christmas-wonderland-21-563x675.jpg 563w\" sizes=\"auto, (max-width: 875px) 100vw, 875px\" \/><\/a><\/figure>\n\n<h3 class=\"wp-block-post-title\"><a href=\"https:\/\/starsforeurope.com\/pl\/blog\/poinsecja-symbol-bozego-narodzenia-na-calym-swiecie\/\" target=\"_self\" >Poinsecja: symbol Bo\u017cego Narodzenia na ca\u0142ym \u015bwiecie<\/a><\/h3>\n\n\n<div class=\"wp-block-group postmetaline is-nowrap is-layout-flex wp-container-core-group-is-layout-6c531013 wp-block-group-is-layout-flex\"><div class=\"wp-block-post-date\"><time datetime=\"2021-11-24T13:48:00+01:00\">24. listopada 2021<\/time><\/div>\n\n<\/div>\n\n\n<div class=\"wp-block-post-excerpt\"><p class=\"wp-block-post-excerpt__excerpt\">W wielu krajach na \u015bwiecie poinsecja jest symbolem Bo\u017cego Narodzenia. Tutaj mo\u017cesz przeczyta\u0107 wi\u0119cej o jej znaczeniu dla kultury.<\/p><p class=\"wp-block-post-excerpt__more-text\"><a class=\"wp-block-post-excerpt__more-link\" href=\"https:\/\/starsforeurope.com\/pl\/blog\/poinsecja-symbol-bozego-narodzenia-na-calym-swiecie\/\">Wi\u0119cej<\/a><\/p><\/div>\n<\/li><li class=\"wp-block-post post-4569 blog type-blog status-publish has-post-thumbnail hentry blog_cat-historia blog_main-warto-wiedziec blog_main-wiedza\">\n<figure style=\"aspect-ratio:1;\" class=\"featuredimage wp-block-post-featured-image\"><a href=\"https:\/\/starsforeurope.com\/pl\/blog\/siedem-najpiekniejszych-tradycji-adwentowych-w-europie\/\" target=\"_self\"  ><img loading=\"lazy\" decoding=\"async\" width=\"875\" height=\"1050\" src=\"https:\/\/starsforeurope.com\/pl\/wp-content\/uploads\/sites\/16\/2022\/08\/2014-sternenkranz-07.jpg\" class=\"attachment-post-thumbnail size-post-thumbnail wp-post-image\" alt=\"Siedem najpi\u0119kniejszych tradycji adwentowych w Europie\" style=\"width:100%;height:100%;object-fit:cover;\" srcset=\"https:\/\/starsforeurope.com\/pl\/wp-content\/uploads\/sites\/16\/2022\/08\/2014-sternenkranz-07.jpg 875w, https:\/\/starsforeurope.com\/pl\/wp-content\/uploads\/sites\/16\/2022\/08\/2014-sternenkranz-07-250x300.jpg 250w, https:\/\/starsforeurope.com\/pl\/wp-content\/uploads\/sites\/16\/2022\/08\/2014-sternenkranz-07-853x1024.jpg 853w, https:\/\/starsforeurope.com\/pl\/wp-content\/uploads\/sites\/16\/2022\/08\/2014-sternenkranz-07-768x922.jpg 768w, https:\/\/starsforeurope.com\/pl\/wp-content\/uploads\/sites\/16\/2022\/08\/2014-sternenkranz-07-563x675.jpg 563w\" sizes=\"auto, (max-width: 875px) 100vw, 875px\" \/><\/a><\/figure>\n\n<h3 class=\"wp-block-post-title\"><a href=\"https:\/\/starsforeurope.com\/pl\/blog\/siedem-najpiekniejszych-tradycji-adwentowych-w-europie\/\" target=\"_self\" >Siedem najpi\u0119kniejszych tradycji adwentowych w Europie<\/a><\/h3>\n\n\n<div class=\"wp-block-group postmetaline is-nowrap is-layout-flex wp-container-core-group-is-layout-6c531013 wp-block-group-is-layout-flex\"><div class=\"wp-block-post-date\"><time datetime=\"2021-11-24T09:53:25+01:00\">24. listopada 2021<\/time><\/div>\n\n<\/div>\n\n\n<div class=\"wp-block-post-excerpt\"><p class=\"wp-block-post-excerpt__excerpt\">W wielu europejskich krajach, o r\u00f3\u017cnych tradycjach, poinsecje s\u0105 wa\u017cnym symbolem Bo\u017cego Narodzenia. Tutaj przedstawiamy niekt\u00f3re z nich.<\/p><p class=\"wp-block-post-excerpt__more-text\"><a class=\"wp-block-post-excerpt__more-link\" href=\"https:\/\/starsforeurope.com\/pl\/blog\/siedem-najpiekniejszych-tradycji-adwentowych-w-europie\/\">Wi\u0119cej<\/a><\/p><\/div>\n<\/li><li class=\"wp-block-post post-4564 blog type-blog status-publish has-post-thumbnail hentry blog_cat-historia blog_cat-odmiany blog_main-roznorodnosc blog_main-warto-wiedziec blog_main-wiedza\">\n<figure style=\"aspect-ratio:1;\" class=\"featuredimage wp-block-post-featured-image\"><a href=\"https:\/\/starsforeurope.com\/pl\/blog\/historia-poinsecji\/\" target=\"_self\"  ><img loading=\"lazy\" decoding=\"async\" width=\"875\" height=\"1050\" src=\"https:\/\/starsforeurope.com\/pl\/wp-content\/uploads\/sites\/16\/2022\/08\/2020-poinsetti-01000-christmas-green-spirit-30.jpg\" class=\"attachment-post-thumbnail size-post-thumbnail wp-post-image\" alt=\"Historia poinsecji\" style=\"width:100%;height:100%;object-fit:cover;\" srcset=\"https:\/\/starsforeurope.com\/pl\/wp-content\/uploads\/sites\/16\/2022\/08\/2020-poinsetti-01000-christmas-green-spirit-30.jpg 875w, https:\/\/starsforeurope.com\/pl\/wp-content\/uploads\/sites\/16\/2022\/08\/2020-poinsetti-01000-christmas-green-spirit-30-250x300.jpg 250w, https:\/\/starsforeurope.com\/pl\/wp-content\/uploads\/sites\/16\/2022\/08\/2020-poinsetti-01000-christmas-green-spirit-30-853x1024.jpg 853w, https:\/\/starsforeurope.com\/pl\/wp-content\/uploads\/sites\/16\/2022\/08\/2020-poinsetti-01000-christmas-green-spirit-30-768x922.jpg 768w, https:\/\/starsforeurope.com\/pl\/wp-content\/uploads\/sites\/16\/2022\/08\/2020-poinsetti-01000-christmas-green-spirit-30-563x675.jpg 563w\" sizes=\"auto, (max-width: 875px) 100vw, 875px\" \/><\/a><\/figure>\n\n<h3 class=\"wp-block-post-title\"><a href=\"https:\/\/starsforeurope.com\/pl\/blog\/historia-poinsecji\/\" target=\"_self\" >Historia poinsecji<\/a><\/h3>\n\n\n<div class=\"wp-block-group postmetaline is-nowrap is-layout-flex wp-container-core-group-is-layout-6c531013 wp-block-group-is-layout-flex\"><div class=\"wp-block-post-date\"><time datetime=\"2021-11-24T07:49:29+01:00\">24. listopada 2021<\/time><\/div>\n\n<\/div>\n\n\n<div class=\"wp-block-post-excerpt\"><p class=\"wp-block-post-excerpt__excerpt\">Jak krzew z Ameryki \u015arodkowej sta\u0142 si\u0119 jedn\u0105 z najpopularniejszych ro\u015blin doniczkowych w Europie i \u015bwiatowym symbolem Bo\u017cego Narodzenia? Dowiesz si\u0119 z tego artyku\u0142u.<\/p><p class=\"wp-block-post-excerpt__more-text\"><a class=\"wp-block-post-excerpt__more-link\" href=\"https:\/\/starsforeurope.com\/pl\/blog\/historia-poinsecji\/\">Wi\u0119cej<\/a><\/p><\/div>\n<\/li><\/ul>\n\n<nav class=\"wp-block-query-pagination is-content-justification-center is-layout-flex wp-container-core-query-pagination-is-layout-a89b3969 wp-block-query-pagination-is-layout-flex\" aria-label=\"Stronicowanie\">\n\n\n<div class=\"wp-block-query-pagination-numbers has-medium-font-size\"><span aria-current=\"page\" class=\"page-numbers current\">1<\/span>\n<a class=\"page-numbers\" href=\"?query-0-page=2\">2<\/a><\/div>\n\n<a href=\"\/pl\/wp-json\/wp\/v2\/pages\/8008?query-0-page=2\" class=\"wp-block-query-pagination-next\">\u22b3<\/a>\n<\/nav>\n\n<\/div>\n\n\n\n<div style=\"height:3rem\" aria-hidden=\"true\" class=\"wp-block-spacer\"><\/div>\n<\/main>","protected":false},"excerpt":{"rendered":"<p>Odkryj pochodzenie, znaczenie i zabawne fakty zwi\u0105zane z ulubionym kwiatem \u015bwi\u0105t.<\/p>\n","protected":false},"author":24,"featured_media":4353,"parent":26,"menu_order":0,"comment_status":"closed","ping_status":"closed","template":"two-column-blog-single","meta":{"_acf_changed":false,"footnotes":""},"class_list":["post-8008","page","type-page","status-publish","has-post-thumbnail","hentry"],"acf":[],"_links":{"self":[{"href":"https:\/\/starsforeurope.com\/pl\/wp-json\/wp\/v2\/pages\/8008","targetHints":{"allow":["GET"]}}],"collection":[{"href":"https:\/\/starsforeurope.com\/pl\/wp-json\/wp\/v2\/pages"}],"about":[{"href":"https:\/\/starsforeurope.com\/pl\/wp-json\/wp\/v2\/types\/page"}],"author":[{"embeddable":true,"href":"https:\/\/starsforeurope.com\/pl\/wp-json\/wp\/v2\/users\/24"}],"replies":[{"embeddable":true,"href":"https:\/\/starsforeurope.com\/pl\/wp-json\/wp\/v2\/comments?post=8008"}],"version-history":[{"count":2,"href":"https:\/\/starsforeurope.com\/pl\/wp-json\/wp\/v2\/pages\/8008\/revisions"}],"predecessor-version":[{"id":8025,"href":"https:\/\/starsforeurope.com\/pl\/wp-json\/wp\/v2\/pages\/8008\/revisions\/8025"}],"up":[{"embeddable":true,"href":"https:\/\/starsforeurope.com\/pl\/wp-json\/wp\/v2\/pages\/26"}],"wp:featuredmedia":[{"embeddable":true,"href":"https:\/\/starsforeurope.com\/pl\/wp-json\/wp\/v2\/media\/4353"}],"wp:attachment":[{"href":"https:\/\/starsforeurope.com\/pl\/wp-json\/wp\/v2\/media?parent=8008"}],"curies":[{"name":"wp","href":"https:\/\/api.w.org\/{rel}","templated":true}]}}