{"id":7996,"date":"2025-08-05T13:19:32","date_gmt":"2025-08-05T11:19:32","guid":{"rendered":"https:\/\/starsforeurope.com\/pl\/?page_id=7996"},"modified":"2025-08-11T09:00:37","modified_gmt":"2025-08-11T07:00:37","slug":"podlewanie","status":"publish","type":"page","link":"https:\/\/starsforeurope.com\/pl\/pielegnacja\/podlewanie\/","title":{"rendered":"Podlewanie poinsecji"},"content":{"rendered":"<div class=\"wp-block-group postimage-half wide-content is-layout-flow wp-block-group-is-layout-flow\" style=\"margin-top:var(--wp--preset--spacing--50)\">\n<div style=\"height:3rem\" aria-hidden=\"true\" class=\"wp-block-spacer\"><\/div>\n\n\n\n<div class=\"wp-block-query is-layout-flow wp-block-query-is-layout-flow\"><ul class=\"columns-2 wp-block-post-template is-layout-grid wp-container-core-post-template-is-layout-37ef2942 wp-block-post-template-is-layout-grid\"><li class=\"wp-block-post post-7914 blog type-blog status-publish has-post-thumbnail hentry blog_cat-ciekawostki blog_cat-pielegnacja blog_main-pflegetipps blog_main-podlewanie\">\n<figure style=\"aspect-ratio:1;\" class=\"featuredimage wp-block-post-featured-image\"><a href=\"https:\/\/starsforeurope.com\/pl\/blog\/najlepszy-przewodnik-podlewania-twojej-poinsecji\/\" target=\"_self\"  ><img loading=\"lazy\" decoding=\"async\" width=\"853\" height=\"1024\" src=\"https:\/\/starsforeurope.com\/pl\/wp-content\/uploads\/sites\/16\/2024\/11\/2022_poinsettia_03000_varieties_03-853x1024-1.jpg\" class=\"attachment-post-thumbnail size-post-thumbnail wp-post-image\" alt=\"Podlewanie poinsecji: Ile wody naprawd\u0119 potrzebuj\u0105?\" style=\"width:100%;height:100%;object-fit:cover;\" srcset=\"https:\/\/starsforeurope.com\/pl\/wp-content\/uploads\/sites\/16\/2024\/11\/2022_poinsettia_03000_varieties_03-853x1024-1.jpg 853w, https:\/\/starsforeurope.com\/pl\/wp-content\/uploads\/sites\/16\/2024\/11\/2022_poinsettia_03000_varieties_03-853x1024-1-250x300.jpg 250w, https:\/\/starsforeurope.com\/pl\/wp-content\/uploads\/sites\/16\/2024\/11\/2022_poinsettia_03000_varieties_03-853x1024-1-768x922.jpg 768w, https:\/\/starsforeurope.com\/pl\/wp-content\/uploads\/sites\/16\/2024\/11\/2022_poinsettia_03000_varieties_03-853x1024-1-562x675.jpg 562w\" sizes=\"auto, (max-width: 853px) 100vw, 853px\" \/><\/a><\/figure>\n\n<h3 class=\"wp-block-post-title\"><a href=\"https:\/\/starsforeurope.com\/pl\/blog\/najlepszy-przewodnik-podlewania-twojej-poinsecji\/\" target=\"_self\" >Podlewanie poinsecji: Ile wody naprawd\u0119 potrzebuj\u0105?<\/a><\/h3>\n\n\n<div class=\"wp-block-group postmetaline is-nowrap is-layout-flex wp-container-core-group-is-layout-6c531013 wp-block-group-is-layout-flex\"><div class=\"wp-block-post-date\"><time datetime=\"2024-11-07T13:55:24+01:00\">07. listopada 2024<\/time><\/div>\n\n<\/div>\n\n\n<div class=\"wp-block-post-excerpt\"><p class=\"wp-block-post-excerpt__excerpt\">Odpowiednia ilo\u015b\u0107 wody ma kluczowe znaczenie dla kondycji poinsecji. Oto kilka prostych wskaz\u00f3wek dotycz\u0105cych podlewania, dzi\u0119ki kt\u00f3rym poinsecja zachowa sw\u00f3j pi\u0119kny kolor na d\u0142u\u017cej.<\/p><p class=\"wp-block-post-excerpt__more-text\"><a class=\"wp-block-post-excerpt__more-link\" href=\"https:\/\/starsforeurope.com\/pl\/blog\/najlepszy-przewodnik-podlewania-twojej-poinsecji\/\">Wi\u0119cej<\/a><\/p><\/div>\n<\/li><\/ul>\n\n\n\n<\/div>\n\n\n\n<div style=\"height:3rem\" aria-hidden=\"true\" class=\"wp-block-spacer\"><\/div>\n<\/div>","protected":false},"excerpt":{"rendered":"<p>Zachowaj \u015bwie\u017co\u015b\u0107 i \u015bwi\u0105teczny wygl\u0105d poinsecji dzi\u0119ki tym prostym wskaz\u00f3wkom dotycz\u0105cym podlewania.<\/p>\n","protected":false},"author":24,"featured_media":4350,"parent":20,"menu_order":0,"comment_status":"closed","ping_status":"closed","template":"two-column-blog-single","meta":{"_acf_changed":false,"footnotes":""},"class_list":["post-7996","page","type-page","status-publish","has-post-thumbnail","hentry"],"acf":[],"_links":{"self":[{"href":"https:\/\/starsforeurope.com\/pl\/wp-json\/wp\/v2\/pages\/7996","targetHints":{"allow":["GET"]}}],"collection":[{"href":"https:\/\/starsforeurope.com\/pl\/wp-json\/wp\/v2\/pages"}],"about":[{"href":"https:\/\/starsforeurope.com\/pl\/wp-json\/wp\/v2\/types\/page"}],"author":[{"embeddable":true,"href":"https:\/\/starsforeurope.com\/pl\/wp-json\/wp\/v2\/users\/24"}],"replies":[{"embeddable":true,"href":"https:\/\/starsforeurope.com\/pl\/wp-json\/wp\/v2\/comments?post=7996"}],"version-history":[{"count":2,"href":"https:\/\/starsforeurope.com\/pl\/wp-json\/wp\/v2\/pages\/7996\/revisions"}],"predecessor-version":[{"id":8010,"href":"https:\/\/starsforeurope.com\/pl\/wp-json\/wp\/v2\/pages\/7996\/revisions\/8010"}],"up":[{"embeddable":true,"href":"https:\/\/starsforeurope.com\/pl\/wp-json\/wp\/v2\/pages\/20"}],"wp:featuredmedia":[{"embeddable":true,"href":"https:\/\/starsforeurope.com\/pl\/wp-json\/wp\/v2\/media\/4350"}],"wp:attachment":[{"href":"https:\/\/starsforeurope.com\/pl\/wp-json\/wp\/v2\/media?parent=7996"}],"curies":[{"name":"wp","href":"https:\/\/api.w.org\/{rel}","templated":true}]}}