{"id":7992,"date":"2025-08-05T13:13:06","date_gmt":"2025-08-05T11:13:06","guid":{"rendered":"https:\/\/starsforeurope.com\/pl\/?page_id=7992"},"modified":"2025-08-11T09:00:37","modified_gmt":"2025-08-11T07:00:37","slug":"dekoracje-choinkowe","status":"publish","type":"page","link":"https:\/\/starsforeurope.com\/pl\/dekoracja\/dekoracje-choinkowe\/","title":{"rendered":"Poinsecja do dekoracji choinki \u015bwi\u0105tecznej"},"content":{"rendered":"<div class=\"wp-block-group postimage-half wide-content is-layout-flow wp-block-group-is-layout-flow\" style=\"margin-top:var(--wp--preset--spacing--50)\">\n<div style=\"height:3rem\" aria-hidden=\"true\" class=\"wp-block-spacer\"><\/div>\n\n\n\n<div class=\"wp-block-query is-layout-flow wp-block-query-is-layout-flow\">\n\n\n\n<div class=\"wp-block-query-no-results\">\n\n<p><\/p>\n\n<\/div><\/div>\n\n\n\n<div style=\"height:3rem\" aria-hidden=\"true\" class=\"wp-block-spacer\"><\/div>\n<\/div>","protected":false},"excerpt":{"rendered":"<p>Dodaj \u017cywy, \u015bwi\u0105teczny akcent do swojej choinki dzi\u0119ki pi\u0119knym ozdobom i akcentom z poinsecji, kt\u00f3re rozja\u015bni\u0105 \u015bwi\u0105teczny nastr\u00f3j.<\/p>\n","protected":false},"author":24,"featured_media":4352,"parent":22,"menu_order":0,"comment_status":"closed","ping_status":"closed","template":"two-column-blog-single","meta":{"_acf_changed":false,"footnotes":""},"class_list":["post-7992","page","type-page","status-publish","has-post-thumbnail","hentry"],"acf":[],"_links":{"self":[{"href":"https:\/\/starsforeurope.com\/pl\/wp-json\/wp\/v2\/pages\/7992","targetHints":{"allow":["GET"]}}],"collection":[{"href":"https:\/\/starsforeurope.com\/pl\/wp-json\/wp\/v2\/pages"}],"about":[{"href":"https:\/\/starsforeurope.com\/pl\/wp-json\/wp\/v2\/types\/page"}],"author":[{"embeddable":true,"href":"https:\/\/starsforeurope.com\/pl\/wp-json\/wp\/v2\/users\/24"}],"replies":[{"embeddable":true,"href":"https:\/\/starsforeurope.com\/pl\/wp-json\/wp\/v2\/comments?post=7992"}],"version-history":[{"count":2,"href":"https:\/\/starsforeurope.com\/pl\/wp-json\/wp\/v2\/pages\/7992\/revisions"}],"predecessor-version":[{"id":8019,"href":"https:\/\/starsforeurope.com\/pl\/wp-json\/wp\/v2\/pages\/7992\/revisions\/8019"}],"up":[{"embeddable":true,"href":"https:\/\/starsforeurope.com\/pl\/wp-json\/wp\/v2\/pages\/22"}],"wp:featuredmedia":[{"embeddable":true,"href":"https:\/\/starsforeurope.com\/pl\/wp-json\/wp\/v2\/media\/4352"}],"wp:attachment":[{"href":"https:\/\/starsforeurope.com\/pl\/wp-json\/wp\/v2\/media?parent=7992"}],"curies":[{"name":"wp","href":"https:\/\/api.w.org\/{rel}","templated":true}]}}