{"id":7988,"date":"2025-08-05T13:05:47","date_gmt":"2025-08-05T11:05:47","guid":{"rendered":"https:\/\/starsforeurope.com\/pl\/?page_id=7988"},"modified":"2025-08-11T09:00:37","modified_gmt":"2025-08-11T07:00:37","slug":"kwiaty-ciete","status":"publish","type":"page","link":"https:\/\/starsforeurope.com\/pl\/dekoracja\/kwiaty-ciete\/","title":{"rendered":"Dekoracje z poinsecj\u0105 ci\u0119t\u0105"},"content":{"rendered":"<div class=\"wp-block-group postimage-half wide-content is-layout-flow wp-block-group-is-layout-flow\" style=\"margin-top:var(--wp--preset--spacing--50)\">\n<div style=\"height:3rem\" aria-hidden=\"true\" class=\"wp-block-spacer\"><\/div>\n\n\n\n<div class=\"wp-block-query is-layout-flow wp-block-query-is-layout-flow\"><ul class=\"columns-2 wp-block-post-template is-layout-grid wp-container-core-post-template-is-layout-37ef2942 wp-block-post-template-is-layout-grid\"><li class=\"wp-block-post post-7619 blog type-blog status-publish has-post-thumbnail hentry blog_cat-dekoracja-adwentowa blog_cat-dekoracja-stolu blog_cat-dekoracje-slubne blog_main-dekoracja blog_main-kwiaty-ciete\">\n<figure style=\"aspect-ratio:1;\" class=\"featuredimage wp-block-post-featured-image\"><a href=\"https:\/\/starsforeurope.com\/pl\/blog\/spelnij-swoje-dekoracyjne-marzenia-uzyj-poinsecji-jako-kwiatow-cietych\/\" target=\"_self\"  ><img loading=\"lazy\" decoding=\"async\" width=\"875\" height=\"1050\" src=\"https:\/\/starsforeurope.com\/pl\/wp-content\/uploads\/sites\/16\/2022\/09\/2021-poinsettia-05000-christma.jpg\" class=\"attachment-post-thumbnail size-post-thumbnail wp-post-image\" alt=\"Wykorzystanie poinsecji jako kwiat\u00f3w ci\u0119tych: Pomys\u0142y na dekoracje, warunki, technika przycinania i historia\" style=\"width:100%;height:100%;object-fit:cover;\" srcset=\"https:\/\/starsforeurope.com\/pl\/wp-content\/uploads\/sites\/16\/2022\/09\/2021-poinsettia-05000-christma.jpg 875w, https:\/\/starsforeurope.com\/pl\/wp-content\/uploads\/sites\/16\/2022\/09\/2021-poinsettia-05000-christma-250x300.jpg 250w, https:\/\/starsforeurope.com\/pl\/wp-content\/uploads\/sites\/16\/2022\/09\/2021-poinsettia-05000-christma-853x1024.jpg 853w, https:\/\/starsforeurope.com\/pl\/wp-content\/uploads\/sites\/16\/2022\/09\/2021-poinsettia-05000-christma-768x922.jpg 768w, https:\/\/starsforeurope.com\/pl\/wp-content\/uploads\/sites\/16\/2022\/09\/2021-poinsettia-05000-christma-563x675.jpg 563w\" sizes=\"auto, (max-width: 875px) 100vw, 875px\" \/><\/a><\/figure>\n\n<h3 class=\"wp-block-post-title\"><a href=\"https:\/\/starsforeurope.com\/pl\/blog\/spelnij-swoje-dekoracyjne-marzenia-uzyj-poinsecji-jako-kwiatow-cietych\/\" target=\"_self\" >Wykorzystanie poinsecji jako kwiat\u00f3w ci\u0119tych: Pomys\u0142y na dekoracje, warunki, technika przycinania i historia<\/a><\/h3>\n\n\n<div class=\"wp-block-group postmetaline is-nowrap is-layout-flex wp-container-core-group-is-layout-6c531013 wp-block-group-is-layout-flex\"><div class=\"wp-block-post-date\"><time datetime=\"2023-11-17T02:21:14+01:00\">17. listopada 2023<\/time><\/div>\n\n<\/div>\n\n\n<div class=\"wp-block-post-excerpt\"><p class=\"wp-block-post-excerpt__excerpt\">Czy wiesz, \u017ce? Ci\u0119te poinsecje zachowuj\u0105 \u015bwie\u017co\u015b\u0107 do dw\u00f3ch tygodni, czyli tak d\u0142ugo jak r\u00f3\u017ce. Spe\u0142nij swoje dekoratorskie marzenia!<\/p><p class=\"wp-block-post-excerpt__more-text\"><a class=\"wp-block-post-excerpt__more-link\" href=\"https:\/\/starsforeurope.com\/pl\/blog\/spelnij-swoje-dekoracyjne-marzenia-uzyj-poinsecji-jako-kwiatow-cietych\/\">Wi\u0119cej<\/a><\/p><\/div>\n<\/li><\/ul>\n\n\n\n<\/div>\n\n\n\n<div style=\"height:3rem\" aria-hidden=\"true\" class=\"wp-block-spacer\"><\/div>\n<\/div>","protected":false},"excerpt":{"rendered":"<p>Dowiedz si\u0119, jak piel\u0119gnowa\u0107 i stylizowa\u0107 ci\u0119te poinsecje, aby doda\u0107 \u015bwi\u0105tecznego akcentu do swoich kompozycji kwiatowych w tym sezonie.<\/p>\n","protected":false},"author":24,"featured_media":4352,"parent":22,"menu_order":0,"comment_status":"closed","ping_status":"closed","template":"two-column-blog-single","meta":{"_acf_changed":false,"footnotes":""},"class_list":["post-7988","page","type-page","status-publish","has-post-thumbnail","hentry"],"acf":[],"_links":{"self":[{"href":"https:\/\/starsforeurope.com\/pl\/wp-json\/wp\/v2\/pages\/7988","targetHints":{"allow":["GET"]}}],"collection":[{"href":"https:\/\/starsforeurope.com\/pl\/wp-json\/wp\/v2\/pages"}],"about":[{"href":"https:\/\/starsforeurope.com\/pl\/wp-json\/wp\/v2\/types\/page"}],"author":[{"embeddable":true,"href":"https:\/\/starsforeurope.com\/pl\/wp-json\/wp\/v2\/users\/24"}],"replies":[{"embeddable":true,"href":"https:\/\/starsforeurope.com\/pl\/wp-json\/wp\/v2\/comments?post=7988"}],"version-history":[{"count":2,"href":"https:\/\/starsforeurope.com\/pl\/wp-json\/wp\/v2\/pages\/7988\/revisions"}],"predecessor-version":[{"id":8014,"href":"https:\/\/starsforeurope.com\/pl\/wp-json\/wp\/v2\/pages\/7988\/revisions\/8014"}],"up":[{"embeddable":true,"href":"https:\/\/starsforeurope.com\/pl\/wp-json\/wp\/v2\/pages\/22"}],"wp:featuredmedia":[{"embeddable":true,"href":"https:\/\/starsforeurope.com\/pl\/wp-json\/wp\/v2\/media\/4352"}],"wp:attachment":[{"href":"https:\/\/starsforeurope.com\/pl\/wp-json\/wp\/v2\/media?parent=7988"}],"curies":[{"name":"wp","href":"https:\/\/api.w.org\/{rel}","templated":true}]}}