{"id":7980,"date":"2025-08-05T12:55:34","date_gmt":"2025-08-05T10:55:34","guid":{"rendered":"https:\/\/starsforeurope.com\/pl\/?page_id=7980"},"modified":"2025-08-11T09:00:37","modified_gmt":"2025-08-11T07:00:37","slug":"dekoracje-adwentowe","status":"publish","type":"page","link":"https:\/\/starsforeurope.com\/pl\/dekoracja\/dekoracje-adwentowe\/","title":{"rendered":"Poinsecja w dekoracjach adwentowych"},"content":{"rendered":"<div class=\"wp-block-group postimage-half wide-content is-layout-flow wp-block-group-is-layout-flow\" style=\"margin-top:var(--wp--preset--spacing--50)\">\n<div style=\"height:3rem\" aria-hidden=\"true\" class=\"wp-block-spacer\"><\/div>\n\n\n\n<div class=\"wp-block-query is-layout-flow wp-block-query-is-layout-flow\"><ul class=\"columns-2 wp-block-post-template is-layout-grid wp-container-core-post-template-is-layout-37ef2942 wp-block-post-template-is-layout-grid\"><li class=\"wp-block-post post-7603 blog type-blog status-publish has-post-thumbnail hentry blog_cat-dekoracja-adwentowa blog_cat-dekoracja-stolu blog_cat-dekoracje-slubne blog_cat-ozdoby-choinkowe blog_main-dekoracja blog_main-dekoracje-adwentowe blog_main-diy-upcykling\">\n<figure style=\"aspect-ratio:1;\" class=\"featuredimage wp-block-post-featured-image\"><a href=\"https:\/\/starsforeurope.com\/pl\/blog\/pomysly-na-poinsecje-diy-idealne-dla-poczatkujacych\/\" target=\"_self\"  ><img loading=\"lazy\" decoding=\"async\" width=\"1050\" height=\"875\" src=\"https:\/\/starsforeurope.com\/pl\/wp-content\/uploads\/sites\/16\/2023\/07\/asset-3-2.jpg\" class=\"attachment-post-thumbnail size-post-thumbnail wp-post-image\" alt=\"Pomys\u0142y na poinsecj\u0119 DIY: idealne dla pocz\u0105tkuj\u0105cych\" style=\"width:100%;height:100%;object-fit:cover;\" srcset=\"https:\/\/starsforeurope.com\/pl\/wp-content\/uploads\/sites\/16\/2023\/07\/asset-3-2.jpg 1050w, https:\/\/starsforeurope.com\/pl\/wp-content\/uploads\/sites\/16\/2023\/07\/asset-3-2-300x250.jpg 300w, https:\/\/starsforeurope.com\/pl\/wp-content\/uploads\/sites\/16\/2023\/07\/asset-3-2-1024x853.jpg 1024w, https:\/\/starsforeurope.com\/pl\/wp-content\/uploads\/sites\/16\/2023\/07\/asset-3-2-768x640.jpg 768w, https:\/\/starsforeurope.com\/pl\/wp-content\/uploads\/sites\/16\/2023\/07\/asset-3-2-810x675.jpg 810w\" sizes=\"auto, (max-width: 1050px) 100vw, 1050px\" \/><\/a><\/figure>\n\n<h3 class=\"wp-block-post-title\"><a href=\"https:\/\/starsforeurope.com\/pl\/blog\/pomysly-na-poinsecje-diy-idealne-dla-poczatkujacych\/\" target=\"_self\" >Pomys\u0142y na poinsecj\u0119 DIY: idealne dla pocz\u0105tkuj\u0105cych<\/a><\/h3>\n\n\n<div class=\"wp-block-group postmetaline is-nowrap is-layout-flex wp-container-core-group-is-layout-6c531013 wp-block-group-is-layout-flex\"><div class=\"wp-block-post-date\"><time datetime=\"2023-11-15T09:00:33+01:00\">15. listopada 2023<\/time><\/div>\n\n<\/div>\n\n\n<div class=\"wp-block-post-excerpt\"><p class=\"wp-block-post-excerpt__excerpt\">Mo\u017cesz samemu wykona\u0107 te magiczne dekoracje z poinsecji, nawet je\u015bli masz dwie lewe r\u0119ce \ud83e\udd73.<\/p><p class=\"wp-block-post-excerpt__more-text\"><a class=\"wp-block-post-excerpt__more-link\" href=\"https:\/\/starsforeurope.com\/pl\/blog\/pomysly-na-poinsecje-diy-idealne-dla-poczatkujacych\/\">Wi\u0119cej<\/a><\/p><\/div>\n<\/li><li class=\"wp-block-post post-7598 blog type-blog status-publish has-post-thumbnail hentry blog_cat-dekoracja-adwentowa blog_cat-dekoracja-stolu blog_cat-dekoracje-slubne blog_cat-diy blog_main-dekoracja blog_main-dekoracje-adwentowe blog_main-diy-upcykling\">\n<figure style=\"aspect-ratio:1;\" class=\"featuredimage wp-block-post-featured-image\"><a href=\"https:\/\/starsforeurope.com\/pl\/blog\/szesc-wyjatkowych-pomyslow-na-wieniec-adwentowy-diy-z-poinsecjami\/\" target=\"_self\"  ><img loading=\"lazy\" decoding=\"async\" width=\"875\" height=\"1050\" src=\"https:\/\/starsforeurope.com\/pl\/wp-content\/uploads\/sites\/16\/2023\/07\/2023_poinsettia_01000_Jewels_of_Nature_12.jpg\" class=\"attachment-post-thumbnail size-post-thumbnail wp-post-image\" alt=\"Wie\u0144ce adwentowe DIY z poinsecjami\" style=\"width:100%;height:100%;object-fit:cover;\" srcset=\"https:\/\/starsforeurope.com\/pl\/wp-content\/uploads\/sites\/16\/2023\/07\/2023_poinsettia_01000_Jewels_of_Nature_12.jpg 875w, https:\/\/starsforeurope.com\/pl\/wp-content\/uploads\/sites\/16\/2023\/07\/2023_poinsettia_01000_Jewels_of_Nature_12-250x300.jpg 250w, https:\/\/starsforeurope.com\/pl\/wp-content\/uploads\/sites\/16\/2023\/07\/2023_poinsettia_01000_Jewels_of_Nature_12-853x1024.jpg 853w, https:\/\/starsforeurope.com\/pl\/wp-content\/uploads\/sites\/16\/2023\/07\/2023_poinsettia_01000_Jewels_of_Nature_12-768x922.jpg 768w, https:\/\/starsforeurope.com\/pl\/wp-content\/uploads\/sites\/16\/2023\/07\/2023_poinsettia_01000_Jewels_of_Nature_12-563x675.jpg 563w\" sizes=\"auto, (max-width: 875px) 100vw, 875px\" \/><\/a><\/figure>\n\n<h3 class=\"wp-block-post-title\"><a href=\"https:\/\/starsforeurope.com\/pl\/blog\/szesc-wyjatkowych-pomyslow-na-wieniec-adwentowy-diy-z-poinsecjami\/\" target=\"_self\" >Wie\u0144ce adwentowe DIY z poinsecjami<\/a><\/h3>\n\n\n<div class=\"wp-block-group postmetaline is-nowrap is-layout-flex wp-container-core-group-is-layout-6c531013 wp-block-group-is-layout-flex\"><div class=\"wp-block-post-date\"><time datetime=\"2023-11-15T00:09:56+01:00\">15. listopada 2023<\/time><\/div>\n\n<\/div>\n\n\n<div class=\"wp-block-post-excerpt\"><p class=\"wp-block-post-excerpt__excerpt\">Wie\u0144ce adwentowe DIY z poinsecjami przyci\u0105gaj\u0105 wzrok, a jednocze\u015bnie s\u0105 proste do wykonania. Zainspiruj si\u0119 naszymi pomys\u0142ami. Coraz bli\u017cej \u015awi\u0119ta!<\/p><p class=\"wp-block-post-excerpt__more-text\"><a class=\"wp-block-post-excerpt__more-link\" href=\"https:\/\/starsforeurope.com\/pl\/blog\/szesc-wyjatkowych-pomyslow-na-wieniec-adwentowy-diy-z-poinsecjami\/\">Wi\u0119cej<\/a><\/p><\/div>\n<\/li><li class=\"wp-block-post post-1692 blog type-blog status-publish has-post-thumbnail hentry blog_cat-dekoracja-adwentowa blog_main-dekoracja blog_main-dekoracje-adwentowe\">\n<figure style=\"aspect-ratio:1;\" class=\"featuredimage wp-block-post-featured-image\"><a href=\"https:\/\/starsforeurope.com\/pl\/blog\/10-powodow-dla-ktorych-poinsecje-upiekszaja-adwent\/\" target=\"_self\"  ><img loading=\"lazy\" decoding=\"async\" width=\"875\" height=\"1050\" src=\"https:\/\/starsforeurope.com\/pl\/wp-content\/uploads\/sites\/16\/2022\/08\/asset-1-1.jpg\" class=\"attachment-post-thumbnail size-post-thumbnail wp-post-image\" alt=\"10 powod\u00f3w, dla kt\u00f3rych poinsecje upi\u0119kszaj\u0105 adwent\" style=\"width:100%;height:100%;object-fit:cover;\" srcset=\"https:\/\/starsforeurope.com\/pl\/wp-content\/uploads\/sites\/16\/2022\/08\/asset-1-1.jpg 875w, https:\/\/starsforeurope.com\/pl\/wp-content\/uploads\/sites\/16\/2022\/08\/asset-1-1-250x300.jpg 250w, https:\/\/starsforeurope.com\/pl\/wp-content\/uploads\/sites\/16\/2022\/08\/asset-1-1-853x1024.jpg 853w, https:\/\/starsforeurope.com\/pl\/wp-content\/uploads\/sites\/16\/2022\/08\/asset-1-1-768x922.jpg 768w, https:\/\/starsforeurope.com\/pl\/wp-content\/uploads\/sites\/16\/2022\/08\/asset-1-1-563x675.jpg 563w\" sizes=\"auto, (max-width: 875px) 100vw, 875px\" \/><\/a><\/figure>\n\n<h3 class=\"wp-block-post-title\"><a href=\"https:\/\/starsforeurope.com\/pl\/blog\/10-powodow-dla-ktorych-poinsecje-upiekszaja-adwent\/\" target=\"_self\" >10 powod\u00f3w, dla kt\u00f3rych poinsecje upi\u0119kszaj\u0105 adwent<\/a><\/h3>\n\n\n<div class=\"wp-block-group postmetaline is-nowrap is-layout-flex wp-container-core-group-is-layout-6c531013 wp-block-group-is-layout-flex\"><div class=\"wp-block-post-date\"><time datetime=\"2022-10-23T08:00:55+02:00\">23. pa\u017adziernika 2022<\/time><\/div>\n\n<\/div>\n\n\n<div class=\"wp-block-post-excerpt\"><p class=\"wp-block-post-excerpt__excerpt\">Wskaz\u00f3wki dotycz\u0105ce dekoracji adwentowych: Poinsecje wyzwol\u0105 Twoj\u0105 kreatywno\u015b\u0107. Eksperci Stars for Europe pokazuj\u0105, jak to zrobi\u0107!<\/p><p class=\"wp-block-post-excerpt__more-text\"><a class=\"wp-block-post-excerpt__more-link\" href=\"https:\/\/starsforeurope.com\/pl\/blog\/10-powodow-dla-ktorych-poinsecje-upiekszaja-adwent\/\">Wi\u0119cej<\/a><\/p><\/div>\n<\/li><\/ul>\n\n\n\n<\/div>\n\n\n\n<div style=\"height:3rem\" aria-hidden=\"true\" class=\"wp-block-spacer\"><\/div>\n<\/div>","protected":false},"excerpt":{"rendered":"<p>Odkryj eleganckie i wymowne sposoby na w\u0142\u0105czenie tej klasycznej ro\u015bliny do wie\u0144c\u00f3w adwentowych, dekoracji i \u015bwi\u0105tecznych wystaw.<\/p>\n","protected":false},"author":24,"featured_media":4352,"parent":22,"menu_order":0,"comment_status":"closed","ping_status":"closed","template":"two-column-blog-single","meta":{"_acf_changed":false,"footnotes":""},"class_list":["post-7980","page","type-page","status-publish","has-post-thumbnail","hentry"],"acf":[],"_links":{"self":[{"href":"https:\/\/starsforeurope.com\/pl\/wp-json\/wp\/v2\/pages\/7980","targetHints":{"allow":["GET"]}}],"collection":[{"href":"https:\/\/starsforeurope.com\/pl\/wp-json\/wp\/v2\/pages"}],"about":[{"href":"https:\/\/starsforeurope.com\/pl\/wp-json\/wp\/v2\/types\/page"}],"author":[{"embeddable":true,"href":"https:\/\/starsforeurope.com\/pl\/wp-json\/wp\/v2\/users\/24"}],"replies":[{"embeddable":true,"href":"https:\/\/starsforeurope.com\/pl\/wp-json\/wp\/v2\/comments?post=7980"}],"version-history":[{"count":2,"href":"https:\/\/starsforeurope.com\/pl\/wp-json\/wp\/v2\/pages\/7980\/revisions"}],"predecessor-version":[{"id":8021,"href":"https:\/\/starsforeurope.com\/pl\/wp-json\/wp\/v2\/pages\/7980\/revisions\/8021"}],"up":[{"embeddable":true,"href":"https:\/\/starsforeurope.com\/pl\/wp-json\/wp\/v2\/pages\/22"}],"wp:featuredmedia":[{"embeddable":true,"href":"https:\/\/starsforeurope.com\/pl\/wp-json\/wp\/v2\/media\/4352"}],"wp:attachment":[{"href":"https:\/\/starsforeurope.com\/pl\/wp-json\/wp\/v2\/media?parent=7980"}],"curies":[{"name":"wp","href":"https:\/\/api.w.org\/{rel}","templated":true}]}}