{"id":7,"date":"2021-11-17T18:38:03","date_gmt":"2021-11-17T18:38:03","guid":{"rendered":"https:\/\/weihnachtsstern.kinsta.cloud\/pl\/?page_id=7"},"modified":"2025-08-11T09:00:37","modified_gmt":"2025-08-11T07:00:37","slug":"informacje-prasowe","status":"publish","type":"page","link":"https:\/\/starsforeurope.com\/pl\/informacje-prasowe\/","title":{"rendered":"Szukasz informacji prasowej dotycz\u0105cej florystyki?"},"content":{"rendered":"<h2 class=\"wp-block-heading\">Najnowsze informacje prasowe<\/h2>\n\n\n\n<main class=\"wp-block-group postimage-half wide-content is-layout-flow wp-block-group-is-layout-flow\" style=\"margin-top:var(--wp--preset--spacing--50)\">\n<div style=\"height:3rem\" aria-hidden=\"true\" class=\"wp-block-spacer\"><\/div>\n\n\n\n<div class=\"wp-block-query is-layout-flow wp-block-query-is-layout-flow\"><ul class=\"columns-2 wp-block-post-template is-layout-grid wp-container-core-post-template-is-layout-37ef2942 wp-block-post-template-is-layout-grid\"><li class=\"wp-block-post post-8237 press type-press status-publish has-post-thumbnail hentry press_cat-dekoracja-stolu press_cat-diy press_main-dekoracja press_main-dekoracje-stolu press_main-diy-upcykling press_main-pressemitteilungen\">\n<figure style=\"aspect-ratio:1;\" class=\"featuredimage wp-block-post-featured-image\"><a href=\"https:\/\/starsforeurope.com\/pl\/press\/wieczorna-oprawa-stolu-uniwersalne-dekoracje-stolu-z-poinsecji\/\" target=\"_self\"  ><img loading=\"lazy\" decoding=\"async\" width=\"875\" height=\"1050\" src=\"https:\/\/starsforeurope.com\/pl\/wp-content\/uploads\/sites\/16\/2025\/08\/2025_Poinsettia_01000_Nordic_Winter_Charm_08.jpg\" class=\"attachment-post-thumbnail size-post-thumbnail wp-post-image\" alt=\"Wieczorna oprawa sto\u0142u. Uniwersalne dekoracje sto\u0142u z poinsecji.\" style=\"width:100%;height:100%;object-fit:cover;\" srcset=\"https:\/\/starsforeurope.com\/pl\/wp-content\/uploads\/sites\/16\/2025\/08\/2025_Poinsettia_01000_Nordic_Winter_Charm_08.jpg 875w, https:\/\/starsforeurope.com\/pl\/wp-content\/uploads\/sites\/16\/2025\/08\/2025_Poinsettia_01000_Nordic_Winter_Charm_08-250x300.jpg 250w, https:\/\/starsforeurope.com\/pl\/wp-content\/uploads\/sites\/16\/2025\/08\/2025_Poinsettia_01000_Nordic_Winter_Charm_08-853x1024.jpg 853w, https:\/\/starsforeurope.com\/pl\/wp-content\/uploads\/sites\/16\/2025\/08\/2025_Poinsettia_01000_Nordic_Winter_Charm_08-768x922.jpg 768w\" sizes=\"auto, (max-width: 875px) 100vw, 875px\" \/><\/a><\/figure>\n\n<h3 class=\"wp-block-post-title\"><a href=\"https:\/\/starsforeurope.com\/pl\/press\/wieczorna-oprawa-stolu-uniwersalne-dekoracje-stolu-z-poinsecji\/\" target=\"_self\" >Wieczorna oprawa sto\u0142u. Uniwersalne dekoracje sto\u0142u z poinsecji.<\/a><\/h3>\n\n\n<div class=\"wp-block-group postmetaline is-nowrap is-layout-flex wp-container-core-group-is-layout-6c531013 wp-block-group-is-layout-flex\"><div class=\"wp-block-post-date\"><time datetime=\"2025-08-22T08:00:00+02:00\">22. sierpnia 2025<\/time><\/div>\n\n<\/div>\n\n\n<div class=\"wp-block-post-excerpt\"><p class=\"wp-block-post-excerpt__excerpt\">Ekologiczne, kreatywne czy klasyczne \u2013 poinsecje nadaj\u0105 blask ka\u017cdej dekoracji sto\u0142u. Sprawd\u017a nasze najnowsze pomys\u0142y na \u015bwi\u0105teczne nakrycie.<\/p><p class=\"wp-block-post-excerpt__more-text\"><a class=\"wp-block-post-excerpt__more-link\" href=\"https:\/\/starsforeurope.com\/pl\/press\/wieczorna-oprawa-stolu-uniwersalne-dekoracje-stolu-z-poinsecji\/\">Wi\u0119cej<\/a><\/p><\/div>\n<\/li><li class=\"wp-block-post post-8233 press type-press status-publish has-post-thumbnail hentry press_cat-pomysl-na-prezent press_main-pressemitteilungen press_main-pomysly-na-prezenty\">\n<figure style=\"aspect-ratio:1;\" class=\"featuredimage wp-block-post-featured-image\"><a href=\"https:\/\/starsforeurope.com\/pl\/press\/podaruj-radosc-i-kolor-poinsecje-jako-idealny-prezent\/\" target=\"_self\"  ><img loading=\"lazy\" decoding=\"async\" width=\"875\" height=\"1050\" src=\"https:\/\/starsforeurope.com\/pl\/wp-content\/uploads\/sites\/16\/2025\/08\/2025_Poinsettia_03000_Traditional_Christmas_Spirit_12.jpg\" class=\"attachment-post-thumbnail size-post-thumbnail wp-post-image\" alt=\"Podaruj rado\u015b\u0107 i kolor. Poinsecje jako idealny prezent\" style=\"width:100%;height:100%;object-fit:cover;\" srcset=\"https:\/\/starsforeurope.com\/pl\/wp-content\/uploads\/sites\/16\/2025\/08\/2025_Poinsettia_03000_Traditional_Christmas_Spirit_12.jpg 875w, https:\/\/starsforeurope.com\/pl\/wp-content\/uploads\/sites\/16\/2025\/08\/2025_Poinsettia_03000_Traditional_Christmas_Spirit_12-250x300.jpg 250w, https:\/\/starsforeurope.com\/pl\/wp-content\/uploads\/sites\/16\/2025\/08\/2025_Poinsettia_03000_Traditional_Christmas_Spirit_12-853x1024.jpg 853w, https:\/\/starsforeurope.com\/pl\/wp-content\/uploads\/sites\/16\/2025\/08\/2025_Poinsettia_03000_Traditional_Christmas_Spirit_12-768x922.jpg 768w\" sizes=\"auto, (max-width: 875px) 100vw, 875px\" \/><\/a><\/figure>\n\n<h3 class=\"wp-block-post-title\"><a href=\"https:\/\/starsforeurope.com\/pl\/press\/podaruj-radosc-i-kolor-poinsecje-jako-idealny-prezent\/\" target=\"_self\" >Podaruj rado\u015b\u0107 i kolor. Poinsecje jako idealny prezent<\/a><\/h3>\n\n\n<div class=\"wp-block-group postmetaline is-nowrap is-layout-flex wp-container-core-group-is-layout-6c531013 wp-block-group-is-layout-flex\"><div class=\"wp-block-post-date\"><time datetime=\"2025-08-21T15:00:00+02:00\">21. sierpnia 2025<\/time><\/div>\n\n<\/div>\n\n\n<div class=\"wp-block-post-excerpt\"><p class=\"wp-block-post-excerpt__excerpt\">W efektownym opakowaniu czy w artystycznej aran\u017cacji \u2013 poinsecja to niebanalny i pe\u0142en uroku upominek. Daj si\u0119 zainspirowa\u0107!<\/p><p class=\"wp-block-post-excerpt__more-text\"><a class=\"wp-block-post-excerpt__more-link\" href=\"https:\/\/starsforeurope.com\/pl\/press\/podaruj-radosc-i-kolor-poinsecje-jako-idealny-prezent\/\">Wi\u0119cej<\/a><\/p><\/div>\n<\/li><li class=\"wp-block-post post-8229 press type-press status-publish has-post-thumbnail hentry press_cat-pielegnacja press_main-pressemitteilungen press_main-pielegnacja\">\n<figure style=\"aspect-ratio:1;\" class=\"featuredimage wp-block-post-featured-image\"><a href=\"https:\/\/starsforeurope.com\/pl\/press\/niech-twoje-gwiazdy-blyszcza-najlepsze-porady-dotyczace-pielegnacji-jak-zadbac-o-to-aby-ta-zywa-roslina-doniczkowa-wygladala-jak-najlepiej\/\" target=\"_self\"  ><img loading=\"lazy\" decoding=\"async\" width=\"875\" height=\"1050\" src=\"https:\/\/starsforeurope.com\/pl\/wp-content\/uploads\/sites\/16\/2025\/08\/2025_Poinsettia_01000_Nordic_Winter_Charm_14.jpg\" class=\"attachment-post-thumbnail size-post-thumbnail wp-post-image\" alt=\"Niech Twoje gwiazdy b\u0142yszcz\u0105: najlepsze porady dotycz\u0105ce piel\u0119gnacji. Jak zadba\u0107 o to, aby ta \u017cywa ro\u015blina doniczkowa wygl\u0105da\u0142a jak najlepiej\" style=\"width:100%;height:100%;object-fit:cover;\" srcset=\"https:\/\/starsforeurope.com\/pl\/wp-content\/uploads\/sites\/16\/2025\/08\/2025_Poinsettia_01000_Nordic_Winter_Charm_14.jpg 875w, https:\/\/starsforeurope.com\/pl\/wp-content\/uploads\/sites\/16\/2025\/08\/2025_Poinsettia_01000_Nordic_Winter_Charm_14-250x300.jpg 250w, https:\/\/starsforeurope.com\/pl\/wp-content\/uploads\/sites\/16\/2025\/08\/2025_Poinsettia_01000_Nordic_Winter_Charm_14-853x1024.jpg 853w, https:\/\/starsforeurope.com\/pl\/wp-content\/uploads\/sites\/16\/2025\/08\/2025_Poinsettia_01000_Nordic_Winter_Charm_14-768x922.jpg 768w\" sizes=\"auto, (max-width: 875px) 100vw, 875px\" \/><\/a><\/figure>\n\n<h3 class=\"wp-block-post-title\"><a href=\"https:\/\/starsforeurope.com\/pl\/press\/niech-twoje-gwiazdy-blyszcza-najlepsze-porady-dotyczace-pielegnacji-jak-zadbac-o-to-aby-ta-zywa-roslina-doniczkowa-wygladala-jak-najlepiej\/\" target=\"_self\" >Niech Twoje gwiazdy b\u0142yszcz\u0105: najlepsze porady dotycz\u0105ce piel\u0119gnacji. Jak zadba\u0107 o to, aby ta \u017cywa ro\u015blina doniczkowa wygl\u0105da\u0142a jak najlepiej<\/a><\/h3>\n\n\n<div class=\"wp-block-group postmetaline is-nowrap is-layout-flex wp-container-core-group-is-layout-6c531013 wp-block-group-is-layout-flex\"><div class=\"wp-block-post-date\"><time datetime=\"2025-08-21T08:00:00+02:00\">21. sierpnia 2025<\/time><\/div>\n\n<\/div>\n\n\n<div class=\"wp-block-post-excerpt\"><p class=\"wp-block-post-excerpt__excerpt\">Tutaj poznasz sprawdzone sposoby, dzi\u0119ki kt\u00f3rym Twoje poinsecje d\u0142ugo zachowaj\u0105 sw\u00f3j urok.<\/p><p class=\"wp-block-post-excerpt__more-text\"><a class=\"wp-block-post-excerpt__more-link\" href=\"https:\/\/starsforeurope.com\/pl\/press\/niech-twoje-gwiazdy-blyszcza-najlepsze-porady-dotyczace-pielegnacji-jak-zadbac-o-to-aby-ta-zywa-roslina-doniczkowa-wygladala-jak-najlepiej\/\">Wi\u0119cej<\/a><\/p><\/div>\n<\/li><li class=\"wp-block-post post-8222 press type-press status-publish has-post-thumbnail hentry press_cat-dekoracja-stolu press_cat-zimowe-dekoracje press_main-dekoracja press_main-dekoracje-zimowe press_main-pressemitteilungen\">\n<figure style=\"aspect-ratio:1;\" class=\"featuredimage wp-block-post-featured-image\"><a href=\"https:\/\/starsforeurope.com\/pl\/press\/gwiazda-na-kazda-okazje-poinsecje-niezastapione-towarzyszki-podczas-zimowej-aury\/\" target=\"_self\"  ><img loading=\"lazy\" decoding=\"async\" width=\"875\" height=\"1050\" src=\"https:\/\/starsforeurope.com\/pl\/wp-content\/uploads\/sites\/16\/2025\/08\/2025_Poinsettia_01000_Nordic_Winter_Charm_47.jpg\" class=\"attachment-post-thumbnail size-post-thumbnail wp-post-image\" alt=\"Gwiazda na ka\u017cd\u0105 okazj\u0119 Poinsecje \u2013 niezast\u0105pione towarzyszki podczas zimowej aury\" style=\"width:100%;height:100%;object-fit:cover;\" srcset=\"https:\/\/starsforeurope.com\/pl\/wp-content\/uploads\/sites\/16\/2025\/08\/2025_Poinsettia_01000_Nordic_Winter_Charm_47.jpg 875w, https:\/\/starsforeurope.com\/pl\/wp-content\/uploads\/sites\/16\/2025\/08\/2025_Poinsettia_01000_Nordic_Winter_Charm_47-250x300.jpg 250w, https:\/\/starsforeurope.com\/pl\/wp-content\/uploads\/sites\/16\/2025\/08\/2025_Poinsettia_01000_Nordic_Winter_Charm_47-853x1024.jpg 853w, https:\/\/starsforeurope.com\/pl\/wp-content\/uploads\/sites\/16\/2025\/08\/2025_Poinsettia_01000_Nordic_Winter_Charm_47-768x922.jpg 768w\" sizes=\"auto, (max-width: 875px) 100vw, 875px\" \/><\/a><\/figure>\n\n<h3 class=\"wp-block-post-title\"><a href=\"https:\/\/starsforeurope.com\/pl\/press\/gwiazda-na-kazda-okazje-poinsecje-niezastapione-towarzyszki-podczas-zimowej-aury\/\" target=\"_self\" >Gwiazda na ka\u017cd\u0105 okazj\u0119 Poinsecje \u2013 niezast\u0105pione towarzyszki podczas zimowej aury<\/a><\/h3>\n\n\n<div class=\"wp-block-group postmetaline is-nowrap is-layout-flex wp-container-core-group-is-layout-6c531013 wp-block-group-is-layout-flex\"><div class=\"wp-block-post-date\"><time datetime=\"2025-08-20T08:00:00+02:00\">20. sierpnia 2025<\/time><\/div>\n\n<\/div>\n\n\n<div class=\"wp-block-post-excerpt\"><p class=\"wp-block-post-excerpt__excerpt\">Poinsecje dodaj\u0105 zimowego uroku wn\u0119trzom, pasuj\u0105 do rozmaitych styl\u00f3w i \u015bwietnie sprawdzaj\u0105 si\u0119 w kreatywnych projektach. Wi\u0119cej informacji tutaj.<\/p><p class=\"wp-block-post-excerpt__more-text\"><a class=\"wp-block-post-excerpt__more-link\" href=\"https:\/\/starsforeurope.com\/pl\/press\/gwiazda-na-kazda-okazje-poinsecje-niezastapione-towarzyszki-podczas-zimowej-aury\/\">Wi\u0119cej<\/a><\/p><\/div>\n<\/li><\/ul>\n\n<nav class=\"wp-block-query-pagination is-content-justification-center is-layout-flex wp-container-core-query-pagination-is-layout-a89b3969 wp-block-query-pagination-is-layout-flex\" aria-label=\"Stronicowanie\">\n\n\n<div class=\"wp-block-query-pagination-numbers has-medium-font-size\"><span aria-current=\"page\" class=\"page-numbers current\">1<\/span>\n<a class=\"page-numbers\" href=\"?query-0-page=2\">2<\/a>\n<a class=\"page-numbers\" href=\"?query-0-page=3\">3<\/a>\n<span class=\"page-numbers dots\">&hellip;<\/span>\n<a class=\"page-numbers\" href=\"?query-0-page=16\">16<\/a><\/div>\n\n<a href=\"\/pl\/wp-json\/wp\/v2\/pages\/7?query-0-page=2\" class=\"wp-block-query-pagination-next\">\u22b3<\/a>\n<\/nav>\n\n<\/div>\n\n\n\n<div style=\"height:3rem\" aria-hidden=\"true\" class=\"wp-block-spacer\"><\/div>\n<\/main>","protected":false},"excerpt":{"rendered":"<p>Oferujemy szereg materia\u0142\u00f3w prasowych oraz profesjonalnych zdj\u0119\u0107 pi\u0119knych poinsecji. Drodzy Dziennikarze, na pewno znajdziecie u nas to, czego szukacie.<\/p>\n","protected":false},"author":1,"featured_media":4366,"parent":0,"menu_order":0,"comment_status":"closed","ping_status":"closed","template":"two-column-press","meta":{"_acf_changed":false,"footnotes":""},"class_list":["post-7","page","type-page","status-publish","has-post-thumbnail","hentry"],"acf":[],"_links":{"self":[{"href":"https:\/\/starsforeurope.com\/pl\/wp-json\/wp\/v2\/pages\/7","targetHints":{"allow":["GET"]}}],"collection":[{"href":"https:\/\/starsforeurope.com\/pl\/wp-json\/wp\/v2\/pages"}],"about":[{"href":"https:\/\/starsforeurope.com\/pl\/wp-json\/wp\/v2\/types\/page"}],"author":[{"embeddable":true,"href":"https:\/\/starsforeurope.com\/pl\/wp-json\/wp\/v2\/users\/1"}],"replies":[{"embeddable":true,"href":"https:\/\/starsforeurope.com\/pl\/wp-json\/wp\/v2\/comments?post=7"}],"version-history":[{"count":28,"href":"https:\/\/starsforeurope.com\/pl\/wp-json\/wp\/v2\/pages\/7\/revisions"}],"predecessor-version":[{"id":8027,"href":"https:\/\/starsforeurope.com\/pl\/wp-json\/wp\/v2\/pages\/7\/revisions\/8027"}],"wp:featuredmedia":[{"embeddable":true,"href":"https:\/\/starsforeurope.com\/pl\/wp-json\/wp\/v2\/media\/4366"}],"wp:attachment":[{"href":"https:\/\/starsforeurope.com\/pl\/wp-json\/wp\/v2\/media?parent=7"}],"curies":[{"name":"wp","href":"https:\/\/api.w.org\/{rel}","templated":true}]}}