{"id":5,"date":"2021-11-17T18:26:06","date_gmt":"2021-11-17T18:26:06","guid":{"rendered":"https:\/\/weihnachtsstern.kinsta.cloud\/pl\/?page_id=5"},"modified":"2025-08-07T13:17:05","modified_gmt":"2025-08-07T11:17:05","slug":"home","status":"publish","type":"page","link":"https:\/\/starsforeurope.com\/pl\/","title":{"rendered":"Inspiracje i informacje na temat poinsecji"},"content":{"rendered":"","protected":false},"excerpt":{"rendered":"<p>Poinsecje w okresie jesienno-zimowym wnosz\u0105 do domu kolor i rado\u015b\u0107. Tutaj znajdziesz przydatne informacje jak tworzy\u0107 pi\u0119kne dekoracje adwentowe i \u015bwi\u0105teczne.<\/p>\n","protected":false},"author":1,"featured_media":4349,"parent":0,"menu_order":0,"comment_status":"closed","ping_status":"closed","template":"two-column-blog-single","meta":{"_acf_changed":false,"footnotes":""},"class_list":["post-5","page","type-page","status-publish","has-post-thumbnail","hentry"],"acf":[],"_links":{"self":[{"href":"https:\/\/starsforeurope.com\/pl\/wp-json\/wp\/v2\/pages\/5","targetHints":{"allow":["GET"]}}],"collection":[{"href":"https:\/\/starsforeurope.com\/pl\/wp-json\/wp\/v2\/pages"}],"about":[{"href":"https:\/\/starsforeurope.com\/pl\/wp-json\/wp\/v2\/types\/page"}],"author":[{"embeddable":true,"href":"https:\/\/starsforeurope.com\/pl\/wp-json\/wp\/v2\/users\/1"}],"replies":[{"embeddable":true,"href":"https:\/\/starsforeurope.com\/pl\/wp-json\/wp\/v2\/comments?post=5"}],"version-history":[{"count":49,"href":"https:\/\/starsforeurope.com\/pl\/wp-json\/wp\/v2\/pages\/5\/revisions"}],"predecessor-version":[{"id":8068,"href":"https:\/\/starsforeurope.com\/pl\/wp-json\/wp\/v2\/pages\/5\/revisions\/8068"}],"wp:featuredmedia":[{"embeddable":true,"href":"https:\/\/starsforeurope.com\/pl\/wp-json\/wp\/v2\/media\/4349"}],"wp:attachment":[{"href":"https:\/\/starsforeurope.com\/pl\/wp-json\/wp\/v2\/media?parent=5"}],"curies":[{"name":"wp","href":"https:\/\/api.w.org\/{rel}","templated":true}]}}