{"id":487,"date":"2021-12-17T12:27:34","date_gmt":"2021-12-17T12:27:34","guid":{"rendered":"https:\/\/weihnachtsstern.kinsta.cloud\/pl\/?page_id=487"},"modified":"2025-10-17T14:23:09","modified_gmt":"2025-10-17T12:23:09","slug":"stopka-redakcyjna","status":"publish","type":"page","link":"https:\/\/starsforeurope.com\/pl\/stopka-redakcyjna\/","title":{"rendered":"Stopka redakcyjna"},"content":{"rendered":"<div class=\"wp-block-columns is-layout-flex wp-container-core-columns-is-layout-28f84493 wp-block-columns-is-layout-flex\">\n<div class=\"wp-block-column is-layout-flow wp-block-column-is-layout-flow\">\n<h2 class=\"wp-block-heading\">Og\u00f3lna polityka prywatno\u015bci<\/h2>\n\n\n\n<p>Podmiot odpowiedzialny w rozumieniu umowy o us\u0142ugach telekomunikacyjnych lub umowy o us\u0142ugach medialnych (\u00a7 6 Teledienstgesetz or Mediendienste Staatsvertrag):<\/p>\n\n\n\n<p>Stars for Europe GbR\n<br>c\/o Zentralverband Gartenbau\n<br>Bornheimerstra\u00dfe 37,\n<br>53111 Bonn,\n<br>Niemcy\n<br>Managing Director: Dr. Ulrich Sander \/ European Project Management: Dr. Susanne Lux<\/p>\n\n\n\n<p>Telefon: + 49 2644 981333\n<br>Email: susanne.lux(at)meclux.de<\/p>\n\n\n\n<p>NIP: DE224966758\n<br>Regon: 206\/5779\/0607<\/p>\n\n\n\n<h2 class=\"wp-block-heading\">Klauzula zrzeczenia si\u0119 odpowiedzialno\u015bci<\/h2>\n\n\n\n<p>Wyra\u017cone pogl\u0105dy i opinie s\u0105 jedynie opiniami autora lub autor\u00f3w i niekoniecznie odzwierciedlaj\u0105 pogl\u0105dy i opinie Unii Europejskiej lub Europejskiej Agencji Wykonawczej ds. Bada\u0144 Naukowych (REA). Unia Europejska ani organ przyznaj\u0105cy dotacj\u0119 nie ponosz\u0105 za nie odpowiedzialno\u015bci.<\/p>\n<\/div>\n<\/div>\n\n\n\n<div class=\"wp-block-columns is-layout-flex wp-container-core-columns-is-layout-28f84493 wp-block-columns-is-layout-flex\"><\/div>","protected":false},"excerpt":{"rendered":"<p>Og\u00f3lna polityka prywatno\u015bci Podmiot odpowiedzialny w rozumieniu umowy o us\u0142ugach telekomunikacyjnych lub umowy o us\u0142ugach medialnych (\u00a7 6 Teledienstgesetz or Mediendienste Staatsvertrag): Stars for Europe GbR c\/o Zentralverband Gartenbau Bornheimerstra\u00dfe 37, 53111 Bonn, Niemcy Managing Director: Dr. Ulrich Sander \/ European Project Management: Dr. Susanne Lux Telefon: + 49 2644 981333 Email: susanne.lux(at)meclux.de NIP: DE224966758 [&hellip;]<\/p>\n","protected":false},"author":1,"featured_media":0,"parent":0,"menu_order":0,"comment_status":"closed","ping_status":"closed","template":"simple-post-no-header-image","meta":{"_acf_changed":false,"footnotes":""},"class_list":["post-487","page","type-page","status-publish","hentry"],"acf":[],"_links":{"self":[{"href":"https:\/\/starsforeurope.com\/pl\/wp-json\/wp\/v2\/pages\/487","targetHints":{"allow":["GET"]}}],"collection":[{"href":"https:\/\/starsforeurope.com\/pl\/wp-json\/wp\/v2\/pages"}],"about":[{"href":"https:\/\/starsforeurope.com\/pl\/wp-json\/wp\/v2\/types\/page"}],"author":[{"embeddable":true,"href":"https:\/\/starsforeurope.com\/pl\/wp-json\/wp\/v2\/users\/1"}],"replies":[{"embeddable":true,"href":"https:\/\/starsforeurope.com\/pl\/wp-json\/wp\/v2\/comments?post=487"}],"version-history":[{"count":23,"href":"https:\/\/starsforeurope.com\/pl\/wp-json\/wp\/v2\/pages\/487\/revisions"}],"predecessor-version":[{"id":8242,"href":"https:\/\/starsforeurope.com\/pl\/wp-json\/wp\/v2\/pages\/487\/revisions\/8242"}],"wp:attachment":[{"href":"https:\/\/starsforeurope.com\/pl\/wp-json\/wp\/v2\/media?parent=487"}],"curies":[{"name":"wp","href":"https:\/\/api.w.org\/{rel}","templated":true}]}}