{"id":22,"date":"2021-11-17T18:56:04","date_gmt":"2021-11-17T18:56:04","guid":{"rendered":"https:\/\/weihnachtsstern.kinsta.cloud\/pl\/?page_id=22"},"modified":"2025-08-11T09:00:37","modified_gmt":"2025-08-11T07:00:37","slug":"dekoracja","status":"publish","type":"page","link":"https:\/\/starsforeurope.com\/pl\/dekoracja\/","title":{"rendered":"Nieko\u0144cz\u0105ce si\u0119 florystyczne pomys\u0142y: stylizuj swoj\u0105 przestrze\u0144 poinsecjami"},"content":{"rendered":"<h2 class=\"wp-block-heading\">Zainspiruj si\u0119 poradami i pomys\u0142ami na stylizacje z poinsecjami<\/h2>\n\n\n\n<div class=\"wp-block-group postimage-half wide-content is-layout-flow wp-block-group-is-layout-flow\" style=\"margin-top:var(--wp--preset--spacing--50)\">\n<div style=\"height:3rem\" aria-hidden=\"true\" class=\"wp-block-spacer\"><\/div>\n\n\n\n<div class=\"wp-block-query is-layout-flow wp-block-query-is-layout-flow\"><ul class=\"columns-2 wp-block-post-template is-layout-grid wp-container-core-post-template-is-layout-37ef2942 wp-block-post-template-is-layout-grid\"><li class=\"wp-block-post post-7619 blog type-blog status-publish has-post-thumbnail hentry blog_cat-dekoracja-adwentowa blog_cat-dekoracja-stolu blog_cat-dekoracje-slubne blog_main-dekoracja blog_main-kwiaty-ciete\">\n<figure style=\"aspect-ratio:1;\" class=\"featuredimage wp-block-post-featured-image\"><a href=\"https:\/\/starsforeurope.com\/pl\/blog\/spelnij-swoje-dekoracyjne-marzenia-uzyj-poinsecji-jako-kwiatow-cietych\/\" target=\"_self\"  ><img loading=\"lazy\" decoding=\"async\" width=\"875\" height=\"1050\" src=\"https:\/\/starsforeurope.com\/pl\/wp-content\/uploads\/sites\/16\/2022\/09\/2021-poinsettia-05000-christma.jpg\" class=\"attachment-post-thumbnail size-post-thumbnail wp-post-image\" alt=\"Wykorzystanie poinsecji jako kwiat\u00f3w ci\u0119tych: Pomys\u0142y na dekoracje, warunki, technika przycinania i historia\" style=\"width:100%;height:100%;object-fit:cover;\" srcset=\"https:\/\/starsforeurope.com\/pl\/wp-content\/uploads\/sites\/16\/2022\/09\/2021-poinsettia-05000-christma.jpg 875w, https:\/\/starsforeurope.com\/pl\/wp-content\/uploads\/sites\/16\/2022\/09\/2021-poinsettia-05000-christma-250x300.jpg 250w, https:\/\/starsforeurope.com\/pl\/wp-content\/uploads\/sites\/16\/2022\/09\/2021-poinsettia-05000-christma-853x1024.jpg 853w, https:\/\/starsforeurope.com\/pl\/wp-content\/uploads\/sites\/16\/2022\/09\/2021-poinsettia-05000-christma-768x922.jpg 768w, https:\/\/starsforeurope.com\/pl\/wp-content\/uploads\/sites\/16\/2022\/09\/2021-poinsettia-05000-christma-563x675.jpg 563w\" sizes=\"auto, (max-width: 875px) 100vw, 875px\" \/><\/a><\/figure>\n\n<h3 class=\"wp-block-post-title\"><a href=\"https:\/\/starsforeurope.com\/pl\/blog\/spelnij-swoje-dekoracyjne-marzenia-uzyj-poinsecji-jako-kwiatow-cietych\/\" target=\"_self\" >Wykorzystanie poinsecji jako kwiat\u00f3w ci\u0119tych: Pomys\u0142y na dekoracje, warunki, technika przycinania i historia<\/a><\/h3>\n\n\n<div class=\"wp-block-group postmetaline is-nowrap is-layout-flex wp-container-core-group-is-layout-6c531013 wp-block-group-is-layout-flex\"><div class=\"wp-block-post-date\"><time datetime=\"2023-11-17T02:21:14+01:00\">17. listopada 2023<\/time><\/div>\n\n<\/div>\n\n\n<div class=\"wp-block-post-excerpt\"><p class=\"wp-block-post-excerpt__excerpt\">Czy wiesz, \u017ce? Ci\u0119te poinsecje zachowuj\u0105 \u015bwie\u017co\u015b\u0107 do dw\u00f3ch tygodni, czyli tak d\u0142ugo jak r\u00f3\u017ce. Spe\u0142nij swoje dekoratorskie marzenia!<\/p><p class=\"wp-block-post-excerpt__more-text\"><a class=\"wp-block-post-excerpt__more-link\" href=\"https:\/\/starsforeurope.com\/pl\/blog\/spelnij-swoje-dekoracyjne-marzenia-uzyj-poinsecji-jako-kwiatow-cietych\/\">Wi\u0119cej<\/a><\/p><\/div>\n<\/li><li class=\"wp-block-post post-7614 blog type-blog status-publish has-post-thumbnail hentry blog_cat-dekoracja-adwentowa blog_cat-dekoracja-stolu blog_cat-wskazowki-dotyczace-dekoracji blog_main-dekoracja blog_main-dekoracje-stolu\">\n<figure style=\"aspect-ratio:1;\" class=\"featuredimage wp-block-post-featured-image\"><a href=\"https:\/\/starsforeurope.com\/pl\/blog\/swiateczne-dekoracje-stolu-z-poinsecja\/\" target=\"_self\"  ><img loading=\"lazy\" decoding=\"async\" width=\"1050\" height=\"875\" src=\"https:\/\/starsforeurope.com\/pl\/wp-content\/uploads\/sites\/16\/2023\/10\/2015_Weihnachtsstern_Familie_03.jpg\" class=\"attachment-post-thumbnail size-post-thumbnail wp-post-image\" alt=\"\u015awi\u0105teczne dekoracje sto\u0142u z poinsecj\u0105\" style=\"width:100%;height:100%;object-fit:cover;\" srcset=\"https:\/\/starsforeurope.com\/pl\/wp-content\/uploads\/sites\/16\/2023\/10\/2015_Weihnachtsstern_Familie_03.jpg 1050w, https:\/\/starsforeurope.com\/pl\/wp-content\/uploads\/sites\/16\/2023\/10\/2015_Weihnachtsstern_Familie_03-300x250.jpg 300w, https:\/\/starsforeurope.com\/pl\/wp-content\/uploads\/sites\/16\/2023\/10\/2015_Weihnachtsstern_Familie_03-1024x853.jpg 1024w, https:\/\/starsforeurope.com\/pl\/wp-content\/uploads\/sites\/16\/2023\/10\/2015_Weihnachtsstern_Familie_03-768x640.jpg 768w, https:\/\/starsforeurope.com\/pl\/wp-content\/uploads\/sites\/16\/2023\/10\/2015_Weihnachtsstern_Familie_03-810x675.jpg 810w\" sizes=\"auto, (max-width: 1050px) 100vw, 1050px\" \/><\/a><\/figure>\n\n<h3 class=\"wp-block-post-title\"><a href=\"https:\/\/starsforeurope.com\/pl\/blog\/swiateczne-dekoracje-stolu-z-poinsecja\/\" target=\"_self\" >\u015awi\u0105teczne dekoracje sto\u0142u z poinsecj\u0105<\/a><\/h3>\n\n\n<div class=\"wp-block-group postmetaline is-nowrap is-layout-flex wp-container-core-group-is-layout-6c531013 wp-block-group-is-layout-flex\"><div class=\"wp-block-post-date\"><time datetime=\"2023-11-17T02:20:48+01:00\">17. listopada 2023<\/time><\/div>\n\n<\/div>\n\n\n<div class=\"wp-block-post-excerpt\"><p class=\"wp-block-post-excerpt__excerpt\">Co jest wyj\u0105tkowego w dekorowaniu sto\u0142u poinsecj\u0105? R\u00f3\u017cnorodno\u015b\u0107 i kreatywno\u015b\u0107! Poinsecje dodaj\u0105 wiele uroku Twoim aran\u017cacjom.<\/p><p class=\"wp-block-post-excerpt__more-text\"><a class=\"wp-block-post-excerpt__more-link\" href=\"https:\/\/starsforeurope.com\/pl\/blog\/swiateczne-dekoracje-stolu-z-poinsecja\/\">Wi\u0119cej<\/a><\/p><\/div>\n<\/li><li class=\"wp-block-post post-7608 blog type-blog status-publish has-post-thumbnail hentry blog_cat-dekoracja-adwentowa blog_cat-dekoracja-stolu blog_cat-dekoracje-slubne blog_main-dekoracja blog_main-ogolna-pielegnacja blog_main-pflegetipps blog_main-pomysly-na-prezenty\">\n<figure style=\"aspect-ratio:1;\" class=\"featuredimage wp-block-post-featured-image\"><a href=\"https:\/\/starsforeurope.com\/pl\/blog\/diy-jak-zrobic-prezent-z-miniaturowych-poinsecji\/\" target=\"_self\"  ><img loading=\"lazy\" decoding=\"async\" width=\"1050\" height=\"875\" src=\"https:\/\/starsforeurope.com\/pl\/wp-content\/uploads\/sites\/16\/2023\/10\/2022_poinsettia_03000_varieties_05.jpg\" class=\"attachment-post-thumbnail size-post-thumbnail wp-post-image\" alt=\"Miniaturowa poinsecja: pomys\u0142y na prezent i wskaz\u00f3wki dotycz\u0105ce piel\u0119gnacji\" style=\"width:100%;height:100%;object-fit:cover;\" srcset=\"https:\/\/starsforeurope.com\/pl\/wp-content\/uploads\/sites\/16\/2023\/10\/2022_poinsettia_03000_varieties_05.jpg 1050w, https:\/\/starsforeurope.com\/pl\/wp-content\/uploads\/sites\/16\/2023\/10\/2022_poinsettia_03000_varieties_05-300x250.jpg 300w, https:\/\/starsforeurope.com\/pl\/wp-content\/uploads\/sites\/16\/2023\/10\/2022_poinsettia_03000_varieties_05-1024x853.jpg 1024w, https:\/\/starsforeurope.com\/pl\/wp-content\/uploads\/sites\/16\/2023\/10\/2022_poinsettia_03000_varieties_05-768x640.jpg 768w, https:\/\/starsforeurope.com\/pl\/wp-content\/uploads\/sites\/16\/2023\/10\/2022_poinsettia_03000_varieties_05-810x675.jpg 810w\" sizes=\"auto, (max-width: 1050px) 100vw, 1050px\" \/><\/a><\/figure>\n\n<h3 class=\"wp-block-post-title\"><a href=\"https:\/\/starsforeurope.com\/pl\/blog\/diy-jak-zrobic-prezent-z-miniaturowych-poinsecji\/\" target=\"_self\" >Miniaturowa poinsecja: pomys\u0142y na prezent i wskaz\u00f3wki dotycz\u0105ce piel\u0119gnacji<\/a><\/h3>\n\n\n<div class=\"wp-block-group postmetaline is-nowrap is-layout-flex wp-container-core-group-is-layout-6c531013 wp-block-group-is-layout-flex\"><div class=\"wp-block-post-date\"><time datetime=\"2023-11-16T01:23:05+01:00\">16. listopada 2023<\/time><\/div>\n\n<\/div>\n\n\n<div class=\"wp-block-post-excerpt\"><p class=\"wp-block-post-excerpt__excerpt\">Kolorowe, miniaturowe poinsecje to urocze prezenty w sezonie \u015bwi\u0105tecznym. Kliknij ten artyku\u0142, aby zapozna\u0107 si\u0119 z kilkoma doskona\u0142ymi pomys\u0142ami na prezent, od prostych po wyszukane.<\/p><p class=\"wp-block-post-excerpt__more-text\"><a class=\"wp-block-post-excerpt__more-link\" href=\"https:\/\/starsforeurope.com\/pl\/blog\/diy-jak-zrobic-prezent-z-miniaturowych-poinsecji\/\">Wi\u0119cej<\/a><\/p><\/div>\n<\/li><li class=\"wp-block-post post-7603 blog type-blog status-publish has-post-thumbnail hentry blog_cat-dekoracja-adwentowa blog_cat-dekoracja-stolu blog_cat-dekoracje-slubne blog_cat-ozdoby-choinkowe blog_main-dekoracja blog_main-dekoracje-adwentowe blog_main-diy-upcykling\">\n<figure style=\"aspect-ratio:1;\" class=\"featuredimage wp-block-post-featured-image\"><a href=\"https:\/\/starsforeurope.com\/pl\/blog\/pomysly-na-poinsecje-diy-idealne-dla-poczatkujacych\/\" target=\"_self\"  ><img loading=\"lazy\" decoding=\"async\" width=\"1050\" height=\"875\" src=\"https:\/\/starsforeurope.com\/pl\/wp-content\/uploads\/sites\/16\/2023\/07\/asset-3-2.jpg\" class=\"attachment-post-thumbnail size-post-thumbnail wp-post-image\" alt=\"Pomys\u0142y na poinsecj\u0119 DIY: idealne dla pocz\u0105tkuj\u0105cych\" style=\"width:100%;height:100%;object-fit:cover;\" srcset=\"https:\/\/starsforeurope.com\/pl\/wp-content\/uploads\/sites\/16\/2023\/07\/asset-3-2.jpg 1050w, https:\/\/starsforeurope.com\/pl\/wp-content\/uploads\/sites\/16\/2023\/07\/asset-3-2-300x250.jpg 300w, https:\/\/starsforeurope.com\/pl\/wp-content\/uploads\/sites\/16\/2023\/07\/asset-3-2-1024x853.jpg 1024w, https:\/\/starsforeurope.com\/pl\/wp-content\/uploads\/sites\/16\/2023\/07\/asset-3-2-768x640.jpg 768w, https:\/\/starsforeurope.com\/pl\/wp-content\/uploads\/sites\/16\/2023\/07\/asset-3-2-810x675.jpg 810w\" sizes=\"auto, (max-width: 1050px) 100vw, 1050px\" \/><\/a><\/figure>\n\n<h3 class=\"wp-block-post-title\"><a href=\"https:\/\/starsforeurope.com\/pl\/blog\/pomysly-na-poinsecje-diy-idealne-dla-poczatkujacych\/\" target=\"_self\" >Pomys\u0142y na poinsecj\u0119 DIY: idealne dla pocz\u0105tkuj\u0105cych<\/a><\/h3>\n\n\n<div class=\"wp-block-group postmetaline is-nowrap is-layout-flex wp-container-core-group-is-layout-6c531013 wp-block-group-is-layout-flex\"><div class=\"wp-block-post-date\"><time datetime=\"2023-11-15T09:00:33+01:00\">15. listopada 2023<\/time><\/div>\n\n<\/div>\n\n\n<div class=\"wp-block-post-excerpt\"><p class=\"wp-block-post-excerpt__excerpt\">Mo\u017cesz samemu wykona\u0107 te magiczne dekoracje z poinsecji, nawet je\u015bli masz dwie lewe r\u0119ce \ud83e\udd73.<\/p><p class=\"wp-block-post-excerpt__more-text\"><a class=\"wp-block-post-excerpt__more-link\" href=\"https:\/\/starsforeurope.com\/pl\/blog\/pomysly-na-poinsecje-diy-idealne-dla-poczatkujacych\/\">Wi\u0119cej<\/a><\/p><\/div>\n<\/li><\/ul>\n\n<nav class=\"wp-block-query-pagination is-content-justification-center is-layout-flex wp-container-core-query-pagination-is-layout-a89b3969 wp-block-query-pagination-is-layout-flex\" aria-label=\"Stronicowanie\">\n\n\n<div class=\"wp-block-query-pagination-numbers has-medium-font-size\"><span aria-current=\"page\" class=\"page-numbers current\">1<\/span>\n<a class=\"page-numbers\" href=\"?query-0-page=2\">2<\/a>\n<a class=\"page-numbers\" href=\"?query-0-page=3\">3<\/a><\/div>\n\n<a href=\"\/pl\/wp-json\/wp\/v2\/pages\/22?query-0-page=2\" class=\"wp-block-query-pagination-next\">\u22b3<\/a>\n<\/nav>\n\n<\/div>\n\n\n\n<div style=\"height:3rem\" aria-hidden=\"true\" class=\"wp-block-spacer\"><\/div>\n<\/div>","protected":false},"excerpt":{"rendered":"<p>Tutaj znajdziesz szerok\u0105 palet\u0119 pomys\u0142\u00f3w i projekt\u00f3w DIY na udekorowanie domu na \u015bwi\u0119ta. Poinsecje, znane jako gwiazdy betlejemskie, na pewno zaskocz\u0105 Ci\u0119 ogromem kszta\u0142t\u00f3w i rozmiar\u00f3w, kt\u00f3re zaspokajaj\u0105 ka\u017cdy gust i wpisuj\u0105 si\u0119 w dowoln\u0105 przestrze\u0144 zar\u00f3wno w stylu boho, rustykalnym, miejskiej d\u017cungli, w aran\u017cacjach z upcyklingu i innych.<\/p>\n","protected":false},"author":1,"featured_media":4352,"parent":0,"menu_order":0,"comment_status":"closed","ping_status":"closed","template":"two-column-blog-single","meta":{"_acf_changed":false,"footnotes":""},"class_list":["post-22","page","type-page","status-publish","has-post-thumbnail","hentry"],"acf":[],"_links":{"self":[{"href":"https:\/\/starsforeurope.com\/pl\/wp-json\/wp\/v2\/pages\/22","targetHints":{"allow":["GET"]}}],"collection":[{"href":"https:\/\/starsforeurope.com\/pl\/wp-json\/wp\/v2\/pages"}],"about":[{"href":"https:\/\/starsforeurope.com\/pl\/wp-json\/wp\/v2\/types\/page"}],"author":[{"embeddable":true,"href":"https:\/\/starsforeurope.com\/pl\/wp-json\/wp\/v2\/users\/1"}],"replies":[{"embeddable":true,"href":"https:\/\/starsforeurope.com\/pl\/wp-json\/wp\/v2\/comments?post=22"}],"version-history":[{"count":56,"href":"https:\/\/starsforeurope.com\/pl\/wp-json\/wp\/v2\/pages\/22\/revisions"}],"predecessor-version":[{"id":7979,"href":"https:\/\/starsforeurope.com\/pl\/wp-json\/wp\/v2\/pages\/22\/revisions\/7979"}],"wp:featuredmedia":[{"embeddable":true,"href":"https:\/\/starsforeurope.com\/pl\/wp-json\/wp\/v2\/media\/4352"}],"wp:attachment":[{"href":"https:\/\/starsforeurope.com\/pl\/wp-json\/wp\/v2\/media?parent=22"}],"curies":[{"name":"wp","href":"https:\/\/api.w.org\/{rel}","templated":true}]}}