{"id":7317,"date":"2025-08-27T16:23:24","date_gmt":"2025-08-27T14:23:24","guid":{"rendered":"https:\/\/starsforeurope.com\/no\/?page_id=7317"},"modified":"2025-08-28T22:11:59","modified_gmt":"2025-08-28T20:11:59","slug":"bryllupspynt-pr","status":"publish","type":"page","link":"https:\/\/starsforeurope.com\/no\/press-releases\/dekoracija-pr\/bryllupspynt-pr\/","title":{"rendered":"Elegante bryllup med julestjerner Elegante bryllup med julestjerner"},"content":{"rendered":"<main class=\"wp-block-group postimage-half wide-content is-layout-flow wp-block-group-is-layout-flow\" style=\"margin-top:var(--wp--preset--spacing--50)\">\n<div style=\"height:3rem\" aria-hidden=\"true\" class=\"wp-block-spacer\"><\/div>\n\n\n\n<div class=\"wp-block-query is-layout-flow wp-block-query-is-layout-flow\">\n\n\n\n<div class=\"wp-block-query-no-results\">\n\n<p><\/p>\n\n<\/div><\/div>\n\n\n\n<div style=\"height:3rem\" aria-hidden=\"true\" class=\"wp-block-spacer\"><\/div>\n<\/main>","protected":false},"excerpt":{"rendered":"<p>Feir den store dagen med den tidl\u00f8se skj\u00f8nnheten til julestjerner &#8211; perfekt for \u00e5 skape minneverdige, festlige bryllupsdekorasjoner.<\/p>\n","protected":false},"author":24,"featured_media":7124,"parent":7285,"menu_order":0,"comment_status":"closed","ping_status":"closed","template":"two-column-press","meta":{"_acf_changed":false,"footnotes":""},"class_list":["post-7317","page","type-page","status-publish","has-post-thumbnail","hentry"],"acf":[],"_links":{"self":[{"href":"https:\/\/starsforeurope.com\/no\/wp-json\/wp\/v2\/pages\/7317","targetHints":{"allow":["GET"]}}],"collection":[{"href":"https:\/\/starsforeurope.com\/no\/wp-json\/wp\/v2\/pages"}],"about":[{"href":"https:\/\/starsforeurope.com\/no\/wp-json\/wp\/v2\/types\/page"}],"author":[{"embeddable":true,"href":"https:\/\/starsforeurope.com\/no\/wp-json\/wp\/v2\/users\/24"}],"replies":[{"embeddable":true,"href":"https:\/\/starsforeurope.com\/no\/wp-json\/wp\/v2\/comments?post=7317"}],"version-history":[{"count":2,"href":"https:\/\/starsforeurope.com\/no\/wp-json\/wp\/v2\/pages\/7317\/revisions"}],"predecessor-version":[{"id":7384,"href":"https:\/\/starsforeurope.com\/no\/wp-json\/wp\/v2\/pages\/7317\/revisions\/7384"}],"up":[{"embeddable":true,"href":"https:\/\/starsforeurope.com\/no\/wp-json\/wp\/v2\/pages\/7285"}],"wp:featuredmedia":[{"embeddable":true,"href":"https:\/\/starsforeurope.com\/no\/wp-json\/wp\/v2\/media\/7124"}],"wp:attachment":[{"href":"https:\/\/starsforeurope.com\/no\/wp-json\/wp\/v2\/media?parent=7317"}],"curies":[{"name":"wp","href":"https:\/\/api.w.org\/{rel}","templated":true}]}}