{"id":7315,"date":"2025-08-27T16:21:02","date_gmt":"2025-08-27T14:21:02","guid":{"rendered":"https:\/\/starsforeurope.com\/no\/?page_id=7315"},"modified":"2025-08-28T22:11:40","modified_gmt":"2025-08-28T20:11:40","slug":"vinterdekorasjoner-pr","status":"publish","type":"page","link":"https:\/\/starsforeurope.com\/no\/press-releases\/dekoracija-pr\/vinterdekorasjoner-pr\/","title":{"rendered":"Vinterpynt med julestjerner"},"content":{"rendered":"<main class=\"wp-block-group postimage-half wide-content is-layout-flow wp-block-group-is-layout-flow\" style=\"margin-top:var(--wp--preset--spacing--50)\">\n<div style=\"height:3rem\" aria-hidden=\"true\" class=\"wp-block-spacer\"><\/div>\n\n\n\n<div class=\"wp-block-query is-layout-flow wp-block-query-is-layout-flow\"><ul class=\"columns-2 wp-block-post-template is-layout-grid wp-container-core-post-template-is-layout-37ef2942 wp-block-post-template-is-layout-grid\"><li class=\"wp-block-post post-5714 press type-press status-publish has-post-thumbnail hentry press_cat-advent-decoration press_cat-christmas-tree-decorations press_main-adventsdekorasjoner press_main-dekorasjon press_main-pressemitteilungen press_main-vinterdekorasjoner\">\n<figure style=\"aspect-ratio:1;\" class=\"featuredimage wp-block-post-featured-image\"><a href=\"https:\/\/starsforeurope.com\/no\/press\/juletid-nar-drommen-blir-virkelighet-magiske-oyeblikk-med-julestjerne\/\" target=\"_self\"  ><img loading=\"lazy\" decoding=\"async\" width=\"875\" height=\"1050\" src=\"https:\/\/starsforeurope.com\/no\/wp-content\/uploads\/sites\/26\/2022\/09\/2018_poinsettia_0100_Christmas_Tales_04.jpg\" class=\"attachment-post-thumbnail size-post-thumbnail wp-post-image\" alt=\"Juletid: N\u00e5r dr\u00f8mmen blir virkelighet. Magiske \u00f8yeblikk med julestjerne\" style=\"width:100%;height:100%;object-fit:cover;\" srcset=\"https:\/\/starsforeurope.com\/no\/wp-content\/uploads\/sites\/26\/2022\/09\/2018_poinsettia_0100_Christmas_Tales_04.jpg 875w, https:\/\/starsforeurope.com\/no\/wp-content\/uploads\/sites\/26\/2022\/09\/2018_poinsettia_0100_Christmas_Tales_04-250x300.jpg 250w, https:\/\/starsforeurope.com\/no\/wp-content\/uploads\/sites\/26\/2022\/09\/2018_poinsettia_0100_Christmas_Tales_04-853x1024.jpg 853w, https:\/\/starsforeurope.com\/no\/wp-content\/uploads\/sites\/26\/2022\/09\/2018_poinsettia_0100_Christmas_Tales_04-768x922.jpg 768w, https:\/\/starsforeurope.com\/no\/wp-content\/uploads\/sites\/26\/2022\/09\/2018_poinsettia_0100_Christmas_Tales_04-563x675.jpg 563w\" sizes=\"auto, (max-width: 875px) 100vw, 875px\" \/><\/a><\/figure>\n\n<h3 class=\"wp-block-post-title\"><a href=\"https:\/\/starsforeurope.com\/no\/press\/juletid-nar-drommen-blir-virkelighet-magiske-oyeblikk-med-julestjerne\/\" target=\"_self\" >Juletid: N\u00e5r dr\u00f8mmen blir virkelighet. Magiske \u00f8yeblikk med julestjerne<\/a><\/h3>\n\n\n<div class=\"wp-block-group postmetaline is-nowrap is-layout-flex wp-container-core-group-is-layout-6c531013 wp-block-group-is-layout-flex\"><div class=\"wp-block-post-date\"><time datetime=\"2018-08-11T14:52:43+02:00\">11. august 2018<\/time><\/div>\n\n<\/div>\n\n\n<div class=\"wp-block-post-excerpt\"><p class=\"wp-block-post-excerpt__excerpt\">I tillegg til julestjernen er andre viktige symboler for juletiden juletreet, adventskalenderen og adventskransen. Sammen skaper de en fantastisk effekt<\/p><p class=\"wp-block-post-excerpt__more-text\"><a class=\"wp-block-post-excerpt__more-link\" href=\"https:\/\/starsforeurope.com\/no\/press\/juletid-nar-drommen-blir-virkelighet-magiske-oyeblikk-med-julestjerne\/\">Les mer<\/a><\/p><\/div>\n<\/li><\/ul>\n\n\n\n<\/div>\n\n\n\n<div style=\"height:3rem\" aria-hidden=\"true\" class=\"wp-block-spacer\"><\/div>\n<\/main>","protected":false},"excerpt":{"rendered":"<p>Gi vinterinnredningen din en koselig sjarm med levende julestjerner &#8211; perfekt for \u00e5 lyse opp kj\u00f8lige dager og festlige kvelder.<\/p>\n","protected":false},"author":24,"featured_media":7124,"parent":7285,"menu_order":0,"comment_status":"closed","ping_status":"closed","template":"two-column-press","meta":{"_acf_changed":false,"footnotes":""},"class_list":["post-7315","page","type-page","status-publish","has-post-thumbnail","hentry"],"acf":[],"_links":{"self":[{"href":"https:\/\/starsforeurope.com\/no\/wp-json\/wp\/v2\/pages\/7315","targetHints":{"allow":["GET"]}}],"collection":[{"href":"https:\/\/starsforeurope.com\/no\/wp-json\/wp\/v2\/pages"}],"about":[{"href":"https:\/\/starsforeurope.com\/no\/wp-json\/wp\/v2\/types\/page"}],"author":[{"embeddable":true,"href":"https:\/\/starsforeurope.com\/no\/wp-json\/wp\/v2\/users\/24"}],"replies":[{"embeddable":true,"href":"https:\/\/starsforeurope.com\/no\/wp-json\/wp\/v2\/comments?post=7315"}],"version-history":[{"count":2,"href":"https:\/\/starsforeurope.com\/no\/wp-json\/wp\/v2\/pages\/7315\/revisions"}],"predecessor-version":[{"id":7383,"href":"https:\/\/starsforeurope.com\/no\/wp-json\/wp\/v2\/pages\/7315\/revisions\/7383"}],"up":[{"embeddable":true,"href":"https:\/\/starsforeurope.com\/no\/wp-json\/wp\/v2\/pages\/7285"}],"wp:featuredmedia":[{"embeddable":true,"href":"https:\/\/starsforeurope.com\/no\/wp-json\/wp\/v2\/media\/7124"}],"wp:attachment":[{"href":"https:\/\/starsforeurope.com\/no\/wp-json\/wp\/v2\/media?parent=7315"}],"curies":[{"name":"wp","href":"https:\/\/api.w.org\/{rel}","templated":true}]}}