{"id":7309,"date":"2025-08-27T16:13:27","date_gmt":"2025-08-27T14:13:27","guid":{"rendered":"https:\/\/starsforeurope.com\/no\/?page_id=7309"},"modified":"2025-08-28T22:10:10","modified_gmt":"2025-08-28T20:10:10","slug":"gaveideer-pr","status":"publish","type":"page","link":"https:\/\/starsforeurope.com\/no\/press-releases\/dekoracija-pr\/gaveideer-pr\/","title":{"rendered":"Julestjerner som gaveideer"},"content":{"rendered":"<main class=\"wp-block-group postimage-half wide-content is-layout-flow wp-block-group-is-layout-flow\" style=\"margin-top:var(--wp--preset--spacing--50)\">\n<div style=\"height:3rem\" aria-hidden=\"true\" class=\"wp-block-spacer\"><\/div>\n\n\n\n<div class=\"wp-block-query is-layout-flow wp-block-query-is-layout-flow\"><ul class=\"columns-2 wp-block-post-template is-layout-grid wp-container-core-post-template-is-layout-37ef2942 wp-block-post-template-is-layout-grid\"><li class=\"wp-block-post post-5769 press type-press status-publish has-post-thumbnail hentry press_cat-diy press_cat-gift-ideas press_main-adventsdekorasjoner press_main-dekorasjon press_main-gaveideer press_main-pressemitteilungen\">\n<figure style=\"aspect-ratio:1;\" class=\"featuredimage wp-block-post-featured-image\"><a href=\"https:\/\/starsforeurope.com\/no\/press\/raske-gaveideer-med-julestjerner\/\" target=\"_self\"  ><img loading=\"lazy\" decoding=\"async\" width=\"875\" height=\"1050\" src=\"https:\/\/starsforeurope.com\/no\/wp-content\/uploads\/sites\/26\/2022\/09\/2017_Weihnachtsstern_People_13.jpg\" class=\"attachment-post-thumbnail size-post-thumbnail wp-post-image\" alt=\"Raske gaveideer med julestjerner\" style=\"width:100%;height:100%;object-fit:cover;\" srcset=\"https:\/\/starsforeurope.com\/no\/wp-content\/uploads\/sites\/26\/2022\/09\/2017_Weihnachtsstern_People_13.jpg 875w, https:\/\/starsforeurope.com\/no\/wp-content\/uploads\/sites\/26\/2022\/09\/2017_Weihnachtsstern_People_13-250x300.jpg 250w, https:\/\/starsforeurope.com\/no\/wp-content\/uploads\/sites\/26\/2022\/09\/2017_Weihnachtsstern_People_13-853x1024.jpg 853w, https:\/\/starsforeurope.com\/no\/wp-content\/uploads\/sites\/26\/2022\/09\/2017_Weihnachtsstern_People_13-768x922.jpg 768w, https:\/\/starsforeurope.com\/no\/wp-content\/uploads\/sites\/26\/2022\/09\/2017_Weihnachtsstern_People_13-563x675.jpg 563w\" sizes=\"auto, (max-width: 875px) 100vw, 875px\" \/><\/a><\/figure>\n\n<h3 class=\"wp-block-post-title\"><a href=\"https:\/\/starsforeurope.com\/no\/press\/raske-gaveideer-med-julestjerner\/\" target=\"_self\" >Raske gaveideer med julestjerner<\/a><\/h3>\n\n\n<div class=\"wp-block-group postmetaline is-nowrap is-layout-flex wp-container-core-group-is-layout-6c531013 wp-block-group-is-layout-flex\"><div class=\"wp-block-post-date\"><time datetime=\"2017-12-14T10:10:29+01:00\">14. desember 2017<\/time><\/div>\n\n<\/div>\n\n\n<div class=\"wp-block-post-excerpt\"><p class=\"wp-block-post-excerpt__excerpt\">I en vakker pakke eller en DIY-gryte er en julestjerne en flott personlig gave. Oppdag raske DIY-gaver fra hjertet<\/p><p class=\"wp-block-post-excerpt__more-text\"><a class=\"wp-block-post-excerpt__more-link\" href=\"https:\/\/starsforeurope.com\/no\/press\/raske-gaveideer-med-julestjerner\/\">Les mer<\/a><\/p><\/div>\n<\/li><li class=\"wp-block-post post-5836 press type-press status-publish has-post-thumbnail hentry press_cat-diy press_cat-gift-ideas press_main-dekorasjon press_main-diy-upcycling press_main-gaveideer press_main-pressemitteilungen\">\n<figure style=\"aspect-ratio:1;\" class=\"featuredimage wp-block-post-featured-image\"><a href=\"https:\/\/starsforeurope.com\/no\/press\/dekorative-gaveideer-med-julestjerner\/\" target=\"_self\"  ><img loading=\"lazy\" decoding=\"async\" width=\"875\" height=\"1050\" src=\"https:\/\/starsforeurope.com\/no\/wp-content\/uploads\/sites\/26\/2022\/09\/2017_Weihnachtsstern_Geschenk_03.jpg\" class=\"attachment-post-thumbnail size-post-thumbnail wp-post-image\" alt=\"Dekorative gaveideer med julestjerner\" style=\"width:100%;height:100%;object-fit:cover;\" srcset=\"https:\/\/starsforeurope.com\/no\/wp-content\/uploads\/sites\/26\/2022\/09\/2017_Weihnachtsstern_Geschenk_03.jpg 875w, https:\/\/starsforeurope.com\/no\/wp-content\/uploads\/sites\/26\/2022\/09\/2017_Weihnachtsstern_Geschenk_03-250x300.jpg 250w, https:\/\/starsforeurope.com\/no\/wp-content\/uploads\/sites\/26\/2022\/09\/2017_Weihnachtsstern_Geschenk_03-853x1024.jpg 853w, https:\/\/starsforeurope.com\/no\/wp-content\/uploads\/sites\/26\/2022\/09\/2017_Weihnachtsstern_Geschenk_03-768x922.jpg 768w, https:\/\/starsforeurope.com\/no\/wp-content\/uploads\/sites\/26\/2022\/09\/2017_Weihnachtsstern_Geschenk_03-563x675.jpg 563w\" sizes=\"auto, (max-width: 875px) 100vw, 875px\" \/><\/a><\/figure>\n\n<h3 class=\"wp-block-post-title\"><a href=\"https:\/\/starsforeurope.com\/no\/press\/dekorative-gaveideer-med-julestjerner\/\" target=\"_self\" >Dekorative gaveideer med julestjerner<\/a><\/h3>\n\n\n<div class=\"wp-block-group postmetaline is-nowrap is-layout-flex wp-container-core-group-is-layout-6c531013 wp-block-group-is-layout-flex\"><div class=\"wp-block-post-date\"><time datetime=\"2017-11-23T13:05:13+01:00\">23. november 2017<\/time><\/div>\n\n<\/div>\n\n\n<div class=\"wp-block-post-excerpt\"><p class=\"wp-block-post-excerpt__excerpt\">Og brett med et DIY julearrangement han ga og en attraktiv brettdekorasjon. Konferansier styret dekorasjon asjon at han raske \u00e5 implementere<\/p><p class=\"wp-block-post-excerpt__more-text\"><a class=\"wp-block-post-excerpt__more-link\" href=\"https:\/\/starsforeurope.com\/no\/press\/dekorative-gaveideer-med-julestjerner\/\">Les mer<\/a><\/p><\/div>\n<\/li><li class=\"wp-block-post post-5894 press type-press status-publish has-post-thumbnail hentry press_cat-diy press_cat-gift-ideas press_cat-variety press_main-dekorasjon press_main-diy-upcycling press_main-gaveideer press_main-pressemitteilungen\">\n<figure style=\"aspect-ratio:1;\" class=\"featuredimage wp-block-post-featured-image\"><a href=\"https:\/\/starsforeurope.com\/no\/press\/julestjernen-alltid-en-velkommen-gave\/\" target=\"_self\"  ><img loading=\"lazy\" decoding=\"async\" width=\"875\" height=\"1050\" src=\"https:\/\/starsforeurope.com\/no\/wp-content\/uploads\/sites\/26\/2022\/09\/2017_Weihnachtsstern_People_10.jpg\" class=\"attachment-post-thumbnail size-post-thumbnail wp-post-image\" alt=\"Julestjernen: Alltid en velkommen gave\" style=\"width:100%;height:100%;object-fit:cover;\" srcset=\"https:\/\/starsforeurope.com\/no\/wp-content\/uploads\/sites\/26\/2022\/09\/2017_Weihnachtsstern_People_10.jpg 875w, https:\/\/starsforeurope.com\/no\/wp-content\/uploads\/sites\/26\/2022\/09\/2017_Weihnachtsstern_People_10-250x300.jpg 250w, https:\/\/starsforeurope.com\/no\/wp-content\/uploads\/sites\/26\/2022\/09\/2017_Weihnachtsstern_People_10-853x1024.jpg 853w, https:\/\/starsforeurope.com\/no\/wp-content\/uploads\/sites\/26\/2022\/09\/2017_Weihnachtsstern_People_10-768x922.jpg 768w, https:\/\/starsforeurope.com\/no\/wp-content\/uploads\/sites\/26\/2022\/09\/2017_Weihnachtsstern_People_10-563x675.jpg 563w\" sizes=\"auto, (max-width: 875px) 100vw, 875px\" \/><\/a><\/figure>\n\n<h3 class=\"wp-block-post-title\"><a href=\"https:\/\/starsforeurope.com\/no\/press\/julestjernen-alltid-en-velkommen-gave\/\" target=\"_self\" >Julestjernen: Alltid en velkommen gave<\/a><\/h3>\n\n\n<div class=\"wp-block-group postmetaline is-nowrap is-layout-flex wp-container-core-group-is-layout-6c531013 wp-block-group-is-layout-flex\"><div class=\"wp-block-post-date\"><time datetime=\"2017-07-02T14:16:55+02:00\">02. juli 2017<\/time><\/div>\n\n<\/div>\n\n\n<div class=\"wp-block-post-excerpt\"><p class=\"wp-block-post-excerpt__excerpt\">En julestjerne er et kraftig symbol p\u00e5 h\u00f8ytiden og en fantastisk enkel gave som kan brukes til \u00e5 uttrykke inderlige f\u00f8lelser p\u00e5 en enkel m\u00e5te<\/p><p class=\"wp-block-post-excerpt__more-text\"><a class=\"wp-block-post-excerpt__more-link\" href=\"https:\/\/starsforeurope.com\/no\/press\/julestjernen-alltid-en-velkommen-gave\/\">Les mer<\/a><\/p><\/div>\n<\/li><\/ul>\n\n\n\n<\/div>\n\n\n\n<div style=\"height:3rem\" aria-hidden=\"true\" class=\"wp-block-spacer\"><\/div>\n<\/main>","protected":false},"excerpt":{"rendered":"<p>Finn de perfekte julestjerneinspirerte gavene som kan lyse opp h\u00f8ytiden med stil og glede.<\/p>\n","protected":false},"author":24,"featured_media":7124,"parent":7285,"menu_order":0,"comment_status":"closed","ping_status":"closed","template":"two-column-press","meta":{"_acf_changed":false,"footnotes":""},"class_list":["post-7309","page","type-page","status-publish","has-post-thumbnail","hentry"],"acf":[],"_links":{"self":[{"href":"https:\/\/starsforeurope.com\/no\/wp-json\/wp\/v2\/pages\/7309","targetHints":{"allow":["GET"]}}],"collection":[{"href":"https:\/\/starsforeurope.com\/no\/wp-json\/wp\/v2\/pages"}],"about":[{"href":"https:\/\/starsforeurope.com\/no\/wp-json\/wp\/v2\/types\/page"}],"author":[{"embeddable":true,"href":"https:\/\/starsforeurope.com\/no\/wp-json\/wp\/v2\/users\/24"}],"replies":[{"embeddable":true,"href":"https:\/\/starsforeurope.com\/no\/wp-json\/wp\/v2\/comments?post=7309"}],"version-history":[{"count":3,"href":"https:\/\/starsforeurope.com\/no\/wp-json\/wp\/v2\/pages\/7309\/revisions"}],"predecessor-version":[{"id":7381,"href":"https:\/\/starsforeurope.com\/no\/wp-json\/wp\/v2\/pages\/7309\/revisions\/7381"}],"up":[{"embeddable":true,"href":"https:\/\/starsforeurope.com\/no\/wp-json\/wp\/v2\/pages\/7285"}],"wp:featuredmedia":[{"embeddable":true,"href":"https:\/\/starsforeurope.com\/no\/wp-json\/wp\/v2\/media\/7124"}],"wp:attachment":[{"href":"https:\/\/starsforeurope.com\/no\/wp-json\/wp\/v2\/media?parent=7309"}],"curies":[{"name":"wp","href":"https:\/\/api.w.org\/{rel}","templated":true}]}}