{"id":7307,"date":"2025-08-27T16:08:11","date_gmt":"2025-08-27T14:08:11","guid":{"rendered":"https:\/\/starsforeurope.com\/no\/?page_id=7307"},"modified":"2025-08-28T22:09:34","modified_gmt":"2025-08-28T20:09:34","slug":"diy-upcycling-pr","status":"publish","type":"page","link":"https:\/\/starsforeurope.com\/no\/press-releases\/dekoracija-pr\/diy-upcycling-pr\/","title":{"rendered":"Kreative gj\u00f8r-det-selv- og gjenbruksprosjekter med julestjerner"},"content":{"rendered":"<main class=\"wp-block-group postimage-half wide-content is-layout-flow wp-block-group-is-layout-flow\" style=\"margin-top:var(--wp--preset--spacing--50)\">\n<div style=\"height:3rem\" aria-hidden=\"true\" class=\"wp-block-spacer\"><\/div>\n\n\n\n<div class=\"wp-block-query is-layout-flow wp-block-query-is-layout-flow\"><ul class=\"columns-2 wp-block-post-template is-layout-grid wp-container-core-post-template-is-layout-37ef2942 wp-block-post-template-is-layout-grid\"><li class=\"wp-block-post post-5592 press type-press status-publish has-post-thumbnail hentry press_cat-advent-decoration press_cat-event press_cat-table-decoration press_cat-diy press_cat-winter-decor press_main-borddekorasjoner press_main-dekorasjon press_main-diy-upcycling press_main-pressemitteilungen\">\n<figure style=\"aspect-ratio:1;\" class=\"featuredimage wp-block-post-featured-image\"><a href=\"https:\/\/starsforeurope.com\/no\/press\/borddekorasjoner-med-julestjerner-blomstrete-festbord-for-enhver-smak\/\" target=\"_self\"  ><img loading=\"lazy\" decoding=\"async\" width=\"875\" height=\"1050\" src=\"https:\/\/starsforeurope.com\/no\/wp-content\/uploads\/sites\/26\/2025\/01\/2024_Poinsettia_02000_Modern_Vintage_Fusion_03.jpg\" class=\"attachment-post-thumbnail size-post-thumbnail wp-post-image\" alt=\"Borddekorasjoner med julestjerner. Blomstrete festbord for enhver smak\" style=\"width:100%;height:100%;object-fit:cover;\" srcset=\"https:\/\/starsforeurope.com\/no\/wp-content\/uploads\/sites\/26\/2025\/01\/2024_Poinsettia_02000_Modern_Vintage_Fusion_03.jpg 875w, https:\/\/starsforeurope.com\/no\/wp-content\/uploads\/sites\/26\/2025\/01\/2024_Poinsettia_02000_Modern_Vintage_Fusion_03-250x300.jpg 250w, https:\/\/starsforeurope.com\/no\/wp-content\/uploads\/sites\/26\/2025\/01\/2024_Poinsettia_02000_Modern_Vintage_Fusion_03-853x1024.jpg 853w, https:\/\/starsforeurope.com\/no\/wp-content\/uploads\/sites\/26\/2025\/01\/2024_Poinsettia_02000_Modern_Vintage_Fusion_03-768x922.jpg 768w, https:\/\/starsforeurope.com\/no\/wp-content\/uploads\/sites\/26\/2025\/01\/2024_Poinsettia_02000_Modern_Vintage_Fusion_03-563x675.jpg 563w\" sizes=\"auto, (max-width: 875px) 100vw, 875px\" \/><\/a><\/figure>\n\n<h3 class=\"wp-block-post-title\"><a href=\"https:\/\/starsforeurope.com\/no\/press\/borddekorasjoner-med-julestjerner-blomstrete-festbord-for-enhver-smak\/\" target=\"_self\" >Borddekorasjoner med julestjerner. Blomstrete festbord for enhver smak<\/a><\/h3>\n\n\n<div class=\"wp-block-group postmetaline is-nowrap is-layout-flex wp-container-core-group-is-layout-6c531013 wp-block-group-is-layout-flex\"><div class=\"wp-block-post-date\"><time datetime=\"2024-12-23T06:00:36+01:00\">23. desember 2024<\/time><\/div>\n\n<\/div>\n\n\n<div class=\"wp-block-post-excerpt\"><p class=\"wp-block-post-excerpt__excerpt\">Julestjerner pynter det elegante festbordet s\u00e5 vel som frokostbordet eller salongbordet. Vi presenterer borddekorasjoner for enhver anledning<\/p><p class=\"wp-block-post-excerpt__more-text\"><a class=\"wp-block-post-excerpt__more-link\" href=\"https:\/\/starsforeurope.com\/no\/press\/borddekorasjoner-med-julestjerner-blomstrete-festbord-for-enhver-smak\/\">Les mer<\/a><\/p><\/div>\n<\/li><li class=\"wp-block-post post-5061 press type-press status-publish has-post-thumbnail hentry press_cat-care press_main-adventsdekorasjoner press_main-dekorasjon press_main-diy-upcycling press_main-pressemitteilungen\">\n<figure style=\"aspect-ratio:1;\" class=\"featuredimage wp-block-post-featured-image\"><a href=\"https:\/\/starsforeurope.com\/no\/press\/vakre-julestjerner-helt-til-varen-hvordan-ta-vare-pa-julestjernene-lenge\/\" target=\"_self\"  ><img loading=\"lazy\" decoding=\"async\" width=\"875\" height=\"1050\" src=\"https:\/\/starsforeurope.com\/no\/wp-content\/uploads\/sites\/26\/2022\/08\/2022-poinsettia-06000-christmas-warmth-06.jpg\" class=\"attachment-post-thumbnail size-post-thumbnail wp-post-image\" alt=\"Vakre julestjerner helt til v\u00e5ren. Hvordan ta vare p\u00e5 julestjernene lenge\" style=\"width:100%;height:100%;object-fit:cover;\" srcset=\"https:\/\/starsforeurope.com\/no\/wp-content\/uploads\/sites\/26\/2022\/08\/2022-poinsettia-06000-christmas-warmth-06.jpg 875w, https:\/\/starsforeurope.com\/no\/wp-content\/uploads\/sites\/26\/2022\/08\/2022-poinsettia-06000-christmas-warmth-06-250x300.jpg 250w, https:\/\/starsforeurope.com\/no\/wp-content\/uploads\/sites\/26\/2022\/08\/2022-poinsettia-06000-christmas-warmth-06-853x1024.jpg 853w, https:\/\/starsforeurope.com\/no\/wp-content\/uploads\/sites\/26\/2022\/08\/2022-poinsettia-06000-christmas-warmth-06-768x922.jpg 768w, https:\/\/starsforeurope.com\/no\/wp-content\/uploads\/sites\/26\/2022\/08\/2022-poinsettia-06000-christmas-warmth-06-563x675.jpg 563w\" sizes=\"auto, (max-width: 875px) 100vw, 875px\" \/><\/a><\/figure>\n\n<h3 class=\"wp-block-post-title\"><a href=\"https:\/\/starsforeurope.com\/no\/press\/vakre-julestjerner-helt-til-varen-hvordan-ta-vare-pa-julestjernene-lenge\/\" target=\"_self\" >Vakre julestjerner helt til v\u00e5ren. Hvordan ta vare p\u00e5 julestjernene lenge<\/a><\/h3>\n\n\n<div class=\"wp-block-group postmetaline is-nowrap is-layout-flex wp-container-core-group-is-layout-6c531013 wp-block-group-is-layout-flex\"><div class=\"wp-block-post-date\"><time datetime=\"2022-08-11T13:10:36+02:00\">11. august 2022<\/time><\/div>\n\n<\/div>\n\n\n<div class=\"wp-block-post-excerpt\"><p class=\"wp-block-post-excerpt__excerpt\">Julestjerner kan beholde sine fargede dekkblader langt inn i neste \u00e5r, forutsatt at stell er riktig. Les videre for \u00e5 finne ut mer<\/p><p class=\"wp-block-post-excerpt__more-text\"><a class=\"wp-block-post-excerpt__more-link\" href=\"https:\/\/starsforeurope.com\/no\/press\/vakre-julestjerner-helt-til-varen-hvordan-ta-vare-pa-julestjernene-lenge\/\">Les mer<\/a><\/p><\/div>\n<\/li><li class=\"wp-block-post post-4988 press type-press status-publish has-post-thumbnail hentry press_cat-diy press_cat-upcycling press_main-dekorasjon press_main-diy-upcycling press_main-pressemitteilungen press_main-snittblomster\">\n<figure style=\"aspect-ratio:1;\" class=\"featuredimage wp-block-post-featured-image\"><a href=\"https:\/\/starsforeurope.com\/no\/press\/enkle-diy-prosjekter-til-julefeiringen-med-julestjerner-trendy-gjenbruksideer-for-julehoytiden\/\" target=\"_self\"  ><img loading=\"lazy\" decoding=\"async\" width=\"875\" height=\"1050\" src=\"https:\/\/starsforeurope.com\/no\/wp-content\/uploads\/sites\/26\/2022\/09\/2021-poinsettia-06120-diy-cake-stand-bloom-06.jpg\" class=\"attachment-post-thumbnail size-post-thumbnail wp-post-image\" alt=\"Enkle DIY prosjekter til julefeiringen med julestjerner. Trendy gjenbruksideer for juleh\u00f8ytiden\" style=\"width:100%;height:100%;object-fit:cover;\" srcset=\"https:\/\/starsforeurope.com\/no\/wp-content\/uploads\/sites\/26\/2022\/09\/2021-poinsettia-06120-diy-cake-stand-bloom-06.jpg 875w, https:\/\/starsforeurope.com\/no\/wp-content\/uploads\/sites\/26\/2022\/09\/2021-poinsettia-06120-diy-cake-stand-bloom-06-250x300.jpg 250w, https:\/\/starsforeurope.com\/no\/wp-content\/uploads\/sites\/26\/2022\/09\/2021-poinsettia-06120-diy-cake-stand-bloom-06-853x1024.jpg 853w, https:\/\/starsforeurope.com\/no\/wp-content\/uploads\/sites\/26\/2022\/09\/2021-poinsettia-06120-diy-cake-stand-bloom-06-768x922.jpg 768w, https:\/\/starsforeurope.com\/no\/wp-content\/uploads\/sites\/26\/2022\/09\/2021-poinsettia-06120-diy-cake-stand-bloom-06-563x675.jpg 563w\" sizes=\"auto, (max-width: 875px) 100vw, 875px\" \/><\/a><\/figure>\n\n<h3 class=\"wp-block-post-title\"><a href=\"https:\/\/starsforeurope.com\/no\/press\/enkle-diy-prosjekter-til-julefeiringen-med-julestjerner-trendy-gjenbruksideer-for-julehoytiden\/\" target=\"_self\" >Enkle DIY prosjekter til julefeiringen med julestjerner. Trendy gjenbruksideer for juleh\u00f8ytiden<\/a><\/h3>\n\n\n<div class=\"wp-block-group postmetaline is-nowrap is-layout-flex wp-container-core-group-is-layout-6c531013 wp-block-group-is-layout-flex\"><div class=\"wp-block-post-date\"><time datetime=\"2021-09-29T11:09:17+02:00\">29. september 2021<\/time><\/div>\n\n<\/div>\n\n\n<div class=\"wp-block-post-excerpt\"><p class=\"wp-block-post-excerpt__excerpt\">Rimelig, individuell og b\u00e6rekraftig \u2013 upcycling-trenden vokser. Vi presenterer tre enkle upcycling-prosjekter med julestjerner som garantert vil vekke oppsikt<\/p><p class=\"wp-block-post-excerpt__more-text\"><a class=\"wp-block-post-excerpt__more-link\" href=\"https:\/\/starsforeurope.com\/no\/press\/enkle-diy-prosjekter-til-julefeiringen-med-julestjerner-trendy-gjenbruksideer-for-julehoytiden\/\">Les mer<\/a><\/p><\/div>\n<\/li><li class=\"wp-block-post post-4905 press type-press status-publish has-post-thumbnail hentry press_cat-advent-decoration press_cat-table-decoration press_cat-decoration-tips press_cat-winter-decor press_main-dekorasjon press_main-diy-upcycling press_main-pressemitteilungen\">\n<figure style=\"aspect-ratio:1;\" class=\"featuredimage wp-block-post-featured-image\"><a href=\"https:\/\/starsforeurope.com\/no\/press\/skogslandskap-med-julestjerner-festlige-dekorasjonsideer-med-julestjerner-og-andre-naturlige-materialer\/\" target=\"_self\"  ><img loading=\"lazy\" decoding=\"async\" width=\"875\" height=\"1050\" src=\"https:\/\/starsforeurope.com\/no\/wp-content\/uploads\/sites\/26\/2022\/08\/2021_poinsettia_05000_Christmas_Woodland_03.jpg\" class=\"attachment-post-thumbnail size-post-thumbnail wp-post-image\" alt=\"Skogslandskap med julestjerner. Festlige dekorasjonsideer med julestjerner og andre naturlige materialer\" style=\"width:100%;height:100%;object-fit:cover;\" srcset=\"https:\/\/starsforeurope.com\/no\/wp-content\/uploads\/sites\/26\/2022\/08\/2021_poinsettia_05000_Christmas_Woodland_03.jpg 875w, https:\/\/starsforeurope.com\/no\/wp-content\/uploads\/sites\/26\/2022\/08\/2021_poinsettia_05000_Christmas_Woodland_03-250x300.jpg 250w, https:\/\/starsforeurope.com\/no\/wp-content\/uploads\/sites\/26\/2022\/08\/2021_poinsettia_05000_Christmas_Woodland_03-853x1024.jpg 853w, https:\/\/starsforeurope.com\/no\/wp-content\/uploads\/sites\/26\/2022\/08\/2021_poinsettia_05000_Christmas_Woodland_03-768x922.jpg 768w, https:\/\/starsforeurope.com\/no\/wp-content\/uploads\/sites\/26\/2022\/08\/2021_poinsettia_05000_Christmas_Woodland_03-563x675.jpg 563w\" sizes=\"auto, (max-width: 875px) 100vw, 875px\" \/><\/a><\/figure>\n\n<h3 class=\"wp-block-post-title\"><a href=\"https:\/\/starsforeurope.com\/no\/press\/skogslandskap-med-julestjerner-festlige-dekorasjonsideer-med-julestjerner-og-andre-naturlige-materialer\/\" target=\"_self\" >Skogslandskap med julestjerner. Festlige dekorasjonsideer med julestjerner og andre naturlige materialer<\/a><\/h3>\n\n\n<div class=\"wp-block-group postmetaline is-nowrap is-layout-flex wp-container-core-group-is-layout-6c531013 wp-block-group-is-layout-flex\"><div class=\"wp-block-post-date\"><time datetime=\"2021-09-23T13:02:00+02:00\">23. september 2021<\/time><\/div>\n\n<\/div>\n\n\n<div class=\"wp-block-post-excerpt\"><p class=\"wp-block-post-excerpt__excerpt\">Gran og furu, greiner, kongler, mose og b\u00e6r er typiske elementer man finner i skoger, og disse er spesielt popul\u00e6re n\u00e5r man skal dekorere og pynte til jul. I kaldere m\u00e5neder er lange turer i skogen en god m\u00e5te til \u00e5 samle materialene man trenger for \u00e5 skape en naturlig atmosf\u00e6re i hjemmet. Ekspertene ved<\/p><p class=\"wp-block-post-excerpt__more-text\"><a class=\"wp-block-post-excerpt__more-link\" href=\"https:\/\/starsforeurope.com\/no\/press\/skogslandskap-med-julestjerner-festlige-dekorasjonsideer-med-julestjerner-og-andre-naturlige-materialer\/\">Les mer<\/a><\/p><\/div>\n<\/li><\/ul>\n\n<nav class=\"wp-block-query-pagination is-content-justification-center is-layout-flex wp-container-core-query-pagination-is-layout-a89b3969 wp-block-query-pagination-is-layout-flex\" aria-label=\"Pagination\">\n\n\n<div class=\"wp-block-query-pagination-numbers has-medium-font-size\"><span aria-current=\"page\" class=\"page-numbers current\">1<\/span>\n<a class=\"page-numbers\" href=\"?query-0-page=2\">2<\/a>\n<a class=\"page-numbers\" href=\"?query-0-page=3\">3<\/a><\/div>\n\n<a href=\"\/no\/wp-json\/wp\/v2\/pages\/7307?query-0-page=2\" class=\"wp-block-query-pagination-next\">\u22b3<\/a>\n<\/nav>\n\n<\/div>\n\n\n\n<div style=\"height:3rem\" aria-hidden=\"true\" class=\"wp-block-spacer\"><\/div>\n<\/main>","protected":false},"excerpt":{"rendered":"<p>Gj\u00f8r julestjernene dine om til unike dekorasjoner med enkle og b\u00e6rekraftige DIY- og upcycling-ideer til h\u00f8ytiden.<\/p>\n","protected":false},"author":24,"featured_media":7124,"parent":7285,"menu_order":0,"comment_status":"closed","ping_status":"closed","template":"two-column-press","meta":{"_acf_changed":false,"footnotes":""},"class_list":["post-7307","page","type-page","status-publish","has-post-thumbnail","hentry"],"acf":[],"_links":{"self":[{"href":"https:\/\/starsforeurope.com\/no\/wp-json\/wp\/v2\/pages\/7307","targetHints":{"allow":["GET"]}}],"collection":[{"href":"https:\/\/starsforeurope.com\/no\/wp-json\/wp\/v2\/pages"}],"about":[{"href":"https:\/\/starsforeurope.com\/no\/wp-json\/wp\/v2\/types\/page"}],"author":[{"embeddable":true,"href":"https:\/\/starsforeurope.com\/no\/wp-json\/wp\/v2\/users\/24"}],"replies":[{"embeddable":true,"href":"https:\/\/starsforeurope.com\/no\/wp-json\/wp\/v2\/comments?post=7307"}],"version-history":[{"count":2,"href":"https:\/\/starsforeurope.com\/no\/wp-json\/wp\/v2\/pages\/7307\/revisions"}],"predecessor-version":[{"id":7380,"href":"https:\/\/starsforeurope.com\/no\/wp-json\/wp\/v2\/pages\/7307\/revisions\/7380"}],"up":[{"embeddable":true,"href":"https:\/\/starsforeurope.com\/no\/wp-json\/wp\/v2\/pages\/7285"}],"wp:featuredmedia":[{"embeddable":true,"href":"https:\/\/starsforeurope.com\/no\/wp-json\/wp\/v2\/media\/7124"}],"wp:attachment":[{"href":"https:\/\/starsforeurope.com\/no\/wp-json\/wp\/v2\/media?parent=7307"}],"curies":[{"name":"wp","href":"https:\/\/api.w.org\/{rel}","templated":true}]}}