{"id":7299,"date":"2025-08-27T15:50:46","date_gmt":"2025-08-27T13:50:46","guid":{"rendered":"https:\/\/starsforeurope.com\/no\/?page_id=7299"},"modified":"2025-08-28T22:05:21","modified_gmt":"2025-08-28T20:05:21","slug":"adventsdekorasjoner-pr","status":"publish","type":"page","link":"https:\/\/starsforeurope.com\/no\/press-releases\/dekoracija-pr\/adventsdekorasjoner-pr\/","title":{"rendered":"Adventsdekorasjoner med julestjerner"},"content":{"rendered":"<main class=\"wp-block-group postimage-half wide-content is-layout-flow wp-block-group-is-layout-flow\" style=\"margin-top:var(--wp--preset--spacing--50)\">\n<div style=\"height:3rem\" aria-hidden=\"true\" class=\"wp-block-spacer\"><\/div>\n\n\n\n<div class=\"wp-block-query is-layout-flow wp-block-query-is-layout-flow\"><ul class=\"columns-2 wp-block-post-template is-layout-grid wp-container-core-post-template-is-layout-37ef2942 wp-block-post-template-is-layout-grid\"><li class=\"wp-block-post post-5061 press type-press status-publish has-post-thumbnail hentry press_cat-care press_main-adventsdekorasjoner press_main-dekorasjon press_main-diy-upcycling press_main-pressemitteilungen\">\n<figure style=\"aspect-ratio:1;\" class=\"featuredimage wp-block-post-featured-image\"><a href=\"https:\/\/starsforeurope.com\/no\/press\/vakre-julestjerner-helt-til-varen-hvordan-ta-vare-pa-julestjernene-lenge\/\" target=\"_self\"  ><img loading=\"lazy\" decoding=\"async\" width=\"875\" height=\"1050\" src=\"https:\/\/starsforeurope.com\/no\/wp-content\/uploads\/sites\/26\/2022\/08\/2022-poinsettia-06000-christmas-warmth-06.jpg\" class=\"attachment-post-thumbnail size-post-thumbnail wp-post-image\" alt=\"Vakre julestjerner helt til v\u00e5ren. Hvordan ta vare p\u00e5 julestjernene lenge\" style=\"width:100%;height:100%;object-fit:cover;\" srcset=\"https:\/\/starsforeurope.com\/no\/wp-content\/uploads\/sites\/26\/2022\/08\/2022-poinsettia-06000-christmas-warmth-06.jpg 875w, https:\/\/starsforeurope.com\/no\/wp-content\/uploads\/sites\/26\/2022\/08\/2022-poinsettia-06000-christmas-warmth-06-250x300.jpg 250w, https:\/\/starsforeurope.com\/no\/wp-content\/uploads\/sites\/26\/2022\/08\/2022-poinsettia-06000-christmas-warmth-06-853x1024.jpg 853w, https:\/\/starsforeurope.com\/no\/wp-content\/uploads\/sites\/26\/2022\/08\/2022-poinsettia-06000-christmas-warmth-06-768x922.jpg 768w, https:\/\/starsforeurope.com\/no\/wp-content\/uploads\/sites\/26\/2022\/08\/2022-poinsettia-06000-christmas-warmth-06-563x675.jpg 563w\" sizes=\"auto, (max-width: 875px) 100vw, 875px\" \/><\/a><\/figure>\n\n<h3 class=\"wp-block-post-title\"><a href=\"https:\/\/starsforeurope.com\/no\/press\/vakre-julestjerner-helt-til-varen-hvordan-ta-vare-pa-julestjernene-lenge\/\" target=\"_self\" >Vakre julestjerner helt til v\u00e5ren. Hvordan ta vare p\u00e5 julestjernene lenge<\/a><\/h3>\n\n\n<div class=\"wp-block-group postmetaline is-nowrap is-layout-flex wp-container-core-group-is-layout-6c531013 wp-block-group-is-layout-flex\"><div class=\"wp-block-post-date\"><time datetime=\"2022-08-11T13:10:36+02:00\">11. august 2022<\/time><\/div>\n\n<\/div>\n\n\n<div class=\"wp-block-post-excerpt\"><p class=\"wp-block-post-excerpt__excerpt\">Julestjerner kan beholde sine fargede dekkblader langt inn i neste \u00e5r, forutsatt at stell er riktig. Les videre for \u00e5 finne ut mer<\/p><p class=\"wp-block-post-excerpt__more-text\"><a class=\"wp-block-post-excerpt__more-link\" href=\"https:\/\/starsforeurope.com\/no\/press\/vakre-julestjerner-helt-til-varen-hvordan-ta-vare-pa-julestjernene-lenge\/\">Les mer<\/a><\/p><\/div>\n<\/li><li class=\"wp-block-post post-5681 press type-press status-publish has-post-thumbnail hentry press_cat-advent-decoration press_cat-diy press_cat-winter-decor press_main-adventsdekorasjoner press_main-dekorasjon press_main-diy-upcycling press_main-pressemitteilungen\">\n<figure style=\"aspect-ratio:1;\" class=\"featuredimage wp-block-post-featured-image\"><a href=\"https:\/\/starsforeurope.com\/no\/press\/glitrende-juledekorasjoner-dekorasjoner-med-lys-og-minijulestjerner\/\" target=\"_self\"  ><img loading=\"lazy\" decoding=\"async\" width=\"875\" height=\"1050\" src=\"https:\/\/starsforeurope.com\/no\/wp-content\/uploads\/sites\/26\/2022\/09\/2019_poinsettia_04000_christmas_miniatures_02.jpg\" class=\"attachment-post-thumbnail size-post-thumbnail wp-post-image\" alt=\"Glitrende juledekorasjoner. Dekorasjoner med lys og minijulestjerner\" style=\"width:100%;height:100%;object-fit:cover;\" srcset=\"https:\/\/starsforeurope.com\/no\/wp-content\/uploads\/sites\/26\/2022\/09\/2019_poinsettia_04000_christmas_miniatures_02.jpg 875w, https:\/\/starsforeurope.com\/no\/wp-content\/uploads\/sites\/26\/2022\/09\/2019_poinsettia_04000_christmas_miniatures_02-250x300.jpg 250w, https:\/\/starsforeurope.com\/no\/wp-content\/uploads\/sites\/26\/2022\/09\/2019_poinsettia_04000_christmas_miniatures_02-853x1024.jpg 853w, https:\/\/starsforeurope.com\/no\/wp-content\/uploads\/sites\/26\/2022\/09\/2019_poinsettia_04000_christmas_miniatures_02-768x922.jpg 768w, https:\/\/starsforeurope.com\/no\/wp-content\/uploads\/sites\/26\/2022\/09\/2019_poinsettia_04000_christmas_miniatures_02-563x675.jpg 563w\" sizes=\"auto, (max-width: 875px) 100vw, 875px\" \/><\/a><\/figure>\n\n<h3 class=\"wp-block-post-title\"><a href=\"https:\/\/starsforeurope.com\/no\/press\/glitrende-juledekorasjoner-dekorasjoner-med-lys-og-minijulestjerner\/\" target=\"_self\" >Glitrende juledekorasjoner. Dekorasjoner med lys og minijulestjerner<\/a><\/h3>\n\n\n<div class=\"wp-block-group postmetaline is-nowrap is-layout-flex wp-container-core-group-is-layout-6c531013 wp-block-group-is-layout-flex\"><div class=\"wp-block-post-date\"><time datetime=\"2019-11-28T13:56:56+01:00\">28. november 2019<\/time><\/div>\n\n<\/div>\n\n\n<div class=\"wp-block-post-excerpt\"><p class=\"wp-block-post-excerpt__excerpt\">Med julestjerner kan du lage vakre miniatyrlandskap som egner seg b\u00e5de til pynt og gaver. Oppdag forskjellige DIY-scener \u00e5 kopiere<\/p><p class=\"wp-block-post-excerpt__more-text\"><a class=\"wp-block-post-excerpt__more-link\" href=\"https:\/\/starsforeurope.com\/no\/press\/glitrende-juledekorasjoner-dekorasjoner-med-lys-og-minijulestjerner\/\">Les mer<\/a><\/p><\/div>\n<\/li><li class=\"wp-block-post post-5967 press type-press status-publish has-post-thumbnail hentry press_cat-advent-decoration press_cat-diy press_cat-variety press_main-adventsdekorasjoner press_main-dekorasjon press_main-diy-upcycling press_main-pressemitteilungen\">\n<figure style=\"aspect-ratio:1;\" class=\"featuredimage wp-block-post-featured-image\"><a href=\"https:\/\/starsforeurope.com\/no\/press\/tid-for-fargesterke-julestjerner-eventyrlig-julestemning-med-julestjerner\/\" target=\"_self\"  ><img loading=\"lazy\" decoding=\"async\" width=\"1050\" height=\"875\" src=\"https:\/\/starsforeurope.com\/no\/wp-content\/uploads\/sites\/26\/2022\/09\/2019_poinsettia_02000_christmas_wonderland_22.jpg\" class=\"attachment-post-thumbnail size-post-thumbnail wp-post-image\" alt=\"Tid for fargesterke julestjerner: Eventyrlig julestemning med julestjerner\" style=\"width:100%;height:100%;object-fit:cover;\" srcset=\"https:\/\/starsforeurope.com\/no\/wp-content\/uploads\/sites\/26\/2022\/09\/2019_poinsettia_02000_christmas_wonderland_22.jpg 1050w, https:\/\/starsforeurope.com\/no\/wp-content\/uploads\/sites\/26\/2022\/09\/2019_poinsettia_02000_christmas_wonderland_22-300x250.jpg 300w, https:\/\/starsforeurope.com\/no\/wp-content\/uploads\/sites\/26\/2022\/09\/2019_poinsettia_02000_christmas_wonderland_22-1024x853.jpg 1024w, https:\/\/starsforeurope.com\/no\/wp-content\/uploads\/sites\/26\/2022\/09\/2019_poinsettia_02000_christmas_wonderland_22-768x640.jpg 768w, https:\/\/starsforeurope.com\/no\/wp-content\/uploads\/sites\/26\/2022\/09\/2019_poinsettia_02000_christmas_wonderland_22-810x675.jpg 810w\" sizes=\"auto, (max-width: 1050px) 100vw, 1050px\" \/><\/a><\/figure>\n\n<h3 class=\"wp-block-post-title\"><a href=\"https:\/\/starsforeurope.com\/no\/press\/tid-for-fargesterke-julestjerner-eventyrlig-julestemning-med-julestjerner\/\" target=\"_self\" >Tid for fargesterke julestjerner: Eventyrlig julestemning med julestjerner<\/a><\/h3>\n\n\n<div class=\"wp-block-group postmetaline is-nowrap is-layout-flex wp-container-core-group-is-layout-6c531013 wp-block-group-is-layout-flex\"><div class=\"wp-block-post-date\"><time datetime=\"2019-06-25T09:48:06+02:00\">25. juni 2019<\/time><\/div>\n\n<\/div>\n\n\n<div class=\"wp-block-post-excerpt\"><p class=\"wp-block-post-excerpt__excerpt\">Oppdag hvordan julestjerner, med sine forskjellige farger og former, forvandler ethvert rom til et muntert og fargerikt vinterlandskap som inviterer deg til \u00e5 f\u00f8le deg bra og feire<\/p><p class=\"wp-block-post-excerpt__more-text\"><a class=\"wp-block-post-excerpt__more-link\" href=\"https:\/\/starsforeurope.com\/no\/press\/tid-for-fargesterke-julestjerner-eventyrlig-julestemning-med-julestjerner\/\">Les mer<\/a><\/p><\/div>\n<\/li><li class=\"wp-block-post post-5714 press type-press status-publish has-post-thumbnail hentry press_cat-advent-decoration press_cat-christmas-tree-decorations press_main-adventsdekorasjoner press_main-dekorasjon press_main-pressemitteilungen press_main-vinterdekorasjoner\">\n<figure style=\"aspect-ratio:1;\" class=\"featuredimage wp-block-post-featured-image\"><a href=\"https:\/\/starsforeurope.com\/no\/press\/juletid-nar-drommen-blir-virkelighet-magiske-oyeblikk-med-julestjerne\/\" target=\"_self\"  ><img loading=\"lazy\" decoding=\"async\" width=\"875\" height=\"1050\" src=\"https:\/\/starsforeurope.com\/no\/wp-content\/uploads\/sites\/26\/2022\/09\/2018_poinsettia_0100_Christmas_Tales_04.jpg\" class=\"attachment-post-thumbnail size-post-thumbnail wp-post-image\" alt=\"Juletid: N\u00e5r dr\u00f8mmen blir virkelighet. Magiske \u00f8yeblikk med julestjerne\" style=\"width:100%;height:100%;object-fit:cover;\" srcset=\"https:\/\/starsforeurope.com\/no\/wp-content\/uploads\/sites\/26\/2022\/09\/2018_poinsettia_0100_Christmas_Tales_04.jpg 875w, https:\/\/starsforeurope.com\/no\/wp-content\/uploads\/sites\/26\/2022\/09\/2018_poinsettia_0100_Christmas_Tales_04-250x300.jpg 250w, https:\/\/starsforeurope.com\/no\/wp-content\/uploads\/sites\/26\/2022\/09\/2018_poinsettia_0100_Christmas_Tales_04-853x1024.jpg 853w, https:\/\/starsforeurope.com\/no\/wp-content\/uploads\/sites\/26\/2022\/09\/2018_poinsettia_0100_Christmas_Tales_04-768x922.jpg 768w, https:\/\/starsforeurope.com\/no\/wp-content\/uploads\/sites\/26\/2022\/09\/2018_poinsettia_0100_Christmas_Tales_04-563x675.jpg 563w\" sizes=\"auto, (max-width: 875px) 100vw, 875px\" \/><\/a><\/figure>\n\n<h3 class=\"wp-block-post-title\"><a href=\"https:\/\/starsforeurope.com\/no\/press\/juletid-nar-drommen-blir-virkelighet-magiske-oyeblikk-med-julestjerne\/\" target=\"_self\" >Juletid: N\u00e5r dr\u00f8mmen blir virkelighet. Magiske \u00f8yeblikk med julestjerne<\/a><\/h3>\n\n\n<div class=\"wp-block-group postmetaline is-nowrap is-layout-flex wp-container-core-group-is-layout-6c531013 wp-block-group-is-layout-flex\"><div class=\"wp-block-post-date\"><time datetime=\"2018-08-11T14:52:43+02:00\">11. august 2018<\/time><\/div>\n\n<\/div>\n\n\n<div class=\"wp-block-post-excerpt\"><p class=\"wp-block-post-excerpt__excerpt\">I tillegg til julestjernen er andre viktige symboler for juletiden juletreet, adventskalenderen og adventskransen. Sammen skaper de en fantastisk effekt<\/p><p class=\"wp-block-post-excerpt__more-text\"><a class=\"wp-block-post-excerpt__more-link\" href=\"https:\/\/starsforeurope.com\/no\/press\/juletid-nar-drommen-blir-virkelighet-magiske-oyeblikk-med-julestjerne\/\">Les mer<\/a><\/p><\/div>\n<\/li><\/ul>\n\n<nav class=\"wp-block-query-pagination is-content-justification-center is-layout-flex wp-container-core-query-pagination-is-layout-a89b3969 wp-block-query-pagination-is-layout-flex\" aria-label=\"Pagination\">\n\n\n<div class=\"wp-block-query-pagination-numbers has-medium-font-size\"><span aria-current=\"page\" class=\"page-numbers current\">1<\/span>\n<a class=\"page-numbers\" href=\"?query-0-page=2\">2<\/a><\/div>\n\n<a href=\"\/no\/wp-json\/wp\/v2\/pages\/7299?query-0-page=2\" class=\"wp-block-query-pagination-next\">\u22b3<\/a>\n<\/nav>\n\n<\/div>\n\n\n\n<div style=\"height:3rem\" aria-hidden=\"true\" class=\"wp-block-spacer\"><\/div>\n<\/main>","protected":false},"excerpt":{"rendered":"<p>Skap en festlig atmosf\u00e6re med julestjerner i adventsdekorasjonen. Finn inspirasjon til kranser, midtstykker og koselige, sesongbetonte innslag.<\/p>\n","protected":false},"author":24,"featured_media":7124,"parent":7285,"menu_order":0,"comment_status":"closed","ping_status":"closed","template":"two-column-press","meta":{"_acf_changed":false,"footnotes":""},"class_list":["post-7299","page","type-page","status-publish","has-post-thumbnail","hentry"],"acf":[],"_links":{"self":[{"href":"https:\/\/starsforeurope.com\/no\/wp-json\/wp\/v2\/pages\/7299","targetHints":{"allow":["GET"]}}],"collection":[{"href":"https:\/\/starsforeurope.com\/no\/wp-json\/wp\/v2\/pages"}],"about":[{"href":"https:\/\/starsforeurope.com\/no\/wp-json\/wp\/v2\/types\/page"}],"author":[{"embeddable":true,"href":"https:\/\/starsforeurope.com\/no\/wp-json\/wp\/v2\/users\/24"}],"replies":[{"embeddable":true,"href":"https:\/\/starsforeurope.com\/no\/wp-json\/wp\/v2\/comments?post=7299"}],"version-history":[{"count":2,"href":"https:\/\/starsforeurope.com\/no\/wp-json\/wp\/v2\/pages\/7299\/revisions"}],"predecessor-version":[{"id":7373,"href":"https:\/\/starsforeurope.com\/no\/wp-json\/wp\/v2\/pages\/7299\/revisions\/7373"}],"up":[{"embeddable":true,"href":"https:\/\/starsforeurope.com\/no\/wp-json\/wp\/v2\/pages\/7285"}],"wp:featuredmedia":[{"embeddable":true,"href":"https:\/\/starsforeurope.com\/no\/wp-json\/wp\/v2\/media\/7124"}],"wp:attachment":[{"href":"https:\/\/starsforeurope.com\/no\/wp-json\/wp\/v2\/media?parent=7299"}],"curies":[{"name":"wp","href":"https:\/\/api.w.org\/{rel}","templated":true}]}}