{"id":7297,"date":"2025-08-26T21:58:18","date_gmt":"2025-08-26T19:58:18","guid":{"rendered":"https:\/\/starsforeurope.com\/no\/?page_id=7297"},"modified":"2025-08-28T22:12:17","modified_gmt":"2025-08-28T20:12:17","slug":"sesongstart-pr","status":"publish","type":"page","link":"https:\/\/starsforeurope.com\/no\/press-releases\/kunnskap-pr\/sesongstart-pr\/","title":{"rendered":"Start sesongen med julestjerner"},"content":{"rendered":"<main class=\"wp-block-group postimage-half wide-content is-layout-flow wp-block-group-is-layout-flow\" style=\"margin-top:var(--wp--preset--spacing--50)\">\n<div style=\"height:3rem\" aria-hidden=\"true\" class=\"wp-block-spacer\"><\/div>\n\n\n\n<div class=\"wp-block-query is-layout-flow wp-block-query-is-layout-flow\"><ul class=\"columns-2 wp-block-post-template is-layout-grid wp-container-core-post-template-is-layout-37ef2942 wp-block-post-template-is-layout-grid\"><li class=\"wp-block-post post-5881 press type-press status-publish has-post-thumbnail hentry press_cat-interesting-facts press_cat-care press_main-kunnskap press_main-pressemitteilungen press_main-sesongstart\">\n<figure style=\"aspect-ratio:1;\" class=\"featuredimage wp-block-post-featured-image\"><a href=\"https:\/\/starsforeurope.com\/no\/press\/en-kort-guide-til-hvordan-du-velger-den-perfekte-julestjerne\/\" target=\"_self\"  ><img loading=\"lazy\" decoding=\"async\" width=\"875\" height=\"1050\" src=\"https:\/\/starsforeurope.com\/no\/wp-content\/uploads\/sites\/26\/2022\/09\/2017_Weihnachtsstern_People_19.jpg\" class=\"attachment-post-thumbnail size-post-thumbnail wp-post-image\" alt=\"En kort guide til hvordan du velger den perfekte julestjerne\" style=\"width:100%;height:100%;object-fit:cover;\" srcset=\"https:\/\/starsforeurope.com\/no\/wp-content\/uploads\/sites\/26\/2022\/09\/2017_Weihnachtsstern_People_19.jpg 875w, https:\/\/starsforeurope.com\/no\/wp-content\/uploads\/sites\/26\/2022\/09\/2017_Weihnachtsstern_People_19-250x300.jpg 250w, https:\/\/starsforeurope.com\/no\/wp-content\/uploads\/sites\/26\/2022\/09\/2017_Weihnachtsstern_People_19-853x1024.jpg 853w, https:\/\/starsforeurope.com\/no\/wp-content\/uploads\/sites\/26\/2022\/09\/2017_Weihnachtsstern_People_19-768x922.jpg 768w, https:\/\/starsforeurope.com\/no\/wp-content\/uploads\/sites\/26\/2022\/09\/2017_Weihnachtsstern_People_19-563x675.jpg 563w\" sizes=\"auto, (max-width: 875px) 100vw, 875px\" \/><\/a><\/figure>\n\n<h3 class=\"wp-block-post-title\"><a href=\"https:\/\/starsforeurope.com\/no\/press\/en-kort-guide-til-hvordan-du-velger-den-perfekte-julestjerne\/\" target=\"_self\" >En kort guide til hvordan du velger den perfekte julestjerne<\/a><\/h3>\n\n\n<div class=\"wp-block-group postmetaline is-nowrap is-layout-flex wp-container-core-group-is-layout-6c531013 wp-block-group-is-layout-flex\"><div class=\"wp-block-post-date\"><time datetime=\"2017-11-14T14:06:10+01:00\">14. november 2017<\/time><\/div>\n\n<\/div>\n\n\n<div class=\"wp-block-post-excerpt\"><p class=\"wp-block-post-excerpt__excerpt\">Om du vil ha glede av julestjernen din i lang tid er allerede bestemt ved kj\u00f8p. Vi forteller deg hvordan du s\u00f8rger for at du kj\u00f8per de beste julestjernene<\/p><p class=\"wp-block-post-excerpt__more-text\"><a class=\"wp-block-post-excerpt__more-link\" href=\"https:\/\/starsforeurope.com\/no\/press\/en-kort-guide-til-hvordan-du-velger-den-perfekte-julestjerne\/\">Les mer<\/a><\/p><\/div>\n<\/li><\/ul>\n\n\n\n<\/div>\n\n\n\n<div style=\"height:3rem\" aria-hidden=\"true\" class=\"wp-block-spacer\"><\/div>\n<\/main>","protected":false},"excerpt":{"rendered":"<p>Feir sesongens ankomst med julestjerner.<\/p>\n","protected":false},"author":24,"featured_media":7124,"parent":7291,"menu_order":0,"comment_status":"closed","ping_status":"closed","template":"two-column-press","meta":{"_acf_changed":false,"footnotes":""},"class_list":["post-7297","page","type-page","status-publish","has-post-thumbnail","hentry"],"acf":[],"_links":{"self":[{"href":"https:\/\/starsforeurope.com\/no\/wp-json\/wp\/v2\/pages\/7297","targetHints":{"allow":["GET"]}}],"collection":[{"href":"https:\/\/starsforeurope.com\/no\/wp-json\/wp\/v2\/pages"}],"about":[{"href":"https:\/\/starsforeurope.com\/no\/wp-json\/wp\/v2\/types\/page"}],"author":[{"embeddable":true,"href":"https:\/\/starsforeurope.com\/no\/wp-json\/wp\/v2\/users\/24"}],"replies":[{"embeddable":true,"href":"https:\/\/starsforeurope.com\/no\/wp-json\/wp\/v2\/comments?post=7297"}],"version-history":[{"count":2,"href":"https:\/\/starsforeurope.com\/no\/wp-json\/wp\/v2\/pages\/7297\/revisions"}],"predecessor-version":[{"id":7385,"href":"https:\/\/starsforeurope.com\/no\/wp-json\/wp\/v2\/pages\/7297\/revisions\/7385"}],"up":[{"embeddable":true,"href":"https:\/\/starsforeurope.com\/no\/wp-json\/wp\/v2\/pages\/7291"}],"wp:featuredmedia":[{"embeddable":true,"href":"https:\/\/starsforeurope.com\/no\/wp-json\/wp\/v2\/media\/7124"}],"wp:attachment":[{"href":"https:\/\/starsforeurope.com\/no\/wp-json\/wp\/v2\/media?parent=7297"}],"curies":[{"name":"wp","href":"https:\/\/api.w.org\/{rel}","templated":true}]}}