{"id":7295,"date":"2025-08-26T21:56:47","date_gmt":"2025-08-26T19:56:47","guid":{"rendered":"https:\/\/starsforeurope.com\/no\/?page_id=7295"},"modified":"2025-08-28T22:12:34","modified_gmt":"2025-08-28T20:12:34","slug":"variety-pr","status":"publish","type":"page","link":"https:\/\/starsforeurope.com\/no\/press-releases\/kunnskap-pr\/variety-pr\/","title":{"rendered":"Julestjernesorter"},"content":{"rendered":"<main class=\"wp-block-group postimage-half wide-content is-layout-flow wp-block-group-is-layout-flow\" style=\"margin-top:var(--wp--preset--spacing--50)\">\n<div style=\"height:3rem\" aria-hidden=\"true\" class=\"wp-block-spacer\"><\/div>\n\n\n\n<div class=\"wp-block-query is-layout-flow wp-block-query-is-layout-flow\"><ul class=\"columns-2 wp-block-post-template is-layout-grid wp-container-core-post-template-is-layout-37ef2942 wp-block-post-template-is-layout-grid\"><li class=\"wp-block-post post-5724 press type-press status-publish has-post-thumbnail hentry press_cat-autumn-decor-houseplants press_main-kunnskap press_main-pressemitteilungen press_main-variety\">\n<figure style=\"aspect-ratio:1;\" class=\"featuredimage wp-block-post-featured-image\"><a href=\"https:\/\/starsforeurope.com\/no\/press\/julestjerner-for-mer-enn-juletiden-magiske-hostfarger-med-julestjerner\/\" target=\"_self\"  ><img loading=\"lazy\" decoding=\"async\" width=\"875\" height=\"1050\" src=\"https:\/\/starsforeurope.com\/no\/wp-content\/uploads\/sites\/26\/2022\/09\/2019_poinsettia_02000_christmas_wonderland_37.jpg\" class=\"attachment-post-thumbnail size-post-thumbnail wp-post-image\" alt=\"Julestjerner for mer enn juletiden! Magiske h\u00f8stfarger med julestjerner\" style=\"width:100%;height:100%;object-fit:cover;\" srcset=\"https:\/\/starsforeurope.com\/no\/wp-content\/uploads\/sites\/26\/2022\/09\/2019_poinsettia_02000_christmas_wonderland_37.jpg 875w, https:\/\/starsforeurope.com\/no\/wp-content\/uploads\/sites\/26\/2022\/09\/2019_poinsettia_02000_christmas_wonderland_37-250x300.jpg 250w, https:\/\/starsforeurope.com\/no\/wp-content\/uploads\/sites\/26\/2022\/09\/2019_poinsettia_02000_christmas_wonderland_37-853x1024.jpg 853w, https:\/\/starsforeurope.com\/no\/wp-content\/uploads\/sites\/26\/2022\/09\/2019_poinsettia_02000_christmas_wonderland_37-768x922.jpg 768w, https:\/\/starsforeurope.com\/no\/wp-content\/uploads\/sites\/26\/2022\/09\/2019_poinsettia_02000_christmas_wonderland_37-563x675.jpg 563w\" sizes=\"auto, (max-width: 875px) 100vw, 875px\" \/><\/a><\/figure>\n\n<h3 class=\"wp-block-post-title\"><a href=\"https:\/\/starsforeurope.com\/no\/press\/julestjerner-for-mer-enn-juletiden-magiske-hostfarger-med-julestjerner\/\" target=\"_self\" >Julestjerner for mer enn juletiden! Magiske h\u00f8stfarger med julestjerner<\/a><\/h3>\n\n\n<div class=\"wp-block-group postmetaline is-nowrap is-layout-flex wp-container-core-group-is-layout-6c531013 wp-block-group-is-layout-flex\"><div class=\"wp-block-post-date\"><time datetime=\"2019-09-13T15:15:36+02:00\">13. september 2019<\/time><\/div>\n\n<\/div>\n\n\n<div class=\"wp-block-post-excerpt\"><p class=\"wp-block-post-excerpt__excerpt\">Julestjerner er en vakker dekorasjon for h\u00f8sten. Med nyanser av laks, gul, ros\u00e9 eller aprikos utstr\u00e5ler \u00abh\u00f8ststjernene\u00bb varme og komfort<\/p><p class=\"wp-block-post-excerpt__more-text\"><a class=\"wp-block-post-excerpt__more-link\" href=\"https:\/\/starsforeurope.com\/no\/press\/julestjerner-for-mer-enn-juletiden-magiske-hostfarger-med-julestjerner\/\">Les mer<\/a><\/p><\/div>\n<\/li><\/ul>\n\n\n\n<\/div>\n\n\n\n<div style=\"height:3rem\" aria-hidden=\"true\" class=\"wp-block-spacer\"><\/div>\n<\/main>","protected":false},"excerpt":{"rendered":"<p>L\u00e6r om de mange julestjernesortene, fra de tradisjonelle r\u00f8de til de livlige rosa og hvite, og hva som gj\u00f8r hver enkelt spesiell.<\/p>\n","protected":false},"author":24,"featured_media":7124,"parent":7291,"menu_order":0,"comment_status":"closed","ping_status":"closed","template":"two-column-press","meta":{"_acf_changed":false,"footnotes":""},"class_list":["post-7295","page","type-page","status-publish","has-post-thumbnail","hentry"],"acf":[],"_links":{"self":[{"href":"https:\/\/starsforeurope.com\/no\/wp-json\/wp\/v2\/pages\/7295","targetHints":{"allow":["GET"]}}],"collection":[{"href":"https:\/\/starsforeurope.com\/no\/wp-json\/wp\/v2\/pages"}],"about":[{"href":"https:\/\/starsforeurope.com\/no\/wp-json\/wp\/v2\/types\/page"}],"author":[{"embeddable":true,"href":"https:\/\/starsforeurope.com\/no\/wp-json\/wp\/v2\/users\/24"}],"replies":[{"embeddable":true,"href":"https:\/\/starsforeurope.com\/no\/wp-json\/wp\/v2\/comments?post=7295"}],"version-history":[{"count":2,"href":"https:\/\/starsforeurope.com\/no\/wp-json\/wp\/v2\/pages\/7295\/revisions"}],"predecessor-version":[{"id":7386,"href":"https:\/\/starsforeurope.com\/no\/wp-json\/wp\/v2\/pages\/7295\/revisions\/7386"}],"up":[{"embeddable":true,"href":"https:\/\/starsforeurope.com\/no\/wp-json\/wp\/v2\/pages\/7291"}],"wp:featuredmedia":[{"embeddable":true,"href":"https:\/\/starsforeurope.com\/no\/wp-json\/wp\/v2\/media\/7124"}],"wp:attachment":[{"href":"https:\/\/starsforeurope.com\/no\/wp-json\/wp\/v2\/media?parent=7295"}],"curies":[{"name":"wp","href":"https:\/\/api.w.org\/{rel}","templated":true}]}}