{"id":7291,"date":"2025-08-26T21:52:01","date_gmt":"2025-08-26T19:52:01","guid":{"rendered":"https:\/\/starsforeurope.com\/no\/?page_id=7291"},"modified":"2025-08-28T22:07:19","modified_gmt":"2025-08-28T20:07:19","slug":"kunnskap-pr","status":"publish","type":"page","link":"https:\/\/starsforeurope.com\/no\/press-releases\/kunnskap-pr\/","title":{"rendered":"Utforsk alt du trenger \u00e5 vite om denne spesielle festplanten"},"content":{"rendered":"<main class=\"wp-block-group postimage-half wide-content is-layout-flow wp-block-group-is-layout-flow\" style=\"margin-top:var(--wp--preset--spacing--50)\">\n<div style=\"height:3rem\" aria-hidden=\"true\" class=\"wp-block-spacer\"><\/div>\n\n\n\n<div class=\"wp-block-query is-layout-flow wp-block-query-is-layout-flow\"><ul class=\"columns-2 wp-block-post-template is-layout-grid wp-container-core-post-template-is-layout-37ef2942 wp-block-post-template-is-layout-grid\"><li class=\"wp-block-post post-5724 press type-press status-publish has-post-thumbnail hentry press_cat-autumn-decor-houseplants press_main-kunnskap press_main-pressemitteilungen press_main-variety\">\n<figure style=\"aspect-ratio:1;\" class=\"featuredimage wp-block-post-featured-image\"><a href=\"https:\/\/starsforeurope.com\/no\/press\/julestjerner-for-mer-enn-juletiden-magiske-hostfarger-med-julestjerner\/\" target=\"_self\"  ><img loading=\"lazy\" decoding=\"async\" width=\"875\" height=\"1050\" src=\"https:\/\/starsforeurope.com\/no\/wp-content\/uploads\/sites\/26\/2022\/09\/2019_poinsettia_02000_christmas_wonderland_37.jpg\" class=\"attachment-post-thumbnail size-post-thumbnail wp-post-image\" alt=\"Julestjerner for mer enn juletiden! Magiske h\u00f8stfarger med julestjerner\" style=\"width:100%;height:100%;object-fit:cover;\" srcset=\"https:\/\/starsforeurope.com\/no\/wp-content\/uploads\/sites\/26\/2022\/09\/2019_poinsettia_02000_christmas_wonderland_37.jpg 875w, https:\/\/starsforeurope.com\/no\/wp-content\/uploads\/sites\/26\/2022\/09\/2019_poinsettia_02000_christmas_wonderland_37-250x300.jpg 250w, https:\/\/starsforeurope.com\/no\/wp-content\/uploads\/sites\/26\/2022\/09\/2019_poinsettia_02000_christmas_wonderland_37-853x1024.jpg 853w, https:\/\/starsforeurope.com\/no\/wp-content\/uploads\/sites\/26\/2022\/09\/2019_poinsettia_02000_christmas_wonderland_37-768x922.jpg 768w, https:\/\/starsforeurope.com\/no\/wp-content\/uploads\/sites\/26\/2022\/09\/2019_poinsettia_02000_christmas_wonderland_37-563x675.jpg 563w\" sizes=\"auto, (max-width: 875px) 100vw, 875px\" \/><\/a><\/figure>\n\n<h3 class=\"wp-block-post-title\"><a href=\"https:\/\/starsforeurope.com\/no\/press\/julestjerner-for-mer-enn-juletiden-magiske-hostfarger-med-julestjerner\/\" target=\"_self\" >Julestjerner for mer enn juletiden! Magiske h\u00f8stfarger med julestjerner<\/a><\/h3>\n\n\n<div class=\"wp-block-group postmetaline is-nowrap is-layout-flex wp-container-core-group-is-layout-6c531013 wp-block-group-is-layout-flex\"><div class=\"wp-block-post-date\"><time datetime=\"2019-09-13T15:15:36+02:00\">13. september 2019<\/time><\/div>\n\n<\/div>\n\n\n<div class=\"wp-block-post-excerpt\"><p class=\"wp-block-post-excerpt__excerpt\">Julestjerner er en vakker dekorasjon for h\u00f8sten. Med nyanser av laks, gul, ros\u00e9 eller aprikos utstr\u00e5ler \u00abh\u00f8ststjernene\u00bb varme og komfort<\/p><p class=\"wp-block-post-excerpt__more-text\"><a class=\"wp-block-post-excerpt__more-link\" href=\"https:\/\/starsforeurope.com\/no\/press\/julestjerner-for-mer-enn-juletiden-magiske-hostfarger-med-julestjerner\/\">Les mer<\/a><\/p><\/div>\n<\/li><li class=\"wp-block-post post-5796 press type-press status-publish has-post-thumbnail hentry press_cat-history press_cat-interesting-facts press_main-dekorasjon press_main-kunnskap press_main-pressemitteilungen press_main-verdt-a-vite\">\n<figure style=\"aspect-ratio:1;\" class=\"featuredimage wp-block-post-featured-image\"><a href=\"https:\/\/starsforeurope.com\/no\/press\/julestjernen-har-sin-egen-dag\/\" target=\"_self\"  ><img loading=\"lazy\" decoding=\"async\" width=\"875\" height=\"1050\" src=\"https:\/\/starsforeurope.com\/no\/wp-content\/uploads\/sites\/26\/2022\/09\/2017_Weihnachtsstern_People_12.jpg\" class=\"attachment-post-thumbnail size-post-thumbnail wp-post-image\" alt=\"Julestjernen har sin egen dag\" style=\"width:100%;height:100%;object-fit:cover;\" srcset=\"https:\/\/starsforeurope.com\/no\/wp-content\/uploads\/sites\/26\/2022\/09\/2017_Weihnachtsstern_People_12.jpg 875w, https:\/\/starsforeurope.com\/no\/wp-content\/uploads\/sites\/26\/2022\/09\/2017_Weihnachtsstern_People_12-250x300.jpg 250w, https:\/\/starsforeurope.com\/no\/wp-content\/uploads\/sites\/26\/2022\/09\/2017_Weihnachtsstern_People_12-853x1024.jpg 853w, https:\/\/starsforeurope.com\/no\/wp-content\/uploads\/sites\/26\/2022\/09\/2017_Weihnachtsstern_People_12-768x922.jpg 768w, https:\/\/starsforeurope.com\/no\/wp-content\/uploads\/sites\/26\/2022\/09\/2017_Weihnachtsstern_People_12-563x675.jpg 563w\" sizes=\"auto, (max-width: 875px) 100vw, 875px\" \/><\/a><\/figure>\n\n<h3 class=\"wp-block-post-title\"><a href=\"https:\/\/starsforeurope.com\/no\/press\/julestjernen-har-sin-egen-dag\/\" target=\"_self\" >Julestjernen har sin egen dag<\/a><\/h3>\n\n\n<div class=\"wp-block-group postmetaline is-nowrap is-layout-flex wp-container-core-group-is-layout-6c531013 wp-block-group-is-layout-flex\"><div class=\"wp-block-post-date\"><time datetime=\"2017-12-08T11:20:32+01:00\">08. desember 2017<\/time><\/div>\n\n<\/div>\n\n\n<div class=\"wp-block-post-excerpt\"><p class=\"wp-block-post-excerpt__excerpt\">I kalenderen for mer ukjente helligdager er 12. desember en viktig dag for alle som er glade i jul og julestjerner. I USA har julestjernens dag v\u00e6rt feiret helt siden 1852. Ogs\u00e5 i Norge og resten av Europa feirer vi julestjernens dag 12. Desember. Men hva er denne dagen og hvorfor akkurat 12. desember? En<\/p><p class=\"wp-block-post-excerpt__more-text\"><a class=\"wp-block-post-excerpt__more-link\" href=\"https:\/\/starsforeurope.com\/no\/press\/julestjernen-har-sin-egen-dag\/\">Les mer<\/a><\/p><\/div>\n<\/li><li class=\"wp-block-post post-5881 press type-press status-publish has-post-thumbnail hentry press_cat-interesting-facts press_cat-care press_main-kunnskap press_main-pressemitteilungen press_main-sesongstart\">\n<figure style=\"aspect-ratio:1;\" class=\"featuredimage wp-block-post-featured-image\"><a href=\"https:\/\/starsforeurope.com\/no\/press\/en-kort-guide-til-hvordan-du-velger-den-perfekte-julestjerne\/\" target=\"_self\"  ><img loading=\"lazy\" decoding=\"async\" width=\"875\" height=\"1050\" src=\"https:\/\/starsforeurope.com\/no\/wp-content\/uploads\/sites\/26\/2022\/09\/2017_Weihnachtsstern_People_19.jpg\" class=\"attachment-post-thumbnail size-post-thumbnail wp-post-image\" alt=\"En kort guide til hvordan du velger den perfekte julestjerne\" style=\"width:100%;height:100%;object-fit:cover;\" srcset=\"https:\/\/starsforeurope.com\/no\/wp-content\/uploads\/sites\/26\/2022\/09\/2017_Weihnachtsstern_People_19.jpg 875w, https:\/\/starsforeurope.com\/no\/wp-content\/uploads\/sites\/26\/2022\/09\/2017_Weihnachtsstern_People_19-250x300.jpg 250w, https:\/\/starsforeurope.com\/no\/wp-content\/uploads\/sites\/26\/2022\/09\/2017_Weihnachtsstern_People_19-853x1024.jpg 853w, https:\/\/starsforeurope.com\/no\/wp-content\/uploads\/sites\/26\/2022\/09\/2017_Weihnachtsstern_People_19-768x922.jpg 768w, https:\/\/starsforeurope.com\/no\/wp-content\/uploads\/sites\/26\/2022\/09\/2017_Weihnachtsstern_People_19-563x675.jpg 563w\" sizes=\"auto, (max-width: 875px) 100vw, 875px\" \/><\/a><\/figure>\n\n<h3 class=\"wp-block-post-title\"><a href=\"https:\/\/starsforeurope.com\/no\/press\/en-kort-guide-til-hvordan-du-velger-den-perfekte-julestjerne\/\" target=\"_self\" >En kort guide til hvordan du velger den perfekte julestjerne<\/a><\/h3>\n\n\n<div class=\"wp-block-group postmetaline is-nowrap is-layout-flex wp-container-core-group-is-layout-6c531013 wp-block-group-is-layout-flex\"><div class=\"wp-block-post-date\"><time datetime=\"2017-11-14T14:06:10+01:00\">14. november 2017<\/time><\/div>\n\n<\/div>\n\n\n<div class=\"wp-block-post-excerpt\"><p class=\"wp-block-post-excerpt__excerpt\">Om du vil ha glede av julestjernen din i lang tid er allerede bestemt ved kj\u00f8p. Vi forteller deg hvordan du s\u00f8rger for at du kj\u00f8per de beste julestjernene<\/p><p class=\"wp-block-post-excerpt__more-text\"><a class=\"wp-block-post-excerpt__more-link\" href=\"https:\/\/starsforeurope.com\/no\/press\/en-kort-guide-til-hvordan-du-velger-den-perfekte-julestjerne\/\">Les mer<\/a><\/p><\/div>\n<\/li><\/ul>\n\n\n\n<\/div>\n\n\n\n<div style=\"height:3rem\" aria-hidden=\"true\" class=\"wp-block-spacer\"><\/div>\n<\/main>","protected":false},"excerpt":{"rendered":"<p>Det er en av verdens mest popul\u00e6re planter, men hvor mye vet du egentlig om julestjernen? De vil kanskje overraske deg. Utforsk den fascinerende historien, opprinnelsen, bruksomr\u00e5dene og de mange variantene.<\/p>\n","protected":false},"author":24,"featured_media":7124,"parent":7,"menu_order":0,"comment_status":"closed","ping_status":"closed","template":"two-column-press","meta":{"_acf_changed":false,"footnotes":""},"class_list":["post-7291","page","type-page","status-publish","has-post-thumbnail","hentry"],"acf":[],"_links":{"self":[{"href":"https:\/\/starsforeurope.com\/no\/wp-json\/wp\/v2\/pages\/7291","targetHints":{"allow":["GET"]}}],"collection":[{"href":"https:\/\/starsforeurope.com\/no\/wp-json\/wp\/v2\/pages"}],"about":[{"href":"https:\/\/starsforeurope.com\/no\/wp-json\/wp\/v2\/types\/page"}],"author":[{"embeddable":true,"href":"https:\/\/starsforeurope.com\/no\/wp-json\/wp\/v2\/users\/24"}],"replies":[{"embeddable":true,"href":"https:\/\/starsforeurope.com\/no\/wp-json\/wp\/v2\/comments?post=7291"}],"version-history":[{"count":2,"href":"https:\/\/starsforeurope.com\/no\/wp-json\/wp\/v2\/pages\/7291\/revisions"}],"predecessor-version":[{"id":7376,"href":"https:\/\/starsforeurope.com\/no\/wp-json\/wp\/v2\/pages\/7291\/revisions\/7376"}],"up":[{"embeddable":true,"href":"https:\/\/starsforeurope.com\/no\/wp-json\/wp\/v2\/pages\/7"}],"wp:featuredmedia":[{"embeddable":true,"href":"https:\/\/starsforeurope.com\/no\/wp-json\/wp\/v2\/media\/7124"}],"wp:attachment":[{"href":"https:\/\/starsforeurope.com\/no\/wp-json\/wp\/v2\/media?parent=7291"}],"curies":[{"name":"wp","href":"https:\/\/api.w.org\/{rel}","templated":true}]}}