{"id":7,"date":"2021-11-17T18:38:03","date_gmt":"2021-11-17T18:38:03","guid":{"rendered":"https:\/\/starsforeurope.com\/no\/?page_id=7"},"modified":"2025-08-28T21:38:14","modified_gmt":"2025-08-28T19:38:14","slug":"press-releases","status":"publish","type":"page","link":"https:\/\/starsforeurope.com\/no\/","title":{"rendered":"Vil du l\u00e6re mer om julestjerner?"},"content":{"rendered":"<h2 class=\"wp-block-heading\">Nyeste pressemeldinger<\/h2>\n\n\n\n<main class=\"wp-block-group postimage-half wide-content is-layout-flow wp-block-group-is-layout-flow\" style=\"margin-top:var(--wp--preset--spacing--50)\">\n<div style=\"height:3rem\" aria-hidden=\"true\" class=\"wp-block-spacer\"><\/div>\n\n\n\n<div class=\"wp-block-query is-layout-flow wp-block-query-is-layout-flow\"><ul class=\"columns-2 wp-block-post-template is-layout-grid wp-container-core-post-template-is-layout-37ef2942 wp-block-post-template-is-layout-grid\"><li class=\"wp-block-post post-7397 press type-press status-publish has-post-thumbnail hentry press_cat-care press_main-omsorg press_main-pressemitteilungen\">\n<figure style=\"aspect-ratio:1;\" class=\"featuredimage wp-block-post-featured-image\"><a href=\"https:\/\/starsforeurope.com\/no\/press\/hold-julestjernene-stralende-de-beste-tipsene-for-stell-og-varig-fargeprakt\/\" target=\"_self\"  ><img loading=\"lazy\" decoding=\"async\" width=\"875\" height=\"1050\" src=\"https:\/\/starsforeurope.com\/no\/wp-content\/uploads\/sites\/26\/2025\/12\/2025_Poinsettia_03000_Traditional_Christmas_Spirit_46.jpg\" class=\"attachment-post-thumbnail size-post-thumbnail wp-post-image\" alt=\"Hold julestjernene str\u00e5lende \u2013 de beste tipsene for stell og varig fargeprakt.\" style=\"width:100%;height:100%;object-fit:cover;\" srcset=\"https:\/\/starsforeurope.com\/no\/wp-content\/uploads\/sites\/26\/2025\/12\/2025_Poinsettia_03000_Traditional_Christmas_Spirit_46.jpg 875w, https:\/\/starsforeurope.com\/no\/wp-content\/uploads\/sites\/26\/2025\/12\/2025_Poinsettia_03000_Traditional_Christmas_Spirit_46-250x300.jpg 250w, https:\/\/starsforeurope.com\/no\/wp-content\/uploads\/sites\/26\/2025\/12\/2025_Poinsettia_03000_Traditional_Christmas_Spirit_46-853x1024.jpg 853w, https:\/\/starsforeurope.com\/no\/wp-content\/uploads\/sites\/26\/2025\/12\/2025_Poinsettia_03000_Traditional_Christmas_Spirit_46-768x922.jpg 768w\" sizes=\"auto, (max-width: 875px) 100vw, 875px\" \/><\/a><\/figure>\n\n<h3 class=\"wp-block-post-title\"><a href=\"https:\/\/starsforeurope.com\/no\/press\/hold-julestjernene-stralende-de-beste-tipsene-for-stell-og-varig-fargeprakt\/\" target=\"_self\" >Hold julestjernene str\u00e5lende \u2013 de beste tipsene for stell og varig fargeprakt.<\/a><\/h3>\n\n\n<div class=\"wp-block-group postmetaline is-nowrap is-layout-flex wp-container-core-group-is-layout-6c531013 wp-block-group-is-layout-flex\"><div class=\"wp-block-post-date\"><time datetime=\"2025-12-08T10:00:00+01:00\">08. desember 2025<\/time><\/div>\n\n<\/div>\n\n\n<div class=\"wp-block-post-excerpt\"><p class=\"wp-block-post-excerpt__excerpt\">Her f\u00e5r du tips om hvordan du kan holde julestjernene i full blomst i mange uker.<\/p><p class=\"wp-block-post-excerpt__more-text\"><a class=\"wp-block-post-excerpt__more-link\" href=\"https:\/\/starsforeurope.com\/no\/press\/hold-julestjernene-stralende-de-beste-tipsene-for-stell-og-varig-fargeprakt\/\">Les mer<\/a><\/p><\/div>\n<\/li><li class=\"wp-block-post post-5592 press type-press status-publish has-post-thumbnail hentry press_cat-advent-decoration press_cat-event press_cat-table-decoration press_cat-diy press_cat-winter-decor press_main-borddekorasjoner press_main-dekorasjon press_main-diy-upcycling press_main-pressemitteilungen\">\n<figure style=\"aspect-ratio:1;\" class=\"featuredimage wp-block-post-featured-image\"><a href=\"https:\/\/starsforeurope.com\/no\/press\/borddekorasjoner-med-julestjerner-blomstrete-festbord-for-enhver-smak\/\" target=\"_self\"  ><img loading=\"lazy\" decoding=\"async\" width=\"875\" height=\"1050\" src=\"https:\/\/starsforeurope.com\/no\/wp-content\/uploads\/sites\/26\/2025\/01\/2024_Poinsettia_02000_Modern_Vintage_Fusion_03.jpg\" class=\"attachment-post-thumbnail size-post-thumbnail wp-post-image\" alt=\"Borddekorasjoner med julestjerner. Blomstrete festbord for enhver smak\" style=\"width:100%;height:100%;object-fit:cover;\" srcset=\"https:\/\/starsforeurope.com\/no\/wp-content\/uploads\/sites\/26\/2025\/01\/2024_Poinsettia_02000_Modern_Vintage_Fusion_03.jpg 875w, https:\/\/starsforeurope.com\/no\/wp-content\/uploads\/sites\/26\/2025\/01\/2024_Poinsettia_02000_Modern_Vintage_Fusion_03-250x300.jpg 250w, https:\/\/starsforeurope.com\/no\/wp-content\/uploads\/sites\/26\/2025\/01\/2024_Poinsettia_02000_Modern_Vintage_Fusion_03-853x1024.jpg 853w, https:\/\/starsforeurope.com\/no\/wp-content\/uploads\/sites\/26\/2025\/01\/2024_Poinsettia_02000_Modern_Vintage_Fusion_03-768x922.jpg 768w, https:\/\/starsforeurope.com\/no\/wp-content\/uploads\/sites\/26\/2025\/01\/2024_Poinsettia_02000_Modern_Vintage_Fusion_03-563x675.jpg 563w\" sizes=\"auto, (max-width: 875px) 100vw, 875px\" \/><\/a><\/figure>\n\n<h3 class=\"wp-block-post-title\"><a href=\"https:\/\/starsforeurope.com\/no\/press\/borddekorasjoner-med-julestjerner-blomstrete-festbord-for-enhver-smak\/\" target=\"_self\" >Borddekorasjoner med julestjerner. Blomstrete festbord for enhver smak<\/a><\/h3>\n\n\n<div class=\"wp-block-group postmetaline is-nowrap is-layout-flex wp-container-core-group-is-layout-6c531013 wp-block-group-is-layout-flex\"><div class=\"wp-block-post-date\"><time datetime=\"2024-12-23T06:00:36+01:00\">23. desember 2024<\/time><\/div>\n\n<\/div>\n\n\n<div class=\"wp-block-post-excerpt\"><p class=\"wp-block-post-excerpt__excerpt\">Julestjerner pynter det elegante festbordet s\u00e5 vel som frokostbordet eller salongbordet. Vi presenterer borddekorasjoner for enhver anledning<\/p><p class=\"wp-block-post-excerpt__more-text\"><a class=\"wp-block-post-excerpt__more-link\" href=\"https:\/\/starsforeurope.com\/no\/press\/borddekorasjoner-med-julestjerner-blomstrete-festbord-for-enhver-smak\/\">Les mer<\/a><\/p><\/div>\n<\/li><li class=\"wp-block-post post-4969 press type-press status-publish has-post-thumbnail hentry press_cat-interesting-facts press_cat-care press_cat-start-of-the-season press_main-omsorg press_main-pressemitteilungen\">\n<figure style=\"aspect-ratio:1;\" class=\"featuredimage wp-block-post-featured-image\"><a href=\"https:\/\/starsforeurope.com\/no\/press\/hvordan-lykkes-med-julestjerner\/\" target=\"_self\"  ><img loading=\"lazy\" decoding=\"async\" width=\"875\" height=\"1050\" src=\"https:\/\/starsforeurope.com\/no\/wp-content\/uploads\/sites\/26\/2024\/12\/2024_Poinsettia_03000_Country_Chic_in_Blue_08.jpg\" class=\"attachment-post-thumbnail size-post-thumbnail wp-post-image\" alt=\"Hvordan lykkes med julestjerner\" style=\"width:100%;height:100%;object-fit:cover;\" srcset=\"https:\/\/starsforeurope.com\/no\/wp-content\/uploads\/sites\/26\/2024\/12\/2024_Poinsettia_03000_Country_Chic_in_Blue_08.jpg 875w, https:\/\/starsforeurope.com\/no\/wp-content\/uploads\/sites\/26\/2024\/12\/2024_Poinsettia_03000_Country_Chic_in_Blue_08-250x300.jpg 250w, https:\/\/starsforeurope.com\/no\/wp-content\/uploads\/sites\/26\/2024\/12\/2024_Poinsettia_03000_Country_Chic_in_Blue_08-853x1024.jpg 853w, https:\/\/starsforeurope.com\/no\/wp-content\/uploads\/sites\/26\/2024\/12\/2024_Poinsettia_03000_Country_Chic_in_Blue_08-768x922.jpg 768w, https:\/\/starsforeurope.com\/no\/wp-content\/uploads\/sites\/26\/2024\/12\/2024_Poinsettia_03000_Country_Chic_in_Blue_08-563x675.jpg 563w\" sizes=\"auto, (max-width: 875px) 100vw, 875px\" \/><\/a><\/figure>\n\n<h3 class=\"wp-block-post-title\"><a href=\"https:\/\/starsforeurope.com\/no\/press\/hvordan-lykkes-med-julestjerner\/\" target=\"_self\" >Hvordan lykkes med julestjerner<\/a><\/h3>\n\n\n<div class=\"wp-block-group postmetaline is-nowrap is-layout-flex wp-container-core-group-is-layout-6c531013 wp-block-group-is-layout-flex\"><div class=\"wp-block-post-date\"><time datetime=\"2024-12-07T09:06:14+01:00\">07. desember 2024<\/time><\/div>\n\n<\/div>\n\n\n<div class=\"wp-block-post-excerpt\"><p class=\"wp-block-post-excerpt__excerpt\">Vil du ha nydelige julestjerner? Hvis du vet hva julestjerner er f\u00f8lsomme for, kan du enkelt unng\u00e5 problemer n\u00e5r du skal stelle dem<\/p><p class=\"wp-block-post-excerpt__more-text\"><a class=\"wp-block-post-excerpt__more-link\" href=\"https:\/\/starsforeurope.com\/no\/press\/hvordan-lykkes-med-julestjerner\/\">Les mer<\/a><\/p><\/div>\n<\/li><li class=\"wp-block-post post-6939 press type-press status-publish has-post-thumbnail hentry press_cat-care press_main-omsorg press_main-pressemitteilungen\">\n<figure style=\"aspect-ratio:1;\" class=\"featuredimage wp-block-post-featured-image\"><a href=\"https:\/\/starsforeurope.com\/no\/press\/sann-tar-du-vare-pa-minijulestjerner\/\" target=\"_self\"  ><img loading=\"lazy\" decoding=\"async\" width=\"875\" height=\"1050\" src=\"https:\/\/starsforeurope.com\/no\/wp-content\/uploads\/sites\/26\/2023\/06\/2016_Weihnachtsstern_Vielfalt_03.jpg\" class=\"attachment-post-thumbnail size-post-thumbnail wp-post-image\" alt=\"S\u00e5nn tar du vare p\u00e5 minijulestjerner\" style=\"width:100%;height:100%;object-fit:cover;\" srcset=\"https:\/\/starsforeurope.com\/no\/wp-content\/uploads\/sites\/26\/2023\/06\/2016_Weihnachtsstern_Vielfalt_03.jpg 875w, https:\/\/starsforeurope.com\/no\/wp-content\/uploads\/sites\/26\/2023\/06\/2016_Weihnachtsstern_Vielfalt_03-250x300.jpg 250w, https:\/\/starsforeurope.com\/no\/wp-content\/uploads\/sites\/26\/2023\/06\/2016_Weihnachtsstern_Vielfalt_03-853x1024.jpg 853w, https:\/\/starsforeurope.com\/no\/wp-content\/uploads\/sites\/26\/2023\/06\/2016_Weihnachtsstern_Vielfalt_03-768x922.jpg 768w, https:\/\/starsforeurope.com\/no\/wp-content\/uploads\/sites\/26\/2023\/06\/2016_Weihnachtsstern_Vielfalt_03-563x675.jpg 563w\" sizes=\"auto, (max-width: 875px) 100vw, 875px\" \/><\/a><\/figure>\n\n<h3 class=\"wp-block-post-title\"><a href=\"https:\/\/starsforeurope.com\/no\/press\/sann-tar-du-vare-pa-minijulestjerner\/\" target=\"_self\" >S\u00e5nn tar du vare p\u00e5 minijulestjerner<\/a><\/h3>\n\n\n<div class=\"wp-block-group postmetaline is-nowrap is-layout-flex wp-container-core-group-is-layout-6c531013 wp-block-group-is-layout-flex\"><div class=\"wp-block-post-date\"><time datetime=\"2023-11-28T10:13:22+01:00\">28. november 2023<\/time><\/div>\n\n<\/div>\n\n\n<div class=\"wp-block-post-excerpt\"><p class=\"wp-block-post-excerpt__excerpt\">De er s\u00f8te, de er sm\u00e5 og de er superpopul\u00e6re! Her kan du lese hvordan du best tar vare p\u00e5 minijulestjernen din<\/p><p class=\"wp-block-post-excerpt__more-text\"><a class=\"wp-block-post-excerpt__more-link\" href=\"https:\/\/starsforeurope.com\/no\/press\/sann-tar-du-vare-pa-minijulestjerner\/\">Les mer<\/a><\/p><\/div>\n<\/li><\/ul>\n\n<nav class=\"wp-block-query-pagination is-content-justification-center is-layout-flex wp-container-core-query-pagination-is-layout-a89b3969 wp-block-query-pagination-is-layout-flex\" aria-label=\"Pagination\">\n\n\n<div class=\"wp-block-query-pagination-numbers has-medium-font-size\"><span aria-current=\"page\" class=\"page-numbers current\">1<\/span>\n<a class=\"page-numbers\" href=\"?query-0-page=2\">2<\/a>\n<a class=\"page-numbers\" href=\"?query-0-page=3\">3<\/a>\n<span class=\"page-numbers dots\">&hellip;<\/span>\n<a class=\"page-numbers\" href=\"?query-0-page=8\">8<\/a><\/div>\n\n<a href=\"\/no\/wp-json\/wp\/v2\/pages\/7?query-0-page=2\" class=\"wp-block-query-pagination-next\">\u22b3<\/a>\n<\/nav>\n\n<\/div>\n\n\n\n<div style=\"height:3rem\" aria-hidden=\"true\" class=\"wp-block-spacer\"><\/div>\n<\/main>","protected":false},"excerpt":{"rendered":"<p>Her finner du en stor samling presseartikler og bilder som du fritt kan bruke s\u00e5 lenge du krediterer eller lenker tilbake til oss.<\/p>\n","protected":false},"author":1,"featured_media":7124,"parent":0,"menu_order":0,"comment_status":"closed","ping_status":"closed","template":"two-column-blog-single","meta":{"_acf_changed":false,"footnotes":""},"class_list":["post-7","page","type-page","status-publish","has-post-thumbnail","hentry"],"acf":[],"_links":{"self":[{"href":"https:\/\/starsforeurope.com\/no\/wp-json\/wp\/v2\/pages\/7","targetHints":{"allow":["GET"]}}],"collection":[{"href":"https:\/\/starsforeurope.com\/no\/wp-json\/wp\/v2\/pages"}],"about":[{"href":"https:\/\/starsforeurope.com\/no\/wp-json\/wp\/v2\/types\/page"}],"author":[{"embeddable":true,"href":"https:\/\/starsforeurope.com\/no\/wp-json\/wp\/v2\/users\/1"}],"replies":[{"embeddable":true,"href":"https:\/\/starsforeurope.com\/no\/wp-json\/wp\/v2\/comments?post=7"}],"version-history":[{"count":29,"href":"https:\/\/starsforeurope.com\/no\/wp-json\/wp\/v2\/pages\/7\/revisions"}],"predecessor-version":[{"id":7217,"href":"https:\/\/starsforeurope.com\/no\/wp-json\/wp\/v2\/pages\/7\/revisions\/7217"}],"wp:featuredmedia":[{"embeddable":true,"href":"https:\/\/starsforeurope.com\/no\/wp-json\/wp\/v2\/media\/7124"}],"wp:attachment":[{"href":"https:\/\/starsforeurope.com\/no\/wp-json\/wp\/v2\/media?parent=7"}],"curies":[{"name":"wp","href":"https:\/\/api.w.org\/{rel}","templated":true}]}}