{"id":489,"date":"2021-12-17T12:28:03","date_gmt":"2021-12-17T12:28:03","guid":{"rendered":"https:\/\/starsforeurope.com\/no\/?page_id=489"},"modified":"2025-08-27T19:22:50","modified_gmt":"2025-08-27T17:22:50","slug":"personvern","status":"publish","type":"page","link":"https:\/\/starsforeurope.com\/no\/personvern\/","title":{"rendered":"Personvern"},"content":{"rendered":"<div class=\"wp-block-columns is-layout-flex wp-container-core-columns-is-layout-28f84493 wp-block-columns-is-layout-flex\">\n<div class=\"wp-block-column is-layout-flow wp-block-column-is-layout-flow\">\n<p>\r<br><h2>Databeskyttelse<\/h2>\r<br><h3>1. Tema for databeskyttelse<\/h3>\r<br>Tema for databeskyttelse er personopplysninger. Dette er individuell informasjon om de personlige eller faktiske forhold til en spesifikk eller identifiserbar fysisk person. For eksempel navn, postadresse, e-postadresse, men ogs\u00e5 bruksdata som IP-adressen til en datamaskin.\r<br><h3>2. Automatisk, anonym datainnsamling, -behandling og -bruk<\/h3>\r<br>Vi samler automatisk inn, behandler og bruker automatisk upersonlig informasjon som nettleseren din sender til oss. Denne informasjonen inkluderer: &#8211; Nettlesertype\/versjon &#8211; Operativsystem &#8211; Henvisnings-URL (kilde til en lenke) &#8211; Vertsnavnet til datamaskinen som f\u00e5r tilgang.\r<br>\u2022 Tidspunkt for serverforesp\u00f8rselen\r<br>\u2022 IP-adresse\r<br><h3>3. Cookies\/ Informasjonskapsler<\/h3>\r<br>For \u00e5 gj\u00f8re det mer attraktivt \u00e5 bes\u00f8ke nettstedet v\u00e5rt og muliggj\u00f8re bruk av visse funksjoner, bruker vi informasjonskapsler p\u00e5 ulike sider. Dette er sm\u00e5 tekstfiler som er lagret p\u00e5 enheten din. Noen av informasjonskapslene vi bruker slettes etter endt nettleser\u00f8kt, det vil si etter at du lukker nettleseren din (s\u00e5kalte session cookies). Andre informasjonskapsler forblir p\u00e5 enheten din og lar oss eller, hvis aktuelt, et partnerselskap gjenkjenne nettleseren din neste gang du bes\u00f8ker oss (vedvarende informasjonskapsler). Du kan stille inn nettleseren din slik at du er informert om innstillingen av informasjonskapsler og bestemme individuelt om deres aksept eller utelukke aksept av informasjonskapsler i visse tilfeller eller generelt. Hvis du ikke godtar informasjonskapsler, kan funksjonaliteten til nettstedet v\u00e5rt v\u00e6re begrenset.\r<br><h3>4. Igangsatt innsamling, behandling og bruk av personopplysninger<\/h3>\r<br>I prinsippet er innsamling eller overf\u00f8ring av personopplysninger ikke n\u00f8dvendig for bruk av v\u00e5re nettsider. Dine data vil kun bli behandlet eller brukt hvis du frivillig gir oss dine personopplysninger. Dette kan v\u00e6re n\u00f8dvendig i f\u00f8lgende tilfeller:\r<br>\r<br>(1) Foresp\u00f8rsler \/ kontraktsoppfyllelse\r<br>\r<br>Vi samler inn og behandler dine personopplysninger i den grad det er n\u00f8dvendig i hvert enkelt tilfelle, i den grad du gir oss dem for henvendelser, kontraktsrelaterte henvendelser eller andre individuelle transaksjoner.\r<br>\r<br>Vi bruker dataene du oppgir for \u00e5 oppfylle v\u00e5re kontraktsforpliktelser overfor deg og for \u00e5 behandle kontraktene som er inng\u00e5tt mellom oss og deg. Det kan v\u00e6re n\u00f8dvendig \u00e5 videreformidle dine personopplysninger til selskaper som vi bruker for \u00e5 levere tjenesten eller for \u00e5 overholde avtalen.\r<br>\r<br>(2) Nyhetsbrev\r<br>\r<br>Hvis du registrerer deg for et nyhetsbrev (hvis det blir tilbudt), vil e-postadressen din bli brukt av oss til v\u00e5re egne reklameform\u00e5l inntil du melder deg av nyhetsbrevet. Avmelding er mulig n\u00e5r som helst. Hvis du \u00f8nsker \u00e5 motta v\u00e5rt nyhetsbrev, krever vi en fungerende e-postadresse til deg, hvis gyldighet vi bekrefter under registreringsprosessen ved \u00e5 sende deg en bekreftende e-post.\r<br>\r<br>(3) Offentliggj\u00f8ring til statlige institusjoner og myndigheter\r<br>\r<br>Vi videreformidler kun data til statlige institusjoner og myndigheter som har rett til \u00e5 motta informasjon innenfor rammen av juridiske forpliktelser eller p\u00e5 grunnlag av en rettsavgj\u00f8relse.\r<br>\r<br>(4) Rettslig grunnlag\r<br>\r<br>Dersom og i den grad personvernforordningen gjelder for v\u00e5r databehandling, skal det rettslige grunnlaget for behandlingen v\u00e6re\r<br>\r<br>a) oppfyllelse av kontraktsmessige forpliktelser fra v\u00e5r side overfor den registrerte (art. 6 para. 1 b) DSGVO\r<br>\r<br>b) samtykke fra den registrerte (art. 6 (1) (a) DSGVO)\r<br>\r<br>c) oppfyllelse av lovlige innsamlings- og lagringsforpliktelser, spesielt for skatteform\u00e5l (art. 6 para. 1 c) DSGVO\r<br><h3>5. Rettighetene til de registrerte<\/h3>\r<br>Vi vil gjerne bruke dataene dine til \u00e5 informere deg om produktene og tjenestene v\u00e5re og, om n\u00f8dvendig, sp\u00f8rre deg om dem. Du har rett til \u00e5 be om bekreftelse p\u00e5 om aktuelle data blir behandlet og til informasjon om disse dataene samt ytterligere informasjon og kopi av dataene i henhold til art. 15 DSGVO. Du har iht. artikkel 16 DSGVO rett til \u00e5 be om utfylling av dataene om deg eller korrigering av uriktige data om deg. I samsvar med art. 17 DSGVO, har du rett til \u00e5 kreve at data om deg slettes uten forsinkelse eller alternativt i henhold til art. 18 DSGVO, \u00e5 kreve begrensning av behandlingen av dataene. Du har rett til \u00e5 be om at opplysningene om deg som du har gitt oss mottas i samsvar med art. 20 DSGVO og \u00e5 be om at den overf\u00f8res til andre behandlingsansvarlige. Du har ogs\u00e5 rett til \u00e5 sende inn en klage til den kompetente tilsynsmyndigheten i samsvar med art. 77 DSGVO.\r<br><h3>6. Angrerett<\/h3>\r<br>Du har rett til \u00e5 tilbakekalle samtykke gitt i henhold til art. 7 (3) DSGVO med virkning for fremtiden. Hvis tilbakekallet skjer under en p\u00e5g\u00e5ende forretningstransaksjon, vil slettingen skje umiddelbart etter at den er fullf\u00f8rt. Ytterligere juridiske slettings- eller blokkeringsforpliktelser forblir up\u00e5virket av dette.\r<br><h3>7. Rett til \u00e5 nekte<\/h3>\r<br>Du kan protestere mot fremtidig behandling av data knyttet til deg i samsvar med art. 21 DSGVO n\u00e5r som helst. Innsigelsen kan s\u00e6rlig rettes mot behandlingen for form\u00e5l med direkte markedsf\u00f8ring.\r<br><h3>8. Tekniske og organisatoriske tiltak<\/h3>\r<br>Vi vil treffe de tekniske og organisatoriske tiltak som er n\u00f8dvendige for \u00e5 sikre gjennomf\u00f8ringen av regelverket om databeskyttelse, forutsatt at innsatsen st\u00e5r i rimelig forhold til det tiltenkte verneform\u00e5let. Ved kommunikasjon via e-post kan vi ikke garantere fullstendig datasikkerhet, s\u00e5 vi anbefaler \u00e5 sende konfidensiell informasjon per post eller bruke kryptering.\r<br>\r<br><\/p>\n<\/div>\n\n<\/div>","protected":false},"excerpt":{"rendered":"<p>Databeskyttelse 1. Tema for databeskyttelse Tema for databeskyttelse er personopplysninger. Dette er individuell informasjon om de personlige eller faktiske forhold til en spesifikk eller identifiserbar fysisk person. For eksempel navn, postadresse, e-postadresse, men ogs\u00e5 bruksdata som IP-adressen til en datamaskin. 2. Automatisk, anonym datainnsamling, -behandling og -bruk Vi samler automatisk inn, behandler og bruker automatisk [&hellip;]<\/p>\n","protected":false},"author":1,"featured_media":0,"parent":0,"menu_order":0,"comment_status":"closed","ping_status":"closed","template":"simple-post-no-header-image","meta":{"_acf_changed":false,"footnotes":""},"class_list":["post-489","page","type-page","status-publish","hentry"],"acf":[],"_links":{"self":[{"href":"https:\/\/starsforeurope.com\/no\/wp-json\/wp\/v2\/pages\/489","targetHints":{"allow":["GET"]}}],"collection":[{"href":"https:\/\/starsforeurope.com\/no\/wp-json\/wp\/v2\/pages"}],"about":[{"href":"https:\/\/starsforeurope.com\/no\/wp-json\/wp\/v2\/types\/page"}],"author":[{"embeddable":true,"href":"https:\/\/starsforeurope.com\/no\/wp-json\/wp\/v2\/users\/1"}],"replies":[{"embeddable":true,"href":"https:\/\/starsforeurope.com\/no\/wp-json\/wp\/v2\/comments?post=489"}],"version-history":[{"count":10,"href":"https:\/\/starsforeurope.com\/no\/wp-json\/wp\/v2\/pages\/489\/revisions"}],"predecessor-version":[{"id":7355,"href":"https:\/\/starsforeurope.com\/no\/wp-json\/wp\/v2\/pages\/489\/revisions\/7355"}],"wp:attachment":[{"href":"https:\/\/starsforeurope.com\/no\/wp-json\/wp\/v2\/media?parent=489"}],"curies":[{"name":"wp","href":"https:\/\/api.w.org\/{rel}","templated":true}]}}