{"id":26,"date":"2021-11-17T18:56:53","date_gmt":"2021-11-17T18:56:53","guid":{"rendered":"https:\/\/weihnachtsstern.kinsta.cloud\/nl\/?page_id=26"},"modified":"2025-07-25T09:38:10","modified_gmt":"2025-07-25T07:38:10","slug":"kennis","status":"publish","type":"page","link":"https:\/\/starsforeurope.com\/nl\/kennis\/","title":{"rendered":"Ontdek alles over deze feestelijke plant"},"content":{"rendered":"<h2 class=\"wp-block-heading\">Essenti\u00eble informatie over kerststerren<\/h2>\n\n\n\n<main class=\"wp-block-group postimage-half wide-content is-layout-flow wp-block-group-is-layout-flow\" style=\"margin-top:var(--wp--preset--spacing--50)\">\n<div style=\"height:3rem\" aria-hidden=\"true\" class=\"wp-block-spacer\"><\/div>\n\n\n\n<div class=\"wp-block-query is-layout-flow wp-block-query-is-layout-flow\"><ul class=\"columns-2 wp-block-post-template is-layout-grid wp-container-core-post-template-is-layout-37ef2942 wp-block-post-template-is-layout-grid\"><li class=\"wp-block-post post-8173 blog type-blog status-publish has-post-thumbnail hentry blog_main-kennis blog_main-wetenswaardigheden\">\n<figure style=\"aspect-ratio:1;\" class=\"featuredimage wp-block-post-featured-image\"><a href=\"https:\/\/starsforeurope.com\/nl\/blog\/kerststerren-een-kerstsymbool-over-de-hele-wereld\/\" target=\"_self\"  ><img loading=\"lazy\" decoding=\"async\" width=\"1050\" height=\"875\" src=\"https:\/\/starsforeurope.com\/nl\/wp-content\/uploads\/sites\/12\/2025\/09\/2022_poinsettia_06000_Christmas_Warmth_03.jpg\" class=\"attachment-post-thumbnail size-post-thumbnail wp-post-image\" alt=\"De betekenis van kerststerren: hun symboliek, oorsprong en inspiratie voor gebruik in de Adventstijd\" style=\"width:100%;height:100%;object-fit:cover;\" srcset=\"https:\/\/starsforeurope.com\/nl\/wp-content\/uploads\/sites\/12\/2025\/09\/2022_poinsettia_06000_Christmas_Warmth_03.jpg 1050w, https:\/\/starsforeurope.com\/nl\/wp-content\/uploads\/sites\/12\/2025\/09\/2022_poinsettia_06000_Christmas_Warmth_03-300x250.jpg 300w, https:\/\/starsforeurope.com\/nl\/wp-content\/uploads\/sites\/12\/2025\/09\/2022_poinsettia_06000_Christmas_Warmth_03-1024x853.jpg 1024w, https:\/\/starsforeurope.com\/nl\/wp-content\/uploads\/sites\/12\/2025\/09\/2022_poinsettia_06000_Christmas_Warmth_03-768x640.jpg 768w\" sizes=\"auto, (max-width: 1050px) 100vw, 1050px\" \/><\/a><\/figure>\n\n<h3 class=\"wp-block-post-title\"><a href=\"https:\/\/starsforeurope.com\/nl\/blog\/kerststerren-een-kerstsymbool-over-de-hele-wereld\/\" target=\"_self\" >De betekenis van kerststerren: hun symboliek, oorsprong en inspiratie voor gebruik in de Adventstijd<\/a><\/h3>\n\n\n<div class=\"wp-block-group postmetaline is-nowrap is-layout-flex wp-container-core-group-is-layout-6c531013 wp-block-group-is-layout-flex\"><div class=\"wp-block-post-date\"><time datetime=\"2025-09-04T11:26:39+02:00\">04. september 2025<\/time><\/div>\n\n<\/div>\n\n\n<div class=\"wp-block-post-excerpt\"><p class=\"wp-block-post-excerpt__excerpt\">Buiten is het grijs, maar binnen is het vrolijk! Kerststerren brengen kleur en betekenis in de wintermaanden en verbinden heel Europa.<\/p><p class=\"wp-block-post-excerpt__more-text\"><a class=\"wp-block-post-excerpt__more-link\" href=\"https:\/\/starsforeurope.com\/nl\/blog\/kerststerren-een-kerstsymbool-over-de-hele-wereld\/\">Mehr<\/a><\/p><\/div>\n<\/li><li class=\"wp-block-post post-7680 blog type-blog status-publish has-post-thumbnail hentry blog_cat-pflege blog_main-algemene-verzorging blog_main-kennis blog_main-wetenswaardigheden blog_main-zorg\">\n<figure style=\"aspect-ratio:1;\" class=\"featuredimage wp-block-post-featured-image\"><a href=\"https:\/\/starsforeurope.com\/nl\/blog\/kerststerren-overzomeren-en-opnieuw-laten-bloeien\/\" target=\"_self\"  ><img loading=\"lazy\" decoding=\"async\" width=\"875\" height=\"1050\" src=\"https:\/\/starsforeurope.com\/nl\/wp-content\/uploads\/sites\/12\/2024\/10\/2019-weihnachtsstern-2000-weihnachts-wunderland-38.jpg\" class=\"attachment-post-thumbnail size-post-thumbnail wp-post-image\" alt=\"Kerststerren overzomeren en opnieuw laten bloeien\" style=\"width:100%;height:100%;object-fit:cover;\" srcset=\"https:\/\/starsforeurope.com\/nl\/wp-content\/uploads\/sites\/12\/2024\/10\/2019-weihnachtsstern-2000-weihnachts-wunderland-38.jpg 875w, https:\/\/starsforeurope.com\/nl\/wp-content\/uploads\/sites\/12\/2024\/10\/2019-weihnachtsstern-2000-weihnachts-wunderland-38-250x300.jpg 250w, https:\/\/starsforeurope.com\/nl\/wp-content\/uploads\/sites\/12\/2024\/10\/2019-weihnachtsstern-2000-weihnachts-wunderland-38-853x1024.jpg 853w, https:\/\/starsforeurope.com\/nl\/wp-content\/uploads\/sites\/12\/2024\/10\/2019-weihnachtsstern-2000-weihnachts-wunderland-38-768x922.jpg 768w, https:\/\/starsforeurope.com\/nl\/wp-content\/uploads\/sites\/12\/2024\/10\/2019-weihnachtsstern-2000-weihnachts-wunderland-38-563x675.jpg 563w\" sizes=\"auto, (max-width: 875px) 100vw, 875px\" \/><\/a><\/figure>\n\n<h3 class=\"wp-block-post-title\"><a href=\"https:\/\/starsforeurope.com\/nl\/blog\/kerststerren-overzomeren-en-opnieuw-laten-bloeien\/\" target=\"_self\" >Kerststerren overzomeren en opnieuw laten bloeien<\/a><\/h3>\n\n\n<div class=\"wp-block-group postmetaline is-nowrap is-layout-flex wp-container-core-group-is-layout-6c531013 wp-block-group-is-layout-flex\"><div class=\"wp-block-post-date\"><time datetime=\"2024-11-25T11:56:59+01:00\">25. november 2024<\/time><\/div>\n\n<\/div>\n\n\n<div class=\"wp-block-post-excerpt\"><p class=\"wp-block-post-excerpt__excerpt\">Tips en trucs om je kerstster weer in bloei te krijgen: overzomeren op de juiste manier, verpotten en klaarmaken voor de volgende bloei.<\/p><p class=\"wp-block-post-excerpt__more-text\"><a class=\"wp-block-post-excerpt__more-link\" href=\"https:\/\/starsforeurope.com\/nl\/blog\/kerststerren-overzomeren-en-opnieuw-laten-bloeien\/\">Mehr<\/a><\/p><\/div>\n<\/li><li class=\"wp-block-post post-7371 blog type-blog status-publish has-post-thumbnail hentry blog_cat-start-der-saison blog_cat-pflege blog_main-kennis blog_main-nieuws blog_main-wetenswaardigheden\">\n<figure style=\"aspect-ratio:1;\" class=\"featuredimage wp-block-post-featured-image\"><a href=\"https:\/\/starsforeurope.com\/nl\/blog\/tips-voor-het-kopen-van-kerststerren\/\" target=\"_self\"  ><img loading=\"lazy\" decoding=\"async\" width=\"1050\" height=\"875\" src=\"https:\/\/starsforeurope.com\/nl\/wp-content\/uploads\/sites\/12\/2023\/10\/2021-poinsettia-01000-boho-green-living-01-1.jpg\" class=\"attachment-post-thumbnail size-post-thumbnail wp-post-image\" alt=\"Tips voor het kopen van kerststerren\" style=\"width:100%;height:100%;object-fit:cover;\" srcset=\"https:\/\/starsforeurope.com\/nl\/wp-content\/uploads\/sites\/12\/2023\/10\/2021-poinsettia-01000-boho-green-living-01-1.jpg 1050w, https:\/\/starsforeurope.com\/nl\/wp-content\/uploads\/sites\/12\/2023\/10\/2021-poinsettia-01000-boho-green-living-01-1-300x250.jpg 300w, https:\/\/starsforeurope.com\/nl\/wp-content\/uploads\/sites\/12\/2023\/10\/2021-poinsettia-01000-boho-green-living-01-1-1024x853.jpg 1024w, https:\/\/starsforeurope.com\/nl\/wp-content\/uploads\/sites\/12\/2023\/10\/2021-poinsettia-01000-boho-green-living-01-1-768x640.jpg 768w, https:\/\/starsforeurope.com\/nl\/wp-content\/uploads\/sites\/12\/2023\/10\/2021-poinsettia-01000-boho-green-living-01-1-810x675.jpg 810w\" sizes=\"auto, (max-width: 1050px) 100vw, 1050px\" \/><\/a><\/figure>\n\n<h3 class=\"wp-block-post-title\"><a href=\"https:\/\/starsforeurope.com\/nl\/blog\/tips-voor-het-kopen-van-kerststerren\/\" target=\"_self\" >Tips voor het kopen van kerststerren<\/a><\/h3>\n\n\n<div class=\"wp-block-group postmetaline is-nowrap is-layout-flex wp-container-core-group-is-layout-6c531013 wp-block-group-is-layout-flex\"><div class=\"wp-block-post-date\"><time datetime=\"2023-11-04T01:25:59+01:00\">04. november 2023<\/time><\/div>\n\n<\/div>\n\n\n<div class=\"wp-block-post-excerpt\"><p class=\"wp-block-post-excerpt__excerpt\">Ontdek hoe je een gezonde kerstster koopt die er langer op haar best uitziet. Het draait allemaal om bladeren, bloemen, watertoevoer en omstandigheden in de winkel en tijdens de reis naar huis. \ud83d\ude03<\/p><p class=\"wp-block-post-excerpt__more-text\"><a class=\"wp-block-post-excerpt__more-link\" href=\"https:\/\/starsforeurope.com\/nl\/blog\/tips-voor-het-kopen-van-kerststerren\/\">Mehr<\/a><\/p><\/div>\n<\/li><li class=\"wp-block-post post-6935 blog type-blog status-publish has-post-thumbnail hentry blog_cat-geschenkideen blog_cat-dekorationsideen blog_cat-herbstdeko-zimmerpflanze blog_cat-winterdeko blog_main-kennis blog_main-wetenswaardigheden\">\n<figure style=\"aspect-ratio:1;\" class=\"featuredimage wp-block-post-featured-image\"><a href=\"https:\/\/starsforeurope.com\/nl\/blog\/tien-dingen-die-je-nog-niet-wist-over-de-kerstster\/\" target=\"_self\"  ><img loading=\"lazy\" decoding=\"async\" width=\"875\" height=\"1050\" src=\"https:\/\/starsforeurope.com\/nl\/wp-content\/uploads\/sites\/12\/2022\/08\/2020-poinsettia-03000-christmas-blush-.jpg\" class=\"attachment-post-thumbnail size-post-thumbnail wp-post-image\" alt=\"Tien dingen die je nog niet wist over de kerstster\" style=\"width:100%;height:100%;object-fit:cover;\" srcset=\"https:\/\/starsforeurope.com\/nl\/wp-content\/uploads\/sites\/12\/2022\/08\/2020-poinsettia-03000-christmas-blush-.jpg 875w, https:\/\/starsforeurope.com\/nl\/wp-content\/uploads\/sites\/12\/2022\/08\/2020-poinsettia-03000-christmas-blush--250x300.jpg 250w, https:\/\/starsforeurope.com\/nl\/wp-content\/uploads\/sites\/12\/2022\/08\/2020-poinsettia-03000-christmas-blush--853x1024.jpg 853w, https:\/\/starsforeurope.com\/nl\/wp-content\/uploads\/sites\/12\/2022\/08\/2020-poinsettia-03000-christmas-blush--768x922.jpg 768w, https:\/\/starsforeurope.com\/nl\/wp-content\/uploads\/sites\/12\/2022\/08\/2020-poinsettia-03000-christmas-blush--563x675.jpg 563w\" sizes=\"auto, (max-width: 875px) 100vw, 875px\" \/><\/a><\/figure>\n\n<h3 class=\"wp-block-post-title\"><a href=\"https:\/\/starsforeurope.com\/nl\/blog\/tien-dingen-die-je-nog-niet-wist-over-de-kerstster\/\" target=\"_self\" >Tien dingen die je nog niet wist over de kerstster<\/a><\/h3>\n\n\n<div class=\"wp-block-group postmetaline is-nowrap is-layout-flex wp-container-core-group-is-layout-6c531013 wp-block-group-is-layout-flex\"><div class=\"wp-block-post-date\"><time datetime=\"2021-12-20T12:28:18+01:00\">20. december 2021<\/time><\/div>\n\n<\/div>\n\n\n<div class=\"wp-block-post-excerpt\"><p class=\"wp-block-post-excerpt__excerpt\">Bij een bezoek aan een tuincentrum tijdens de kerstperiode, kun je er niet om heen: De kerstster is d\u00e9 pefecte kamerplant voor deze tijd van het jaar. Het is dan ook niet gek dat de kerstster \u00e9\u00e9n van de meest verkochte planten is in de maand december en ze momenteel in miljoenen huiskamers staat te&hellip;<\/p><p class=\"wp-block-post-excerpt__more-text\"><a class=\"wp-block-post-excerpt__more-link\" href=\"https:\/\/starsforeurope.com\/nl\/blog\/tien-dingen-die-je-nog-niet-wist-over-de-kerstster\/\">Mehr<\/a><\/p><\/div>\n<\/li><\/ul>\n\n<nav class=\"wp-block-query-pagination is-content-justification-center is-layout-flex wp-container-core-query-pagination-is-layout-a89b3969 wp-block-query-pagination-is-layout-flex\" aria-label=\"Paginering\">\n\n\n<div class=\"wp-block-query-pagination-numbers has-medium-font-size\"><span aria-current=\"page\" class=\"page-numbers current\">1<\/span>\n<a class=\"page-numbers\" href=\"?query-0-page=2\">2<\/a><\/div>\n\n<a href=\"\/nl\/wp-json\/wp\/v2\/pages\/26?query-0-page=2\" class=\"wp-block-query-pagination-next\">\u22b3<\/a>\n<\/nav>\n\n<\/div>\n\n\n\n<div style=\"height:3rem\" aria-hidden=\"true\" class=\"wp-block-spacer\"><\/div>\n<\/main>","protected":false},"excerpt":{"rendered":"<p>Het is \u00e9\u00e9n van \u2019s werelds meest populaire planten, maar hoeveel weet je eigenlijk over de kerstster? Ze kunnen je namelijk enorm verrassen. Ontdek hun fascinerende geschiedenis, oorsprong, gebruikstoepassingen en vele vari\u00ebteiten.<\/p>\n","protected":false},"author":1,"featured_media":4353,"parent":0,"menu_order":0,"comment_status":"closed","ping_status":"closed","template":"two-column-blog-single","meta":{"_acf_changed":false,"footnotes":""},"class_list":["post-26","page","type-page","status-publish","has-post-thumbnail","hentry"],"acf":[],"_links":{"self":[{"href":"https:\/\/starsforeurope.com\/nl\/wp-json\/wp\/v2\/pages\/26","targetHints":{"allow":["GET"]}}],"collection":[{"href":"https:\/\/starsforeurope.com\/nl\/wp-json\/wp\/v2\/pages"}],"about":[{"href":"https:\/\/starsforeurope.com\/nl\/wp-json\/wp\/v2\/types\/page"}],"author":[{"embeddable":true,"href":"https:\/\/starsforeurope.com\/nl\/wp-json\/wp\/v2\/users\/1"}],"replies":[{"embeddable":true,"href":"https:\/\/starsforeurope.com\/nl\/wp-json\/wp\/v2\/comments?post=26"}],"version-history":[{"count":44,"href":"https:\/\/starsforeurope.com\/nl\/wp-json\/wp\/v2\/pages\/26\/revisions"}],"predecessor-version":[{"id":8034,"href":"https:\/\/starsforeurope.com\/nl\/wp-json\/wp\/v2\/pages\/26\/revisions\/8034"}],"wp:featuredmedia":[{"embeddable":true,"href":"https:\/\/starsforeurope.com\/nl\/wp-json\/wp\/v2\/media\/4353"}],"wp:attachment":[{"href":"https:\/\/starsforeurope.com\/nl\/wp-json\/wp\/v2\/media?parent=26"}],"curies":[{"name":"wp","href":"https:\/\/api.w.org\/{rel}","templated":true}]}}