{"id":7797,"date":"2025-07-18T15:46:18","date_gmt":"2025-07-18T13:46:18","guid":{"rendered":"https:\/\/starsforeurope.com\/it\/?page_id=7797"},"modified":"2025-07-23T22:51:31","modified_gmt":"2025-07-23T20:51:31","slug":"innaffiatura","status":"publish","type":"page","link":"https:\/\/starsforeurope.com\/it\/cura\/innaffiatura\/","title":{"rendered":"Annaffiare le poinsettia"},"content":{"rendered":"<div class=\"wp-block-group postimage-half wide-content is-layout-flow wp-block-group-is-layout-flow\" style=\"margin-top:var(--wp--preset--spacing--50)\">\n<div style=\"height:3rem\" aria-hidden=\"true\" class=\"wp-block-spacer\"><\/div>\n\n\n\n<div class=\"wp-block-query is-layout-flow wp-block-query-is-layout-flow\"><ul class=\"columns-2 wp-block-post-template is-layout-grid wp-container-core-post-template-is-layout-37ef2942 wp-block-post-template-is-layout-grid\"><li class=\"wp-block-post post-7439 blog type-blog status-publish has-post-thumbnail hentry blog_cat-care blog_main-cura blog_main-innaffiatura\">\n<figure style=\"aspect-ratio:1;\" class=\"featuredimage wp-block-post-featured-image\"><a href=\"https:\/\/starsforeurope.com\/it\/blog\/guida-alla-corretta-annaffiatura-delle-poinsettie\/\" target=\"_self\"  ><img loading=\"lazy\" decoding=\"async\" width=\"500\" height=\"600\" src=\"https:\/\/starsforeurope.com\/it\/wp-content\/uploads\/sites\/17\/2024\/11\/admin-ajax.jpg\" class=\"attachment-post-thumbnail size-post-thumbnail wp-post-image\" alt=\"Innaffiare le Stelle di Natale: Quanta acqua serve davvero?\" style=\"width:100%;height:100%;object-fit:cover;\" srcset=\"https:\/\/starsforeurope.com\/it\/wp-content\/uploads\/sites\/17\/2024\/11\/admin-ajax.jpg 500w, https:\/\/starsforeurope.com\/it\/wp-content\/uploads\/sites\/17\/2024\/11\/admin-ajax-250x300.jpg 250w\" sizes=\"auto, (max-width: 500px) 100vw, 500px\" \/><\/a><\/figure>\n\n<h3 class=\"wp-block-post-title\"><a href=\"https:\/\/starsforeurope.com\/it\/blog\/guida-alla-corretta-annaffiatura-delle-poinsettie\/\" target=\"_self\" >Innaffiare le Stelle di Natale: Quanta acqua serve davvero?<\/a><\/h3>\n\n\n<div class=\"wp-block-group postmetaline is-nowrap is-layout-flex wp-container-core-group-is-layout-6c531013 wp-block-group-is-layout-flex\"><div class=\"wp-block-post-date\"><time datetime=\"2024-11-07T16:44:33+01:00\">07. Novembre 2024<\/time><\/div>\n\n<\/div>\n\n\n<div class=\"wp-block-post-excerpt\"><p class=\"wp-block-post-excerpt__excerpt\">La giusta quantit\u00e0 di acqua \u00e8 fondamentale per una Stella di Natale sana. Ecco alcuni semplici consigli per l&#8217;irrigazione, affinch\u00e9 mantenga il suo bellissimo colore pi\u00f9 a lungo.<\/p><p class=\"wp-block-post-excerpt__more-text\"><a class=\"wp-block-post-excerpt__more-link\" href=\"https:\/\/starsforeurope.com\/it\/blog\/guida-alla-corretta-annaffiatura-delle-poinsettie\/\">Leggi di pi\u00f9<\/a><\/p><\/div>\n<\/li><\/ul>\n\n\n\n<\/div>\n\n\n\n<div style=\"height:3rem\" aria-hidden=\"true\" class=\"wp-block-spacer\"><\/div>\n<\/div>","protected":false},"excerpt":{"rendered":"<p>Mantenete le vostre poinsettie fresche e festose con questi semplici consigli per l&#8217;irrigazione.<\/p>\n","protected":false},"author":40,"featured_media":4350,"parent":20,"menu_order":0,"comment_status":"closed","ping_status":"closed","template":"two-column-blog-single","meta":{"_acf_changed":false,"footnotes":""},"class_list":["post-7797","page","type-page","status-publish","has-post-thumbnail","hentry"],"acf":[],"_links":{"self":[{"href":"https:\/\/starsforeurope.com\/it\/wp-json\/wp\/v2\/pages\/7797","targetHints":{"allow":["GET"]}}],"collection":[{"href":"https:\/\/starsforeurope.com\/it\/wp-json\/wp\/v2\/pages"}],"about":[{"href":"https:\/\/starsforeurope.com\/it\/wp-json\/wp\/v2\/types\/page"}],"author":[{"embeddable":true,"href":"https:\/\/starsforeurope.com\/it\/wp-json\/wp\/v2\/users\/40"}],"replies":[{"embeddable":true,"href":"https:\/\/starsforeurope.com\/it\/wp-json\/wp\/v2\/comments?post=7797"}],"version-history":[{"count":2,"href":"https:\/\/starsforeurope.com\/it\/wp-json\/wp\/v2\/pages\/7797\/revisions"}],"predecessor-version":[{"id":7799,"href":"https:\/\/starsforeurope.com\/it\/wp-json\/wp\/v2\/pages\/7797\/revisions\/7799"}],"up":[{"embeddable":true,"href":"https:\/\/starsforeurope.com\/it\/wp-json\/wp\/v2\/pages\/20"}],"wp:featuredmedia":[{"embeddable":true,"href":"https:\/\/starsforeurope.com\/it\/wp-json\/wp\/v2\/media\/4350"}],"wp:attachment":[{"href":"https:\/\/starsforeurope.com\/it\/wp-json\/wp\/v2\/media?parent=7797"}],"curies":[{"name":"wp","href":"https:\/\/api.w.org\/{rel}","templated":true}]}}