{"id":7791,"date":"2025-07-18T15:42:26","date_gmt":"2025-07-18T13:42:26","guid":{"rendered":"https:\/\/starsforeurope.com\/it\/?page_id=7791"},"modified":"2025-07-23T22:51:31","modified_gmt":"2025-07-23T20:51:31","slug":"decorazioni-da-tavola","status":"publish","type":"page","link":"https:\/\/starsforeurope.com\/it\/decorazione\/decorazioni-da-tavola\/","title":{"rendered":"Decorazioni da tavola con le poinsettia"},"content":{"rendered":"<div class=\"wp-block-group postimage-half wide-content is-layout-flow wp-block-group-is-layout-flow\" style=\"margin-top:var(--wp--preset--spacing--50)\">\n<div style=\"height:3rem\" aria-hidden=\"true\" class=\"wp-block-spacer\"><\/div>\n\n\n\n<div class=\"wp-block-query is-layout-flow wp-block-query-is-layout-flow\"><ul class=\"columns-2 wp-block-post-template is-layout-grid wp-container-core-post-template-is-layout-37ef2942 wp-block-post-template-is-layout-grid\"><li class=\"wp-block-post post-7595 blog type-blog status-publish has-post-thumbnail hentry blog_cat-advent-decoration blog_cat-winter-decor blog_cat-table-decoration blog_main-decorazione blog_main-decorazioni-da-tavola blog_main-decorazioni-per-lavvento\">\n<figure style=\"aspect-ratio:1;\" class=\"featuredimage wp-block-post-featured-image\"><a href=\"https:\/\/starsforeurope.com\/it\/blog\/entrate-nello-spirito-natalizio-24-idee-di-decorazione-con-mini-poinsettie\/\" target=\"_self\"  ><img loading=\"lazy\" decoding=\"async\" width=\"875\" height=\"1050\" src=\"https:\/\/starsforeurope.com\/it\/wp-content\/uploads\/sites\/17\/2025\/05\/2019-poinsettia-4000-christmas-miniatures-05.jpg\" class=\"attachment-post-thumbnail size-post-thumbnail wp-post-image\" alt=\"Entrate nello spirito natalizio: 24 idee di decorazione con mini Poinsettie\" style=\"width:100%;height:100%;object-fit:cover;\" srcset=\"https:\/\/starsforeurope.com\/it\/wp-content\/uploads\/sites\/17\/2025\/05\/2019-poinsettia-4000-christmas-miniatures-05.jpg 875w, https:\/\/starsforeurope.com\/it\/wp-content\/uploads\/sites\/17\/2025\/05\/2019-poinsettia-4000-christmas-miniatures-05-250x300.jpg 250w, https:\/\/starsforeurope.com\/it\/wp-content\/uploads\/sites\/17\/2025\/05\/2019-poinsettia-4000-christmas-miniatures-05-853x1024.jpg 853w, https:\/\/starsforeurope.com\/it\/wp-content\/uploads\/sites\/17\/2025\/05\/2019-poinsettia-4000-christmas-miniatures-05-768x922.jpg 768w, https:\/\/starsforeurope.com\/it\/wp-content\/uploads\/sites\/17\/2025\/05\/2019-poinsettia-4000-christmas-miniatures-05-563x675.jpg 563w\" sizes=\"auto, (max-width: 875px) 100vw, 875px\" \/><\/a><\/figure>\n\n<h3 class=\"wp-block-post-title\"><a href=\"https:\/\/starsforeurope.com\/it\/blog\/entrate-nello-spirito-natalizio-24-idee-di-decorazione-con-mini-poinsettie\/\" target=\"_self\" >Entrate nello spirito natalizio: 24 idee di decorazione con mini Poinsettie<\/a><\/h3>\n\n\n<div class=\"wp-block-group postmetaline is-nowrap is-layout-flex wp-container-core-group-is-layout-6c531013 wp-block-group-is-layout-flex\"><div class=\"wp-block-post-date\"><time datetime=\"2024-12-05T09:57:44+01:00\">05. Dicembre 2024<\/time><\/div>\n\n<\/div>\n\n\n<div class=\"wp-block-post-excerpt\"><p class=\"wp-block-post-excerpt__excerpt\">Create un&#8217;atmosfera di festa in casa vostra con le mini Stelle di Natale. Scoprite 24 idee creative per decorare la vostra ghirlanda dell&#8217;Avvento, le decorazioni per la tavola e molto altro. Lasciatevi ispirare!<\/p><p class=\"wp-block-post-excerpt__more-text\"><a class=\"wp-block-post-excerpt__more-link\" href=\"https:\/\/starsforeurope.com\/it\/blog\/entrate-nello-spirito-natalizio-24-idee-di-decorazione-con-mini-poinsettie\/\">Leggi di pi\u00f9<\/a><\/p><\/div>\n<\/li><li class=\"wp-block-post post-7249 blog type-blog status-publish has-post-thumbnail hentry blog_cat-advent-decoration blog_cat-christmas-tree-decorations blog_cat-table-decoration blog_main-decorazione blog_main-decorazioni-da-tavola\">\n<figure style=\"aspect-ratio:1;\" class=\"featuredimage wp-block-post-featured-image\"><a href=\"https:\/\/starsforeurope.com\/it\/blog\/decorazioni-per-tavole-imbandite-con-poinsettia\/\" target=\"_self\"  ><img loading=\"lazy\" decoding=\"async\" width=\"1050\" height=\"875\" src=\"https:\/\/starsforeurope.com\/it\/wp-content\/uploads\/sites\/17\/2023\/10\/2015_Weihnachtsstern_Familie_03.jpg\" class=\"attachment-post-thumbnail size-post-thumbnail wp-post-image\" alt=\"Decorazioni per tavole imbandite con poinsettia\" style=\"width:100%;height:100%;object-fit:cover;\" srcset=\"https:\/\/starsforeurope.com\/it\/wp-content\/uploads\/sites\/17\/2023\/10\/2015_Weihnachtsstern_Familie_03.jpg 1050w, https:\/\/starsforeurope.com\/it\/wp-content\/uploads\/sites\/17\/2023\/10\/2015_Weihnachtsstern_Familie_03-300x250.jpg 300w, https:\/\/starsforeurope.com\/it\/wp-content\/uploads\/sites\/17\/2023\/10\/2015_Weihnachtsstern_Familie_03-1024x853.jpg 1024w, https:\/\/starsforeurope.com\/it\/wp-content\/uploads\/sites\/17\/2023\/10\/2015_Weihnachtsstern_Familie_03-768x640.jpg 768w, https:\/\/starsforeurope.com\/it\/wp-content\/uploads\/sites\/17\/2023\/10\/2015_Weihnachtsstern_Familie_03-810x675.jpg 810w\" sizes=\"auto, (max-width: 1050px) 100vw, 1050px\" \/><\/a><\/figure>\n\n<h3 class=\"wp-block-post-title\"><a href=\"https:\/\/starsforeurope.com\/it\/blog\/decorazioni-per-tavole-imbandite-con-poinsettia\/\" target=\"_self\" >Decorazioni per tavole imbandite con poinsettia<\/a><\/h3>\n\n\n<div class=\"wp-block-group postmetaline is-nowrap is-layout-flex wp-container-core-group-is-layout-6c531013 wp-block-group-is-layout-flex\"><div class=\"wp-block-post-date\"><time datetime=\"2023-11-16T01:29:06+01:00\">16. Novembre 2023<\/time><\/div>\n\n<\/div>\n\n\n<div class=\"wp-block-post-excerpt\"><p class=\"wp-block-post-excerpt__excerpt\">Cosa c&#8217;\u00e8 di speciale in una composizione per la tavola realizzata con le Stelle di Natale? La variet\u00e0 e la creativit\u00e0! Le poinsettia donano alla vostra tavola un tocco di magia.<\/p><p class=\"wp-block-post-excerpt__more-text\"><a class=\"wp-block-post-excerpt__more-link\" href=\"https:\/\/starsforeurope.com\/it\/blog\/decorazioni-per-tavole-imbandite-con-poinsettia\/\">Leggi di pi\u00f9<\/a><\/p><\/div>\n<\/li><li class=\"wp-block-post post-6825 blog type-blog status-publish has-post-thumbnail hentry blog_cat-table-decoration blog_cat-decoration-tips blog_main-decorazione blog_main-decorazioni-da-tavola blog_main-fiori-recisi\">\n<figure style=\"aspect-ratio:1;\" class=\"featuredimage wp-block-post-featured-image\"><a href=\"https:\/\/starsforeurope.com\/it\/blog\/come-decorare-la-tavola-di-natale-anche-con-la-poinsettia\/\" target=\"_self\"  ><img loading=\"lazy\" decoding=\"async\" width=\"875\" height=\"1050\" src=\"https:\/\/starsforeurope.com\/it\/wp-content\/uploads\/sites\/17\/2022\/09\/asset-1-1.jpg\" class=\"attachment-post-thumbnail size-post-thumbnail wp-post-image\" alt=\"Come Decorare La Tavola Di Natale (Anche Con La Poinsettia)!\" style=\"width:100%;height:100%;object-fit:cover;\" srcset=\"https:\/\/starsforeurope.com\/it\/wp-content\/uploads\/sites\/17\/2022\/09\/asset-1-1.jpg 875w, https:\/\/starsforeurope.com\/it\/wp-content\/uploads\/sites\/17\/2022\/09\/asset-1-1-250x300.jpg 250w, https:\/\/starsforeurope.com\/it\/wp-content\/uploads\/sites\/17\/2022\/09\/asset-1-1-853x1024.jpg 853w, https:\/\/starsforeurope.com\/it\/wp-content\/uploads\/sites\/17\/2022\/09\/asset-1-1-768x922.jpg 768w, https:\/\/starsforeurope.com\/it\/wp-content\/uploads\/sites\/17\/2022\/09\/asset-1-1-563x675.jpg 563w\" sizes=\"auto, (max-width: 875px) 100vw, 875px\" \/><\/a><\/figure>\n\n<h3 class=\"wp-block-post-title\"><a href=\"https:\/\/starsforeurope.com\/it\/blog\/come-decorare-la-tavola-di-natale-anche-con-la-poinsettia\/\" target=\"_self\" >Come Decorare La Tavola Di Natale (Anche Con La Poinsettia)!<\/a><\/h3>\n\n\n<div class=\"wp-block-group postmetaline is-nowrap is-layout-flex wp-container-core-group-is-layout-6c531013 wp-block-group-is-layout-flex\"><div class=\"wp-block-post-date\"><time datetime=\"2022-01-10T14:13:20+01:00\">10. Gennaio 2022<\/time><\/div>\n\n<\/div>\n\n\n<div class=\"wp-block-post-excerpt\"><p class=\"wp-block-post-excerpt__excerpt\">Il 25 dicembre \u00e8 ormai alle porte: se i regali sono gi\u00e0 pronti sotto l\u2019albero e il menu \u00e8 deciso, resta una sola cosa da fare: pensare a come decorare la tavola di Natale! Pigne, legnetti, rami di rosmarino, ma anche candele, runner e tovaglioli piegati ad arte: le idee per decorare le tavole natalizie<\/p><p class=\"wp-block-post-excerpt__more-text\"><a class=\"wp-block-post-excerpt__more-link\" href=\"https:\/\/starsforeurope.com\/it\/blog\/come-decorare-la-tavola-di-natale-anche-con-la-poinsettia\/\">Leggi di pi\u00f9<\/a><\/p><\/div>\n<\/li><\/ul>\n\n\n\n<\/div>\n\n\n\n<div style=\"height:3rem\" aria-hidden=\"true\" class=\"wp-block-spacer\"><\/div>\n<\/div>","protected":false},"excerpt":{"rendered":"<p>Elevate la vostra esperienza culinaria con splendidi centrotavola e accenti di poinsettia. Perfetti per aggiungere un tocco di festa a qualsiasi tavola.<\/p>\n","protected":false},"author":40,"featured_media":4352,"parent":22,"menu_order":0,"comment_status":"closed","ping_status":"closed","template":"two-column-blog-single","meta":{"_acf_changed":false,"footnotes":""},"class_list":["post-7791","page","type-page","status-publish","has-post-thumbnail","hentry"],"acf":[],"_links":{"self":[{"href":"https:\/\/starsforeurope.com\/it\/wp-json\/wp\/v2\/pages\/7791","targetHints":{"allow":["GET"]}}],"collection":[{"href":"https:\/\/starsforeurope.com\/it\/wp-json\/wp\/v2\/pages"}],"about":[{"href":"https:\/\/starsforeurope.com\/it\/wp-json\/wp\/v2\/types\/page"}],"author":[{"embeddable":true,"href":"https:\/\/starsforeurope.com\/it\/wp-json\/wp\/v2\/users\/40"}],"replies":[{"embeddable":true,"href":"https:\/\/starsforeurope.com\/it\/wp-json\/wp\/v2\/comments?post=7791"}],"version-history":[{"count":2,"href":"https:\/\/starsforeurope.com\/it\/wp-json\/wp\/v2\/pages\/7791\/revisions"}],"predecessor-version":[{"id":7793,"href":"https:\/\/starsforeurope.com\/it\/wp-json\/wp\/v2\/pages\/7791\/revisions\/7793"}],"up":[{"embeddable":true,"href":"https:\/\/starsforeurope.com\/it\/wp-json\/wp\/v2\/pages\/22"}],"wp:featuredmedia":[{"embeddable":true,"href":"https:\/\/starsforeurope.com\/it\/wp-json\/wp\/v2\/media\/4352"}],"wp:attachment":[{"href":"https:\/\/starsforeurope.com\/it\/wp-json\/wp\/v2\/media?parent=7791"}],"curies":[{"name":"wp","href":"https:\/\/api.w.org\/{rel}","templated":true}]}}