{"id":7658,"date":"2025-08-28T13:01:46","date_gmt":"2025-08-28T11:01:46","guid":{"rendered":"https:\/\/starsforeurope.com\/hu\/?page_id=7658"},"modified":"2025-09-05T12:26:19","modified_gmt":"2025-09-05T10:26:19","slug":"gondozas-pr","status":"publish","type":"page","link":"https:\/\/starsforeurope.com\/hu\/sajtokozlemenyek\/gondozas-pr\/","title":{"rendered":"Hogy min\u00e9l t\u00f6bb ideig gy\u00f6ny\u00f6rk\u00f6dhess\u00fcnk a gy\u00f6ny\u00f6r\u0171 vir\u00e1gokban, \u00e9rdemes elsaj\u00e1t\u00edtani a mikul\u00e1svir\u00e1g megfelel\u0151 gondoz\u00e1s\u00e1t"},"content":{"rendered":"<main class=\"wp-block-group postimage-half wide-content is-layout-flow wp-block-group-is-layout-flow\" style=\"margin-top:var(--wp--preset--spacing--50)\">\n<div style=\"height:3rem\" aria-hidden=\"true\" class=\"wp-block-spacer\"><\/div>\n\n\n\n<div class=\"wp-block-query is-layout-flow wp-block-query-is-layout-flow\"><ul class=\"columns-2 wp-block-post-template is-layout-grid wp-container-core-post-template-is-layout-37ef2942 wp-block-post-template-is-layout-grid\"><li class=\"wp-block-post post-7541 press type-press status-publish has-post-thumbnail hentry press_cat-care press_main-gondozas press_main-sajtokozlemenyek\">\n<figure style=\"aspect-ratio:1;\" class=\"featuredimage wp-block-post-featured-image\"><a href=\"https:\/\/starsforeurope.com\/hu\/press\/ime-a-mikulasvirag-kisokos-igy-tartsd-formaban-kedvenc-unnepi-novenyedet\/\" target=\"_self\"  ><img loading=\"lazy\" decoding=\"async\" width=\"875\" height=\"1050\" src=\"https:\/\/starsforeurope.com\/hu\/wp-content\/uploads\/sites\/22\/2025\/11\/2025_Poinsettia_01000_Nordic_Winter_Charm_14.jpg\" class=\"attachment-post-thumbnail size-post-thumbnail wp-post-image\" alt=\"\u00cdme a mikul\u00e1svir\u00e1g-kisokos. \u00cdgy tartsd form\u00e1ban kedvenc \u00fcnnepi n\u00f6v\u00e9nyedet\" style=\"width:100%;height:100%;object-fit:cover;\" srcset=\"https:\/\/starsforeurope.com\/hu\/wp-content\/uploads\/sites\/22\/2025\/11\/2025_Poinsettia_01000_Nordic_Winter_Charm_14.jpg 875w, https:\/\/starsforeurope.com\/hu\/wp-content\/uploads\/sites\/22\/2025\/11\/2025_Poinsettia_01000_Nordic_Winter_Charm_14-250x300.jpg 250w, https:\/\/starsforeurope.com\/hu\/wp-content\/uploads\/sites\/22\/2025\/11\/2025_Poinsettia_01000_Nordic_Winter_Charm_14-853x1024.jpg 853w, https:\/\/starsforeurope.com\/hu\/wp-content\/uploads\/sites\/22\/2025\/11\/2025_Poinsettia_01000_Nordic_Winter_Charm_14-768x922.jpg 768w\" sizes=\"auto, (max-width: 875px) 100vw, 875px\" \/><\/a><\/figure>\n\n<h3 class=\"wp-block-post-title\"><a href=\"https:\/\/starsforeurope.com\/hu\/press\/ime-a-mikulasvirag-kisokos-igy-tartsd-formaban-kedvenc-unnepi-novenyedet\/\" target=\"_self\" >\u00cdme a mikul\u00e1svir\u00e1g-kisokos. \u00cdgy tartsd form\u00e1ban kedvenc \u00fcnnepi n\u00f6v\u00e9nyedet<\/a><\/h3>\n\n\n<div class=\"wp-block-group postmetaline is-nowrap is-layout-flex wp-container-core-group-is-layout-6c531013 wp-block-group-is-layout-flex\"><div class=\"wp-block-post-date\"><time datetime=\"2025-07-24T07:00:00+02:00\">24. j\u00falius 2025<\/time><\/div>\n\n<\/div>\n\n\n<div class=\"wp-block-post-excerpt\"><p class=\"wp-block-post-excerpt__excerpt\">Itt megtudhatja, milyen gondoz\u00e1si tippekkel ragyoghatnak a kar\u00e1csonyi csillagok teljes pomp\u00e1jukban t\u00f6bb h\u00e9ten \u00e1t.<\/p><p class=\"wp-block-post-excerpt__more-text\"><a class=\"wp-block-post-excerpt__more-link\" href=\"https:\/\/starsforeurope.com\/hu\/press\/ime-a-mikulasvirag-kisokos-igy-tartsd-formaban-kedvenc-unnepi-novenyedet\/\">B\u0151vebben<\/a><\/p><\/div>\n<\/li><li class=\"wp-block-post post-6934 press type-press status-publish has-post-thumbnail hentry press_cat-care press_main-gondozas press_main-sajtokozlemenyek\">\n<figure style=\"aspect-ratio:1;\" class=\"featuredimage wp-block-post-featured-image\"><a href=\"https:\/\/starsforeurope.com\/hu\/press\/igy-gondozd-a-mikulasviragot-a-biztos-siker-erdekeben-ismerjuk-meg-es-keruljuk-el-a-felmerulo-kockazatokat\/\" target=\"_self\"  ><img loading=\"lazy\" decoding=\"async\" width=\"875\" height=\"1050\" src=\"https:\/\/starsforeurope.com\/hu\/wp-content\/uploads\/sites\/22\/2024\/10\/2024_Poinsettia_04000_Cosy_Cottage_Charm_21.jpg\" class=\"attachment-post-thumbnail size-post-thumbnail wp-post-image\" alt=\"\u00cdgy gondozd a mikul\u00e1svir\u00e1got a biztos siker \u00e9rdek\u00e9ben. Ismerj\u00fck meg \u00e9s ker\u00fclj\u00fck el a felmer\u00fcl\u0151 kock\u00e1zatokat!\" style=\"width:100%;height:100%;object-fit:cover;\" srcset=\"https:\/\/starsforeurope.com\/hu\/wp-content\/uploads\/sites\/22\/2024\/10\/2024_Poinsettia_04000_Cosy_Cottage_Charm_21.jpg 875w, https:\/\/starsforeurope.com\/hu\/wp-content\/uploads\/sites\/22\/2024\/10\/2024_Poinsettia_04000_Cosy_Cottage_Charm_21-250x300.jpg 250w, https:\/\/starsforeurope.com\/hu\/wp-content\/uploads\/sites\/22\/2024\/10\/2024_Poinsettia_04000_Cosy_Cottage_Charm_21-853x1024.jpg 853w, https:\/\/starsforeurope.com\/hu\/wp-content\/uploads\/sites\/22\/2024\/10\/2024_Poinsettia_04000_Cosy_Cottage_Charm_21-768x922.jpg 768w, https:\/\/starsforeurope.com\/hu\/wp-content\/uploads\/sites\/22\/2024\/10\/2024_Poinsettia_04000_Cosy_Cottage_Charm_21-563x675.jpg 563w\" sizes=\"auto, (max-width: 875px) 100vw, 875px\" \/><\/a><\/figure>\n\n<h3 class=\"wp-block-post-title\"><a href=\"https:\/\/starsforeurope.com\/hu\/press\/igy-gondozd-a-mikulasviragot-a-biztos-siker-erdekeben-ismerjuk-meg-es-keruljuk-el-a-felmerulo-kockazatokat\/\" target=\"_self\" >\u00cdgy gondozd a mikul\u00e1svir\u00e1got a biztos siker \u00e9rdek\u00e9ben. Ismerj\u00fck meg \u00e9s ker\u00fclj\u00fck el a felmer\u00fcl\u0151 kock\u00e1zatokat!<\/a><\/h3>\n\n\n<div class=\"wp-block-group postmetaline is-nowrap is-layout-flex wp-container-core-group-is-layout-6c531013 wp-block-group-is-layout-flex\"><div class=\"wp-block-post-date\"><time datetime=\"2024-10-22T15:14:47+02:00\">22. okt\u00f3ber 2024<\/time><\/div>\n\n<\/div>\n\n\n<div class=\"wp-block-post-excerpt\"><p class=\"wp-block-post-excerpt__excerpt\">Gy\u00f6ny\u00f6r\u0171 kar\u00e1csonyf\u00e1kat szeretn\u00e9l? Ha tudja, mire \u00e9rz\u00e9kenyek a mikul\u00e1svir\u00e1gok, k\u00f6nnyen elker\u00fclheti a gondoz\u00e1suk sor\u00e1n felmer\u00fcl\u0151 probl\u00e9m\u00e1kat<\/p><p class=\"wp-block-post-excerpt__more-text\"><a class=\"wp-block-post-excerpt__more-link\" href=\"https:\/\/starsforeurope.com\/hu\/press\/igy-gondozd-a-mikulasviragot-a-biztos-siker-erdekeben-ismerjuk-meg-es-keruljuk-el-a-felmerulo-kockazatokat\/\">B\u0151vebben<\/a><\/p><\/div>\n<\/li><li class=\"wp-block-post post-6930 press type-press status-publish has-post-thumbnail hentry press_cat-care press_cat-interesting-facts press_main-gondozas press_main-sajtokozlemenyek\">\n<figure style=\"aspect-ratio:1;\" class=\"featuredimage wp-block-post-featured-image\"><a href=\"https:\/\/starsforeurope.com\/hu\/press\/hogyan-tartsd-eletben-a-mikulasviragodat-mikulasig\/\" target=\"_self\"  ><img loading=\"lazy\" decoding=\"async\" width=\"875\" height=\"1050\" src=\"https:\/\/starsforeurope.com\/hu\/wp-content\/uploads\/sites\/22\/2023\/06\/2023_poinsettia_03000_Rustic_Scandi_Chr.jpg\" class=\"attachment-post-thumbnail size-post-thumbnail wp-post-image\" alt=\"Hogyan tartsd \u00e9letben a mikul\u00e1svir\u00e1godat Mikul\u00e1sig?\" style=\"width:100%;height:100%;object-fit:cover;\" srcset=\"https:\/\/starsforeurope.com\/hu\/wp-content\/uploads\/sites\/22\/2023\/06\/2023_poinsettia_03000_Rustic_Scandi_Chr.jpg 875w, https:\/\/starsforeurope.com\/hu\/wp-content\/uploads\/sites\/22\/2023\/06\/2023_poinsettia_03000_Rustic_Scandi_Chr-250x300.jpg 250w, https:\/\/starsforeurope.com\/hu\/wp-content\/uploads\/sites\/22\/2023\/06\/2023_poinsettia_03000_Rustic_Scandi_Chr-853x1024.jpg 853w, https:\/\/starsforeurope.com\/hu\/wp-content\/uploads\/sites\/22\/2023\/06\/2023_poinsettia_03000_Rustic_Scandi_Chr-768x922.jpg 768w, https:\/\/starsforeurope.com\/hu\/wp-content\/uploads\/sites\/22\/2023\/06\/2023_poinsettia_03000_Rustic_Scandi_Chr-563x675.jpg 563w\" sizes=\"auto, (max-width: 875px) 100vw, 875px\" \/><\/a><\/figure>\n\n<h3 class=\"wp-block-post-title\"><a href=\"https:\/\/starsforeurope.com\/hu\/press\/hogyan-tartsd-eletben-a-mikulasviragodat-mikulasig\/\" target=\"_self\" >Hogyan tartsd \u00e9letben a mikul\u00e1svir\u00e1godat Mikul\u00e1sig?<\/a><\/h3>\n\n\n<div class=\"wp-block-group postmetaline is-nowrap is-layout-flex wp-container-core-group-is-layout-6c531013 wp-block-group-is-layout-flex\"><div class=\"wp-block-post-date\"><time datetime=\"2023-11-05T01:17:11+01:00\">05. november 2023<\/time><\/div>\n\n<\/div>\n\n\n<div class=\"wp-block-post-excerpt\"><p class=\"wp-block-post-excerpt__excerpt\">Megfelel\u0151en gondozva a mikul\u00e1svir\u00e1gok h\u00f3napokon \u00e1t gy\u00f6ny\u00f6r\u0171, j\u00f3 hangulatot \u00e1rasztanak. El\u00e1ruljuk, hogyan maradnak eg\u00e9szs\u00e9gesek a mikul\u00e1svir\u00e1gok, \u00e9s hogyan \u0151rzik meg sz\u00ednpomp\u00e1jukat az \u00faj\u00e9vben is<\/p><p class=\"wp-block-post-excerpt__more-text\"><a class=\"wp-block-post-excerpt__more-link\" href=\"https:\/\/starsforeurope.com\/hu\/press\/hogyan-tartsd-eletben-a-mikulasviragodat-mikulasig\/\">B\u0151vebben<\/a><\/p><\/div>\n<\/li><li class=\"wp-block-post post-5061 press type-press status-publish has-post-thumbnail hentry press_cat-care press_cat-interesting-facts press_main-gondozas press_main-sajtokozlemenyek\">\n<figure style=\"aspect-ratio:1;\" class=\"featuredimage wp-block-post-featured-image\"><a href=\"https:\/\/starsforeurope.com\/hu\/press\/mikulasvirag-gondozasa-mesterfokon\/\" target=\"_self\"  ><img loading=\"lazy\" decoding=\"async\" width=\"875\" height=\"1050\" src=\"https:\/\/starsforeurope.com\/hu\/wp-content\/uploads\/sites\/22\/2022\/08\/2022-poinsettia-06000-christmas-warmth-06.jpg\" class=\"attachment-post-thumbnail size-post-thumbnail wp-post-image\" alt=\"Mikul\u00e1svir\u00e1g gondoz\u00e1sa mesterfokon\" style=\"width:100%;height:100%;object-fit:cover;\" srcset=\"https:\/\/starsforeurope.com\/hu\/wp-content\/uploads\/sites\/22\/2022\/08\/2022-poinsettia-06000-christmas-warmth-06.jpg 875w, https:\/\/starsforeurope.com\/hu\/wp-content\/uploads\/sites\/22\/2022\/08\/2022-poinsettia-06000-christmas-warmth-06-250x300.jpg 250w, https:\/\/starsforeurope.com\/hu\/wp-content\/uploads\/sites\/22\/2022\/08\/2022-poinsettia-06000-christmas-warmth-06-853x1024.jpg 853w, https:\/\/starsforeurope.com\/hu\/wp-content\/uploads\/sites\/22\/2022\/08\/2022-poinsettia-06000-christmas-warmth-06-768x922.jpg 768w, https:\/\/starsforeurope.com\/hu\/wp-content\/uploads\/sites\/22\/2022\/08\/2022-poinsettia-06000-christmas-warmth-06-563x675.jpg 563w\" sizes=\"auto, (max-width: 875px) 100vw, 875px\" \/><\/a><\/figure>\n\n<h3 class=\"wp-block-post-title\"><a href=\"https:\/\/starsforeurope.com\/hu\/press\/mikulasvirag-gondozasa-mesterfokon\/\" target=\"_self\" >Mikul\u00e1svir\u00e1g gondoz\u00e1sa mesterfokon<\/a><\/h3>\n\n\n<div class=\"wp-block-group postmetaline is-nowrap is-layout-flex wp-container-core-group-is-layout-6c531013 wp-block-group-is-layout-flex\"><div class=\"wp-block-post-date\"><time datetime=\"2022-08-11T13:10:36+02:00\">11. augusztus 2022<\/time><\/div>\n\n<\/div>\n\n\n<div class=\"wp-block-post-excerpt\"><p class=\"wp-block-post-excerpt__excerpt\">A mikul\u00e1svir\u00e1g megfelel\u0151 \u00e1pol\u00e1s mellett a k\u00f6vetkez\u0151 \u00e9vben is megtartja sz\u00ednes leveleit. Olvasson tov\u00e1bb, \u00e9s tudjon meg t\u00f6bbet!<\/p><p class=\"wp-block-post-excerpt__more-text\"><a class=\"wp-block-post-excerpt__more-link\" href=\"https:\/\/starsforeurope.com\/hu\/press\/mikulasvirag-gondozasa-mesterfokon\/\">B\u0151vebben<\/a><\/p><\/div>\n<\/li><\/ul>\n\n<nav class=\"wp-block-query-pagination is-content-justification-center is-layout-flex wp-container-core-query-pagination-is-layout-a89b3969 wp-block-query-pagination-is-layout-flex\" aria-label=\"Lapoz\u00e1s\">\n\n\n<div class=\"wp-block-query-pagination-numbers has-medium-font-size\"><span aria-current=\"page\" class=\"page-numbers current\">1<\/span>\n<a class=\"page-numbers\" href=\"?query-0-page=2\">2<\/a><\/div>\n\n<a href=\"\/hu\/wp-json\/wp\/v2\/pages\/7658?query-0-page=2\" class=\"wp-block-query-pagination-next\">\u22b3<\/a>\n<\/nav>\n\n<\/div>\n\n\n\n<div style=\"height:3rem\" aria-hidden=\"true\" class=\"wp-block-spacer\"><\/div>\n<\/main>","protected":false},"excerpt":{"rendered":"<p>N\u00e9h\u00e1ny egyszer\u0171 l\u00e9p\u00e9s betart\u00e1s\u00e1val sok\u00e1ig \u00e9lvezhetj\u00fck a mikul\u00e1svir\u00e1g sz\u00e9ps\u00e9g\u00e9t. \u00c9rdemes k\u00f6vetni gondoz\u00e1si tippjeinket.<\/p>\n","protected":false},"author":41,"featured_media":6813,"parent":7,"menu_order":0,"comment_status":"closed","ping_status":"closed","template":"two-column-press","meta":{"_acf_changed":false,"footnotes":""},"class_list":["post-7658","page","type-page","status-publish","has-post-thumbnail","hentry"],"acf":[],"_links":{"self":[{"href":"https:\/\/starsforeurope.com\/hu\/wp-json\/wp\/v2\/pages\/7658","targetHints":{"allow":["GET"]}}],"collection":[{"href":"https:\/\/starsforeurope.com\/hu\/wp-json\/wp\/v2\/pages"}],"about":[{"href":"https:\/\/starsforeurope.com\/hu\/wp-json\/wp\/v2\/types\/page"}],"author":[{"embeddable":true,"href":"https:\/\/starsforeurope.com\/hu\/wp-json\/wp\/v2\/users\/41"}],"replies":[{"embeddable":true,"href":"https:\/\/starsforeurope.com\/hu\/wp-json\/wp\/v2\/comments?post=7658"}],"version-history":[{"count":1,"href":"https:\/\/starsforeurope.com\/hu\/wp-json\/wp\/v2\/pages\/7658\/revisions"}],"predecessor-version":[{"id":7659,"href":"https:\/\/starsforeurope.com\/hu\/wp-json\/wp\/v2\/pages\/7658\/revisions\/7659"}],"up":[{"embeddable":true,"href":"https:\/\/starsforeurope.com\/hu\/wp-json\/wp\/v2\/pages\/7"}],"wp:featuredmedia":[{"embeddable":true,"href":"https:\/\/starsforeurope.com\/hu\/wp-json\/wp\/v2\/media\/6813"}],"wp:attachment":[{"href":"https:\/\/starsforeurope.com\/hu\/wp-json\/wp\/v2\/media?parent=7658"}],"curies":[{"name":"wp","href":"https:\/\/api.w.org\/{rel}","templated":true}]}}