{"id":7652,"date":"2025-08-28T12:25:40","date_gmt":"2025-08-28T10:25:40","guid":{"rendered":"https:\/\/starsforeurope.com\/hu\/?page_id=7652"},"modified":"2025-09-05T12:26:19","modified_gmt":"2025-09-05T10:26:19","slug":"asztali-dekoraciok-pr","status":"publish","type":"page","link":"https:\/\/starsforeurope.com\/hu\/sajtokozlemenyek\/dekoracio-pr\/asztali-dekoraciok-pr\/","title":{"rendered":"Mikul\u00e1svir\u00e1g asztali dekor\u00e1ci\u00f3k"},"content":{"rendered":"<main class=\"wp-block-group postimage-half wide-content is-layout-flow wp-block-group-is-layout-flow\" style=\"margin-top:var(--wp--preset--spacing--50)\">\n<div style=\"height:3rem\" aria-hidden=\"true\" class=\"wp-block-spacer\"><\/div>\n\n\n\n<div class=\"wp-block-query is-layout-flow wp-block-query-is-layout-flow\"><ul class=\"columns-2 wp-block-post-template is-layout-grid wp-container-core-post-template-is-layout-37ef2942 wp-block-post-template-is-layout-grid\"><li class=\"wp-block-post post-7904 press type-press status-publish has-post-thumbnail hentry press_cat-table-decoration press_cat-decoration-tips press_main-asztali-dekoraciok press_main-dekoracio press_main-sajtokozlemenyek\">\n<figure style=\"aspect-ratio:1;\" class=\"featuredimage wp-block-post-featured-image\"><a href=\"https:\/\/starsforeurope.com\/hu\/press\/igy-dobd-fel-a-teli-vacsorakat-sokoldalu-mikulasvirag-asztaldekoraciok\/\" target=\"_self\"  ><img loading=\"lazy\" decoding=\"async\" width=\"875\" height=\"1050\" src=\"https:\/\/starsforeurope.com\/hu\/wp-content\/uploads\/sites\/22\/2026\/02\/2025_Poinsettia_01000_Nordic_Winter_Charm_08.jpg\" class=\"attachment-post-thumbnail size-post-thumbnail wp-post-image\" alt=\"\u00cdgy dobd fel a t\u00e9li vacsor\u00e1kat: sokoldal\u00fa mikul\u00e1svir\u00e1g asztaldekor\u00e1ci\u00f3k\" style=\"width:100%;height:100%;object-fit:cover;\" srcset=\"https:\/\/starsforeurope.com\/hu\/wp-content\/uploads\/sites\/22\/2026\/02\/2025_Poinsettia_01000_Nordic_Winter_Charm_08.jpg 875w, https:\/\/starsforeurope.com\/hu\/wp-content\/uploads\/sites\/22\/2026\/02\/2025_Poinsettia_01000_Nordic_Winter_Charm_08-250x300.jpg 250w, https:\/\/starsforeurope.com\/hu\/wp-content\/uploads\/sites\/22\/2026\/02\/2025_Poinsettia_01000_Nordic_Winter_Charm_08-853x1024.jpg 853w, https:\/\/starsforeurope.com\/hu\/wp-content\/uploads\/sites\/22\/2026\/02\/2025_Poinsettia_01000_Nordic_Winter_Charm_08-768x922.jpg 768w\" sizes=\"auto, (max-width: 875px) 100vw, 875px\" \/><\/a><\/figure>\n\n<h3 class=\"wp-block-post-title\"><a href=\"https:\/\/starsforeurope.com\/hu\/press\/igy-dobd-fel-a-teli-vacsorakat-sokoldalu-mikulasvirag-asztaldekoraciok\/\" target=\"_self\" >\u00cdgy dobd fel a t\u00e9li vacsor\u00e1kat: sokoldal\u00fa mikul\u00e1svir\u00e1g asztaldekor\u00e1ci\u00f3k<\/a><\/h3>\n\n\n<div class=\"wp-block-group postmetaline is-nowrap is-layout-flex wp-container-core-group-is-layout-6c531013 wp-block-group-is-layout-flex\"><div class=\"wp-block-post-date\"><time datetime=\"2025-12-10T08:00:00+01:00\">10. december 2025<\/time><\/div>\n\n<\/div>\n\n\n<div class=\"wp-block-post-excerpt\"><p class=\"wp-block-post-excerpt__excerpt\">Legyen az fenntarthat\u00f3, j\u00e1t\u00e9kos vagy eleg\u00e1ns \u2013 a kar\u00e1csonyi csillagokkal az asztald\u00edsz\u00edt\u00e9s igazi szemet gy\u00f6ny\u00f6rk\u00f6dtet\u0151 lesz. Fedezzen fel \u00faj \u00f6tleteket a sokoldal\u00fa t\u00e9li asztald\u00edszekhez.<\/p><p class=\"wp-block-post-excerpt__more-text\"><a class=\"wp-block-post-excerpt__more-link\" href=\"https:\/\/starsforeurope.com\/hu\/press\/igy-dobd-fel-a-teli-vacsorakat-sokoldalu-mikulasvirag-asztaldekoraciok\/\">B\u0151vebben<\/a><\/p><\/div>\n<\/li><li class=\"wp-block-post post-6836 press type-press status-publish has-post-thumbnail hentry press_cat-table-decoration press_cat-decoration-tips press_cat-autumn-decor-houseplants press_cat-cut-flower press_main-asztali-dekoraciok press_main-dekoracio press_main-oszi-dekoraciok-green-living press_main-sajtokozlemenyek\">\n<figure style=\"aspect-ratio:1;\" class=\"featuredimage wp-block-post-featured-image\"><a href=\"https:\/\/starsforeurope.com\/hu\/press\/dekoracios-aduasz-a-mikulasvirag-a-noveny-amely-szint-visz-a-hideg-szurkesegbe\/\" target=\"_self\"  ><img loading=\"lazy\" decoding=\"async\" width=\"875\" height=\"1050\" src=\"https:\/\/starsforeurope.com\/hu\/wp-content\/uploads\/sites\/22\/2023\/06\/2023_poinsettia_02000_Cottagecore_Charm_15.jpg\" class=\"attachment-post-thumbnail size-post-thumbnail wp-post-image\" alt=\"Dekor\u00e1ci\u00f3s adu\u00e1sz: a mikul\u00e1svir\u00e1g. A n\u00f6v\u00e9ny, amely sz\u00ednt visz a hideg sz\u00fcrkes\u00e9gbe\" style=\"width:100%;height:100%;object-fit:cover;\" srcset=\"https:\/\/starsforeurope.com\/hu\/wp-content\/uploads\/sites\/22\/2023\/06\/2023_poinsettia_02000_Cottagecore_Charm_15.jpg 875w, https:\/\/starsforeurope.com\/hu\/wp-content\/uploads\/sites\/22\/2023\/06\/2023_poinsettia_02000_Cottagecore_Charm_15-250x300.jpg 250w, https:\/\/starsforeurope.com\/hu\/wp-content\/uploads\/sites\/22\/2023\/06\/2023_poinsettia_02000_Cottagecore_Charm_15-853x1024.jpg 853w, https:\/\/starsforeurope.com\/hu\/wp-content\/uploads\/sites\/22\/2023\/06\/2023_poinsettia_02000_Cottagecore_Charm_15-768x922.jpg 768w, https:\/\/starsforeurope.com\/hu\/wp-content\/uploads\/sites\/22\/2023\/06\/2023_poinsettia_02000_Cottagecore_Charm_15-563x675.jpg 563w\" sizes=\"auto, (max-width: 875px) 100vw, 875px\" \/><\/a><\/figure>\n\n<h3 class=\"wp-block-post-title\"><a href=\"https:\/\/starsforeurope.com\/hu\/press\/dekoracios-aduasz-a-mikulasvirag-a-noveny-amely-szint-visz-a-hideg-szurkesegbe\/\" target=\"_self\" >Dekor\u00e1ci\u00f3s adu\u00e1sz: a mikul\u00e1svir\u00e1g. A n\u00f6v\u00e9ny, amely sz\u00ednt visz a hideg sz\u00fcrkes\u00e9gbe<\/a><\/h3>\n\n\n<div class=\"wp-block-group postmetaline is-nowrap is-layout-flex wp-container-core-group-is-layout-6c531013 wp-block-group-is-layout-flex\"><div class=\"wp-block-post-date\"><time datetime=\"2023-11-15T10:15:36+01:00\">15. november 2023<\/time><\/div>\n\n<\/div>\n\n\n<div class=\"wp-block-post-excerpt\"><p class=\"wp-block-post-excerpt__excerpt\">Meleg t\u00f3nusaival a mikul\u00e1svir\u00e1gok feldobj\u00e1k a bels\u0151 tereket, \u00e9s vid\u00e1m hangulatot teremtenek a bor\u00fas \u0151szi napokon. Fedezze fel szezon\u00e1lis dekor\u00e1ci\u00f3inkat, amelyek el\u0171zik az \u0151szi szomor\u00fas\u00e1got<\/p><p class=\"wp-block-post-excerpt__more-text\"><a class=\"wp-block-post-excerpt__more-link\" href=\"https:\/\/starsforeurope.com\/hu\/press\/dekoracios-aduasz-a-mikulasvirag-a-noveny-amely-szint-visz-a-hideg-szurkesegbe\/\">B\u0151vebben<\/a><\/p><\/div>\n<\/li><li class=\"wp-block-post post-6942 press type-press status-publish has-post-thumbnail hentry press_cat-advent-decoration press_cat-gift-ideas press_cat-table-decoration press_cat-christmas-tree-decorations press_main-asztali-dekoraciok press_main-dekoracio press_main-sajtokozlemenyek press_main-vagott-viragok\">\n<figure style=\"aspect-ratio:1;\" class=\"featuredimage wp-block-post-featured-image\"><a href=\"https:\/\/starsforeurope.com\/hu\/press\/unnepi-asztaldiszek-mikulasviraggal-praktikak-es-otletek-diy-dekoraciokhoz\/\" target=\"_self\"  ><img loading=\"lazy\" decoding=\"async\" width=\"875\" height=\"1050\" src=\"https:\/\/starsforeurope.com\/hu\/wp-content\/uploads\/sites\/22\/2023\/06\/2023_poinsettia_01000_Jewels_of_Nature_07.jpg\" class=\"attachment-post-thumbnail size-post-thumbnail wp-post-image\" alt=\"\u00dcnnepi asztald\u00edszek mikul\u00e1svir\u00e1ggal. Praktik\u00e1k \u00e9s \u00f6tletek DIY dekor\u00e1ci\u00f3khoz\" style=\"width:100%;height:100%;object-fit:cover;\" srcset=\"https:\/\/starsforeurope.com\/hu\/wp-content\/uploads\/sites\/22\/2023\/06\/2023_poinsettia_01000_Jewels_of_Nature_07.jpg 875w, https:\/\/starsforeurope.com\/hu\/wp-content\/uploads\/sites\/22\/2023\/06\/2023_poinsettia_01000_Jewels_of_Nature_07-250x300.jpg 250w, https:\/\/starsforeurope.com\/hu\/wp-content\/uploads\/sites\/22\/2023\/06\/2023_poinsettia_01000_Jewels_of_Nature_07-853x1024.jpg 853w, https:\/\/starsforeurope.com\/hu\/wp-content\/uploads\/sites\/22\/2023\/06\/2023_poinsettia_01000_Jewels_of_Nature_07-768x922.jpg 768w, https:\/\/starsforeurope.com\/hu\/wp-content\/uploads\/sites\/22\/2023\/06\/2023_poinsettia_01000_Jewels_of_Nature_07-563x675.jpg 563w\" sizes=\"auto, (max-width: 875px) 100vw, 875px\" \/><\/a><\/figure>\n\n<h3 class=\"wp-block-post-title\"><a href=\"https:\/\/starsforeurope.com\/hu\/press\/unnepi-asztaldiszek-mikulasviraggal-praktikak-es-otletek-diy-dekoraciokhoz\/\" target=\"_self\" >\u00dcnnepi asztald\u00edszek mikul\u00e1svir\u00e1ggal. Praktik\u00e1k \u00e9s \u00f6tletek DIY dekor\u00e1ci\u00f3khoz<\/a><\/h3>\n\n\n<div class=\"wp-block-group postmetaline is-nowrap is-layout-flex wp-container-core-group-is-layout-6c531013 wp-block-group-is-layout-flex\"><div class=\"wp-block-post-date\"><time datetime=\"2023-11-02T09:11:03+01:00\">02. november 2023<\/time><\/div>\n\n<\/div>\n\n\n<div class=\"wp-block-post-excerpt\"><p class=\"wp-block-post-excerpt__excerpt\">Ak\u00e1r egy adventi k\u00e1v\u00e9z\u00e1sra vagy egy gyertyaf\u00e9nyes kar\u00e1csonyi vacsor\u00e1ra k\u00e9sz\u00fcl\u00fcnk, az \u00edzletes falatok mellett az is fontos, hogy hangulatos asztalt \u00fclhess\u00fcnk k\u00f6rbe.<\/p><p class=\"wp-block-post-excerpt__more-text\"><a class=\"wp-block-post-excerpt__more-link\" href=\"https:\/\/starsforeurope.com\/hu\/press\/unnepi-asztaldiszek-mikulasviraggal-praktikak-es-otletek-diy-dekoraciokhoz\/\">B\u0151vebben<\/a><\/p><\/div>\n<\/li><li class=\"wp-block-post post-5022 press type-press status-publish has-post-thumbnail hentry press_cat-table-decoration press_cat-decoration-tips press_cat-diy press_cat-winter-decor press_main-asztali-dekoraciok press_main-dekoracio press_main-diy-upcycling press_main-sajtokozlemenyek\">\n<figure style=\"aspect-ratio:1;\" class=\"featuredimage wp-block-post-featured-image\"><a href=\"https:\/\/starsforeurope.com\/hu\/press\/termeszetes-karacsonyi-dekoracio-az-unnepekre-mikulasviraggal-4-tipp-hogy-viragos-legyen-a-karacsonyi-idoszak\/\" target=\"_self\"  ><img loading=\"lazy\" decoding=\"async\" width=\"875\" height=\"1050\" src=\"https:\/\/starsforeurope.com\/hu\/wp-content\/uploads\/sites\/22\/2022\/08\/2022-poinsettia-04000-hristmas-fairy-tale-23.jpg\" class=\"attachment-post-thumbnail size-post-thumbnail wp-post-image\" alt=\"Term\u00e9szetes kar\u00e1csonyi dekor\u00e1ci\u00f3 az \u00fcnnepekre mikul\u00e1svir\u00e1ggal: 4 tipp, hogy vir\u00e1gos legyen a kar\u00e1csonyi id\u0151szak\" style=\"width:100%;height:100%;object-fit:cover;\" srcset=\"https:\/\/starsforeurope.com\/hu\/wp-content\/uploads\/sites\/22\/2022\/08\/2022-poinsettia-04000-hristmas-fairy-tale-23.jpg 875w, https:\/\/starsforeurope.com\/hu\/wp-content\/uploads\/sites\/22\/2022\/08\/2022-poinsettia-04000-hristmas-fairy-tale-23-250x300.jpg 250w, https:\/\/starsforeurope.com\/hu\/wp-content\/uploads\/sites\/22\/2022\/08\/2022-poinsettia-04000-hristmas-fairy-tale-23-853x1024.jpg 853w, https:\/\/starsforeurope.com\/hu\/wp-content\/uploads\/sites\/22\/2022\/08\/2022-poinsettia-04000-hristmas-fairy-tale-23-768x922.jpg 768w, https:\/\/starsforeurope.com\/hu\/wp-content\/uploads\/sites\/22\/2022\/08\/2022-poinsettia-04000-hristmas-fairy-tale-23-563x675.jpg 563w\" sizes=\"auto, (max-width: 875px) 100vw, 875px\" \/><\/a><\/figure>\n\n<h3 class=\"wp-block-post-title\"><a href=\"https:\/\/starsforeurope.com\/hu\/press\/termeszetes-karacsonyi-dekoracio-az-unnepekre-mikulasviraggal-4-tipp-hogy-viragos-legyen-a-karacsonyi-idoszak\/\" target=\"_self\" >Term\u00e9szetes kar\u00e1csonyi dekor\u00e1ci\u00f3 az \u00fcnnepekre mikul\u00e1svir\u00e1ggal: 4 tipp, hogy vir\u00e1gos legyen a kar\u00e1csonyi id\u0151szak<\/a><\/h3>\n\n\n<div class=\"wp-block-group postmetaline is-nowrap is-layout-flex wp-container-core-group-is-layout-6c531013 wp-block-group-is-layout-flex\"><div class=\"wp-block-post-date\"><time datetime=\"2022-12-10T09:25:02+01:00\">10. december 2022<\/time><\/div>\n\n<\/div>\n\n\n<div class=\"wp-block-post-excerpt\"><p class=\"wp-block-post-excerpt__excerpt\">A mikul\u00e1svir\u00e1g igaz\u00e1n k\u00fcl\u00f6nleges asztali d\u00edsz. Fedezzen fel \u00faj dekor\u00e1ci\u00f3s \u00f6tleteket a vir\u00e1gba borult \u00fcnnepi asztalhoz!<\/p><p class=\"wp-block-post-excerpt__more-text\"><a class=\"wp-block-post-excerpt__more-link\" href=\"https:\/\/starsforeurope.com\/hu\/press\/termeszetes-karacsonyi-dekoracio-az-unnepekre-mikulasviraggal-4-tipp-hogy-viragos-legyen-a-karacsonyi-idoszak\/\">B\u0151vebben<\/a><\/p><\/div>\n<\/li><\/ul>\n\n<nav class=\"wp-block-query-pagination is-content-justification-center is-layout-flex wp-container-core-query-pagination-is-layout-a89b3969 wp-block-query-pagination-is-layout-flex\" aria-label=\"Lapoz\u00e1s\">\n\n\n<div class=\"wp-block-query-pagination-numbers has-medium-font-size\"><span aria-current=\"page\" class=\"page-numbers current\">1<\/span>\n<a class=\"page-numbers\" href=\"?query-0-page=2\">2<\/a><\/div>\n\n<a href=\"\/hu\/wp-json\/wp\/v2\/pages\/7652?query-0-page=2\" class=\"wp-block-query-pagination-next\">\u22b3<\/a>\n<\/nav><\/div>\n\n\n\n<div style=\"height:3rem\" aria-hidden=\"true\" class=\"wp-block-spacer\"><\/div>\n<\/main>","protected":false},"excerpt":{"rendered":"<p>Alak\u00edtsa \u00e1t \u00e9tkez\u0151asztal\u00e1t eleg\u00e1ns mikul\u00e1scsillag akcentusokkal, amelyek \u00fcnnepi melegs\u00e9get \u00e9s st\u00edlust k\u00f6lcs\u00f6n\u00f6znek minden \u00e9tkez\u00e9snek.<\/p>\n","protected":false},"author":41,"featured_media":6813,"parent":7638,"menu_order":0,"comment_status":"closed","ping_status":"closed","template":"two-column-press","meta":{"_acf_changed":false,"footnotes":""},"class_list":["post-7652","page","type-page","status-publish","has-post-thumbnail","hentry"],"acf":[],"_links":{"self":[{"href":"https:\/\/starsforeurope.com\/hu\/wp-json\/wp\/v2\/pages\/7652","targetHints":{"allow":["GET"]}}],"collection":[{"href":"https:\/\/starsforeurope.com\/hu\/wp-json\/wp\/v2\/pages"}],"about":[{"href":"https:\/\/starsforeurope.com\/hu\/wp-json\/wp\/v2\/types\/page"}],"author":[{"embeddable":true,"href":"https:\/\/starsforeurope.com\/hu\/wp-json\/wp\/v2\/users\/41"}],"replies":[{"embeddable":true,"href":"https:\/\/starsforeurope.com\/hu\/wp-json\/wp\/v2\/comments?post=7652"}],"version-history":[{"count":1,"href":"https:\/\/starsforeurope.com\/hu\/wp-json\/wp\/v2\/pages\/7652\/revisions"}],"predecessor-version":[{"id":7653,"href":"https:\/\/starsforeurope.com\/hu\/wp-json\/wp\/v2\/pages\/7652\/revisions\/7653"}],"up":[{"embeddable":true,"href":"https:\/\/starsforeurope.com\/hu\/wp-json\/wp\/v2\/pages\/7638"}],"wp:featuredmedia":[{"embeddable":true,"href":"https:\/\/starsforeurope.com\/hu\/wp-json\/wp\/v2\/media\/6813"}],"wp:attachment":[{"href":"https:\/\/starsforeurope.com\/hu\/wp-json\/wp\/v2\/media?parent=7652"}],"curies":[{"name":"wp","href":"https:\/\/api.w.org\/{rel}","templated":true}]}}