{"id":7650,"date":"2025-08-28T11:17:25","date_gmt":"2025-08-28T09:17:25","guid":{"rendered":"https:\/\/starsforeurope.com\/hu\/?page_id=7650"},"modified":"2025-09-05T12:26:19","modified_gmt":"2025-09-05T10:26:19","slug":"ajandekotletek-pr","status":"publish","type":"page","link":"https:\/\/starsforeurope.com\/hu\/sajtokozlemenyek\/dekoracio-pr\/ajandekotletek-pr\/","title":{"rendered":"Mikul\u00e1svir\u00e1g aj\u00e1nd\u00e9k\u00f6tletek"},"content":{"rendered":"<main class=\"wp-block-group postimage-half wide-content is-layout-flow wp-block-group-is-layout-flow\" style=\"margin-top:var(--wp--preset--spacing--50)\">\n<div style=\"height:3rem\" aria-hidden=\"true\" class=\"wp-block-spacer\"><\/div>\n\n\n\n<div class=\"wp-block-query is-layout-flow wp-block-query-is-layout-flow\"><ul class=\"columns-2 wp-block-post-template is-layout-grid wp-container-core-post-template-is-layout-37ef2942 wp-block-post-template-is-layout-grid\"><li class=\"wp-block-post post-7975 press type-press status-publish has-post-thumbnail hentry press_cat-gift-ideas press_main-ajandekotletek press_main-dekoracio press_main-sajtokozlemenyek\">\n<figure style=\"aspect-ratio:1;\" class=\"featuredimage wp-block-post-featured-image\"><a href=\"https:\/\/starsforeurope.com\/hu\/press\/viragzo-mikulasvirag-ajandekok\/\" target=\"_self\"  ><img loading=\"lazy\" decoding=\"async\" width=\"875\" height=\"1050\" src=\"https:\/\/starsforeurope.com\/hu\/wp-content\/uploads\/sites\/22\/2026\/02\/2025_Poinsettia_03000_Traditional_Christmas_Spirit_13.jpg\" class=\"attachment-post-thumbnail size-post-thumbnail wp-post-image\" alt=\"Vir\u00e1gz\u00f3 mikul\u00e1svir\u00e1g aj\u00e1nd\u00e9kok\" style=\"width:100%;height:100%;object-fit:cover;\" srcset=\"https:\/\/starsforeurope.com\/hu\/wp-content\/uploads\/sites\/22\/2026\/02\/2025_Poinsettia_03000_Traditional_Christmas_Spirit_13.jpg 875w, https:\/\/starsforeurope.com\/hu\/wp-content\/uploads\/sites\/22\/2026\/02\/2025_Poinsettia_03000_Traditional_Christmas_Spirit_13-250x300.jpg 250w, https:\/\/starsforeurope.com\/hu\/wp-content\/uploads\/sites\/22\/2026\/02\/2025_Poinsettia_03000_Traditional_Christmas_Spirit_13-853x1024.jpg 853w, https:\/\/starsforeurope.com\/hu\/wp-content\/uploads\/sites\/22\/2026\/02\/2025_Poinsettia_03000_Traditional_Christmas_Spirit_13-768x922.jpg 768w\" sizes=\"auto, (max-width: 875px) 100vw, 875px\" \/><\/a><\/figure>\n\n<h3 class=\"wp-block-post-title\"><a href=\"https:\/\/starsforeurope.com\/hu\/press\/viragzo-mikulasvirag-ajandekok\/\" target=\"_self\" >Vir\u00e1gz\u00f3 mikul\u00e1svir\u00e1g aj\u00e1nd\u00e9kok<\/a><\/h3>\n\n\n<div class=\"wp-block-group postmetaline is-nowrap is-layout-flex wp-container-core-group-is-layout-6c531013 wp-block-group-is-layout-flex\"><div class=\"wp-block-post-date\"><time datetime=\"2025-11-21T09:00:00+01:00\">21. november 2025<\/time><\/div>\n\n<\/div>\n\n\n<div class=\"wp-block-post-excerpt\"><p class=\"wp-block-post-excerpt__excerpt\">Megfelel\u0151 csomagol\u00e1ssal vagy kreat\u00edv dekor\u00e1ci\u00f3 r\u00e9szek\u00e9nt a kar\u00e1csonyi csillag egyedi, szem\u00e9lyes aj\u00e1nd\u00e9kk\u00e1 v\u00e1lik. Hagyja mag\u00e1t inspir\u00e1lni!<\/p><p class=\"wp-block-post-excerpt__more-text\"><a class=\"wp-block-post-excerpt__more-link\" href=\"https:\/\/starsforeurope.com\/hu\/press\/viragzo-mikulasvirag-ajandekok\/\">B\u0151vebben<\/a><\/p><\/div>\n<\/li><li class=\"wp-block-post post-5033 press type-press status-publish has-post-thumbnail hentry press_cat-decoration-tips press_cat-diy press_cat-history press_main-ajandekotletek press_main-dekoracio press_main-diy-upcycling press_main-sajtokozlemenyek\">\n<figure style=\"aspect-ratio:1;\" class=\"featuredimage wp-block-post-featured-image\"><a href=\"https:\/\/starsforeurope.com\/hu\/press\/sokszinu-ajandekok-mikulasviraggal-igy-ezer-arnyalatban-ragyoghat-az-unnep\/\" target=\"_self\"  ><img loading=\"lazy\" decoding=\"async\" width=\"875\" height=\"1050\" src=\"https:\/\/starsforeurope.com\/hu\/wp-content\/uploads\/sites\/22\/2024\/12\/2024_Poinsettia_03000_Country_Chic_in_Blue_08.jpg\" class=\"attachment-post-thumbnail size-post-thumbnail wp-post-image\" alt=\"Soksz\u00edn\u0171 aj\u00e1nd\u00e9kok mikul\u00e1svir\u00e1ggal. \u00cdgy ezer \u00e1rnyalatban ragyoghat az \u00fcnnep\" style=\"width:100%;height:100%;object-fit:cover;\" srcset=\"https:\/\/starsforeurope.com\/hu\/wp-content\/uploads\/sites\/22\/2024\/12\/2024_Poinsettia_03000_Country_Chic_in_Blue_08.jpg 875w, https:\/\/starsforeurope.com\/hu\/wp-content\/uploads\/sites\/22\/2024\/12\/2024_Poinsettia_03000_Country_Chic_in_Blue_08-250x300.jpg 250w, https:\/\/starsforeurope.com\/hu\/wp-content\/uploads\/sites\/22\/2024\/12\/2024_Poinsettia_03000_Country_Chic_in_Blue_08-853x1024.jpg 853w, https:\/\/starsforeurope.com\/hu\/wp-content\/uploads\/sites\/22\/2024\/12\/2024_Poinsettia_03000_Country_Chic_in_Blue_08-768x922.jpg 768w, https:\/\/starsforeurope.com\/hu\/wp-content\/uploads\/sites\/22\/2024\/12\/2024_Poinsettia_03000_Country_Chic_in_Blue_08-563x675.jpg 563w\" sizes=\"auto, (max-width: 875px) 100vw, 875px\" \/><\/a><\/figure>\n\n<h3 class=\"wp-block-post-title\"><a href=\"https:\/\/starsforeurope.com\/hu\/press\/sokszinu-ajandekok-mikulasviraggal-igy-ezer-arnyalatban-ragyoghat-az-unnep\/\" target=\"_self\" >Soksz\u00edn\u0171 aj\u00e1nd\u00e9kok mikul\u00e1svir\u00e1ggal. \u00cdgy ezer \u00e1rnyalatban ragyoghat az \u00fcnnep<\/a><\/h3>\n\n\n<div class=\"wp-block-group postmetaline is-nowrap is-layout-flex wp-container-core-group-is-layout-6c531013 wp-block-group-is-layout-flex\"><div class=\"wp-block-post-date\"><time datetime=\"2024-12-06T10:22:39+01:00\">06. december 2024<\/time><\/div>\n\n<\/div>\n\n\n<div class=\"wp-block-post-excerpt\"><p class=\"wp-block-post-excerpt__excerpt\">A mikul\u00e1svir\u00e1gokkal k\u00e9sz\u00edtett bark\u00e1cs\u00f6ssze\u00e1ll\u00edt\u00e1s a szeretetet \u00e9s a megbecs\u00fcl\u00e9st fejezi ki. Hagyja, hogy aj\u00e1nd\u00e9k\u00f6tleteink inspir\u00e1lj\u00e1k \u00d6nt<\/p><p class=\"wp-block-post-excerpt__more-text\"><a class=\"wp-block-post-excerpt__more-link\" href=\"https:\/\/starsforeurope.com\/hu\/press\/sokszinu-ajandekok-mikulasviraggal-igy-ezer-arnyalatban-ragyoghat-az-unnep\/\">B\u0151vebben<\/a><\/p><\/div>\n<\/li><\/ul>\n\n<\/div>\n\n\n\n<div style=\"height:3rem\" aria-hidden=\"true\" class=\"wp-block-spacer\"><\/div>\n<\/main>","protected":false},"excerpt":{"rendered":"<p>Tal\u00e1lja meg a t\u00f6k\u00e9letes, a mikul\u00e1svir\u00e1g ihlette aj\u00e1nd\u00e9kokat, hogy st\u00edlusosan \u00e9s vid\u00e1man feldobja az \u00fcnnepi szezont.<\/p>\n","protected":false},"author":41,"featured_media":6813,"parent":7638,"menu_order":0,"comment_status":"closed","ping_status":"closed","template":"two-column-press","meta":{"_acf_changed":false,"footnotes":""},"class_list":["post-7650","page","type-page","status-publish","has-post-thumbnail","hentry"],"acf":[],"_links":{"self":[{"href":"https:\/\/starsforeurope.com\/hu\/wp-json\/wp\/v2\/pages\/7650","targetHints":{"allow":["GET"]}}],"collection":[{"href":"https:\/\/starsforeurope.com\/hu\/wp-json\/wp\/v2\/pages"}],"about":[{"href":"https:\/\/starsforeurope.com\/hu\/wp-json\/wp\/v2\/types\/page"}],"author":[{"embeddable":true,"href":"https:\/\/starsforeurope.com\/hu\/wp-json\/wp\/v2\/users\/41"}],"replies":[{"embeddable":true,"href":"https:\/\/starsforeurope.com\/hu\/wp-json\/wp\/v2\/comments?post=7650"}],"version-history":[{"count":1,"href":"https:\/\/starsforeurope.com\/hu\/wp-json\/wp\/v2\/pages\/7650\/revisions"}],"predecessor-version":[{"id":7651,"href":"https:\/\/starsforeurope.com\/hu\/wp-json\/wp\/v2\/pages\/7650\/revisions\/7651"}],"up":[{"embeddable":true,"href":"https:\/\/starsforeurope.com\/hu\/wp-json\/wp\/v2\/pages\/7638"}],"wp:featuredmedia":[{"embeddable":true,"href":"https:\/\/starsforeurope.com\/hu\/wp-json\/wp\/v2\/media\/6813"}],"wp:attachment":[{"href":"https:\/\/starsforeurope.com\/hu\/wp-json\/wp\/v2\/media?parent=7650"}],"curies":[{"name":"wp","href":"https:\/\/api.w.org\/{rel}","templated":true}]}}