{"id":7648,"date":"2025-08-28T11:08:20","date_gmt":"2025-08-28T09:08:20","guid":{"rendered":"https:\/\/starsforeurope.com\/hu\/?page_id=7648"},"modified":"2025-09-05T12:26:19","modified_gmt":"2025-09-05T10:26:19","slug":"diy-upcycling-pr","status":"publish","type":"page","link":"https:\/\/starsforeurope.com\/hu\/sajtokozlemenyek\/dekoracio-pr\/diy-upcycling-pr\/","title":{"rendered":"Kreat\u00edv DIY &amp; Upcycling mikul\u00e1svir\u00e1g projektek"},"content":{"rendered":"<main class=\"wp-block-group postimage-half wide-content is-layout-flow wp-block-group-is-layout-flow\" style=\"margin-top:var(--wp--preset--spacing--50)\">\n<div style=\"height:3rem\" aria-hidden=\"true\" class=\"wp-block-spacer\"><\/div>\n\n\n\n<div class=\"wp-block-query is-layout-flow wp-block-query-is-layout-flow\"><ul class=\"columns-2 wp-block-post-template is-layout-grid wp-container-core-post-template-is-layout-37ef2942 wp-block-post-template-is-layout-grid\"><li class=\"wp-block-post post-7616 press type-press status-publish has-post-thumbnail hentry press_cat-decoration-tips press_main-dekoracio press_main-diy-upcycling press_main-sajtokozlemenyek\">\n<figure style=\"aspect-ratio:1;\" class=\"featuredimage wp-block-post-featured-image\"><a href=\"https:\/\/starsforeurope.com\/hu\/press\/egy-csillag-minden-hangulathoz-mikulasvirag-a-sokoldalu-tars-egesz-telen\/\" target=\"_self\"  ><img loading=\"lazy\" decoding=\"async\" width=\"875\" height=\"1050\" src=\"https:\/\/starsforeurope.com\/hu\/wp-content\/uploads\/sites\/22\/2025\/11\/2025_Poinsettia_01000_Nordic_Winter_Charm_47.jpg\" class=\"attachment-post-thumbnail size-post-thumbnail wp-post-image\" alt=\"Egy csillag minden hangulathoz. Mikul\u00e1svir\u00e1g &#8211; a sokoldal\u00fa t\u00e1rs eg\u00e9sz t\u00e9len\" style=\"width:100%;height:100%;object-fit:cover;\" srcset=\"https:\/\/starsforeurope.com\/hu\/wp-content\/uploads\/sites\/22\/2025\/11\/2025_Poinsettia_01000_Nordic_Winter_Charm_47.jpg 875w, https:\/\/starsforeurope.com\/hu\/wp-content\/uploads\/sites\/22\/2025\/11\/2025_Poinsettia_01000_Nordic_Winter_Charm_47-250x300.jpg 250w, https:\/\/starsforeurope.com\/hu\/wp-content\/uploads\/sites\/22\/2025\/11\/2025_Poinsettia_01000_Nordic_Winter_Charm_47-853x1024.jpg 853w, https:\/\/starsforeurope.com\/hu\/wp-content\/uploads\/sites\/22\/2025\/11\/2025_Poinsettia_01000_Nordic_Winter_Charm_47-768x922.jpg 768w\" sizes=\"auto, (max-width: 875px) 100vw, 875px\" \/><\/a><\/figure>\n\n<h3 class=\"wp-block-post-title\"><a href=\"https:\/\/starsforeurope.com\/hu\/press\/egy-csillag-minden-hangulathoz-mikulasvirag-a-sokoldalu-tars-egesz-telen\/\" target=\"_self\" >Egy csillag minden hangulathoz. Mikul\u00e1svir\u00e1g &#8211; a sokoldal\u00fa t\u00e1rs eg\u00e9sz t\u00e9len<\/a><\/h3>\n\n\n<div class=\"wp-block-group postmetaline is-nowrap is-layout-flex wp-container-core-group-is-layout-6c531013 wp-block-group-is-layout-flex\"><div class=\"wp-block-post-date\"><time datetime=\"2025-08-22T08:00:00+02:00\">22. augusztus 2025<\/time><\/div>\n\n<\/div>\n\n\n<div class=\"wp-block-post-excerpt\"><p class=\"wp-block-post-excerpt__excerpt\">A kar\u00e1csonyi csillagok minden helyis\u00e9gbe t\u00e9li var\u00e1zslatot var\u00e1zsolnak. K\u00fcl\u00f6nb\u00f6z\u0151 st\u00edlusokhoz illeszkednek \u00e9s kreat\u00edv projektekhez inspir\u00e1lnak. Olvasson tov\u00e1bb.<\/p><p class=\"wp-block-post-excerpt__more-text\"><a class=\"wp-block-post-excerpt__more-link\" href=\"https:\/\/starsforeurope.com\/hu\/press\/egy-csillag-minden-hangulathoz-mikulasvirag-a-sokoldalu-tars-egesz-telen\/\">B\u0151vebben<\/a><\/p><\/div>\n<\/li><li class=\"wp-block-post post-5033 press type-press status-publish has-post-thumbnail hentry press_cat-decoration-tips press_cat-diy press_cat-history press_main-ajandekotletek press_main-dekoracio press_main-diy-upcycling press_main-sajtokozlemenyek\">\n<figure style=\"aspect-ratio:1;\" class=\"featuredimage wp-block-post-featured-image\"><a href=\"https:\/\/starsforeurope.com\/hu\/press\/sokszinu-ajandekok-mikulasviraggal-igy-ezer-arnyalatban-ragyoghat-az-unnep\/\" target=\"_self\"  ><img loading=\"lazy\" decoding=\"async\" width=\"875\" height=\"1050\" src=\"https:\/\/starsforeurope.com\/hu\/wp-content\/uploads\/sites\/22\/2024\/12\/2024_Poinsettia_03000_Country_Chic_in_Blue_08.jpg\" class=\"attachment-post-thumbnail size-post-thumbnail wp-post-image\" alt=\"Soksz\u00edn\u0171 aj\u00e1nd\u00e9kok mikul\u00e1svir\u00e1ggal. \u00cdgy ezer \u00e1rnyalatban ragyoghat az \u00fcnnep\" style=\"width:100%;height:100%;object-fit:cover;\" srcset=\"https:\/\/starsforeurope.com\/hu\/wp-content\/uploads\/sites\/22\/2024\/12\/2024_Poinsettia_03000_Country_Chic_in_Blue_08.jpg 875w, https:\/\/starsforeurope.com\/hu\/wp-content\/uploads\/sites\/22\/2024\/12\/2024_Poinsettia_03000_Country_Chic_in_Blue_08-250x300.jpg 250w, https:\/\/starsforeurope.com\/hu\/wp-content\/uploads\/sites\/22\/2024\/12\/2024_Poinsettia_03000_Country_Chic_in_Blue_08-853x1024.jpg 853w, https:\/\/starsforeurope.com\/hu\/wp-content\/uploads\/sites\/22\/2024\/12\/2024_Poinsettia_03000_Country_Chic_in_Blue_08-768x922.jpg 768w, https:\/\/starsforeurope.com\/hu\/wp-content\/uploads\/sites\/22\/2024\/12\/2024_Poinsettia_03000_Country_Chic_in_Blue_08-563x675.jpg 563w\" sizes=\"auto, (max-width: 875px) 100vw, 875px\" \/><\/a><\/figure>\n\n<h3 class=\"wp-block-post-title\"><a href=\"https:\/\/starsforeurope.com\/hu\/press\/sokszinu-ajandekok-mikulasviraggal-igy-ezer-arnyalatban-ragyoghat-az-unnep\/\" target=\"_self\" >Soksz\u00edn\u0171 aj\u00e1nd\u00e9kok mikul\u00e1svir\u00e1ggal. \u00cdgy ezer \u00e1rnyalatban ragyoghat az \u00fcnnep<\/a><\/h3>\n\n\n<div class=\"wp-block-group postmetaline is-nowrap is-layout-flex wp-container-core-group-is-layout-6c531013 wp-block-group-is-layout-flex\"><div class=\"wp-block-post-date\"><time datetime=\"2024-12-06T10:22:39+01:00\">06. december 2024<\/time><\/div>\n\n<\/div>\n\n\n<div class=\"wp-block-post-excerpt\"><p class=\"wp-block-post-excerpt__excerpt\">A mikul\u00e1svir\u00e1gokkal k\u00e9sz\u00edtett bark\u00e1cs\u00f6ssze\u00e1ll\u00edt\u00e1s a szeretetet \u00e9s a megbecs\u00fcl\u00e9st fejezi ki. Hagyja, hogy aj\u00e1nd\u00e9k\u00f6tleteink inspir\u00e1lj\u00e1k \u00d6nt<\/p><p class=\"wp-block-post-excerpt__more-text\"><a class=\"wp-block-post-excerpt__more-link\" href=\"https:\/\/starsforeurope.com\/hu\/press\/sokszinu-ajandekok-mikulasviraggal-igy-ezer-arnyalatban-ragyoghat-az-unnep\/\">B\u0151vebben<\/a><\/p><\/div>\n<\/li><li class=\"wp-block-post post-6939 press type-press status-publish has-post-thumbnail hentry press_cat-advent-decoration press_cat-care press_cat-decoration-tips press_cat-cut-flower press_main-dekoracio press_main-diy-upcycling press_main-sajtokozlemenyek\">\n<figure style=\"aspect-ratio:1;\" class=\"featuredimage wp-block-post-featured-image\"><a href=\"https:\/\/starsforeurope.com\/hu\/press\/ujragondolt-unnepi-koszoruk-mikulasviraggal-kezmuves-otletek-a-teli-unnepekre\/\" target=\"_self\"  ><img loading=\"lazy\" decoding=\"async\" width=\"875\" height=\"1050\" src=\"https:\/\/starsforeurope.com\/hu\/wp-content\/uploads\/sites\/22\/2024\/11\/2024_Poinsettia_04000_Cosy_Cottage_Charm_31.jpg\" class=\"attachment-post-thumbnail size-post-thumbnail wp-post-image\" alt=\"\u00dajragondolt \u00fcnnepi koszor\u00fak mikul\u00e1svir\u00e1ggal. K\u00e9zm\u0171ves \u00f6tletek a t\u00e9li \u00fcnnepekre\" style=\"width:100%;height:100%;object-fit:cover;\" srcset=\"https:\/\/starsforeurope.com\/hu\/wp-content\/uploads\/sites\/22\/2024\/11\/2024_Poinsettia_04000_Cosy_Cottage_Charm_31.jpg 875w, https:\/\/starsforeurope.com\/hu\/wp-content\/uploads\/sites\/22\/2024\/11\/2024_Poinsettia_04000_Cosy_Cottage_Charm_31-250x300.jpg 250w, https:\/\/starsforeurope.com\/hu\/wp-content\/uploads\/sites\/22\/2024\/11\/2024_Poinsettia_04000_Cosy_Cottage_Charm_31-853x1024.jpg 853w, https:\/\/starsforeurope.com\/hu\/wp-content\/uploads\/sites\/22\/2024\/11\/2024_Poinsettia_04000_Cosy_Cottage_Charm_31-768x922.jpg 768w, https:\/\/starsforeurope.com\/hu\/wp-content\/uploads\/sites\/22\/2024\/11\/2024_Poinsettia_04000_Cosy_Cottage_Charm_31-563x675.jpg 563w\" sizes=\"auto, (max-width: 875px) 100vw, 875px\" \/><\/a><\/figure>\n\n<h3 class=\"wp-block-post-title\"><a href=\"https:\/\/starsforeurope.com\/hu\/press\/ujragondolt-unnepi-koszoruk-mikulasviraggal-kezmuves-otletek-a-teli-unnepekre\/\" target=\"_self\" >\u00dajragondolt \u00fcnnepi koszor\u00fak mikul\u00e1svir\u00e1ggal. K\u00e9zm\u0171ves \u00f6tletek a t\u00e9li \u00fcnnepekre<\/a><\/h3>\n\n\n<div class=\"wp-block-group postmetaline is-nowrap is-layout-flex wp-container-core-group-is-layout-6c531013 wp-block-group-is-layout-flex\"><div class=\"wp-block-post-date\"><time datetime=\"2024-11-20T10:13:00+01:00\">20. november 2024<\/time><\/div>\n\n<\/div>\n\n\n<div class=\"wp-block-post-excerpt\"><p class=\"wp-block-post-excerpt__excerpt\">A l\u00f3g\u00f3 d\u00edszek a mikul\u00e1svir\u00e1gokkal helyet takar\u00edtanak meg \u00e9s gy\u00f6ny\u00f6r\u0171en n\u00e9znek ki. Fedezze fel a rusztikus \u00e9s eleg\u00e1ns DIY \u00f6tleteket, amelyek k\u00f6nnyen megval\u00f3s\u00edthat\u00f3k<\/p><p class=\"wp-block-post-excerpt__more-text\"><a class=\"wp-block-post-excerpt__more-link\" href=\"https:\/\/starsforeurope.com\/hu\/press\/ujragondolt-unnepi-koszoruk-mikulasviraggal-kezmuves-otletek-a-teli-unnepekre\/\">B\u0151vebben<\/a><\/p><\/div>\n<\/li><li class=\"wp-block-post post-6937 press type-press status-publish has-post-thumbnail hentry press_cat-advent-decoration press_cat-gift-ideas press_cat-diy press_cat-christmas-tree-decorations press_cat-winter-decor press_main-dekoracio press_main-diy-upcycling press_main-karacsonyfadiszek press_main-sajtokozlemenyek\">\n<figure style=\"aspect-ratio:1;\" class=\"featuredimage wp-block-post-featured-image\"><a href=\"https:\/\/starsforeurope.com\/hu\/press\/hogyan-hoditotta-meg-a-mikulasvirag-az-unnepeket-a-mikulasvirag-unnepi-varazslatot-csempesz-a-karacsonyi-hagyomanyokba\/\" target=\"_self\"  ><img loading=\"lazy\" decoding=\"async\" width=\"875\" height=\"1050\" src=\"https:\/\/starsforeurope.com\/hu\/wp-content\/uploads\/sites\/22\/2024\/11\/2024_Poinsettia_03000_Country_Chic_in_Blue_05.jpg\" class=\"attachment-post-thumbnail size-post-thumbnail wp-post-image\" alt=\"Hogyan h\u00f3d\u00edtotta meg a mikul\u00e1svir\u00e1g az \u00fcnnepeket? A mikul\u00e1svir\u00e1g \u00fcnnepi var\u00e1zslatot csemp\u00e9sz a kar\u00e1csonyi hagyom\u00e1nyokba\" style=\"width:100%;height:100%;object-fit:cover;\" srcset=\"https:\/\/starsforeurope.com\/hu\/wp-content\/uploads\/sites\/22\/2024\/11\/2024_Poinsettia_03000_Country_Chic_in_Blue_05.jpg 875w, https:\/\/starsforeurope.com\/hu\/wp-content\/uploads\/sites\/22\/2024\/11\/2024_Poinsettia_03000_Country_Chic_in_Blue_05-250x300.jpg 250w, https:\/\/starsforeurope.com\/hu\/wp-content\/uploads\/sites\/22\/2024\/11\/2024_Poinsettia_03000_Country_Chic_in_Blue_05-853x1024.jpg 853w, https:\/\/starsforeurope.com\/hu\/wp-content\/uploads\/sites\/22\/2024\/11\/2024_Poinsettia_03000_Country_Chic_in_Blue_05-768x922.jpg 768w, https:\/\/starsforeurope.com\/hu\/wp-content\/uploads\/sites\/22\/2024\/11\/2024_Poinsettia_03000_Country_Chic_in_Blue_05-563x675.jpg 563w\" sizes=\"auto, (max-width: 875px) 100vw, 875px\" \/><\/a><\/figure>\n\n<h3 class=\"wp-block-post-title\"><a href=\"https:\/\/starsforeurope.com\/hu\/press\/hogyan-hoditotta-meg-a-mikulasvirag-az-unnepeket-a-mikulasvirag-unnepi-varazslatot-csempesz-a-karacsonyi-hagyomanyokba\/\" target=\"_self\" >Hogyan h\u00f3d\u00edtotta meg a mikul\u00e1svir\u00e1g az \u00fcnnepeket? A mikul\u00e1svir\u00e1g \u00fcnnepi var\u00e1zslatot csemp\u00e9sz a kar\u00e1csonyi hagyom\u00e1nyokba<\/a><\/h3>\n\n\n<div class=\"wp-block-group postmetaline is-nowrap is-layout-flex wp-container-core-group-is-layout-6c531013 wp-block-group-is-layout-flex\"><div class=\"wp-block-post-date\"><time datetime=\"2024-11-11T14:00:17+01:00\">11. november 2024<\/time><\/div>\n\n<\/div>\n\n\n<div class=\"wp-block-post-excerpt\"><p class=\"wp-block-post-excerpt__excerpt\">Fedezze fel a mikul\u00e1svir\u00e1g t\u00f6rt\u00e9net\u00e9t, \u00e9s csod\u00e1lja meg, hogy a modern fajt\u00e1k hogyan teszik ragyog\u00f3v\u00e1 a hagyom\u00e1nyos szok\u00e1sokat \u00e9s dekor\u00e1ci\u00f3kat<\/p><p class=\"wp-block-post-excerpt__more-text\"><a class=\"wp-block-post-excerpt__more-link\" href=\"https:\/\/starsforeurope.com\/hu\/press\/hogyan-hoditotta-meg-a-mikulasvirag-az-unnepeket-a-mikulasvirag-unnepi-varazslatot-csempesz-a-karacsonyi-hagyomanyokba\/\">B\u0151vebben<\/a><\/p><\/div>\n<\/li><\/ul>\n\n<nav class=\"wp-block-query-pagination is-content-justification-center is-layout-flex wp-container-core-query-pagination-is-layout-a89b3969 wp-block-query-pagination-is-layout-flex\" aria-label=\"Lapoz\u00e1s\">\n\n\n<div class=\"wp-block-query-pagination-numbers has-medium-font-size\"><span aria-current=\"page\" class=\"page-numbers current\">1<\/span>\n<a class=\"page-numbers\" href=\"?query-0-page=2\">2<\/a>\n<a class=\"page-numbers\" href=\"?query-0-page=3\">3<\/a><\/div>\n\n<a href=\"\/hu\/wp-json\/wp\/v2\/pages\/7648?query-0-page=2\" class=\"wp-block-query-pagination-next\">\u22b3<\/a>\n<\/nav><\/div>\n\n\n\n<div style=\"height:3rem\" aria-hidden=\"true\" class=\"wp-block-spacer\"><\/div>\n<\/main>","protected":false},"excerpt":{"rendered":"<p>Az egyszer\u0171 \u00e9s fenntarthat\u00f3 bark\u00e1csol\u00e1si \u00e9s \u00fajrahasznos\u00edt\u00e1si \u00f6tletekkel az \u00fcnnepek idej\u00e9re var\u00e1zsolja a mikul\u00e1svir\u00e1gokat egyedi dekor\u00e1ci\u00f3v\u00e1.<\/p>\n","protected":false},"author":41,"featured_media":6813,"parent":7638,"menu_order":0,"comment_status":"closed","ping_status":"closed","template":"two-column-press","meta":{"_acf_changed":false,"footnotes":""},"class_list":["post-7648","page","type-page","status-publish","has-post-thumbnail","hentry"],"acf":[],"_links":{"self":[{"href":"https:\/\/starsforeurope.com\/hu\/wp-json\/wp\/v2\/pages\/7648","targetHints":{"allow":["GET"]}}],"collection":[{"href":"https:\/\/starsforeurope.com\/hu\/wp-json\/wp\/v2\/pages"}],"about":[{"href":"https:\/\/starsforeurope.com\/hu\/wp-json\/wp\/v2\/types\/page"}],"author":[{"embeddable":true,"href":"https:\/\/starsforeurope.com\/hu\/wp-json\/wp\/v2\/users\/41"}],"replies":[{"embeddable":true,"href":"https:\/\/starsforeurope.com\/hu\/wp-json\/wp\/v2\/comments?post=7648"}],"version-history":[{"count":1,"href":"https:\/\/starsforeurope.com\/hu\/wp-json\/wp\/v2\/pages\/7648\/revisions"}],"predecessor-version":[{"id":7649,"href":"https:\/\/starsforeurope.com\/hu\/wp-json\/wp\/v2\/pages\/7648\/revisions\/7649"}],"up":[{"embeddable":true,"href":"https:\/\/starsforeurope.com\/hu\/wp-json\/wp\/v2\/pages\/7638"}],"wp:featuredmedia":[{"embeddable":true,"href":"https:\/\/starsforeurope.com\/hu\/wp-json\/wp\/v2\/media\/6813"}],"wp:attachment":[{"href":"https:\/\/starsforeurope.com\/hu\/wp-json\/wp\/v2\/media?parent=7648"}],"curies":[{"name":"wp","href":"https:\/\/api.w.org\/{rel}","templated":true}]}}