{"id":7646,"date":"2025-08-28T11:02:13","date_gmt":"2025-08-28T09:02:13","guid":{"rendered":"https:\/\/starsforeurope.com\/hu\/?page_id=7646"},"modified":"2025-09-05T12:26:19","modified_gmt":"2025-09-05T10:26:19","slug":"vagott-viragok-pr","status":"publish","type":"page","link":"https:\/\/starsforeurope.com\/hu\/sajtokozlemenyek\/dekoracio-pr\/vagott-viragok-pr\/","title":{"rendered":"Mikul\u00e1svir\u00e1gok v\u00e1gott vir\u00e1gk\u00e9nt"},"content":{"rendered":"<main class=\"wp-block-group postimage-half wide-content is-layout-flow wp-block-group-is-layout-flow\" style=\"margin-top:var(--wp--preset--spacing--50)\">\n<div style=\"height:3rem\" aria-hidden=\"true\" class=\"wp-block-spacer\"><\/div>\n\n\n\n<div class=\"wp-block-query is-layout-flow wp-block-query-is-layout-flow\"><ul class=\"columns-2 wp-block-post-template is-layout-grid wp-container-core-post-template-is-layout-37ef2942 wp-block-post-template-is-layout-grid\"><li class=\"wp-block-post post-5046 press type-press status-publish has-post-thumbnail hentry press_cat-diy press_cat-christmas-tree-decorations press_main-adventi-dekoraciok press_main-dekoracio press_main-sajtokozlemenyek press_main-vagott-viragok\">\n<figure style=\"aspect-ratio:1;\" class=\"featuredimage wp-block-post-featured-image\"><a href=\"https:\/\/starsforeurope.com\/hu\/press\/varazslatos-adventi-dekoraciok-mikulasviraggal-viragos-osszeallitasok-amik-otthon-is-elkeszithetok\/\" target=\"_self\"  ><img loading=\"lazy\" decoding=\"async\" width=\"875\" height=\"1050\" src=\"https:\/\/starsforeurope.com\/hu\/wp-content\/uploads\/sites\/22\/2024\/11\/2024_Poinsettia_02000_Modern_Vintage_Fusion_02.jpg\" class=\"attachment-post-thumbnail size-post-thumbnail wp-post-image\" alt=\"Var\u00e1zslatos adventi dekor\u00e1ci\u00f3k mikul\u00e1svir\u00e1ggal. Vir\u00e1gos \u00f6ssze\u00e1ll\u00edt\u00e1sok, amik otthon is elk\u00e9sz\u00edthet\u0151k\" style=\"width:100%;height:100%;object-fit:cover;\" srcset=\"https:\/\/starsforeurope.com\/hu\/wp-content\/uploads\/sites\/22\/2024\/11\/2024_Poinsettia_02000_Modern_Vintage_Fusion_02.jpg 875w, https:\/\/starsforeurope.com\/hu\/wp-content\/uploads\/sites\/22\/2024\/11\/2024_Poinsettia_02000_Modern_Vintage_Fusion_02-250x300.jpg 250w, https:\/\/starsforeurope.com\/hu\/wp-content\/uploads\/sites\/22\/2024\/11\/2024_Poinsettia_02000_Modern_Vintage_Fusion_02-853x1024.jpg 853w, https:\/\/starsforeurope.com\/hu\/wp-content\/uploads\/sites\/22\/2024\/11\/2024_Poinsettia_02000_Modern_Vintage_Fusion_02-768x922.jpg 768w, https:\/\/starsforeurope.com\/hu\/wp-content\/uploads\/sites\/22\/2024\/11\/2024_Poinsettia_02000_Modern_Vintage_Fusion_02-563x675.jpg 563w\" sizes=\"auto, (max-width: 875px) 100vw, 875px\" \/><\/a><\/figure>\n\n<h3 class=\"wp-block-post-title\"><a href=\"https:\/\/starsforeurope.com\/hu\/press\/varazslatos-adventi-dekoraciok-mikulasviraggal-viragos-osszeallitasok-amik-otthon-is-elkeszithetok\/\" target=\"_self\" >Var\u00e1zslatos adventi dekor\u00e1ci\u00f3k mikul\u00e1svir\u00e1ggal. Vir\u00e1gos \u00f6ssze\u00e1ll\u00edt\u00e1sok, amik otthon is elk\u00e9sz\u00edthet\u0151k<\/a><\/h3>\n\n\n<div class=\"wp-block-group postmetaline is-nowrap is-layout-flex wp-container-core-group-is-layout-6c531013 wp-block-group-is-layout-flex\"><div class=\"wp-block-post-date\"><time datetime=\"2024-12-07T11:24:21+01:00\">07. december 2024<\/time><\/div>\n\n<\/div>\n\n\n<div class=\"wp-block-post-excerpt\"><p class=\"wp-block-post-excerpt__excerpt\">A mikul\u00e1svir\u00e1gokb\u00f3l gy\u00f6ny\u00f6r\u0171 adventi koszor\u00fak \u00e9s napt\u00e1rak k\u00e9sz\u00edthet\u0151k. \u00daj DIY \u00f6tleteket mutatunk be<\/p><p class=\"wp-block-post-excerpt__more-text\"><a class=\"wp-block-post-excerpt__more-link\" href=\"https:\/\/starsforeurope.com\/hu\/press\/varazslatos-adventi-dekoraciok-mikulasviraggal-viragos-osszeallitasok-amik-otthon-is-elkeszithetok\/\">B\u0151vebben<\/a><\/p><\/div>\n<\/li><li class=\"wp-block-post post-6942 press type-press status-publish has-post-thumbnail hentry press_cat-advent-decoration press_cat-gift-ideas press_cat-table-decoration press_cat-christmas-tree-decorations press_main-asztali-dekoraciok press_main-dekoracio press_main-sajtokozlemenyek press_main-vagott-viragok\">\n<figure style=\"aspect-ratio:1;\" class=\"featuredimage wp-block-post-featured-image\"><a href=\"https:\/\/starsforeurope.com\/hu\/press\/unnepi-asztaldiszek-mikulasviraggal-praktikak-es-otletek-diy-dekoraciokhoz\/\" target=\"_self\"  ><img loading=\"lazy\" decoding=\"async\" width=\"875\" height=\"1050\" src=\"https:\/\/starsforeurope.com\/hu\/wp-content\/uploads\/sites\/22\/2023\/06\/2023_poinsettia_01000_Jewels_of_Nature_07.jpg\" class=\"attachment-post-thumbnail size-post-thumbnail wp-post-image\" alt=\"\u00dcnnepi asztald\u00edszek mikul\u00e1svir\u00e1ggal. Praktik\u00e1k \u00e9s \u00f6tletek DIY dekor\u00e1ci\u00f3khoz\" style=\"width:100%;height:100%;object-fit:cover;\" srcset=\"https:\/\/starsforeurope.com\/hu\/wp-content\/uploads\/sites\/22\/2023\/06\/2023_poinsettia_01000_Jewels_of_Nature_07.jpg 875w, https:\/\/starsforeurope.com\/hu\/wp-content\/uploads\/sites\/22\/2023\/06\/2023_poinsettia_01000_Jewels_of_Nature_07-250x300.jpg 250w, https:\/\/starsforeurope.com\/hu\/wp-content\/uploads\/sites\/22\/2023\/06\/2023_poinsettia_01000_Jewels_of_Nature_07-853x1024.jpg 853w, https:\/\/starsforeurope.com\/hu\/wp-content\/uploads\/sites\/22\/2023\/06\/2023_poinsettia_01000_Jewels_of_Nature_07-768x922.jpg 768w, https:\/\/starsforeurope.com\/hu\/wp-content\/uploads\/sites\/22\/2023\/06\/2023_poinsettia_01000_Jewels_of_Nature_07-563x675.jpg 563w\" sizes=\"auto, (max-width: 875px) 100vw, 875px\" \/><\/a><\/figure>\n\n<h3 class=\"wp-block-post-title\"><a href=\"https:\/\/starsforeurope.com\/hu\/press\/unnepi-asztaldiszek-mikulasviraggal-praktikak-es-otletek-diy-dekoraciokhoz\/\" target=\"_self\" >\u00dcnnepi asztald\u00edszek mikul\u00e1svir\u00e1ggal. Praktik\u00e1k \u00e9s \u00f6tletek DIY dekor\u00e1ci\u00f3khoz<\/a><\/h3>\n\n\n<div class=\"wp-block-group postmetaline is-nowrap is-layout-flex wp-container-core-group-is-layout-6c531013 wp-block-group-is-layout-flex\"><div class=\"wp-block-post-date\"><time datetime=\"2023-11-02T09:11:03+01:00\">02. november 2023<\/time><\/div>\n\n<\/div>\n\n\n<div class=\"wp-block-post-excerpt\"><p class=\"wp-block-post-excerpt__excerpt\">Ak\u00e1r egy adventi k\u00e1v\u00e9z\u00e1sra vagy egy gyertyaf\u00e9nyes kar\u00e1csonyi vacsor\u00e1ra k\u00e9sz\u00fcl\u00fcnk, az \u00edzletes falatok mellett az is fontos, hogy hangulatos asztalt \u00fclhess\u00fcnk k\u00f6rbe.<\/p><p class=\"wp-block-post-excerpt__more-text\"><a class=\"wp-block-post-excerpt__more-link\" href=\"https:\/\/starsforeurope.com\/hu\/press\/unnepi-asztaldiszek-mikulasviraggal-praktikak-es-otletek-diy-dekoraciokhoz\/\">B\u0151vebben<\/a><\/p><\/div>\n<\/li><\/ul>\n\n<\/div>\n\n\n\n<div style=\"height:3rem\" aria-hidden=\"true\" class=\"wp-block-spacer\"><\/div>\n<\/main>","protected":false},"excerpt":{"rendered":"<p>Az eleg\u00e1ns \u00e9s tart\u00f3s v\u00e1gott mikul\u00e1svir\u00e1gok \u00fcnnepi hangulatot k\u00f6lcs\u00f6n\u00f6znek b\u00e1rmely csokornak vagy elrendez\u00e9snek. Fedezze fel a form\u00e1z\u00e1si \u00e9s \u00e1pol\u00e1si tippeket.<\/p>\n","protected":false},"author":41,"featured_media":6813,"parent":7638,"menu_order":0,"comment_status":"closed","ping_status":"closed","template":"two-column-press","meta":{"_acf_changed":false,"footnotes":""},"class_list":["post-7646","page","type-page","status-publish","has-post-thumbnail","hentry"],"acf":[],"_links":{"self":[{"href":"https:\/\/starsforeurope.com\/hu\/wp-json\/wp\/v2\/pages\/7646","targetHints":{"allow":["GET"]}}],"collection":[{"href":"https:\/\/starsforeurope.com\/hu\/wp-json\/wp\/v2\/pages"}],"about":[{"href":"https:\/\/starsforeurope.com\/hu\/wp-json\/wp\/v2\/types\/page"}],"author":[{"embeddable":true,"href":"https:\/\/starsforeurope.com\/hu\/wp-json\/wp\/v2\/users\/41"}],"replies":[{"embeddable":true,"href":"https:\/\/starsforeurope.com\/hu\/wp-json\/wp\/v2\/comments?post=7646"}],"version-history":[{"count":1,"href":"https:\/\/starsforeurope.com\/hu\/wp-json\/wp\/v2\/pages\/7646\/revisions"}],"predecessor-version":[{"id":7647,"href":"https:\/\/starsforeurope.com\/hu\/wp-json\/wp\/v2\/pages\/7646\/revisions\/7647"}],"up":[{"embeddable":true,"href":"https:\/\/starsforeurope.com\/hu\/wp-json\/wp\/v2\/pages\/7638"}],"wp:featuredmedia":[{"embeddable":true,"href":"https:\/\/starsforeurope.com\/hu\/wp-json\/wp\/v2\/media\/6813"}],"wp:attachment":[{"href":"https:\/\/starsforeurope.com\/hu\/wp-json\/wp\/v2\/media?parent=7646"}],"curies":[{"name":"wp","href":"https:\/\/api.w.org\/{rel}","templated":true}]}}