{"id":7644,"date":"2025-08-28T10:56:54","date_gmt":"2025-08-28T08:56:54","guid":{"rendered":"https:\/\/starsforeurope.com\/hu\/?page_id=7644"},"modified":"2025-09-05T12:26:19","modified_gmt":"2025-09-05T10:26:19","slug":"karacsonyfadiszek-pr","status":"publish","type":"page","link":"https:\/\/starsforeurope.com\/hu\/sajtokozlemenyek\/dekoracio-pr\/karacsonyfadiszek-pr\/","title":{"rendered":"Mikul\u00e1svir\u00e1gok kar\u00e1csonyfad\u00edsz\u00edt\u00e9shez"},"content":{"rendered":"<main class=\"wp-block-group postimage-half wide-content is-layout-flow wp-block-group-is-layout-flow\" style=\"margin-top:var(--wp--preset--spacing--50)\">\n<div style=\"height:3rem\" aria-hidden=\"true\" class=\"wp-block-spacer\"><\/div>\n\n\n\n<div class=\"wp-block-query is-layout-flow wp-block-query-is-layout-flow\"><ul class=\"columns-2 wp-block-post-template is-layout-grid wp-container-core-post-template-is-layout-37ef2942 wp-block-post-template-is-layout-grid\"><li class=\"wp-block-post post-6937 press type-press status-publish has-post-thumbnail hentry press_cat-advent-decoration press_cat-gift-ideas press_cat-diy press_cat-christmas-tree-decorations press_cat-winter-decor press_main-dekoracio press_main-diy-upcycling press_main-karacsonyfadiszek press_main-sajtokozlemenyek\">\n<figure style=\"aspect-ratio:1;\" class=\"featuredimage wp-block-post-featured-image\"><a href=\"https:\/\/starsforeurope.com\/hu\/press\/hogyan-hoditotta-meg-a-mikulasvirag-az-unnepeket-a-mikulasvirag-unnepi-varazslatot-csempesz-a-karacsonyi-hagyomanyokba\/\" target=\"_self\"  ><img loading=\"lazy\" decoding=\"async\" width=\"875\" height=\"1050\" src=\"https:\/\/starsforeurope.com\/hu\/wp-content\/uploads\/sites\/22\/2024\/11\/2024_Poinsettia_03000_Country_Chic_in_Blue_05.jpg\" class=\"attachment-post-thumbnail size-post-thumbnail wp-post-image\" alt=\"Hogyan h\u00f3d\u00edtotta meg a mikul\u00e1svir\u00e1g az \u00fcnnepeket? A mikul\u00e1svir\u00e1g \u00fcnnepi var\u00e1zslatot csemp\u00e9sz a kar\u00e1csonyi hagyom\u00e1nyokba\" style=\"width:100%;height:100%;object-fit:cover;\" srcset=\"https:\/\/starsforeurope.com\/hu\/wp-content\/uploads\/sites\/22\/2024\/11\/2024_Poinsettia_03000_Country_Chic_in_Blue_05.jpg 875w, https:\/\/starsforeurope.com\/hu\/wp-content\/uploads\/sites\/22\/2024\/11\/2024_Poinsettia_03000_Country_Chic_in_Blue_05-250x300.jpg 250w, https:\/\/starsforeurope.com\/hu\/wp-content\/uploads\/sites\/22\/2024\/11\/2024_Poinsettia_03000_Country_Chic_in_Blue_05-853x1024.jpg 853w, https:\/\/starsforeurope.com\/hu\/wp-content\/uploads\/sites\/22\/2024\/11\/2024_Poinsettia_03000_Country_Chic_in_Blue_05-768x922.jpg 768w, https:\/\/starsforeurope.com\/hu\/wp-content\/uploads\/sites\/22\/2024\/11\/2024_Poinsettia_03000_Country_Chic_in_Blue_05-563x675.jpg 563w\" sizes=\"auto, (max-width: 875px) 100vw, 875px\" \/><\/a><\/figure>\n\n<h3 class=\"wp-block-post-title\"><a href=\"https:\/\/starsforeurope.com\/hu\/press\/hogyan-hoditotta-meg-a-mikulasvirag-az-unnepeket-a-mikulasvirag-unnepi-varazslatot-csempesz-a-karacsonyi-hagyomanyokba\/\" target=\"_self\" >Hogyan h\u00f3d\u00edtotta meg a mikul\u00e1svir\u00e1g az \u00fcnnepeket? A mikul\u00e1svir\u00e1g \u00fcnnepi var\u00e1zslatot csemp\u00e9sz a kar\u00e1csonyi hagyom\u00e1nyokba<\/a><\/h3>\n\n\n<div class=\"wp-block-group postmetaline is-nowrap is-layout-flex wp-container-core-group-is-layout-6c531013 wp-block-group-is-layout-flex\"><div class=\"wp-block-post-date\"><time datetime=\"2024-11-11T14:00:17+01:00\">11. november 2024<\/time><\/div>\n\n<\/div>\n\n\n<div class=\"wp-block-post-excerpt\"><p class=\"wp-block-post-excerpt__excerpt\">Fedezze fel a mikul\u00e1svir\u00e1g t\u00f6rt\u00e9net\u00e9t, \u00e9s csod\u00e1lja meg, hogy a modern fajt\u00e1k hogyan teszik ragyog\u00f3v\u00e1 a hagyom\u00e1nyos szok\u00e1sokat \u00e9s dekor\u00e1ci\u00f3kat<\/p><p class=\"wp-block-post-excerpt__more-text\"><a class=\"wp-block-post-excerpt__more-link\" href=\"https:\/\/starsforeurope.com\/hu\/press\/hogyan-hoditotta-meg-a-mikulasvirag-az-unnepeket-a-mikulasvirag-unnepi-varazslatot-csempesz-a-karacsonyi-hagyomanyokba\/\">B\u0151vebben<\/a><\/p><\/div>\n<\/li><li class=\"wp-block-post post-5558 press type-press status-publish has-post-thumbnail hentry press_cat-advent-decoration press_cat-table-decoration press_cat-decoration-tips press_cat-diy press_cat-christmas-tree-decorations press_main-dekoracio press_main-diy-upcycling press_main-karacsonyfadiszek press_main-sajtokozlemenyek\">\n<figure style=\"aspect-ratio:1;\" class=\"featuredimage wp-block-post-featured-image\"><a href=\"https:\/\/starsforeurope.com\/hu\/press\/izgalmas-dekoracios-otletek-mikulasvirag-nap-alkalmabol\/\" target=\"_self\"  ><img loading=\"lazy\" decoding=\"async\" width=\"875\" height=\"1050\" src=\"https:\/\/starsforeurope.com\/hu\/wp-content\/uploads\/sites\/22\/2022\/09\/2021-poinsettia-05000-chri.jpg\" class=\"attachment-post-thumbnail size-post-thumbnail wp-post-image\" alt=\"Izgalmas dekor\u00e1ci\u00f3s \u00f6tletek mikul\u00e1svir\u00e1g nap alkalm\u00e1b\u00f3l\" style=\"width:100%;height:100%;object-fit:cover;\" srcset=\"https:\/\/starsforeurope.com\/hu\/wp-content\/uploads\/sites\/22\/2022\/09\/2021-poinsettia-05000-chri.jpg 875w, https:\/\/starsforeurope.com\/hu\/wp-content\/uploads\/sites\/22\/2022\/09\/2021-poinsettia-05000-chri-250x300.jpg 250w, https:\/\/starsforeurope.com\/hu\/wp-content\/uploads\/sites\/22\/2022\/09\/2021-poinsettia-05000-chri-853x1024.jpg 853w, https:\/\/starsforeurope.com\/hu\/wp-content\/uploads\/sites\/22\/2022\/09\/2021-poinsettia-05000-chri-768x922.jpg 768w, https:\/\/starsforeurope.com\/hu\/wp-content\/uploads\/sites\/22\/2022\/09\/2021-poinsettia-05000-chri-563x675.jpg 563w\" sizes=\"auto, (max-width: 875px) 100vw, 875px\" \/><\/a><\/figure>\n\n<h3 class=\"wp-block-post-title\"><a href=\"https:\/\/starsforeurope.com\/hu\/press\/izgalmas-dekoracios-otletek-mikulasvirag-nap-alkalmabol\/\" target=\"_self\" >Izgalmas dekor\u00e1ci\u00f3s \u00f6tletek mikul\u00e1svir\u00e1g nap alkalm\u00e1b\u00f3l<\/a><\/h3>\n\n\n<div class=\"wp-block-group postmetaline is-nowrap is-layout-flex wp-container-core-group-is-layout-6c531013 wp-block-group-is-layout-flex\"><div class=\"wp-block-post-date\"><time datetime=\"2021-12-01T12:44:20+01:00\">01. december 2021<\/time><\/div>\n\n<\/div>\n\n\n<div class=\"wp-block-post-excerpt\"><p class=\"wp-block-post-excerpt__excerpt\">Mi lenne a kar\u00e1csonnyal kar\u00e1csonyfa n\u00e9lk\u00fcl? Ak\u00e1r val\u00f3di feny\u0151f\u00e1t, ak\u00e1r t\u0171 n\u00e9lk\u00fcli, DIY-alternat\u00edv\u00e1t haszn\u00e1l, a mikul\u00e1svir\u00e1g pazar dekor\u00e1ci\u00f3k\u00e9nt szolg\u00e1lhat az alkalomhoz. Bemutatunk n\u00e9h\u00e1ny kar\u00e1csonyfa\u00f6tletet!<\/p><p class=\"wp-block-post-excerpt__more-text\"><a class=\"wp-block-post-excerpt__more-link\" href=\"https:\/\/starsforeurope.com\/hu\/press\/izgalmas-dekoracios-otletek-mikulasvirag-nap-alkalmabol\/\">B\u0151vebben<\/a><\/p><\/div>\n<\/li><\/ul>\n\n\n\n<\/div>\n\n\n\n<div style=\"height:3rem\" aria-hidden=\"true\" class=\"wp-block-spacer\"><\/div>\n<\/main>","protected":false},"excerpt":{"rendered":"<p>Keltse \u00e9letre a f\u00e1t a mikul\u00e1scsillagok vibr\u00e1l\u00f3 sz\u00e9ps\u00e9g\u00e9vel. Egy id\u0151tlen \u00e9rint\u00e9s a meleg, \u00fcnnepi megjelen\u00e9shez.<\/p>\n","protected":false},"author":41,"featured_media":6813,"parent":7638,"menu_order":0,"comment_status":"closed","ping_status":"closed","template":"two-column-press","meta":{"_acf_changed":false,"footnotes":""},"class_list":["post-7644","page","type-page","status-publish","has-post-thumbnail","hentry"],"acf":[],"_links":{"self":[{"href":"https:\/\/starsforeurope.com\/hu\/wp-json\/wp\/v2\/pages\/7644","targetHints":{"allow":["GET"]}}],"collection":[{"href":"https:\/\/starsforeurope.com\/hu\/wp-json\/wp\/v2\/pages"}],"about":[{"href":"https:\/\/starsforeurope.com\/hu\/wp-json\/wp\/v2\/types\/page"}],"author":[{"embeddable":true,"href":"https:\/\/starsforeurope.com\/hu\/wp-json\/wp\/v2\/users\/41"}],"replies":[{"embeddable":true,"href":"https:\/\/starsforeurope.com\/hu\/wp-json\/wp\/v2\/comments?post=7644"}],"version-history":[{"count":1,"href":"https:\/\/starsforeurope.com\/hu\/wp-json\/wp\/v2\/pages\/7644\/revisions"}],"predecessor-version":[{"id":7645,"href":"https:\/\/starsforeurope.com\/hu\/wp-json\/wp\/v2\/pages\/7644\/revisions\/7645"}],"up":[{"embeddable":true,"href":"https:\/\/starsforeurope.com\/hu\/wp-json\/wp\/v2\/pages\/7638"}],"wp:featuredmedia":[{"embeddable":true,"href":"https:\/\/starsforeurope.com\/hu\/wp-json\/wp\/v2\/media\/6813"}],"wp:attachment":[{"href":"https:\/\/starsforeurope.com\/hu\/wp-json\/wp\/v2\/media?parent=7644"}],"curies":[{"name":"wp","href":"https:\/\/api.w.org\/{rel}","templated":true}]}}