{"id":7642,"date":"2025-08-28T00:15:18","date_gmt":"2025-08-27T22:15:18","guid":{"rendered":"https:\/\/starsforeurope.com\/hu\/?page_id=7642"},"modified":"2025-09-05T12:26:19","modified_gmt":"2025-09-05T10:26:19","slug":"oszi-dekoraciok-green-living-pr","status":"publish","type":"page","link":"https:\/\/starsforeurope.com\/hu\/sajtokozlemenyek\/dekoracio-pr\/oszi-dekoraciok-green-living-pr\/","title":{"rendered":"Mikul\u00e1svir\u00e1gok az \u0151szi dekor\u00e1ci\u00f3ban"},"content":{"rendered":"<main class=\"wp-block-group postimage-half wide-content is-layout-flow wp-block-group-is-layout-flow\" style=\"margin-top:var(--wp--preset--spacing--50)\">\n<div style=\"height:3rem\" aria-hidden=\"true\" class=\"wp-block-spacer\"><\/div>\n\n\n\n<div class=\"wp-block-query is-layout-flow wp-block-query-is-layout-flow\"><ul class=\"columns-2 wp-block-post-template is-layout-grid wp-container-core-post-template-is-layout-37ef2942 wp-block-post-template-is-layout-grid\"><li class=\"wp-block-post post-6836 press type-press status-publish has-post-thumbnail hentry press_cat-table-decoration press_cat-decoration-tips press_cat-autumn-decor-houseplants press_cat-cut-flower press_main-asztali-dekoraciok press_main-dekoracio press_main-oszi-dekoraciok-green-living press_main-sajtokozlemenyek\">\n<figure style=\"aspect-ratio:1;\" class=\"featuredimage wp-block-post-featured-image\"><a href=\"https:\/\/starsforeurope.com\/hu\/press\/dekoracios-aduasz-a-mikulasvirag-a-noveny-amely-szint-visz-a-hideg-szurkesegbe\/\" target=\"_self\"  ><img loading=\"lazy\" decoding=\"async\" width=\"875\" height=\"1050\" src=\"https:\/\/starsforeurope.com\/hu\/wp-content\/uploads\/sites\/22\/2023\/06\/2023_poinsettia_02000_Cottagecore_Charm_15.jpg\" class=\"attachment-post-thumbnail size-post-thumbnail wp-post-image\" alt=\"Dekor\u00e1ci\u00f3s adu\u00e1sz: a mikul\u00e1svir\u00e1g. A n\u00f6v\u00e9ny, amely sz\u00ednt visz a hideg sz\u00fcrkes\u00e9gbe\" style=\"width:100%;height:100%;object-fit:cover;\" srcset=\"https:\/\/starsforeurope.com\/hu\/wp-content\/uploads\/sites\/22\/2023\/06\/2023_poinsettia_02000_Cottagecore_Charm_15.jpg 875w, https:\/\/starsforeurope.com\/hu\/wp-content\/uploads\/sites\/22\/2023\/06\/2023_poinsettia_02000_Cottagecore_Charm_15-250x300.jpg 250w, https:\/\/starsforeurope.com\/hu\/wp-content\/uploads\/sites\/22\/2023\/06\/2023_poinsettia_02000_Cottagecore_Charm_15-853x1024.jpg 853w, https:\/\/starsforeurope.com\/hu\/wp-content\/uploads\/sites\/22\/2023\/06\/2023_poinsettia_02000_Cottagecore_Charm_15-768x922.jpg 768w, https:\/\/starsforeurope.com\/hu\/wp-content\/uploads\/sites\/22\/2023\/06\/2023_poinsettia_02000_Cottagecore_Charm_15-563x675.jpg 563w\" sizes=\"auto, (max-width: 875px) 100vw, 875px\" \/><\/a><\/figure>\n\n<h3 class=\"wp-block-post-title\"><a href=\"https:\/\/starsforeurope.com\/hu\/press\/dekoracios-aduasz-a-mikulasvirag-a-noveny-amely-szint-visz-a-hideg-szurkesegbe\/\" target=\"_self\" >Dekor\u00e1ci\u00f3s adu\u00e1sz: a mikul\u00e1svir\u00e1g. A n\u00f6v\u00e9ny, amely sz\u00ednt visz a hideg sz\u00fcrkes\u00e9gbe<\/a><\/h3>\n\n\n<div class=\"wp-block-group postmetaline is-nowrap is-layout-flex wp-container-core-group-is-layout-6c531013 wp-block-group-is-layout-flex\"><div class=\"wp-block-post-date\"><time datetime=\"2023-11-15T10:15:36+01:00\">15. november 2023<\/time><\/div>\n\n<\/div>\n\n\n<div class=\"wp-block-post-excerpt\"><p class=\"wp-block-post-excerpt__excerpt\">Meleg t\u00f3nusaival a mikul\u00e1svir\u00e1gok feldobj\u00e1k a bels\u0151 tereket, \u00e9s vid\u00e1m hangulatot teremtenek a bor\u00fas \u0151szi napokon. Fedezze fel szezon\u00e1lis dekor\u00e1ci\u00f3inkat, amelyek el\u0171zik az \u0151szi szomor\u00fas\u00e1got<\/p><p class=\"wp-block-post-excerpt__more-text\"><a class=\"wp-block-post-excerpt__more-link\" href=\"https:\/\/starsforeurope.com\/hu\/press\/dekoracios-aduasz-a-mikulasvirag-a-noveny-amely-szint-visz-a-hideg-szurkesegbe\/\">B\u0151vebben<\/a><\/p><\/div>\n<\/li><\/ul>\n\n\n\n<\/div>\n\n\n\n<div style=\"height:3rem\" aria-hidden=\"true\" class=\"wp-block-spacer\"><\/div>\n<\/main>","protected":false},"excerpt":{"rendered":"<p>Mer\u00e9sz, meleg \u00e9s v\u00e1ratlan &#8211; fedezze fel, hogy a mikul\u00e1svir\u00e1gok gazdag sz\u00ednekkel \u00e9s kreat\u00edv elrendez\u00e9sekkel hogyan visznek szezon\u00e1lis hangulatot az \u0151szi dekor\u00e1ci\u00f3s trendekbe.<\/p>\n","protected":false},"author":41,"featured_media":6813,"parent":7638,"menu_order":0,"comment_status":"closed","ping_status":"closed","template":"two-column-press","meta":{"_acf_changed":false,"footnotes":""},"class_list":["post-7642","page","type-page","status-publish","has-post-thumbnail","hentry"],"acf":[],"_links":{"self":[{"href":"https:\/\/starsforeurope.com\/hu\/wp-json\/wp\/v2\/pages\/7642","targetHints":{"allow":["GET"]}}],"collection":[{"href":"https:\/\/starsforeurope.com\/hu\/wp-json\/wp\/v2\/pages"}],"about":[{"href":"https:\/\/starsforeurope.com\/hu\/wp-json\/wp\/v2\/types\/page"}],"author":[{"embeddable":true,"href":"https:\/\/starsforeurope.com\/hu\/wp-json\/wp\/v2\/users\/41"}],"replies":[{"embeddable":true,"href":"https:\/\/starsforeurope.com\/hu\/wp-json\/wp\/v2\/comments?post=7642"}],"version-history":[{"count":1,"href":"https:\/\/starsforeurope.com\/hu\/wp-json\/wp\/v2\/pages\/7642\/revisions"}],"predecessor-version":[{"id":7643,"href":"https:\/\/starsforeurope.com\/hu\/wp-json\/wp\/v2\/pages\/7642\/revisions\/7643"}],"up":[{"embeddable":true,"href":"https:\/\/starsforeurope.com\/hu\/wp-json\/wp\/v2\/pages\/7638"}],"wp:featuredmedia":[{"embeddable":true,"href":"https:\/\/starsforeurope.com\/hu\/wp-json\/wp\/v2\/media\/6813"}],"wp:attachment":[{"href":"https:\/\/starsforeurope.com\/hu\/wp-json\/wp\/v2\/media?parent=7642"}],"curies":[{"name":"wp","href":"https:\/\/api.w.org\/{rel}","templated":true}]}}