{"id":7640,"date":"2025-08-28T00:07:07","date_gmt":"2025-08-27T22:07:07","guid":{"rendered":"https:\/\/starsforeurope.com\/hu\/?page_id=7640"},"modified":"2025-09-05T12:35:42","modified_gmt":"2025-09-05T10:35:42","slug":"adventi-dekoraciok-pr","status":"publish","type":"page","link":"https:\/\/starsforeurope.com\/hu\/sajtokozlemenyek\/dekoracio-pr\/adventi-dekoraciok-pr\/","title":{"rendered":"Adventi dekor\u00e1ci\u00f3k mikul\u00e1svir\u00e1gokkal"},"content":{"rendered":"<main class=\"wp-block-group postimage-half wide-content is-layout-flow wp-block-group-is-layout-flow\" style=\"margin-top:var(--wp--preset--spacing--50)\">\n<div style=\"height:3rem\" aria-hidden=\"true\" class=\"wp-block-spacer\"><\/div>\n\n\n\n<div class=\"wp-block-query is-layout-flow wp-block-query-is-layout-flow\"><ul class=\"columns-2 wp-block-post-template is-layout-grid wp-container-core-post-template-is-layout-37ef2942 wp-block-post-template-is-layout-grid\"><li class=\"wp-block-post post-5046 press type-press status-publish has-post-thumbnail hentry press_cat-diy press_cat-christmas-tree-decorations press_main-adventi-dekoraciok press_main-dekoracio press_main-sajtokozlemenyek press_main-vagott-viragok\">\n<figure style=\"aspect-ratio:1;\" class=\"featuredimage wp-block-post-featured-image\"><a href=\"https:\/\/starsforeurope.com\/hu\/press\/varazslatos-adventi-dekoraciok-mikulasviraggal-viragos-osszeallitasok-amik-otthon-is-elkeszithetok\/\" target=\"_self\"  ><img loading=\"lazy\" decoding=\"async\" width=\"875\" height=\"1050\" src=\"https:\/\/starsforeurope.com\/hu\/wp-content\/uploads\/sites\/22\/2024\/11\/2024_Poinsettia_02000_Modern_Vintage_Fusion_02.jpg\" class=\"attachment-post-thumbnail size-post-thumbnail wp-post-image\" alt=\"Var\u00e1zslatos adventi dekor\u00e1ci\u00f3k mikul\u00e1svir\u00e1ggal. Vir\u00e1gos \u00f6ssze\u00e1ll\u00edt\u00e1sok, amik otthon is elk\u00e9sz\u00edthet\u0151k\" style=\"width:100%;height:100%;object-fit:cover;\" srcset=\"https:\/\/starsforeurope.com\/hu\/wp-content\/uploads\/sites\/22\/2024\/11\/2024_Poinsettia_02000_Modern_Vintage_Fusion_02.jpg 875w, https:\/\/starsforeurope.com\/hu\/wp-content\/uploads\/sites\/22\/2024\/11\/2024_Poinsettia_02000_Modern_Vintage_Fusion_02-250x300.jpg 250w, https:\/\/starsforeurope.com\/hu\/wp-content\/uploads\/sites\/22\/2024\/11\/2024_Poinsettia_02000_Modern_Vintage_Fusion_02-853x1024.jpg 853w, https:\/\/starsforeurope.com\/hu\/wp-content\/uploads\/sites\/22\/2024\/11\/2024_Poinsettia_02000_Modern_Vintage_Fusion_02-768x922.jpg 768w, https:\/\/starsforeurope.com\/hu\/wp-content\/uploads\/sites\/22\/2024\/11\/2024_Poinsettia_02000_Modern_Vintage_Fusion_02-563x675.jpg 563w\" sizes=\"auto, (max-width: 875px) 100vw, 875px\" \/><\/a><\/figure>\n\n<h3 class=\"wp-block-post-title\"><a href=\"https:\/\/starsforeurope.com\/hu\/press\/varazslatos-adventi-dekoraciok-mikulasviraggal-viragos-osszeallitasok-amik-otthon-is-elkeszithetok\/\" target=\"_self\" >Var\u00e1zslatos adventi dekor\u00e1ci\u00f3k mikul\u00e1svir\u00e1ggal. Vir\u00e1gos \u00f6ssze\u00e1ll\u00edt\u00e1sok, amik otthon is elk\u00e9sz\u00edthet\u0151k<\/a><\/h3>\n\n\n<div class=\"wp-block-group postmetaline is-nowrap is-layout-flex wp-container-core-group-is-layout-6c531013 wp-block-group-is-layout-flex\"><div class=\"wp-block-post-date\"><time datetime=\"2024-12-07T11:24:21+01:00\">07. december 2024<\/time><\/div>\n\n<\/div>\n\n\n<div class=\"wp-block-post-excerpt\"><p class=\"wp-block-post-excerpt__excerpt\">A mikul\u00e1svir\u00e1gokb\u00f3l gy\u00f6ny\u00f6r\u0171 adventi koszor\u00fak \u00e9s napt\u00e1rak k\u00e9sz\u00edthet\u0151k. \u00daj DIY \u00f6tleteket mutatunk be<\/p><p class=\"wp-block-post-excerpt__more-text\"><a class=\"wp-block-post-excerpt__more-link\" href=\"https:\/\/starsforeurope.com\/hu\/press\/varazslatos-adventi-dekoraciok-mikulasviraggal-viragos-osszeallitasok-amik-otthon-is-elkeszithetok\/\">B\u0151vebben<\/a><\/p><\/div>\n<\/li><li class=\"wp-block-post post-6932 press type-press status-publish has-post-thumbnail hentry press_cat-table-decoration press_cat-diy press_cat-cut-flower press_main-adventi-dekoraciok press_main-dekoracio press_main-diy-upcycling press_main-sajtokozlemenyek\">\n<figure style=\"aspect-ratio:1;\" class=\"featuredimage wp-block-post-featured-image\"><a href=\"https:\/\/starsforeurope.com\/hu\/press\/az-advent-sztarja-egyedi-diy-unnepi-dekoracios-otletek-mikulasviraggal\/\" target=\"_self\"  ><img loading=\"lazy\" decoding=\"async\" width=\"875\" height=\"1050\" src=\"https:\/\/starsforeurope.com\/hu\/wp-content\/uploads\/sites\/22\/2023\/06\/2023_poinsettia_03000_Rustic_Scandi.jpg\" class=\"attachment-post-thumbnail size-post-thumbnail wp-post-image\" alt=\"Az advent szt\u00e1rja. Egyedi DIY \u00fcnnepi dekor\u00e1ci\u00f3s \u00f6tletek mikul\u00e1svir\u00e1ggal\" style=\"width:100%;height:100%;object-fit:cover;\" srcset=\"https:\/\/starsforeurope.com\/hu\/wp-content\/uploads\/sites\/22\/2023\/06\/2023_poinsettia_03000_Rustic_Scandi.jpg 875w, https:\/\/starsforeurope.com\/hu\/wp-content\/uploads\/sites\/22\/2023\/06\/2023_poinsettia_03000_Rustic_Scandi-250x300.jpg 250w, https:\/\/starsforeurope.com\/hu\/wp-content\/uploads\/sites\/22\/2023\/06\/2023_poinsettia_03000_Rustic_Scandi-853x1024.jpg 853w, https:\/\/starsforeurope.com\/hu\/wp-content\/uploads\/sites\/22\/2023\/06\/2023_poinsettia_03000_Rustic_Scandi-768x922.jpg 768w, https:\/\/starsforeurope.com\/hu\/wp-content\/uploads\/sites\/22\/2023\/06\/2023_poinsettia_03000_Rustic_Scandi-563x675.jpg 563w\" sizes=\"auto, (max-width: 875px) 100vw, 875px\" \/><\/a><\/figure>\n\n<h3 class=\"wp-block-post-title\"><a href=\"https:\/\/starsforeurope.com\/hu\/press\/az-advent-sztarja-egyedi-diy-unnepi-dekoracios-otletek-mikulasviraggal\/\" target=\"_self\" >Az advent szt\u00e1rja. Egyedi DIY \u00fcnnepi dekor\u00e1ci\u00f3s \u00f6tletek mikul\u00e1svir\u00e1ggal<\/a><\/h3>\n\n\n<div class=\"wp-block-group postmetaline is-nowrap is-layout-flex wp-container-core-group-is-layout-6c531013 wp-block-group-is-layout-flex\"><div class=\"wp-block-post-date\"><time datetime=\"2023-12-16T08:16:44+01:00\">16. december 2023<\/time><\/div>\n\n<\/div>\n\n\n<div class=\"wp-block-post-excerpt\"><p class=\"wp-block-post-excerpt__excerpt\">A k\u00e9zm\u0171vess\u00e9g \u00e9s a d\u00edsz\u00edt\u00e9s az adventi \u00e9s kar\u00e1csonyi id\u0151szakban fellend\u00fcl, \u00e9s a mikul\u00e1scsillagok mindkett\u0151h\u00f6z nagyszer\u0171ek<\/p><p class=\"wp-block-post-excerpt__more-text\"><a class=\"wp-block-post-excerpt__more-link\" href=\"https:\/\/starsforeurope.com\/hu\/press\/az-advent-sztarja-egyedi-diy-unnepi-dekoracios-otletek-mikulasviraggal\/\">B\u0151vebben<\/a><\/p><\/div>\n<\/li><li class=\"wp-block-post post-6927 press type-press status-publish has-post-thumbnail hentry press_cat-advent-decoration press_cat-table-decoration press_cat-decoration-tips press_cat-diy press_main-adventi-dekoraciok press_main-dekoracio press_main-diy-upcycling press_main-sajtokozlemenyek\">\n<figure style=\"aspect-ratio:1;\" class=\"featuredimage wp-block-post-featured-image\"><a href=\"https:\/\/starsforeurope.com\/hu\/press\/tundoklo-fenyek-es-mikulasvirag-otletek-adventi-dekoraciohoz\/\" target=\"_self\"  ><img loading=\"lazy\" decoding=\"async\" width=\"875\" height=\"1050\" src=\"https:\/\/starsforeurope.com\/hu\/wp-content\/uploads\/sites\/22\/2023\/06\/2023_poinsettia_02000_Cottagecore_Charm_01.jpg\" class=\"attachment-post-thumbnail size-post-thumbnail wp-post-image\" alt=\"T\u00fcnd\u00f6kl\u0151 f\u00e9nyek \u00e9s mikul\u00e1svir\u00e1g. \u00d6tletek adventi dekor\u00e1ci\u00f3hoz\" style=\"width:100%;height:100%;object-fit:cover;\" srcset=\"https:\/\/starsforeurope.com\/hu\/wp-content\/uploads\/sites\/22\/2023\/06\/2023_poinsettia_02000_Cottagecore_Charm_01.jpg 875w, https:\/\/starsforeurope.com\/hu\/wp-content\/uploads\/sites\/22\/2023\/06\/2023_poinsettia_02000_Cottagecore_Charm_01-250x300.jpg 250w, https:\/\/starsforeurope.com\/hu\/wp-content\/uploads\/sites\/22\/2023\/06\/2023_poinsettia_02000_Cottagecore_Charm_01-853x1024.jpg 853w, https:\/\/starsforeurope.com\/hu\/wp-content\/uploads\/sites\/22\/2023\/06\/2023_poinsettia_02000_Cottagecore_Charm_01-768x922.jpg 768w, https:\/\/starsforeurope.com\/hu\/wp-content\/uploads\/sites\/22\/2023\/06\/2023_poinsettia_02000_Cottagecore_Charm_01-563x675.jpg 563w\" sizes=\"auto, (max-width: 875px) 100vw, 875px\" \/><\/a><\/figure>\n\n<h3 class=\"wp-block-post-title\"><a href=\"https:\/\/starsforeurope.com\/hu\/press\/tundoklo-fenyek-es-mikulasvirag-otletek-adventi-dekoraciohoz\/\" target=\"_self\" >T\u00fcnd\u00f6kl\u0151 f\u00e9nyek \u00e9s mikul\u00e1svir\u00e1g. \u00d6tletek adventi dekor\u00e1ci\u00f3hoz<\/a><\/h3>\n\n\n<div class=\"wp-block-group postmetaline is-nowrap is-layout-flex wp-container-core-group-is-layout-6c531013 wp-block-group-is-layout-flex\"><div class=\"wp-block-post-date\"><time datetime=\"2023-11-01T08:17:41+01:00\">01. november 2023<\/time><\/div>\n\n<\/div>\n\n\n<div class=\"wp-block-post-excerpt\"><p class=\"wp-block-post-excerpt__excerpt\">El\u00e9rkezett az adventi id\u0151szak, ami mindig a meghitts\u00e9gr\u0151l \u00e9s a kellemes, nyugodt hangulatr\u00f3l sz\u00f3l. A sz\u00ednes gyerty\u00e1k mellett t\u00f6k\u00e9letes kieg\u00e9sz\u00edt\u0151je lehet az \u00fcnnepi d\u00edszeknek a mikul\u00e1svir\u00e1g, amely v\u00e1ltozatos sz\u00edneivel m\u00e9g egyedibb\u00e9 var\u00e1zsolja az otthoni dekor\u00e1ci\u00f3kat. \u00cdme n\u00e9h\u00e1ny tipp a Stars for Europe (SfE) szak\u00e9rt\u0151it\u0151l, amelyek garant\u00e1ltan fokozz\u00e1k az \u00fcnnepi k\u00e9sz\u00fcl\u0151d\u00e9s hangulat\u00e1t. Trendi \u00e9s term\u00e9szetes: lebeg\u0151<\/p><p class=\"wp-block-post-excerpt__more-text\"><a class=\"wp-block-post-excerpt__more-link\" href=\"https:\/\/starsforeurope.com\/hu\/press\/tundoklo-fenyek-es-mikulasvirag-otletek-adventi-dekoraciohoz\/\">B\u0151vebben<\/a><\/p><\/div>\n<\/li><li class=\"wp-block-post post-4999 press type-press status-publish has-post-thumbnail hentry press_cat-table-decoration press_cat-diy press_cat-christmas-tree-decorations press_cat-autumn-decor-houseplants press_main-adventi-dekoraciok press_main-dekoracio press_main-diy-upcycling press_main-sajtokozlemenyek\">\n<figure style=\"aspect-ratio:1;\" class=\"featuredimage wp-block-post-featured-image\"><a href=\"https:\/\/starsforeurope.com\/hu\/press\/mikulasvirag-a-hideg-evszak-ezerarcu-disze-egyedi-adventi-naptar-mikulasviraggal\/\" target=\"_self\"  ><img loading=\"lazy\" decoding=\"async\" width=\"875\" height=\"1050\" src=\"https:\/\/starsforeurope.com\/hu\/wp-content\/uploads\/sites\/22\/2022\/09\/2021-poinsettia-06000-candy-colour-christmas-16.jpg\" class=\"attachment-post-thumbnail size-post-thumbnail wp-post-image\" alt=\"Mikul\u00e1svir\u00e1g, a hideg \u00e9vszak ezerarc\u00fa d\u00edsze. Egyedi adventi napt\u00e1r mikul\u00e1svir\u00e1ggal\" style=\"width:100%;height:100%;object-fit:cover;\" srcset=\"https:\/\/starsforeurope.com\/hu\/wp-content\/uploads\/sites\/22\/2022\/09\/2021-poinsettia-06000-candy-colour-christmas-16.jpg 875w, https:\/\/starsforeurope.com\/hu\/wp-content\/uploads\/sites\/22\/2022\/09\/2021-poinsettia-06000-candy-colour-christmas-16-250x300.jpg 250w, https:\/\/starsforeurope.com\/hu\/wp-content\/uploads\/sites\/22\/2022\/09\/2021-poinsettia-06000-candy-colour-christmas-16-853x1024.jpg 853w, https:\/\/starsforeurope.com\/hu\/wp-content\/uploads\/sites\/22\/2022\/09\/2021-poinsettia-06000-candy-colour-christmas-16-768x922.jpg 768w, https:\/\/starsforeurope.com\/hu\/wp-content\/uploads\/sites\/22\/2022\/09\/2021-poinsettia-06000-candy-colour-christmas-16-563x675.jpg 563w\" sizes=\"auto, (max-width: 875px) 100vw, 875px\" \/><\/a><\/figure>\n\n<h3 class=\"wp-block-post-title\"><a href=\"https:\/\/starsforeurope.com\/hu\/press\/mikulasvirag-a-hideg-evszak-ezerarcu-disze-egyedi-adventi-naptar-mikulasviraggal\/\" target=\"_self\" >Mikul\u00e1svir\u00e1g, a hideg \u00e9vszak ezerarc\u00fa d\u00edsze. Egyedi adventi napt\u00e1r mikul\u00e1svir\u00e1ggal<\/a><\/h3>\n\n\n<div class=\"wp-block-group postmetaline is-nowrap is-layout-flex wp-container-core-group-is-layout-6c531013 wp-block-group-is-layout-flex\"><div class=\"wp-block-post-date\"><time datetime=\"2021-11-23T12:46:39+01:00\">23. november 2021<\/time><\/div>\n\n<\/div>\n\n\n<div class=\"wp-block-post-excerpt\"><p class=\"wp-block-post-excerpt__excerpt\">A saj\u00e1t kez\u0171leg k\u00e9sz\u00edtett adventi napt\u00e1r nagyon n\u00e9pszer\u0171 &#8211; mikul\u00e1svir\u00e1ggal pedig m\u00e9g k\u00fcl\u00f6nlegesebb\u00e9 var\u00e1zsolhatjuk! K\u00e9t \u00f6tletet aj\u00e1nlunk a mikul\u00e1svir\u00e1ggal d\u00edsz\u00edtett adventi napt\u00e1rakhoz.<\/p><p class=\"wp-block-post-excerpt__more-text\"><a class=\"wp-block-post-excerpt__more-link\" href=\"https:\/\/starsforeurope.com\/hu\/press\/mikulasvirag-a-hideg-evszak-ezerarcu-disze-egyedi-adventi-naptar-mikulasviraggal\/\">B\u0151vebben<\/a><\/p><\/div>\n<\/li><\/ul>\n\n\n\n<\/div>\n\n\n\n<div style=\"height:3rem\" aria-hidden=\"true\" class=\"wp-block-spacer\"><\/div>\n<\/main>","protected":false},"excerpt":{"rendered":"<p>Teremtsen \u00fcnnepi hangulatot a mikul\u00e1svir\u00e1gokkal az adventi dekor\u00e1ci\u00f3ban. Tal\u00e1ljon inspir\u00e1ci\u00f3t koszor\u00fakhoz, asztald\u00edszekhez \u00e9s hangulatos szezon\u00e1lis d\u00edszekhez.<\/p>\n","protected":false},"author":41,"featured_media":6813,"parent":7638,"menu_order":0,"comment_status":"closed","ping_status":"closed","template":"two-column-press","meta":{"_acf_changed":false,"footnotes":""},"class_list":["post-7640","page","type-page","status-publish","has-post-thumbnail","hentry"],"acf":[],"_links":{"self":[{"href":"https:\/\/starsforeurope.com\/hu\/wp-json\/wp\/v2\/pages\/7640","targetHints":{"allow":["GET"]}}],"collection":[{"href":"https:\/\/starsforeurope.com\/hu\/wp-json\/wp\/v2\/pages"}],"about":[{"href":"https:\/\/starsforeurope.com\/hu\/wp-json\/wp\/v2\/types\/page"}],"author":[{"embeddable":true,"href":"https:\/\/starsforeurope.com\/hu\/wp-json\/wp\/v2\/users\/41"}],"replies":[{"embeddable":true,"href":"https:\/\/starsforeurope.com\/hu\/wp-json\/wp\/v2\/comments?post=7640"}],"version-history":[{"count":2,"href":"https:\/\/starsforeurope.com\/hu\/wp-json\/wp\/v2\/pages\/7640\/revisions"}],"predecessor-version":[{"id":7736,"href":"https:\/\/starsforeurope.com\/hu\/wp-json\/wp\/v2\/pages\/7640\/revisions\/7736"}],"up":[{"embeddable":true,"href":"https:\/\/starsforeurope.com\/hu\/wp-json\/wp\/v2\/pages\/7638"}],"wp:featuredmedia":[{"embeddable":true,"href":"https:\/\/starsforeurope.com\/hu\/wp-json\/wp\/v2\/media\/6813"}],"wp:attachment":[{"href":"https:\/\/starsforeurope.com\/hu\/wp-json\/wp\/v2\/media?parent=7640"}],"curies":[{"name":"wp","href":"https:\/\/api.w.org\/{rel}","templated":true}]}}