{"id":7638,"date":"2025-08-28T00:02:21","date_gmt":"2025-08-27T22:02:21","guid":{"rendered":"https:\/\/starsforeurope.com\/hu\/?page_id=7638"},"modified":"2025-09-05T12:26:19","modified_gmt":"2025-09-05T10:26:19","slug":"dekoracio-pr","status":"publish","type":"page","link":"https:\/\/starsforeurope.com\/hu\/sajtokozlemenyek\/dekoracio-pr\/","title":{"rendered":"Bor\u00edtsuk vir\u00e1gba otthonunkat mikul\u00e1svir\u00e1ggal!"},"content":{"rendered":"<main class=\"wp-block-group postimage-half wide-content is-layout-flow wp-block-group-is-layout-flow\" style=\"margin-top:var(--wp--preset--spacing--50)\">\n<div style=\"height:3rem\" aria-hidden=\"true\" class=\"wp-block-spacer\"><\/div>\n\n\n\n<div class=\"wp-block-query is-layout-flow wp-block-query-is-layout-flow\"><ul class=\"columns-2 wp-block-post-template is-layout-grid wp-container-core-post-template-is-layout-37ef2942 wp-block-post-template-is-layout-grid\"><li class=\"wp-block-post post-7904 press type-press status-publish has-post-thumbnail hentry press_cat-table-decoration press_cat-decoration-tips press_main-asztali-dekoraciok press_main-dekoracio press_main-sajtokozlemenyek\">\n<figure style=\"aspect-ratio:1;\" class=\"featuredimage wp-block-post-featured-image\"><a href=\"https:\/\/starsforeurope.com\/hu\/press\/igy-dobd-fel-a-teli-vacsorakat-sokoldalu-mikulasvirag-asztaldekoraciok\/\" target=\"_self\"  ><img loading=\"lazy\" decoding=\"async\" width=\"875\" height=\"1050\" src=\"https:\/\/starsforeurope.com\/hu\/wp-content\/uploads\/sites\/22\/2026\/02\/2025_Poinsettia_01000_Nordic_Winter_Charm_08.jpg\" class=\"attachment-post-thumbnail size-post-thumbnail wp-post-image\" alt=\"\u00cdgy dobd fel a t\u00e9li vacsor\u00e1kat: sokoldal\u00fa mikul\u00e1svir\u00e1g asztaldekor\u00e1ci\u00f3k\" style=\"width:100%;height:100%;object-fit:cover;\" srcset=\"https:\/\/starsforeurope.com\/hu\/wp-content\/uploads\/sites\/22\/2026\/02\/2025_Poinsettia_01000_Nordic_Winter_Charm_08.jpg 875w, https:\/\/starsforeurope.com\/hu\/wp-content\/uploads\/sites\/22\/2026\/02\/2025_Poinsettia_01000_Nordic_Winter_Charm_08-250x300.jpg 250w, https:\/\/starsforeurope.com\/hu\/wp-content\/uploads\/sites\/22\/2026\/02\/2025_Poinsettia_01000_Nordic_Winter_Charm_08-853x1024.jpg 853w, https:\/\/starsforeurope.com\/hu\/wp-content\/uploads\/sites\/22\/2026\/02\/2025_Poinsettia_01000_Nordic_Winter_Charm_08-768x922.jpg 768w\" sizes=\"auto, (max-width: 875px) 100vw, 875px\" \/><\/a><\/figure>\n\n<h3 class=\"wp-block-post-title\"><a href=\"https:\/\/starsforeurope.com\/hu\/press\/igy-dobd-fel-a-teli-vacsorakat-sokoldalu-mikulasvirag-asztaldekoraciok\/\" target=\"_self\" >\u00cdgy dobd fel a t\u00e9li vacsor\u00e1kat: sokoldal\u00fa mikul\u00e1svir\u00e1g asztaldekor\u00e1ci\u00f3k<\/a><\/h3>\n\n\n<div class=\"wp-block-group postmetaline is-nowrap is-layout-flex wp-container-core-group-is-layout-6c531013 wp-block-group-is-layout-flex\"><div class=\"wp-block-post-date\"><time datetime=\"2025-12-10T08:00:00+01:00\">10. december 2025<\/time><\/div>\n\n<\/div>\n\n\n<div class=\"wp-block-post-excerpt\"><p class=\"wp-block-post-excerpt__excerpt\">Legyen az fenntarthat\u00f3, j\u00e1t\u00e9kos vagy eleg\u00e1ns \u2013 a kar\u00e1csonyi csillagokkal az asztald\u00edsz\u00edt\u00e9s igazi szemet gy\u00f6ny\u00f6rk\u00f6dtet\u0151 lesz. Fedezzen fel \u00faj \u00f6tleteket a sokoldal\u00fa t\u00e9li asztald\u00edszekhez.<\/p><p class=\"wp-block-post-excerpt__more-text\"><a class=\"wp-block-post-excerpt__more-link\" href=\"https:\/\/starsforeurope.com\/hu\/press\/igy-dobd-fel-a-teli-vacsorakat-sokoldalu-mikulasvirag-asztaldekoraciok\/\">B\u0151vebben<\/a><\/p><\/div>\n<\/li><li class=\"wp-block-post post-7975 press type-press status-publish has-post-thumbnail hentry press_cat-gift-ideas press_main-ajandekotletek press_main-dekoracio press_main-sajtokozlemenyek\">\n<figure style=\"aspect-ratio:1;\" class=\"featuredimage wp-block-post-featured-image\"><a href=\"https:\/\/starsforeurope.com\/hu\/press\/viragzo-mikulasvirag-ajandekok\/\" target=\"_self\"  ><img loading=\"lazy\" decoding=\"async\" width=\"875\" height=\"1050\" src=\"https:\/\/starsforeurope.com\/hu\/wp-content\/uploads\/sites\/22\/2026\/02\/2025_Poinsettia_03000_Traditional_Christmas_Spirit_13.jpg\" class=\"attachment-post-thumbnail size-post-thumbnail wp-post-image\" alt=\"Vir\u00e1gz\u00f3 mikul\u00e1svir\u00e1g aj\u00e1nd\u00e9kok\" style=\"width:100%;height:100%;object-fit:cover;\" srcset=\"https:\/\/starsforeurope.com\/hu\/wp-content\/uploads\/sites\/22\/2026\/02\/2025_Poinsettia_03000_Traditional_Christmas_Spirit_13.jpg 875w, https:\/\/starsforeurope.com\/hu\/wp-content\/uploads\/sites\/22\/2026\/02\/2025_Poinsettia_03000_Traditional_Christmas_Spirit_13-250x300.jpg 250w, https:\/\/starsforeurope.com\/hu\/wp-content\/uploads\/sites\/22\/2026\/02\/2025_Poinsettia_03000_Traditional_Christmas_Spirit_13-853x1024.jpg 853w, https:\/\/starsforeurope.com\/hu\/wp-content\/uploads\/sites\/22\/2026\/02\/2025_Poinsettia_03000_Traditional_Christmas_Spirit_13-768x922.jpg 768w\" sizes=\"auto, (max-width: 875px) 100vw, 875px\" \/><\/a><\/figure>\n\n<h3 class=\"wp-block-post-title\"><a href=\"https:\/\/starsforeurope.com\/hu\/press\/viragzo-mikulasvirag-ajandekok\/\" target=\"_self\" >Vir\u00e1gz\u00f3 mikul\u00e1svir\u00e1g aj\u00e1nd\u00e9kok<\/a><\/h3>\n\n\n<div class=\"wp-block-group postmetaline is-nowrap is-layout-flex wp-container-core-group-is-layout-6c531013 wp-block-group-is-layout-flex\"><div class=\"wp-block-post-date\"><time datetime=\"2025-11-21T09:00:00+01:00\">21. november 2025<\/time><\/div>\n\n<\/div>\n\n\n<div class=\"wp-block-post-excerpt\"><p class=\"wp-block-post-excerpt__excerpt\">Megfelel\u0151 csomagol\u00e1ssal vagy kreat\u00edv dekor\u00e1ci\u00f3 r\u00e9szek\u00e9nt a kar\u00e1csonyi csillag egyedi, szem\u00e9lyes aj\u00e1nd\u00e9kk\u00e1 v\u00e1lik. Hagyja mag\u00e1t inspir\u00e1lni!<\/p><p class=\"wp-block-post-excerpt__more-text\"><a class=\"wp-block-post-excerpt__more-link\" href=\"https:\/\/starsforeurope.com\/hu\/press\/viragzo-mikulasvirag-ajandekok\/\">B\u0151vebben<\/a><\/p><\/div>\n<\/li><li class=\"wp-block-post post-7945 press type-press status-publish has-post-thumbnail hentry press_cat-advent-decoration press_cat-decoration-tips press_main-dekoracio press_main-sajtokozlemenyek\">\n<figure style=\"aspect-ratio:1;\" class=\"featuredimage wp-block-post-featured-image\"><a href=\"https:\/\/starsforeurope.com\/hu\/press\/adventi-es-karacsonyfadiszek-mikulasviraggal\/\" target=\"_self\"  ><img loading=\"lazy\" decoding=\"async\" width=\"875\" height=\"1050\" src=\"https:\/\/starsforeurope.com\/hu\/wp-content\/uploads\/sites\/22\/2026\/02\/2025_Poinsettia_01000_Nordic_Winter_Charm_09.jpg\" class=\"attachment-post-thumbnail size-post-thumbnail wp-post-image\" alt=\"Adventi \u00e9s kar\u00e1csonyfad\u00edszek mikul\u00e1svir\u00e1ggal\" style=\"width:100%;height:100%;object-fit:cover;\" srcset=\"https:\/\/starsforeurope.com\/hu\/wp-content\/uploads\/sites\/22\/2026\/02\/2025_Poinsettia_01000_Nordic_Winter_Charm_09.jpg 875w, https:\/\/starsforeurope.com\/hu\/wp-content\/uploads\/sites\/22\/2026\/02\/2025_Poinsettia_01000_Nordic_Winter_Charm_09-250x300.jpg 250w, https:\/\/starsforeurope.com\/hu\/wp-content\/uploads\/sites\/22\/2026\/02\/2025_Poinsettia_01000_Nordic_Winter_Charm_09-853x1024.jpg 853w, https:\/\/starsforeurope.com\/hu\/wp-content\/uploads\/sites\/22\/2026\/02\/2025_Poinsettia_01000_Nordic_Winter_Charm_09-768x922.jpg 768w\" sizes=\"auto, (max-width: 875px) 100vw, 875px\" \/><\/a><\/figure>\n\n<h3 class=\"wp-block-post-title\"><a href=\"https:\/\/starsforeurope.com\/hu\/press\/adventi-es-karacsonyfadiszek-mikulasviraggal\/\" target=\"_self\" >Adventi \u00e9s kar\u00e1csonyfad\u00edszek mikul\u00e1svir\u00e1ggal<\/a><\/h3>\n\n\n<div class=\"wp-block-group postmetaline is-nowrap is-layout-flex wp-container-core-group-is-layout-6c531013 wp-block-group-is-layout-flex\"><div class=\"wp-block-post-date\"><time datetime=\"2025-11-05T08:00:00+01:00\">05. november 2025<\/time><\/div>\n\n<\/div>\n\n\n<div class=\"wp-block-post-excerpt\"><p class=\"wp-block-post-excerpt__excerpt\">Ak\u00e1r kokedamak\u00e9nt, v\u00e1gott vir\u00e1gk\u00e9nt vagy cserepes n\u00f6v\u00e9nyk\u00e9nt \u2013 a kar\u00e1csonyi csillagok k\u00fcl\u00f6nleges ragyog\u00e1st k\u00f6lcs\u00f6n\u00f6znek az adventi \u00e9s kar\u00e1csonyfad\u00edszeknek. N\u00e9zze meg saj\u00e1t szem\u00e9vel!<\/p><p class=\"wp-block-post-excerpt__more-text\"><a class=\"wp-block-post-excerpt__more-link\" href=\"https:\/\/starsforeurope.com\/hu\/press\/adventi-es-karacsonyfadiszek-mikulasviraggal\/\">B\u0151vebben<\/a><\/p><\/div>\n<\/li><li class=\"wp-block-post post-7616 press type-press status-publish has-post-thumbnail hentry press_cat-decoration-tips press_main-dekoracio press_main-diy-upcycling press_main-sajtokozlemenyek\">\n<figure style=\"aspect-ratio:1;\" class=\"featuredimage wp-block-post-featured-image\"><a href=\"https:\/\/starsforeurope.com\/hu\/press\/egy-csillag-minden-hangulathoz-mikulasvirag-a-sokoldalu-tars-egesz-telen\/\" target=\"_self\"  ><img loading=\"lazy\" decoding=\"async\" width=\"875\" height=\"1050\" src=\"https:\/\/starsforeurope.com\/hu\/wp-content\/uploads\/sites\/22\/2025\/11\/2025_Poinsettia_01000_Nordic_Winter_Charm_47.jpg\" class=\"attachment-post-thumbnail size-post-thumbnail wp-post-image\" alt=\"Egy csillag minden hangulathoz. Mikul\u00e1svir\u00e1g &#8211; a sokoldal\u00fa t\u00e1rs eg\u00e9sz t\u00e9len\" style=\"width:100%;height:100%;object-fit:cover;\" srcset=\"https:\/\/starsforeurope.com\/hu\/wp-content\/uploads\/sites\/22\/2025\/11\/2025_Poinsettia_01000_Nordic_Winter_Charm_47.jpg 875w, https:\/\/starsforeurope.com\/hu\/wp-content\/uploads\/sites\/22\/2025\/11\/2025_Poinsettia_01000_Nordic_Winter_Charm_47-250x300.jpg 250w, https:\/\/starsforeurope.com\/hu\/wp-content\/uploads\/sites\/22\/2025\/11\/2025_Poinsettia_01000_Nordic_Winter_Charm_47-853x1024.jpg 853w, https:\/\/starsforeurope.com\/hu\/wp-content\/uploads\/sites\/22\/2025\/11\/2025_Poinsettia_01000_Nordic_Winter_Charm_47-768x922.jpg 768w\" sizes=\"auto, (max-width: 875px) 100vw, 875px\" \/><\/a><\/figure>\n\n<h3 class=\"wp-block-post-title\"><a href=\"https:\/\/starsforeurope.com\/hu\/press\/egy-csillag-minden-hangulathoz-mikulasvirag-a-sokoldalu-tars-egesz-telen\/\" target=\"_self\" >Egy csillag minden hangulathoz. Mikul\u00e1svir\u00e1g &#8211; a sokoldal\u00fa t\u00e1rs eg\u00e9sz t\u00e9len<\/a><\/h3>\n\n\n<div class=\"wp-block-group postmetaline is-nowrap is-layout-flex wp-container-core-group-is-layout-6c531013 wp-block-group-is-layout-flex\"><div class=\"wp-block-post-date\"><time datetime=\"2025-08-22T08:00:00+02:00\">22. augusztus 2025<\/time><\/div>\n\n<\/div>\n\n\n<div class=\"wp-block-post-excerpt\"><p class=\"wp-block-post-excerpt__excerpt\">A kar\u00e1csonyi csillagok minden helyis\u00e9gbe t\u00e9li var\u00e1zslatot var\u00e1zsolnak. K\u00fcl\u00f6nb\u00f6z\u0151 st\u00edlusokhoz illeszkednek \u00e9s kreat\u00edv projektekhez inspir\u00e1lnak. Olvasson tov\u00e1bb.<\/p><p class=\"wp-block-post-excerpt__more-text\"><a class=\"wp-block-post-excerpt__more-link\" href=\"https:\/\/starsforeurope.com\/hu\/press\/egy-csillag-minden-hangulathoz-mikulasvirag-a-sokoldalu-tars-egesz-telen\/\">B\u0151vebben<\/a><\/p><\/div>\n<\/li><\/ul>\n\n<nav class=\"wp-block-query-pagination is-content-justification-center is-layout-flex wp-container-core-query-pagination-is-layout-a89b3969 wp-block-query-pagination-is-layout-flex\" aria-label=\"Lapoz\u00e1s\">\n\n\n<div class=\"wp-block-query-pagination-numbers has-medium-font-size\"><span aria-current=\"page\" class=\"page-numbers current\">1<\/span>\n<a class=\"page-numbers\" href=\"?query-0-page=2\">2<\/a>\n<a class=\"page-numbers\" href=\"?query-0-page=3\">3<\/a>\n<a class=\"page-numbers\" href=\"?query-0-page=4\">4<\/a><\/div>\n\n<a href=\"\/hu\/wp-json\/wp\/v2\/pages\/7638?query-0-page=2\" class=\"wp-block-query-pagination-next\">\u22b3<\/a>\n<\/nav>\n\n<\/div>\n\n\n\n<div style=\"height:3rem\" aria-hidden=\"true\" class=\"wp-block-spacer\"><\/div>\n<\/main>","protected":false},"excerpt":{"rendered":"<p>Inspir\u00e1l\u00f3 dekor- \u00e9s bark\u00e1cs\u00f6tleteket mutatunk, amikkel feldobhatjuk az otthonunkat a kar\u00e1csonyi \u00fcnnepek idej\u00e9n. A mikul\u00e1svir\u00e1g meglep\u0151en sokoldal\u00fa: hatalmas v\u00e1laszt\u00e9k \u00e1ll rendelkez\u00e9sre bel\u0151le a legk\u00fcl\u00f6nb\u00f6z\u0151bb sz\u00ednekben \u00e9s form\u00e1kban, \u00edgy b\u00e1rmilyen \u00edzl\u00e9snek \u00e9s t\u00e9rnek megfelelnek \u2013 legyen az ak\u00e1r rusztikus, hangulatos boho, v\u00e1rosi dzsungel vagy b\u00e1rmi m\u00e1s!<\/p>\n","protected":false},"author":41,"featured_media":6813,"parent":7,"menu_order":0,"comment_status":"closed","ping_status":"closed","template":"two-column-press","meta":{"_acf_changed":false,"footnotes":""},"class_list":["post-7638","page","type-page","status-publish","has-post-thumbnail","hentry"],"acf":[],"_links":{"self":[{"href":"https:\/\/starsforeurope.com\/hu\/wp-json\/wp\/v2\/pages\/7638","targetHints":{"allow":["GET"]}}],"collection":[{"href":"https:\/\/starsforeurope.com\/hu\/wp-json\/wp\/v2\/pages"}],"about":[{"href":"https:\/\/starsforeurope.com\/hu\/wp-json\/wp\/v2\/types\/page"}],"author":[{"embeddable":true,"href":"https:\/\/starsforeurope.com\/hu\/wp-json\/wp\/v2\/users\/41"}],"replies":[{"embeddable":true,"href":"https:\/\/starsforeurope.com\/hu\/wp-json\/wp\/v2\/comments?post=7638"}],"version-history":[{"count":1,"href":"https:\/\/starsforeurope.com\/hu\/wp-json\/wp\/v2\/pages\/7638\/revisions"}],"predecessor-version":[{"id":7639,"href":"https:\/\/starsforeurope.com\/hu\/wp-json\/wp\/v2\/pages\/7638\/revisions\/7639"}],"up":[{"embeddable":true,"href":"https:\/\/starsforeurope.com\/hu\/wp-json\/wp\/v2\/pages\/7"}],"wp:featuredmedia":[{"embeddable":true,"href":"https:\/\/starsforeurope.com\/hu\/wp-json\/wp\/v2\/media\/6813"}],"wp:attachment":[{"href":"https:\/\/starsforeurope.com\/hu\/wp-json\/wp\/v2\/media?parent=7638"}],"curies":[{"name":"wp","href":"https:\/\/api.w.org\/{rel}","templated":true}]}}