{"id":7634,"date":"2025-08-27T23:49:04","date_gmt":"2025-08-27T21:49:04","guid":{"rendered":"https:\/\/starsforeurope.com\/hu\/?page_id=7634"},"modified":"2025-09-05T12:26:19","modified_gmt":"2025-09-05T10:26:19","slug":"altalanos-apolas","status":"publish","type":"page","link":"https:\/\/starsforeurope.com\/hu\/gondozas\/altalanos-apolas\/","title":{"rendered":"Mikul\u00e1svir\u00e1gok gondoz\u00e1s\u00e1nak alapjai"},"content":{"rendered":"<main class=\"wp-block-group postimage-half wide-content is-layout-flow wp-block-group-is-layout-flow\" style=\"margin-top:var(--wp--preset--spacing--50)\">\n<div style=\"height:3rem\" aria-hidden=\"true\" class=\"wp-block-spacer\"><\/div>\n\n\n\n<div class=\"wp-block-query is-layout-flow wp-block-query-is-layout-flow\"><ul class=\"columns-2 wp-block-post-template is-layout-grid wp-container-core-post-template-is-layout-37ef2942 wp-block-post-template-is-layout-grid\"><li class=\"wp-block-post post-7341 blog type-blog status-publish has-post-thumbnail hentry blog_cat-pflege blog_main-altalanos-apolas blog_main-gondozas blog_main-helyszin\">\n<figure style=\"aspect-ratio:1;\" class=\"featuredimage wp-block-post-featured-image\"><a href=\"https:\/\/starsforeurope.com\/hu\/blog\/a-mikulasvirag-elhelyezese-a-harom-legfobb-szempont\/\" target=\"_self\"  ><img loading=\"lazy\" decoding=\"async\" width=\"1050\" height=\"875\" src=\"https:\/\/starsforeurope.com\/hu\/wp-content\/uploads\/sites\/22\/2022\/08\/2021-poinsettia-04000-autumnal-glow-08.jpg\" class=\"attachment-post-thumbnail size-post-thumbnail wp-post-image\" alt=\"A mikul\u00e1svir\u00e1g elhelyez\u00e9se: a h\u00e1rom legf\u0151bb szempont\" style=\"width:100%;height:100%;object-fit:cover;\" srcset=\"https:\/\/starsforeurope.com\/hu\/wp-content\/uploads\/sites\/22\/2022\/08\/2021-poinsettia-04000-autumnal-glow-08.jpg 1050w, https:\/\/starsforeurope.com\/hu\/wp-content\/uploads\/sites\/22\/2022\/08\/2021-poinsettia-04000-autumnal-glow-08-300x250.jpg 300w, https:\/\/starsforeurope.com\/hu\/wp-content\/uploads\/sites\/22\/2022\/08\/2021-poinsettia-04000-autumnal-glow-08-1024x853.jpg 1024w, https:\/\/starsforeurope.com\/hu\/wp-content\/uploads\/sites\/22\/2022\/08\/2021-poinsettia-04000-autumnal-glow-08-768x640.jpg 768w, https:\/\/starsforeurope.com\/hu\/wp-content\/uploads\/sites\/22\/2022\/08\/2021-poinsettia-04000-autumnal-glow-08-810x675.jpg 810w\" sizes=\"auto, (max-width: 1050px) 100vw, 1050px\" \/><\/a><\/figure>\n\n<h3 class=\"wp-block-post-title\"><a href=\"https:\/\/starsforeurope.com\/hu\/blog\/a-mikulasvirag-elhelyezese-a-harom-legfobb-szempont\/\" target=\"_self\" >A mikul\u00e1svir\u00e1g elhelyez\u00e9se: a h\u00e1rom legf\u0151bb szempont<\/a><\/h3>\n\n\n<div class=\"wp-block-group postmetaline is-nowrap is-layout-flex wp-container-core-group-is-layout-6c531013 wp-block-group-is-layout-flex\"><div class=\"wp-block-post-date\"><time datetime=\"2024-11-07T14:04:40+01:00\">07. november 2024<\/time><\/div>\n\n<\/div>\n\n\n<div class=\"wp-block-post-excerpt\"><p class=\"wp-block-post-excerpt__excerpt\">Tal\u00e1ld meg a mikul\u00e1svir\u00e1g t\u00f6k\u00e9letes hely\u00e9t! Tippek a f\u00e9nyr\u0151l, h\u0151m\u00e9rs\u00e9kletr\u0151l \u00e9s huzatmentes k\u00f6rnyezetr\u0151l, hogy a n\u00f6v\u00e9nyed sok\u00e1ig eg\u00e9szs\u00e9ges \u00e9s gy\u00f6ny\u00f6r\u0171 maradjon.<\/p><p class=\"wp-block-post-excerpt__more-text\"><a class=\"wp-block-post-excerpt__more-link\" href=\"https:\/\/starsforeurope.com\/hu\/blog\/a-mikulasvirag-elhelyezese-a-harom-legfobb-szempont\/\">B\u0151vebben<\/a><\/p><\/div>\n<\/li><li class=\"wp-block-post post-7189 blog type-blog status-publish has-post-thumbnail hentry blog_cat-pflege blog_main-altalanos-apolas blog_main-gondozas\">\n<figure style=\"aspect-ratio:1;\" class=\"featuredimage wp-block-post-featured-image\"><a href=\"https:\/\/starsforeurope.com\/hu\/blog\/a-mikulasvirag-helyes-gondozasa\/\" target=\"_self\"  ><img loading=\"lazy\" decoding=\"async\" width=\"875\" height=\"1050\" src=\"https:\/\/starsforeurope.com\/hu\/wp-content\/uploads\/sites\/22\/2023\/10\/2021-poinsettia-01000-boho-green-living-08-2.jpg\" class=\"attachment-post-thumbnail size-post-thumbnail wp-post-image\" alt=\"A mikul\u00e1svir\u00e1g helyes gondoz\u00e1sa\" style=\"width:100%;height:100%;object-fit:cover;\" srcset=\"https:\/\/starsforeurope.com\/hu\/wp-content\/uploads\/sites\/22\/2023\/10\/2021-poinsettia-01000-boho-green-living-08-2.jpg 875w, https:\/\/starsforeurope.com\/hu\/wp-content\/uploads\/sites\/22\/2023\/10\/2021-poinsettia-01000-boho-green-living-08-2-250x300.jpg 250w, https:\/\/starsforeurope.com\/hu\/wp-content\/uploads\/sites\/22\/2023\/10\/2021-poinsettia-01000-boho-green-living-08-2-853x1024.jpg 853w, https:\/\/starsforeurope.com\/hu\/wp-content\/uploads\/sites\/22\/2023\/10\/2021-poinsettia-01000-boho-green-living-08-2-768x922.jpg 768w, https:\/\/starsforeurope.com\/hu\/wp-content\/uploads\/sites\/22\/2023\/10\/2021-poinsettia-01000-boho-green-living-08-2-563x675.jpg 563w\" sizes=\"auto, (max-width: 875px) 100vw, 875px\" \/><\/a><\/figure>\n\n<h3 class=\"wp-block-post-title\"><a href=\"https:\/\/starsforeurope.com\/hu\/blog\/a-mikulasvirag-helyes-gondozasa\/\" target=\"_self\" >A mikul\u00e1svir\u00e1g helyes gondoz\u00e1sa<\/a><\/h3>\n\n\n<div class=\"wp-block-group postmetaline is-nowrap is-layout-flex wp-container-core-group-is-layout-6c531013 wp-block-group-is-layout-flex\"><div class=\"wp-block-post-date\"><time datetime=\"2023-11-11T01:41:15+01:00\">11. november 2023<\/time><\/div>\n\n<\/div>\n\n\n<div class=\"wp-block-post-excerpt\"><p class=\"wp-block-post-excerpt__excerpt\">A mikul\u00e1svir\u00e1god \u00edgy marad \u00fcnnepi szezon f\u0151attrakci\u00f3ja. Az \u00fatmutat\u00f3nk ismerteti a megfelel\u0151 gondoz\u00e1s titk\u00e1tr\u00f3l. Kattints ide, hogy igazi szt\u00e1rr\u00e1 var\u00e1zsold n\u00f6v\u00e9nyed<\/p><p class=\"wp-block-post-excerpt__more-text\"><a class=\"wp-block-post-excerpt__more-link\" href=\"https:\/\/starsforeurope.com\/hu\/blog\/a-mikulasvirag-helyes-gondozasa\/\">B\u0151vebben<\/a><\/p><\/div>\n<\/li><\/ul>\n\n\n\n<\/div>\n\n\n\n<div style=\"height:3rem\" aria-hidden=\"true\" class=\"wp-block-spacer\"><\/div>\n<\/main>","protected":false},"excerpt":{"rendered":"<p>Tartsa a mikul\u00e1svir\u00e1gokat \u00e9l\u00e9nknek \u00e9s eg\u00e9szs\u00e9gesnek egyszer\u0171 \u00e1pol\u00e1si tippekkel. <\/p>\n","protected":false},"author":41,"featured_media":4350,"parent":20,"menu_order":0,"comment_status":"closed","ping_status":"closed","template":"two-column-blog-single","meta":{"_acf_changed":false,"footnotes":""},"class_list":["post-7634","page","type-page","status-publish","has-post-thumbnail","hentry"],"acf":[],"_links":{"self":[{"href":"https:\/\/starsforeurope.com\/hu\/wp-json\/wp\/v2\/pages\/7634","targetHints":{"allow":["GET"]}}],"collection":[{"href":"https:\/\/starsforeurope.com\/hu\/wp-json\/wp\/v2\/pages"}],"about":[{"href":"https:\/\/starsforeurope.com\/hu\/wp-json\/wp\/v2\/types\/page"}],"author":[{"embeddable":true,"href":"https:\/\/starsforeurope.com\/hu\/wp-json\/wp\/v2\/users\/41"}],"replies":[{"embeddable":true,"href":"https:\/\/starsforeurope.com\/hu\/wp-json\/wp\/v2\/comments?post=7634"}],"version-history":[{"count":2,"href":"https:\/\/starsforeurope.com\/hu\/wp-json\/wp\/v2\/pages\/7634\/revisions"}],"predecessor-version":[{"id":7723,"href":"https:\/\/starsforeurope.com\/hu\/wp-json\/wp\/v2\/pages\/7634\/revisions\/7723"}],"up":[{"embeddable":true,"href":"https:\/\/starsforeurope.com\/hu\/wp-json\/wp\/v2\/pages\/20"}],"wp:featuredmedia":[{"embeddable":true,"href":"https:\/\/starsforeurope.com\/hu\/wp-json\/wp\/v2\/media\/4350"}],"wp:attachment":[{"href":"https:\/\/starsforeurope.com\/hu\/wp-json\/wp\/v2\/media?parent=7634"}],"curies":[{"name":"wp","href":"https:\/\/api.w.org\/{rel}","templated":true}]}}