{"id":7632,"date":"2025-08-27T16:01:29","date_gmt":"2025-08-27T14:01:29","guid":{"rendered":"https:\/\/starsforeurope.com\/hu\/?page_id=7632"},"modified":"2025-09-05T12:34:03","modified_gmt":"2025-09-05T10:34:03","slug":"ontozes","status":"publish","type":"page","link":"https:\/\/starsforeurope.com\/hu\/gondozas\/ontozes\/","title":{"rendered":"Mikul\u00e1svir\u00e1gok \u00f6nt\u00f6z\u00e9se"},"content":{"rendered":"<main class=\"wp-block-group postimage-half wide-content is-layout-flow wp-block-group-is-layout-flow\" style=\"margin-top:var(--wp--preset--spacing--50)\">\n<div style=\"height:3rem\" aria-hidden=\"true\" class=\"wp-block-spacer\"><\/div>\n\n\n\n<div class=\"wp-block-query is-layout-flow wp-block-query-is-layout-flow\"><ul class=\"columns-2 wp-block-post-template is-layout-grid wp-container-core-post-template-is-layout-37ef2942 wp-block-post-template-is-layout-grid\"><li class=\"wp-block-post post-7327 blog type-blog status-publish has-post-thumbnail hentry blog_cat-pflege blog_main-gondozas blog_main-ontozes\">\n<figure style=\"aspect-ratio:1;\" class=\"featuredimage wp-block-post-featured-image\"><a href=\"https:\/\/starsforeurope.com\/hu\/blog\/a-mikulasvirag-ontozese-mennyi-vizre-van-szuksege\/\" target=\"_self\"  ><img loading=\"lazy\" decoding=\"async\" width=\"853\" height=\"1024\" src=\"https:\/\/starsforeurope.com\/hu\/wp-content\/uploads\/sites\/22\/2024\/11\/2022_poinsettia_03000_varieties_03-853x1024-1-1.jpg\" class=\"attachment-post-thumbnail size-post-thumbnail wp-post-image\" alt=\"A mikul\u00e1svir\u00e1g \u00f6nt\u00f6z\u00e9se: Mennyi v\u00edzre van sz\u00fcks\u00e9ge?\" style=\"width:100%;height:100%;object-fit:cover;\" srcset=\"https:\/\/starsforeurope.com\/hu\/wp-content\/uploads\/sites\/22\/2024\/11\/2022_poinsettia_03000_varieties_03-853x1024-1-1.jpg 853w, https:\/\/starsforeurope.com\/hu\/wp-content\/uploads\/sites\/22\/2024\/11\/2022_poinsettia_03000_varieties_03-853x1024-1-1-250x300.jpg 250w, https:\/\/starsforeurope.com\/hu\/wp-content\/uploads\/sites\/22\/2024\/11\/2022_poinsettia_03000_varieties_03-853x1024-1-1-768x922.jpg 768w, https:\/\/starsforeurope.com\/hu\/wp-content\/uploads\/sites\/22\/2024\/11\/2022_poinsettia_03000_varieties_03-853x1024-1-1-562x675.jpg 562w\" sizes=\"auto, (max-width: 853px) 100vw, 853px\" \/><\/a><\/figure>\n\n<h3 class=\"wp-block-post-title\"><a href=\"https:\/\/starsforeurope.com\/hu\/blog\/a-mikulasvirag-ontozese-mennyi-vizre-van-szuksege\/\" target=\"_self\" >A mikul\u00e1svir\u00e1g \u00f6nt\u00f6z\u00e9se: Mennyi v\u00edzre van sz\u00fcks\u00e9ge?<\/a><\/h3>\n\n\n<div class=\"wp-block-group postmetaline is-nowrap is-layout-flex wp-container-core-group-is-layout-6c531013 wp-block-group-is-layout-flex\"><div class=\"wp-block-post-date\"><time datetime=\"2024-11-07T12:11:07+01:00\">07. november 2024<\/time><\/div>\n\n<\/div>\n\n\n<div class=\"wp-block-post-excerpt\"><p class=\"wp-block-post-excerpt__excerpt\">A megfelel\u0151 mennyis\u00e9g\u0171 v\u00edz elengedhetetlen ahhoz, hogy a mikul\u00e1svir\u00e1g eg\u00e9szs\u00e9ges legyen. \u00cdme n\u00e9h\u00e1ny egyszer\u0171 tipp az \u00f6nt\u00f6z\u00e9shez, hogy min\u00e9l tov\u00e1bb meg\u0151rizze gy\u00f6ny\u00f6r\u0171 sz\u00edn\u00e9t.<\/p><p class=\"wp-block-post-excerpt__more-text\"><a class=\"wp-block-post-excerpt__more-link\" href=\"https:\/\/starsforeurope.com\/hu\/blog\/a-mikulasvirag-ontozese-mennyi-vizre-van-szuksege\/\">B\u0151vebben<\/a><\/p><\/div>\n<\/li><\/ul>\n\n\n\n<\/div>\n\n\n\n<div style=\"height:3rem\" aria-hidden=\"true\" class=\"wp-block-spacer\"><\/div>\n<\/main>","protected":false},"excerpt":{"rendered":"<p>Tartsa frissen \u00e9s \u00fcnnepi hangulatban a mikul\u00e1svir\u00e1gokat ezekkel az egyszer\u0171 \u00f6nt\u00f6z\u00e9si tippekkel.<\/p>\n","protected":false},"author":41,"featured_media":4350,"parent":20,"menu_order":0,"comment_status":"closed","ping_status":"closed","template":"two-column-blog-single","meta":{"_acf_changed":false,"footnotes":""},"class_list":["post-7632","page","type-page","status-publish","has-post-thumbnail","hentry"],"acf":[],"_links":{"self":[{"href":"https:\/\/starsforeurope.com\/hu\/wp-json\/wp\/v2\/pages\/7632","targetHints":{"allow":["GET"]}}],"collection":[{"href":"https:\/\/starsforeurope.com\/hu\/wp-json\/wp\/v2\/pages"}],"about":[{"href":"https:\/\/starsforeurope.com\/hu\/wp-json\/wp\/v2\/types\/page"}],"author":[{"embeddable":true,"href":"https:\/\/starsforeurope.com\/hu\/wp-json\/wp\/v2\/users\/41"}],"replies":[{"embeddable":true,"href":"https:\/\/starsforeurope.com\/hu\/wp-json\/wp\/v2\/comments?post=7632"}],"version-history":[{"count":3,"href":"https:\/\/starsforeurope.com\/hu\/wp-json\/wp\/v2\/pages\/7632\/revisions"}],"predecessor-version":[{"id":7734,"href":"https:\/\/starsforeurope.com\/hu\/wp-json\/wp\/v2\/pages\/7632\/revisions\/7734"}],"up":[{"embeddable":true,"href":"https:\/\/starsforeurope.com\/hu\/wp-json\/wp\/v2\/pages\/20"}],"wp:featuredmedia":[{"embeddable":true,"href":"https:\/\/starsforeurope.com\/hu\/wp-json\/wp\/v2\/media\/4350"}],"wp:attachment":[{"href":"https:\/\/starsforeurope.com\/hu\/wp-json\/wp\/v2\/media?parent=7632"}],"curies":[{"name":"wp","href":"https:\/\/api.w.org\/{rel}","templated":true}]}}