{"id":7587,"date":"2025-08-19T17:47:15","date_gmt":"2025-08-19T15:47:15","guid":{"rendered":"https:\/\/starsforeurope.com\/hu\/?page_id=7587"},"modified":"2025-09-05T12:26:19","modified_gmt":"2025-09-05T10:26:19","slug":"oszi-dekoraciok-zold-elet","status":"publish","type":"page","link":"https:\/\/starsforeurope.com\/hu\/dekoracio\/oszi-dekoraciok-zold-elet\/","title":{"rendered":"\u0150szi dekor\u00e1ci\u00f3 Mikul\u00e1svir\u00e1gok"},"content":{"rendered":"<main class=\"wp-block-group postimage-half wide-content is-layout-flow wp-block-group-is-layout-flow\" style=\"margin-top:var(--wp--preset--spacing--50)\">\n<div style=\"height:3rem\" aria-hidden=\"true\" class=\"wp-block-spacer\"><\/div>\n\n\n\n<div class=\"wp-block-query is-layout-flow wp-block-query-is-layout-flow\"><ul class=\"columns-2 wp-block-post-template is-layout-grid wp-container-core-post-template-is-layout-37ef2942 wp-block-post-template-is-layout-grid\"><li class=\"wp-block-post post-7118 blog type-blog status-publish has-post-thumbnail hentry blog_cat-dekorationsideen blog_cat-diy blog_cat-herbstdeko-zimmerpflanze blog_main-dekoracio blog_main-oszi-dekoraciok-zold-elet\">\n<figure style=\"aspect-ratio:1;\" class=\"featuredimage wp-block-post-featured-image\"><a href=\"https:\/\/starsforeurope.com\/hu\/blog\/mikulasvirag-mint-oszi-dekoracio\/\" target=\"_self\"  ><img loading=\"lazy\" decoding=\"async\" width=\"875\" height=\"1050\" src=\"https:\/\/starsforeurope.com\/hu\/wp-content\/uploads\/sites\/22\/2023\/10\/2023-poinsettia-02000-cottagecore-charm-12.jpg\" class=\"attachment-post-thumbnail size-post-thumbnail wp-post-image\" alt=\"Mikul\u00e1svir\u00e1g, mint \u0151szi dekor\u00e1ci\u00f3\" style=\"width:100%;height:100%;object-fit:cover;\" srcset=\"https:\/\/starsforeurope.com\/hu\/wp-content\/uploads\/sites\/22\/2023\/10\/2023-poinsettia-02000-cottagecore-charm-12.jpg 875w, https:\/\/starsforeurope.com\/hu\/wp-content\/uploads\/sites\/22\/2023\/10\/2023-poinsettia-02000-cottagecore-charm-12-250x300.jpg 250w, https:\/\/starsforeurope.com\/hu\/wp-content\/uploads\/sites\/22\/2023\/10\/2023-poinsettia-02000-cottagecore-charm-12-853x1024.jpg 853w, https:\/\/starsforeurope.com\/hu\/wp-content\/uploads\/sites\/22\/2023\/10\/2023-poinsettia-02000-cottagecore-charm-12-768x922.jpg 768w, https:\/\/starsforeurope.com\/hu\/wp-content\/uploads\/sites\/22\/2023\/10\/2023-poinsettia-02000-cottagecore-charm-12-563x675.jpg 563w\" sizes=\"auto, (max-width: 875px) 100vw, 875px\" \/><\/a><\/figure>\n\n<h3 class=\"wp-block-post-title\"><a href=\"https:\/\/starsforeurope.com\/hu\/blog\/mikulasvirag-mint-oszi-dekoracio\/\" target=\"_self\" >Mikul\u00e1svir\u00e1g, mint \u0151szi dekor\u00e1ci\u00f3<\/a><\/h3>\n\n\n<div class=\"wp-block-group postmetaline is-nowrap is-layout-flex wp-container-core-group-is-layout-6c531013 wp-block-group-is-layout-flex\"><div class=\"wp-block-post-date\"><time datetime=\"2023-11-02T01:19:25+01:00\">02. november 2023<\/time><\/div>\n\n<\/div>\n\n\n<div class=\"wp-block-post-excerpt\"><p class=\"wp-block-post-excerpt__excerpt\">Engedd, hogy a mikul\u00e1svir\u00e1g a b\u0171vk\u00f6r\u00fckbe vonjon ezen az \u0151sz\u00f6n! Ez a n\u00f6v\u00e9ny sokkal t\u00f6bb, mint puszt\u00e1n kar\u00e1csonyi szimb\u00f3lum!<\/p><p class=\"wp-block-post-excerpt__more-text\"><a class=\"wp-block-post-excerpt__more-link\" href=\"https:\/\/starsforeurope.com\/hu\/blog\/mikulasvirag-mint-oszi-dekoracio\/\">B\u0151vebben<\/a><\/p><\/div>\n<\/li><\/ul>\n\n\n\n<\/div>\n\n\n\n<div style=\"height:3rem\" aria-hidden=\"true\" class=\"wp-block-spacer\"><\/div>\n<\/main>","protected":false},"excerpt":{"rendered":"<p>Hozzon meleg, szezon\u00e1lis sz\u00ednt otthon\u00e1ba a mikul\u00e1svir\u00e1gokkal. Fedezze fel kreat\u00edv felhaszn\u00e1l\u00e1si m\u00f3djait hangulatos, \u0151szi ihlet\u00e9s\u0171 \u00f6ssze\u00e1ll\u00edt\u00e1sokban.<\/p>\n","protected":false},"author":40,"featured_media":4352,"parent":22,"menu_order":0,"comment_status":"closed","ping_status":"closed","template":"two-column-blog-single","meta":{"_acf_changed":false,"footnotes":""},"class_list":["post-7587","page","type-page","status-publish","has-post-thumbnail","hentry"],"acf":[],"_links":{"self":[{"href":"https:\/\/starsforeurope.com\/hu\/wp-json\/wp\/v2\/pages\/7587","targetHints":{"allow":["GET"]}}],"collection":[{"href":"https:\/\/starsforeurope.com\/hu\/wp-json\/wp\/v2\/pages"}],"about":[{"href":"https:\/\/starsforeurope.com\/hu\/wp-json\/wp\/v2\/types\/page"}],"author":[{"embeddable":true,"href":"https:\/\/starsforeurope.com\/hu\/wp-json\/wp\/v2\/users\/40"}],"replies":[{"embeddable":true,"href":"https:\/\/starsforeurope.com\/hu\/wp-json\/wp\/v2\/comments?post=7587"}],"version-history":[{"count":3,"href":"https:\/\/starsforeurope.com\/hu\/wp-json\/wp\/v2\/pages\/7587\/revisions"}],"predecessor-version":[{"id":7712,"href":"https:\/\/starsforeurope.com\/hu\/wp-json\/wp\/v2\/pages\/7587\/revisions\/7712"}],"up":[{"embeddable":true,"href":"https:\/\/starsforeurope.com\/hu\/wp-json\/wp\/v2\/pages\/22"}],"wp:featuredmedia":[{"embeddable":true,"href":"https:\/\/starsforeurope.com\/hu\/wp-json\/wp\/v2\/media\/4352"}],"wp:attachment":[{"href":"https:\/\/starsforeurope.com\/hu\/wp-json\/wp\/v2\/media?parent=7587"}],"curies":[{"name":"wp","href":"https:\/\/api.w.org\/{rel}","templated":true}]}}