{"id":7572,"date":"2025-08-19T17:03:39","date_gmt":"2025-08-19T15:03:39","guid":{"rendered":"https:\/\/starsforeurope.com\/hu\/?page_id=7572"},"modified":"2025-09-05T12:26:19","modified_gmt":"2025-09-05T10:26:19","slug":"erdemes-tudni","status":"publish","type":"page","link":"https:\/\/starsforeurope.com\/hu\/tudta\/erdemes-tudni\/","title":{"rendered":"Minden a Mikul\u00e1svir\u00e1gok"},"content":{"rendered":"<main class=\"wp-block-group postimage-half wide-content is-layout-flow wp-block-group-is-layout-flow\" style=\"margin-top:var(--wp--preset--spacing--50)\">\n<div style=\"height:3rem\" aria-hidden=\"true\" class=\"wp-block-spacer\"><\/div>\n\n\n\n<div class=\"wp-block-query is-layout-flow wp-block-query-is-layout-flow\"><ul class=\"columns-2 wp-block-post-template is-layout-grid wp-container-core-post-template-is-layout-37ef2942 wp-block-post-template-is-layout-grid\"><li class=\"wp-block-post post-7352 blog type-blog status-publish has-post-thumbnail hentry blog_cat-pflege blog_cat-dekorationsideen blog_cat-diy blog_main-dekoracio blog_main-diy-upcycling blog_main-erdemes-tudni blog_main-tudas\">\n<figure style=\"aspect-ratio:1;\" class=\"featuredimage wp-block-post-featured-image\"><a href=\"https:\/\/starsforeurope.com\/hu\/blog\/mini-mikulasvirag-a-legjobb-ajandek-es-dekoracios-otlet\/\" target=\"_self\"  ><img loading=\"lazy\" decoding=\"async\" width=\"875\" height=\"1050\" src=\"https:\/\/starsforeurope.com\/hu\/wp-content\/uploads\/sites\/22\/2024\/11\/2022-poinsettia-03000-varieties-06.jpg\" class=\"attachment-post-thumbnail size-post-thumbnail wp-post-image\" alt=\"Mini mikul\u00e1svir\u00e1g \u2013 a legjobb aj\u00e1nd\u00e9k- \u00e9s dekor\u00e1ci\u00f3s \u00f6tlet\" style=\"width:100%;height:100%;object-fit:cover;\" srcset=\"https:\/\/starsforeurope.com\/hu\/wp-content\/uploads\/sites\/22\/2024\/11\/2022-poinsettia-03000-varieties-06.jpg 875w, https:\/\/starsforeurope.com\/hu\/wp-content\/uploads\/sites\/22\/2024\/11\/2022-poinsettia-03000-varieties-06-250x300.jpg 250w, https:\/\/starsforeurope.com\/hu\/wp-content\/uploads\/sites\/22\/2024\/11\/2022-poinsettia-03000-varieties-06-853x1024.jpg 853w, https:\/\/starsforeurope.com\/hu\/wp-content\/uploads\/sites\/22\/2024\/11\/2022-poinsettia-03000-varieties-06-768x922.jpg 768w, https:\/\/starsforeurope.com\/hu\/wp-content\/uploads\/sites\/22\/2024\/11\/2022-poinsettia-03000-varieties-06-563x675.jpg 563w\" sizes=\"auto, (max-width: 875px) 100vw, 875px\" \/><\/a><\/figure>\n\n<h3 class=\"wp-block-post-title\"><a href=\"https:\/\/starsforeurope.com\/hu\/blog\/mini-mikulasvirag-a-legjobb-ajandek-es-dekoracios-otlet\/\" target=\"_self\" >Mini mikul\u00e1svir\u00e1g \u2013 a legjobb aj\u00e1nd\u00e9k- \u00e9s dekor\u00e1ci\u00f3s \u00f6tlet<\/a><\/h3>\n\n\n<div class=\"wp-block-group postmetaline is-nowrap is-layout-flex wp-container-core-group-is-layout-6c531013 wp-block-group-is-layout-flex\"><div class=\"wp-block-post-date\"><time datetime=\"2024-11-12T14:30:09+01:00\">12. november 2024<\/time><\/div>\n\n<\/div>\n\n\n<div class=\"wp-block-post-excerpt\"><p class=\"wp-block-post-excerpt__excerpt\">A sz\u00ednpomp\u00e1s mini mikul\u00e1svir\u00e1gok nem csak nagyszer\u0171 dekor\u00e1ci\u00f3s elemek, hanem kedves aj\u00e1nd\u00e9kok is az \u00fcnnepek k\u00f6zeledt\u00e9vel. \u00cdme n\u00e9h\u00e1ny szak\u00e9rt\u0151i tipp a gondoz\u00e1shoz \u00e9s dekor\u00e1l\u00e1shoz!<\/p><p class=\"wp-block-post-excerpt__more-text\"><a class=\"wp-block-post-excerpt__more-link\" href=\"https:\/\/starsforeurope.com\/hu\/blog\/mini-mikulasvirag-a-legjobb-ajandek-es-dekoracios-otlet\/\">B\u0151vebben<\/a><\/p><\/div>\n<\/li><li class=\"wp-block-post post-7179 blog type-blog status-publish has-post-thumbnail hentry blog_cat-pflege blog_main-erdemes-tudni blog_main-hirek blog_main-tudas\">\n<figure style=\"aspect-ratio:1;\" class=\"featuredimage wp-block-post-featured-image\"><a href=\"https:\/\/starsforeurope.com\/hu\/blog\/tippek-a-mikulasvirag-vasarlashoz\/\" target=\"_self\"  ><img loading=\"lazy\" decoding=\"async\" width=\"1050\" height=\"875\" src=\"https:\/\/starsforeurope.com\/hu\/wp-content\/uploads\/sites\/22\/2023\/10\/2021-poinsettia-01000-boho-green-living-01-1.jpg\" class=\"attachment-post-thumbnail size-post-thumbnail wp-post-image\" alt=\"Tippek a mikul\u00e1svir\u00e1g v\u00e1s\u00e1rl\u00e1shoz\" style=\"width:100%;height:100%;object-fit:cover;\" srcset=\"https:\/\/starsforeurope.com\/hu\/wp-content\/uploads\/sites\/22\/2023\/10\/2021-poinsettia-01000-boho-green-living-01-1.jpg 1050w, https:\/\/starsforeurope.com\/hu\/wp-content\/uploads\/sites\/22\/2023\/10\/2021-poinsettia-01000-boho-green-living-01-1-300x250.jpg 300w, https:\/\/starsforeurope.com\/hu\/wp-content\/uploads\/sites\/22\/2023\/10\/2021-poinsettia-01000-boho-green-living-01-1-1024x853.jpg 1024w, https:\/\/starsforeurope.com\/hu\/wp-content\/uploads\/sites\/22\/2023\/10\/2021-poinsettia-01000-boho-green-living-01-1-768x640.jpg 768w, https:\/\/starsforeurope.com\/hu\/wp-content\/uploads\/sites\/22\/2023\/10\/2021-poinsettia-01000-boho-green-living-01-1-810x675.jpg 810w\" sizes=\"auto, (max-width: 1050px) 100vw, 1050px\" \/><\/a><\/figure>\n\n<h3 class=\"wp-block-post-title\"><a href=\"https:\/\/starsforeurope.com\/hu\/blog\/tippek-a-mikulasvirag-vasarlashoz\/\" target=\"_self\" >Tippek a mikul\u00e1svir\u00e1g v\u00e1s\u00e1rl\u00e1shoz<\/a><\/h3>\n\n\n<div class=\"wp-block-group postmetaline is-nowrap is-layout-flex wp-container-core-group-is-layout-6c531013 wp-block-group-is-layout-flex\"><div class=\"wp-block-post-date\"><time datetime=\"2023-11-05T01:06:00+01:00\">05. november 2023<\/time><\/div>\n\n<\/div>\n\n\n<div class=\"wp-block-post-excerpt\"><p class=\"wp-block-post-excerpt__excerpt\">Hogyan v\u00e1s\u00e1rolhatunk eg\u00e9szs\u00e9ges mikul\u00e1svir\u00e1got, ami hossz\u00fa ideig meg\u0151rzi a legjobb form\u00e1j\u00e1t? Mindent a levelekr\u0151l, a vir\u00e1gokr\u00f3l \u00e9s a v\u00edzell\u00e1t\u00e1sr\u00f3l, valamint az \u00fczletben val\u00f3 t\u00e1rol\u00e1sr\u00f3l \u00e9s a hazautaz\u00e1s k\u00f6r\u00fclm\u00e9nyeir\u0151l. \ud83d\ude03<\/p><p class=\"wp-block-post-excerpt__more-text\"><a class=\"wp-block-post-excerpt__more-link\" href=\"https:\/\/starsforeurope.com\/hu\/blog\/tippek-a-mikulasvirag-vasarlashoz\/\">B\u0151vebben<\/a><\/p><\/div>\n<\/li><\/ul>\n\n\n\n<\/div>\n\n\n\n<div style=\"height:3rem\" aria-hidden=\"true\" class=\"wp-block-spacer\"><\/div>\n<\/main>","protected":false},"excerpt":{"rendered":"<p>Fedezze fel az \u00fcnnepek kedvenc vir\u00e1g\u00e1nak eredet\u00e9t, jelent\u00e9s\u00e9t \u00e9s a m\u00f6g\u00f6tte rejl\u0151 \u00e9rdekess\u00e9geket.<\/p>\n","protected":false},"author":40,"featured_media":4353,"parent":26,"menu_order":0,"comment_status":"closed","ping_status":"closed","template":"two-column-blog-single","meta":{"_acf_changed":false,"footnotes":""},"class_list":["post-7572","page","type-page","status-publish","has-post-thumbnail","hentry"],"acf":[],"_links":{"self":[{"href":"https:\/\/starsforeurope.com\/hu\/wp-json\/wp\/v2\/pages\/7572","targetHints":{"allow":["GET"]}}],"collection":[{"href":"https:\/\/starsforeurope.com\/hu\/wp-json\/wp\/v2\/pages"}],"about":[{"href":"https:\/\/starsforeurope.com\/hu\/wp-json\/wp\/v2\/types\/page"}],"author":[{"embeddable":true,"href":"https:\/\/starsforeurope.com\/hu\/wp-json\/wp\/v2\/users\/40"}],"replies":[{"embeddable":true,"href":"https:\/\/starsforeurope.com\/hu\/wp-json\/wp\/v2\/comments?post=7572"}],"version-history":[{"count":3,"href":"https:\/\/starsforeurope.com\/hu\/wp-json\/wp\/v2\/pages\/7572\/revisions"}],"predecessor-version":[{"id":7718,"href":"https:\/\/starsforeurope.com\/hu\/wp-json\/wp\/v2\/pages\/7572\/revisions\/7718"}],"up":[{"embeddable":true,"href":"https:\/\/starsforeurope.com\/hu\/wp-json\/wp\/v2\/pages\/26"}],"wp:featuredmedia":[{"embeddable":true,"href":"https:\/\/starsforeurope.com\/hu\/wp-json\/wp\/v2\/media\/4353"}],"wp:attachment":[{"href":"https:\/\/starsforeurope.com\/hu\/wp-json\/wp\/v2\/media?parent=7572"}],"curies":[{"name":"wp","href":"https:\/\/api.w.org\/{rel}","templated":true}]}}