{"id":5,"date":"2023-08-01T08:26:06","date_gmt":"2023-08-01T06:26:06","guid":{"rendered":"https:\/\/starsforeurope.com\/hu\/?page_id=5"},"modified":"2026-02-12T12:53:55","modified_gmt":"2026-02-12T11:53:55","slug":"kezdolap","status":"publish","type":"page","link":"https:\/\/starsforeurope.com\/hu\/","title":{"rendered":"Inspir\u00e1ci\u00f3 \u00e9s inform\u00e1ci\u00f3 a mikul\u00e1svir\u00e1gr\u00f3l"},"content":{"rendered":"","protected":false},"excerpt":{"rendered":"<p>A Mikul\u00e1svir\u00e1g sz\u00ednt \u00e9s \u00f6r\u00f6m\u00f6t hoz otthon\u00e1ba \u0151sszel \u00e9s t\u00e9len. Itt mindent megtal\u00e1l, amire sz\u00fcks\u00e9ge van egy gy\u00f6ny\u00f6r\u0171 adventi \u00e9s kar\u00e1csonyi dekor\u00e1ci\u00f3 elk\u00e9sz\u00edt\u00e9s\u00e9hez.<\/p>\n","protected":false},"author":1,"featured_media":7985,"parent":0,"menu_order":0,"comment_status":"closed","ping_status":"closed","template":"two-column-blog-single","meta":{"_acf_changed":false,"footnotes":""},"class_list":["post-5","page","type-page","status-publish","has-post-thumbnail","hentry"],"acf":[],"_links":{"self":[{"href":"https:\/\/starsforeurope.com\/hu\/wp-json\/wp\/v2\/pages\/5","targetHints":{"allow":["GET"]}}],"collection":[{"href":"https:\/\/starsforeurope.com\/hu\/wp-json\/wp\/v2\/pages"}],"about":[{"href":"https:\/\/starsforeurope.com\/hu\/wp-json\/wp\/v2\/types\/page"}],"author":[{"embeddable":true,"href":"https:\/\/starsforeurope.com\/hu\/wp-json\/wp\/v2\/users\/1"}],"replies":[{"embeddable":true,"href":"https:\/\/starsforeurope.com\/hu\/wp-json\/wp\/v2\/comments?post=5"}],"version-history":[{"count":52,"href":"https:\/\/starsforeurope.com\/hu\/wp-json\/wp\/v2\/pages\/5\/revisions"}],"predecessor-version":[{"id":7565,"href":"https:\/\/starsforeurope.com\/hu\/wp-json\/wp\/v2\/pages\/5\/revisions\/7565"}],"wp:featuredmedia":[{"embeddable":true,"href":"https:\/\/starsforeurope.com\/hu\/wp-json\/wp\/v2\/media\/7985"}],"wp:attachment":[{"href":"https:\/\/starsforeurope.com\/hu\/wp-json\/wp\/v2\/media?parent=5"}],"curies":[{"name":"wp","href":"https:\/\/api.w.org\/{rel}","templated":true}]}}